{"id":119,"date":"2020-08-20T10:02:41","date_gmt":"2020-08-20T10:02:41","guid":{"rendered":"https:\/\/legacymexicanart.com\/?page_id=119"},"modified":"2023-04-14T03:01:50","modified_gmt":"2023-04-13T21:01:50","slug":"nosotros","status":"publish","type":"page","link":"https:\/\/legacymexicanart.com\/en_en\/nosotros\/","title":{"rendered":"About Us"},"content":{"rendered":"<div class=\"wp-block-cover alignfull has-background-dim-100 has-background-dim has-background-gradient\" style=\"min-height:476px\"><span aria-hidden=\"true\" class=\"wp-block-cover__gradient-background\" style=\"background:linear-gradient(180deg,rgb(255,255,255) 0%,rgba(239,248,250,0.45) 52%)\"><\/span><img decoding=\"async\" class=\"wp-block-cover__image-background wp-image-254\" alt=\"\" src=\"https:\/\/legacymexicanart.com\/wp-content\/uploads\/2021\/03\/aboutusLMA.jpg\" style=\"object-position:18% 68%\" data-object-fit=\"cover\" data-object-position=\"18% 68%\"\/><div class=\"wp-block-cover__inner-container is-layout-flow wp-block-cover-is-layout-flow\">\n<h1 class=\"has-text-color wp-block-heading\" style=\"color:#2b2f38\">About Us<\/h1>\n<\/div><\/div>\n\n\n\n<div class=\"wp-block-group alignfull has-white-background-color has-background is-layout-flow wp-block-group-is-layout-flow\"><div class=\"wp-block-group__inner-container\">\n<div class=\"wp-block-columns is-layout-flex wp-container-4 wp-block-columns-is-layout-flex\">\n<div class=\"wp-block-column is-layout-flow wp-block-column-is-layout-flow\" style=\"flex-basis:33.33%\">\n<h4 class=\"has-text-align-right has-text-color wp-block-heading\" style=\"color:#01ae9b\">We work to closer you with the handicrafts of Mexico<\/h4>\n\n\n\n<p><\/p>\n<\/div>\n\n\n\n<div class=\"wp-block-column is-layout-flow wp-block-column-is-layout-flow\" style=\"flex-basis:66.66%\">\n<h3 class=\"wp-block-heading\">LEGACY MEXICAN ART, was founded with the idea of creating a space where mexican art and design converge in love with handmade pieces.<\/h3>\n<\/div>\n<\/div>\n<\/div><\/div>\n\n\n\n<div class=\"wp-block-group alignfull has-background is-layout-flow wp-block-group-is-layout-flow\" style=\"background-color:#f9f9f9\"><div class=\"wp-block-group__inner-container\">\n<div class=\"wp-block-columns alignfull is-layout-flex wp-container-10 wp-block-columns-is-layout-flex\">\n<div class=\"wp-block-column is-layout-flow wp-block-column-is-layout-flow\">\n<div class=\"wp-block-columns is-layout-flex wp-container-7 wp-block-columns-is-layout-flex\">\n<div class=\"wp-block-column is-layout-flow wp-block-column-is-layout-flow\">\n<figure class=\"wp-block-image size-large is-style-rounded\"><img decoding=\"async\" loading=\"lazy\" width=\"1024\" height=\"1024\" src=\"https:\/\/legacymexicanart.com\/wp-content\/uploads\/2021\/03\/NOSOTROS_PORTADA_LMA-1024x1024.jpg\" alt=\"MISI\u00d3N\" class=\"wp-image-461\" srcset=\"https:\/\/legacymexicanart.com\/wp-content\/uploads\/2021\/03\/NOSOTROS_PORTADA_LMA-1024x1024.jpg 1024w, https:\/\/legacymexicanart.com\/wp-content\/uploads\/2021\/03\/NOSOTROS_PORTADA_LMA-300x300.jpg 300w, https:\/\/legacymexicanart.com\/wp-content\/uploads\/2021\/03\/NOSOTROS_PORTADA_LMA-150x150.jpg 150w, https:\/\/legacymexicanart.com\/wp-content\/uploads\/2021\/03\/NOSOTROS_PORTADA_LMA-768x768.jpg 768w, https:\/\/legacymexicanart.com\/wp-content\/uploads\/2021\/03\/NOSOTROS_PORTADA_LMA-1536x1536.jpg 1536w, https:\/\/legacymexicanart.com\/wp-content\/uploads\/2021\/03\/NOSOTROS_PORTADA_LMA-2048x2048.jpg 2048w, https:\/\/legacymexicanart.com\/wp-content\/uploads\/2021\/03\/NOSOTROS_PORTADA_LMA-600x600.jpg 600w, https:\/\/legacymexicanart.com\/wp-content\/uploads\/2021\/03\/NOSOTROS_PORTADA_LMA-100x100.jpg 100w\" sizes=\"(max-width: 1024px) 100vw, 1024px\" \/><\/figure>\n<\/div>\n<\/div>\n<\/div>\n\n\n\n<div class=\"wp-block-column is-layout-flow wp-block-column-is-layout-flow\">\n<h2 class=\"has-text-align-center wp-block-heading\">Mission<\/h2>\n\n\n\n<p class=\"has-text-align-center has-medium-font-size\">Keep the legacy of mexican crafts and embroidery, which are made known in every corner of the world with recognition of the artist.<\/p>\n\n\n\n<p><\/p>\n\n\n\n<p><\/p>\n\n\n\n<hr class=\"wp-block-separator is-style-dots\"\/>\n\n\n\n<h2 class=\"has-text-align-center wp-block-heading\">Our values<\/h2>\n\n\n\n<p class=\"has-text-align-center has-medium-font-size\">We respect and value the effort and originality\nof each handmade piece<\/p>\n<\/div>\n<\/div>\n<\/div><\/div>\n\n\n\n<div class=\"wp-block-group alignfull has-white-background-color has-background is-layout-flow wp-block-group-is-layout-flow\"><div class=\"wp-block-group__inner-container\">\n<h2 class=\"has-text-align-center wp-block-heading\">Legacy Mexican Art<\/h2>\n\n\n\n<div class=\"wp-block-columns is-layout-flex wp-container-15 wp-block-columns-is-layout-flex\">\n<div class=\"wp-block-column is-layout-flow wp-block-column-is-layout-flow\" style=\"flex-basis:100%\">\n<div class=\"wp-block-columns are-vertically-aligned-center is-layout-flex wp-container-13 wp-block-columns-is-layout-flex\">\n<div class=\"wp-block-column is-vertically-aligned-center is-layout-flow wp-block-column-is-layout-flow\">\n<p class=\"has-text-align-center\">It was born with the idea of \u200b\u200bits founder Karen, born in the city of Oaxaca and who lived a large part of her childhood in Ocotl\u00e1n de Morelos, a province very close to the city of Oaxaca.<\/p>\n\n\n\n<p class=\"has-text-align-center\">Karen enjoyed the weekend travels with her parents that consisted of visiting nearby places, such as San Mart\u00edn Tilcajete, San Bartolo Coyotepec, Mitla, among many more.<\/p>\n\n\n\n<p class=\"has-text-align-center\">That\u00b4s how begining her attraction for black mud, alebrijes, textiles, embroidery and all the crafts that surrounded her was born.<\/p>\n\n\n\n<p class=\"has-text-align-center\">This appreciation for design and decoration led her to study Interior Design.<\/p>\n\n\n\n<p class=\"has-text-align-center\">For many years he worked for a Danish design firm, which helped her to appreciate the Scandinavian style and to seek a conjunction between ethnic and minimalist.<\/p>\n\n\n\n<p class=\"has-text-align-center\">This combination is the result of the Legacy Mexican Art catalog.<\/p>\n<\/div>\n<\/div>\n<\/div>\n<\/div>\n<\/div><\/div>\n\n\n\n<div class=\"wp-block-cover alignfull has-white-background-color\" style=\"min-height:650px\"><img decoding=\"async\" class=\"wp-block-cover__image-background wp-image-242\" alt=\"\" src=\"https:\/\/legacymexicanart.com\/wp-content\/uploads\/2021\/03\/portada_jarron_lma.jpg\" style=\"object-position:50% 34%\" data-object-fit=\"cover\" data-object-position=\"50% 34%\"\/><div class=\"wp-block-cover__inner-container is-layout-flow wp-block-cover-is-layout-flow\">\n<h2 class=\"has-text-align-center has-text-color wp-block-heading\" style=\"color:#2b2f38\">Discover our store<\/h2>\n\n\n\n<p class=\"has-text-align-center has-text-color\" style=\"color:#2b2f38\">Each piece is designed with art and inspiration from Mexican artists. We believe in the originality of what is handmade, that is why all our designs are authentic following the artisan processes of each one entity.<\/p>\n\n\n\n<div class=\"wp-block-buttons is-content-justification-center is-layout-flex wp-block-buttons-is-layout-flex\">\n<div class=\"wp-block-button\"><a class=\"wp-block-button__link has-pale-pink-background-color has-background\" href=\"https:\/\/legacymexicanart.com\/en_en\/catalogo\/\">Explore store<\/a><\/div>\n<\/div>\n\n\n\n<div style=\"height:150px\" aria-hidden=\"true\" class=\"wp-block-spacer\"><\/div>\n<\/div><\/div>\n\n\n\n<p><\/p>","protected":false},"excerpt":{"rendered":"<p>Trabajamos para acercarte las artesan\u00edas de M\u00e9xico. LEGACY MEXICAN ART, nace con la idea de crear un espacio en donde convergen el dise\u00f1o y arte mexicanos enamorados por las piezas hechas a mano. Misi\u00f3n Mantener vigente el legado de las artesan\u00edas y bordados mexicanos, que sean dados a conocer en cada rinc\u00f3n del mundo con &hellip;<\/p>\n<p class=\"read-more\"> <a class=\"\" href=\"https:\/\/legacymexicanart.com\/en_en\/nosotros\/\"> <span class=\"screen-reader-text\">About Us<\/span> Read More &raquo;<\/a><\/p>","protected":false},"author":1,"featured_media":0,"parent":0,"menu_order":0,"comment_status":"closed","ping_status":"closed","template":"","meta":{"footnotes":""},"yoast_head":"<!-- This site is optimized with the Yoast SEO plugin v22.6 - https:\/\/yoast.com\/wordpress\/plugins\/seo\/ -->\n<title>Nosotros &#187; Legacy Mexican Art<\/title>\n<meta name=\"description\" content=\"Somos una empresa 100% mexicana que trabaja mano a mano con talleres artesanos de M\u00e9xico.\" \/>\n<meta name=\"robots\" content=\"index, follow, max-snippet:-1, max-image-preview:large, max-video-preview:-1\" \/>\n<link rel=\"canonical\" href=\"https:\/\/legacymexicanart.com\/en_en\/nosotros\/\" \/>\n<meta property=\"og:locale\" content=\"en_US\" \/>\n<meta property=\"og:type\" content=\"article\" \/>\n<meta property=\"og:title\" content=\"Nosotros &#187; Legacy Mexican Art\" \/>\n<meta property=\"og:description\" content=\"Somos una empresa 100% mexicana que trabaja mano a mano con talleres artesanos de M\u00e9xico.\" \/>\n<meta property=\"og:url\" content=\"https:\/\/legacymexicanart.com\/en_en\/nosotros\/\" \/>\n<meta property=\"article:modified_time\" content=\"2023-04-13T21:01:50+00:00\" \/>\n<meta property=\"og:image\" content=\"https:\/\/legacymexicanart.com\/wp-content\/uploads\/2021\/03\/aboutusLMA.jpg\" \/>\n\t<meta property=\"og:image:width\" content=\"1\" \/>\n\t<meta property=\"og:image:height\" content=\"1\" \/>\n\t<meta property=\"og:image:type\" content=\"image\/jpeg\" \/>\n<meta name=\"twitter:card\" content=\"summary_large_image\" \/>\n<meta name=\"twitter:title\" content=\"Nosotros &#187; Legacy Mexican Art\" \/>\n<meta name=\"twitter:description\" content=\"Somos una empresa 100% mexicana que trabaja mano a mano con talleres artesanos de M\u00e9xico.\" \/>\n<meta name=\"twitter:image\" content=\"https:\/\/legacymexicanart.com\/wp-content\/uploads\/2021\/03\/aboutusLMA.jpg\" \/>\n<meta name=\"twitter:label1\" content=\"Est. reading time\" \/>\n\t<meta name=\"twitter:data1\" content=\"2 minutes\" \/>\n<script type=\"application\/ld+json\" class=\"yoast-schema-graph\">{\"@context\":\"https:\/\/schema.org\",\"@graph\":[{\"@type\":[\"WebPage\",\"AboutPage\"],\"@id\":\"https:\/\/legacymexicanart.com\/nosotros\/\",\"url\":\"https:\/\/legacymexicanart.com\/nosotros\/\",\"name\":\"Nosotros &#187; Legacy Mexican Art\",\"isPartOf\":{\"@id\":\"https:\/\/legacymexicanart.com\/#website\"},\"primaryImageOfPage\":{\"@id\":\"https:\/\/legacymexicanart.com\/nosotros\/#primaryimage\"},\"image\":{\"@id\":\"https:\/\/legacymexicanart.com\/nosotros\/#primaryimage\"},\"thumbnailUrl\":\"https:\/\/legacymexicanart.com\/wp-content\/uploads\/2021\/03\/aboutusLMA.jpg\",\"datePublished\":\"2020-08-20T10:02:41+00:00\",\"dateModified\":\"2023-04-13T21:01:50+00:00\",\"description\":\"Somos una empresa 100% mexicana que trabaja mano a mano con talleres artesanos de M\u00e9xico.\",\"breadcrumb\":{\"@id\":\"https:\/\/legacymexicanart.com\/nosotros\/#breadcrumb\"},\"inLanguage\":\"en-US\",\"potentialAction\":[{\"@type\":\"ReadAction\",\"target\":[\"https:\/\/legacymexicanart.com\/nosotros\/\"]}]},{\"@type\":\"ImageObject\",\"inLanguage\":\"en-US\",\"@id\":\"https:\/\/legacymexicanart.com\/nosotros\/#primaryimage\",\"url\":\"https:\/\/legacymexicanart.com\/wp-content\/uploads\/2021\/03\/aboutusLMA.jpg\",\"contentUrl\":\"https:\/\/legacymexicanart.com\/wp-content\/uploads\/2021\/03\/aboutusLMA.jpg\"},{\"@type\":\"BreadcrumbList\",\"@id\":\"https:\/\/legacymexicanart.com\/nosotros\/#breadcrumb\",\"itemListElement\":[{\"@type\":\"ListItem\",\"position\":1,\"name\":\"Portada\",\"item\":\"https:\/\/legacymexicanart.com\/\"},{\"@type\":\"ListItem\",\"position\":2,\"name\":\"Nosotros\"}]},{\"@type\":\"WebSite\",\"@id\":\"https:\/\/legacymexicanart.com\/#website\",\"url\":\"https:\/\/legacymexicanart.com\/\",\"name\":\"\",\"description\":\"Legacy Mexican Art\",\"publisher\":{\"@id\":\"https:\/\/legacymexicanart.com\/#organization\"},\"potentialAction\":[{\"@type\":\"SearchAction\",\"target\":{\"@type\":\"EntryPoint\",\"urlTemplate\":\"https:\/\/legacymexicanart.com\/?s={search_term_string}\"},\"query-input\":\"required name=search_term_string\"}],\"inLanguage\":\"en-US\"},{\"@type\":\"Organization\",\"@id\":\"https:\/\/legacymexicanart.com\/#organization\",\"name\":\"Legacy Mexican Art\",\"url\":\"https:\/\/legacymexicanart.com\/\",\"logo\":{\"@type\":\"ImageObject\",\"inLanguage\":\"en-US\",\"@id\":\"https:\/\/legacymexicanart.com\/#\/schema\/logo\/image\/\",\"url\":\"\",\"contentUrl\":\"\",\"caption\":\"Legacy Mexican Art\"},\"image\":{\"@id\":\"https:\/\/legacymexicanart.com\/#\/schema\/logo\/image\/\"}}]}<\/script>\n<!-- \/ Yoast SEO plugin. -->","yoast_head_json":{"title":"Nosotros &#187; Legacy Mexican Art","description":"Somos una empresa 100% mexicana que trabaja mano a mano con talleres artesanos de M\u00e9xico.","robots":{"index":"index","follow":"follow","max-snippet":"max-snippet:-1","max-image-preview":"max-image-preview:large","max-video-preview":"max-video-preview:-1"},"canonical":"https:\/\/legacymexicanart.com\/en_en\/nosotros\/","og_locale":"en_US","og_type":"article","og_title":"Nosotros &#187; Legacy Mexican Art","og_description":"Somos una empresa 100% mexicana que trabaja mano a mano con talleres artesanos de M\u00e9xico.","og_url":"https:\/\/legacymexicanart.com\/en_en\/nosotros\/","article_modified_time":"2023-04-13T21:01:50+00:00","og_image":[{"url":"https:\/\/legacymexicanart.com\/wp-content\/uploads\/2021\/03\/aboutusLMA.jpg","width":1,"height":1,"type":"image\/jpeg"}],"twitter_card":"summary_large_image","twitter_title":"Nosotros &#187; Legacy Mexican Art","twitter_description":"Somos una empresa 100% mexicana que trabaja mano a mano con talleres artesanos de M\u00e9xico.","twitter_image":"https:\/\/legacymexicanart.com\/wp-content\/uploads\/2021\/03\/aboutusLMA.jpg","twitter_misc":{"Est. reading time":"2 minutes"},"schema":{"@context":"https:\/\/schema.org","@graph":[{"@type":["WebPage","AboutPage"],"@id":"https:\/\/legacymexicanart.com\/nosotros\/","url":"https:\/\/legacymexicanart.com\/nosotros\/","name":"Nosotros &#187; Legacy Mexican Art","isPartOf":{"@id":"https:\/\/legacymexicanart.com\/#website"},"primaryImageOfPage":{"@id":"https:\/\/legacymexicanart.com\/nosotros\/#primaryimage"},"image":{"@id":"https:\/\/legacymexicanart.com\/nosotros\/#primaryimage"},"thumbnailUrl":"https:\/\/legacymexicanart.com\/wp-content\/uploads\/2021\/03\/aboutusLMA.jpg","datePublished":"2020-08-20T10:02:41+00:00","dateModified":"2023-04-13T21:01:50+00:00","description":"Somos una empresa 100% mexicana que trabaja mano a mano con talleres artesanos de M\u00e9xico.","breadcrumb":{"@id":"https:\/\/legacymexicanart.com\/nosotros\/#breadcrumb"},"inLanguage":"en-US","potentialAction":[{"@type":"ReadAction","target":["https:\/\/legacymexicanart.com\/nosotros\/"]}]},{"@type":"ImageObject","inLanguage":"en-US","@id":"https:\/\/legacymexicanart.com\/nosotros\/#primaryimage","url":"https:\/\/legacymexicanart.com\/wp-content\/uploads\/2021\/03\/aboutusLMA.jpg","contentUrl":"https:\/\/legacymexicanart.com\/wp-content\/uploads\/2021\/03\/aboutusLMA.jpg"},{"@type":"BreadcrumbList","@id":"https:\/\/legacymexicanart.com\/nosotros\/#breadcrumb","itemListElement":[{"@type":"ListItem","position":1,"name":"Portada","item":"https:\/\/legacymexicanart.com\/"},{"@type":"ListItem","position":2,"name":"Nosotros"}]},{"@type":"WebSite","@id":"https:\/\/legacymexicanart.com\/#website","url":"https:\/\/legacymexicanart.com\/","name":"","description":"Legacy Mexican Art","publisher":{"@id":"https:\/\/legacymexicanart.com\/#organization"},"potentialAction":[{"@type":"SearchAction","target":{"@type":"EntryPoint","urlTemplate":"https:\/\/legacymexicanart.com\/?s={search_term_string}"},"query-input":"required name=search_term_string"}],"inLanguage":"en-US"},{"@type":"Organization","@id":"https:\/\/legacymexicanart.com\/#organization","name":"Legacy Mexican Art","url":"https:\/\/legacymexicanart.com\/","logo":{"@type":"ImageObject","inLanguage":"en-US","@id":"https:\/\/legacymexicanart.com\/#\/schema\/logo\/image\/","url":"","contentUrl":"","caption":"Legacy Mexican Art"},"image":{"@id":"https:\/\/legacymexicanart.com\/#\/schema\/logo\/image\/"}}]}},"_links":{"self":[{"href":"https:\/\/legacymexicanart.com\/en_en\/wp-json\/wp\/v2\/pages\/119"}],"collection":[{"href":"https:\/\/legacymexicanart.com\/en_en\/wp-json\/wp\/v2\/pages"}],"about":[{"href":"https:\/\/legacymexicanart.com\/en_en\/wp-json\/wp\/v2\/types\/page"}],"author":[{"embeddable":true,"href":"https:\/\/legacymexicanart.com\/en_en\/wp-json\/wp\/v2\/users\/1"}],"replies":[{"embeddable":true,"href":"https:\/\/legacymexicanart.com\/en_en\/wp-json\/wp\/v2\/comments?post=119"}],"version-history":[{"count":31,"href":"https:\/\/legacymexicanart.com\/en_en\/wp-json\/wp\/v2\/pages\/119\/revisions"}],"predecessor-version":[{"id":1844,"href":"https:\/\/legacymexicanart.com\/en_en\/wp-json\/wp\/v2\/pages\/119\/revisions\/1844"}],"wp:attachment":[{"href":"https:\/\/legacymexicanart.com\/en_en\/wp-json\/wp\/v2\/media?parent=119"}],"curies":[{"name":"wp","href":"https:\/\/api.w.org\/{rel}","templated":true}]}}