{"id":120,"date":"2020-08-20T10:02:57","date_gmt":"2020-08-20T10:02:57","guid":{"rendered":"https:\/\/legacymexicanart.com\/?page_id=120"},"modified":"2021-04-20T00:52:22","modified_gmt":"2021-04-19T18:52:22","slug":"contactanos","status":"publish","type":"page","link":"https:\/\/legacymexicanart.com\/en_en\/contactanos\/","title":{"rendered":"Contact"},"content":{"rendered":"\n<div class=\"wp-block-cover alignfull has-background-dim-100 has-background-dim has-background-gradient\" style=\"min-height:476px\"><span aria-hidden=\"true\" class=\"wp-block-cover__gradient-background\" style=\"background:linear-gradient(180deg,rgb(255,255,255) 0%,rgba(239,248,250,0.45) 52%)\"><\/span><img decoding=\"async\" loading=\"lazy\" width=\"2540\" height=\"2560\" class=\"wp-block-cover__image-background wp-image-306\" alt=\"\" src=\"https:\/\/legacymexicanart.com\/wp-content\/uploads\/2021\/03\/contactanosLMA-scaled.jpg\" style=\"object-position:10% 85%\" data-object-fit=\"cover\" data-object-position=\"10% 85%\" srcset=\"https:\/\/legacymexicanart.com\/wp-content\/uploads\/2021\/03\/contactanosLMA-scaled.jpg 2540w, https:\/\/legacymexicanart.com\/wp-content\/uploads\/2021\/03\/contactanosLMA-298x300.jpg 298w\" sizes=\"(max-width: 2540px) 100vw, 2540px\" \/><div class=\"wp-block-cover__inner-container is-layout-flow wp-block-cover-is-layout-flow\">\n<h1 class=\"has-text-color wp-block-heading\" style=\"color:#2b2f38\">Cont\u00e1ctanos<\/h1>\n<\/div><\/div>\n\n\n\n<div class=\"wp-block-group alignfull has-white-background-color has-background\"><div class=\"wp-block-group__inner-container is-layout-flow wp-block-group-is-layout-flow\">\n<div class=\"wp-block-columns is-layout-flex wp-container-5 wp-block-columns-is-layout-flex\">\n<div class=\"wp-block-column is-layout-flow wp-block-column-is-layout-flow\" style=\"flex-basis:71.43%\">\n<h3 class=\"wp-block-heading\">M\u00e1ndanos un mensaje<\/h3>\n\n\n\n<div class=\"wp-block-group has-background\" style=\"background-color:#f5f7fa\"><div class=\"wp-block-group__inner-container is-layout-flow wp-block-group-is-layout-flow\"><div class=\"wpforms-container wpforms-block\" id=\"wpforms-11\"><form id=\"wpforms-form-11\" class=\"wpforms-validate wpforms-form wpforms-ajax-form\" data-formid=\"11\" method=\"post\" enctype=\"multipart\/form-data\" action=\"\/en_en\/wp-json\/wp\/v2\/pages\/120\" data-token=\"fd0c1bc6cfb8f7b97a7efc6a504846cd\" data-token-time=\"1775813755\"><noscript class=\"wpforms-error-noscript\">Please enable JavaScript in your browser to complete this form.<\/noscript><div class=\"wpforms-field-container\"><div id=\"wpforms-11-field_0-container\" class=\"wpforms-field wpforms-field-name\" data-field-id=\"0\"><label class=\"wpforms-field-label wpforms-label-hide\" for=\"wpforms-11-field_0\">Nombre <span class=\"wpforms-required-label\">*<\/span><\/label><div class=\"wpforms-field-row wpforms-field-large\"><div class=\"wpforms-field-row-block wpforms-first wpforms-one-half\"><input type=\"text\" id=\"wpforms-11-field_0\" class=\"wpforms-field-name-first wpforms-field-required\" name=\"wpforms[fields][0][first]\" placeholder=\"Nombre\" required><label for=\"wpforms-11-field_0\" class=\"wpforms-field-sublabel after wpforms-sublabel-hide\">First<\/label><\/div><div class=\"wpforms-field-row-block wpforms-one-half\"><input type=\"text\" id=\"wpforms-11-field_0-last\" class=\"wpforms-field-name-last wpforms-field-required\" name=\"wpforms[fields][0][last]\" placeholder=\"Apellidos\" required><label for=\"wpforms-11-field_0-last\" class=\"wpforms-field-sublabel after wpforms-sublabel-hide\">Last<\/label><\/div><\/div><\/div><div id=\"wpforms-11-field_1-container\" class=\"wpforms-field wpforms-field-email\" data-field-id=\"1\"><label class=\"wpforms-field-label wpforms-label-hide\" for=\"wpforms-11-field_1\">Correo electr\u00f3nico <span class=\"wpforms-required-label\">*<\/span><\/label><input type=\"email\" id=\"wpforms-11-field_1\" class=\"wpforms-field-large wpforms-field-required\" name=\"wpforms[fields][1]\" placeholder=\"Correo electr\u00f3nico\" spellcheck=\"false\" required><\/div><div id=\"wpforms-11-field_4-container\" class=\"wpforms-field wpforms-field-text\" data-field-id=\"4\"><label class=\"wpforms-field-label wpforms-label-hide\" for=\"wpforms-11-field_4\">Asunto <span class=\"wpforms-required-label\">*<\/span><\/label><input type=\"text\" id=\"wpforms-11-field_4\" class=\"wpforms-field-large wpforms-field-required\" name=\"wpforms[fields][4]\" placeholder=\"Asunto\" required><\/div><div id=\"wpforms-11-field_2-container\" class=\"wpforms-field wpforms-field-textarea\" data-field-id=\"2\"><label class=\"wpforms-field-label wpforms-label-hide\" for=\"wpforms-11-field_2\">Mensaje <span class=\"wpforms-required-label\">*<\/span><\/label><textarea id=\"wpforms-11-field_2\" class=\"wpforms-field-medium wpforms-field-required\" name=\"wpforms[fields][2]\" placeholder=\"Mensaje\" required><\/textarea><\/div><\/div><!-- .wpforms-field-container --><div class=\"wpforms-field wpforms-field-hp\"><label for=\"wpforms-11-field-hp\" class=\"wpforms-field-label\">Email<\/label><input type=\"text\" name=\"wpforms[hp]\" id=\"wpforms-11-field-hp\" class=\"wpforms-field-medium\"><\/div><div class=\"wpforms-submit-container\" ><input type=\"hidden\" name=\"wpforms[id]\" value=\"11\"><input type=\"hidden\" name=\"page_title\" value=\"\"><input type=\"hidden\" name=\"page_url\" value=\"https:\/\/legacymexicanart.com\/en_en\/wp-json\/wp\/v2\/pages\/120\"><input type=\"hidden\" name=\"url_referer\" value=\"\"><button type=\"submit\" name=\"wpforms[submit]\" id=\"wpforms-submit-11\" class=\"wpforms-submit\" data-alt-text=\"Enviando...\" data-submit-text=\"Enviar mensaje \" aria-live=\"assertive\" value=\"wpforms-submit\">Enviar mensaje <\/button><img decoding=\"async\" loading=\"lazy\" src=\"https:\/\/legacymexicanart.com\/wp-content\/plugins\/wpforms-lite\/assets\/images\/submit-spin.svg\" class=\"wpforms-submit-spinner\" style=\"display: none;\" width=\"26\" height=\"26\" alt=\"Loading\"><\/div><\/form><\/div>  <!-- .wpforms-container --><\/div><\/div>\n<\/div>\n\n\n\n<div class=\"wp-block-column is-layout-flow wp-block-column-is-layout-flow\" style=\"flex-basis:28.57%\">\n<h3 class=\"wp-block-heading\">Contacto<\/h3>\n\n\n\n<h4 class=\"wp-block-heading\">Correo electr\u00f3nico<\/h4>\n\n\n\n<p><a href=\"mailto:sales@legacymexicanart.com\" target=\"_blank\" rel=\"noreferrer noopener\">sales@legacymexicanart.com<\/a><br><a href=\"mailto:contact@legacymexicanart.com\" target=\"_blank\" rel=\"noreferrer noopener\">contact@legacymexicanart.com<\/a><\/p>\n\n\n\n<h4 class=\"wp-block-heading\">Ll\u00e1manos <\/h4>\n\n\n\n<p>+52 55 1834 6130<br>+55 55 6237 8707<\/p>\n<\/div>\n<\/div>\n<\/div><\/div>\n","protected":false},"excerpt":{"rendered":"<p>M\u00e1ndanos un mensaje Contacto Correo electr\u00f3nico sales@legacymexicanart.comcontact@legacymexicanart.com Ll\u00e1manos +52 55 1834 6130+55 55 6237 8707<\/p>","protected":false},"author":1,"featured_media":0,"parent":0,"menu_order":0,"comment_status":"closed","ping_status":"closed","template":"","meta":{"footnotes":""},"yoast_head":"<!-- This site is optimized with the Yoast SEO plugin v22.6 - https:\/\/yoast.com\/wordpress\/plugins\/seo\/ -->\n<title>Cont\u00e1ctanos \u00bb Legacy Mexican Art<\/title>\n<meta name=\"description\" content=\"\u00bfTienes dudas? Legacy Mexican Art siempre estar\u00e1 para atenderte.\" \/>\n<meta name=\"robots\" content=\"noindex, follow\" \/>\n<meta property=\"og:locale\" content=\"en_US\" \/>\n<meta property=\"og:type\" content=\"article\" \/>\n<meta property=\"og:title\" content=\"Cont\u00e1ctanos \u00bb Legacy Mexican Art\" \/>\n<meta property=\"og:description\" content=\"Cualquier inquietud o duda, Legacy Mexican Art siempre estar\u00e1 para atenderte.\" \/>\n<meta property=\"og:url\" content=\"https:\/\/legacymexicanart.com\/en_en\/contactanos\/\" \/>\n<meta property=\"article:modified_time\" content=\"2021-04-19T18:52:22+00:00\" \/>\n<meta property=\"og:image\" content=\"https:\/\/legacymexicanart.com\/wp-content\/uploads\/2021\/03\/contactanosLMA-scaled.jpg\" \/>\n\t<meta property=\"og:image:width\" content=\"2540\" \/>\n\t<meta property=\"og:image:height\" content=\"2560\" \/>\n\t<meta property=\"og:image:type\" content=\"image\/jpeg\" \/>\n<meta name=\"twitter:card\" content=\"summary_large_image\" \/>\n<meta name=\"twitter:title\" content=\"Cont\u00e1ctanos \u00bb Legacy Mexican Art\" \/>\n<meta name=\"twitter:description\" content=\"Cualquier inquietud o duda, Legacy Mexican Art siempre estar\u00e1 para atenderte.\" \/>\n<meta name=\"twitter:image\" content=\"https:\/\/legacymexicanart.com\/wp-content\/uploads\/2021\/03\/contactanosLMA-scaled.jpg\" \/>\n<meta name=\"twitter:label1\" content=\"Est. reading time\" \/>\n\t<meta name=\"twitter:data1\" content=\"1 minute\" \/>\n<script type=\"application\/ld+json\" class=\"yoast-schema-graph\">{\"@context\":\"https:\/\/schema.org\",\"@graph\":[{\"@type\":[\"WebPage\",\"ContactPage\"],\"@id\":\"https:\/\/legacymexicanart.com\/es_es\/contactanos\/\",\"url\":\"https:\/\/legacymexicanart.com\/contactanos\",\"name\":\"Cont\u00e1ctanos \u00bb Legacy Mexican Art\",\"isPartOf\":{\"@id\":\"https:\/\/legacymexicanart.com\/#website\"},\"primaryImageOfPage\":{\"@id\":\"https:\/\/legacymexicanart.com\/contactanos#primaryimage\"},\"image\":{\"@id\":\"https:\/\/legacymexicanart.com\/contactanos#primaryimage\"},\"thumbnailUrl\":\"https:\/\/legacymexicanart.com\/wp-content\/uploads\/2021\/03\/contactanosLMA-scaled.jpg\",\"datePublished\":\"2020-08-20T10:02:57+00:00\",\"dateModified\":\"2021-04-19T18:52:22+00:00\",\"description\":\"\u00bfTienes dudas? Legacy Mexican Art siempre estar\u00e1 para atenderte.\",\"breadcrumb\":{\"@id\":\"https:\/\/legacymexicanart.com\/contactanos#breadcrumb\"},\"inLanguage\":\"en-US\",\"potentialAction\":[{\"@type\":\"ReadAction\",\"target\":[\"https:\/\/legacymexicanart.com\/contactanos\"]}]},{\"@type\":\"ImageObject\",\"inLanguage\":\"en-US\",\"@id\":\"https:\/\/legacymexicanart.com\/contactanos#primaryimage\",\"url\":\"https:\/\/legacymexicanart.com\/wp-content\/uploads\/2021\/03\/contactanosLMA-scaled.jpg\",\"contentUrl\":\"https:\/\/legacymexicanart.com\/wp-content\/uploads\/2021\/03\/contactanosLMA-scaled.jpg\"},{\"@type\":\"BreadcrumbList\",\"@id\":\"https:\/\/legacymexicanart.com\/contactanos#breadcrumb\",\"itemListElement\":[{\"@type\":\"ListItem\",\"position\":1,\"name\":\"Portada\",\"item\":\"https:\/\/legacymexicanart.com\/\"},{\"@type\":\"ListItem\",\"position\":2,\"name\":\"Cont\u00e1ctanos\"}]},{\"@type\":\"WebSite\",\"@id\":\"https:\/\/legacymexicanart.com\/#website\",\"url\":\"https:\/\/legacymexicanart.com\/\",\"name\":\"\",\"description\":\"Legacy Mexican Art\",\"publisher\":{\"@id\":\"https:\/\/legacymexicanart.com\/#organization\"},\"potentialAction\":[{\"@type\":\"SearchAction\",\"target\":{\"@type\":\"EntryPoint\",\"urlTemplate\":\"https:\/\/legacymexicanart.com\/?s={search_term_string}\"},\"query-input\":\"required name=search_term_string\"}],\"inLanguage\":\"en-US\"},{\"@type\":\"Organization\",\"@id\":\"https:\/\/legacymexicanart.com\/#organization\",\"name\":\"Legacy Mexican Art\",\"url\":\"https:\/\/legacymexicanart.com\/\",\"logo\":{\"@type\":\"ImageObject\",\"inLanguage\":\"en-US\",\"@id\":\"https:\/\/legacymexicanart.com\/#\/schema\/logo\/image\/\",\"url\":\"\",\"contentUrl\":\"\",\"caption\":\"Legacy Mexican Art\"},\"image\":{\"@id\":\"https:\/\/legacymexicanart.com\/#\/schema\/logo\/image\/\"}}]}<\/script>\n<!-- \/ Yoast SEO plugin. -->","yoast_head_json":{"title":"Cont\u00e1ctanos \u00bb Legacy Mexican Art","description":"\u00bfTienes dudas? Legacy Mexican Art siempre estar\u00e1 para atenderte.","robots":{"index":"noindex","follow":"follow"},"og_locale":"en_US","og_type":"article","og_title":"Cont\u00e1ctanos \u00bb Legacy Mexican Art","og_description":"Cualquier inquietud o duda, Legacy Mexican Art siempre estar\u00e1 para atenderte.","og_url":"https:\/\/legacymexicanart.com\/en_en\/contactanos\/","article_modified_time":"2021-04-19T18:52:22+00:00","og_image":[{"width":2540,"height":2560,"url":"https:\/\/legacymexicanart.com\/wp-content\/uploads\/2021\/03\/contactanosLMA-scaled.jpg","type":"image\/jpeg"}],"twitter_card":"summary_large_image","twitter_title":"Cont\u00e1ctanos \u00bb Legacy Mexican Art","twitter_description":"Cualquier inquietud o duda, Legacy Mexican Art siempre estar\u00e1 para atenderte.","twitter_image":"https:\/\/legacymexicanart.com\/wp-content\/uploads\/2021\/03\/contactanosLMA-scaled.jpg","twitter_misc":{"Est. reading time":"1 minute"},"schema":{"@context":"https:\/\/schema.org","@graph":[{"@type":["WebPage","ContactPage"],"@id":"https:\/\/legacymexicanart.com\/es_es\/contactanos\/","url":"https:\/\/legacymexicanart.com\/contactanos","name":"Cont\u00e1ctanos \u00bb Legacy Mexican Art","isPartOf":{"@id":"https:\/\/legacymexicanart.com\/#website"},"primaryImageOfPage":{"@id":"https:\/\/legacymexicanart.com\/contactanos#primaryimage"},"image":{"@id":"https:\/\/legacymexicanart.com\/contactanos#primaryimage"},"thumbnailUrl":"https:\/\/legacymexicanart.com\/wp-content\/uploads\/2021\/03\/contactanosLMA-scaled.jpg","datePublished":"2020-08-20T10:02:57+00:00","dateModified":"2021-04-19T18:52:22+00:00","description":"\u00bfTienes dudas? Legacy Mexican Art siempre estar\u00e1 para atenderte.","breadcrumb":{"@id":"https:\/\/legacymexicanart.com\/contactanos#breadcrumb"},"inLanguage":"en-US","potentialAction":[{"@type":"ReadAction","target":["https:\/\/legacymexicanart.com\/contactanos"]}]},{"@type":"ImageObject","inLanguage":"en-US","@id":"https:\/\/legacymexicanart.com\/contactanos#primaryimage","url":"https:\/\/legacymexicanart.com\/wp-content\/uploads\/2021\/03\/contactanosLMA-scaled.jpg","contentUrl":"https:\/\/legacymexicanart.com\/wp-content\/uploads\/2021\/03\/contactanosLMA-scaled.jpg"},{"@type":"BreadcrumbList","@id":"https:\/\/legacymexicanart.com\/contactanos#breadcrumb","itemListElement":[{"@type":"ListItem","position":1,"name":"Portada","item":"https:\/\/legacymexicanart.com\/"},{"@type":"ListItem","position":2,"name":"Cont\u00e1ctanos"}]},{"@type":"WebSite","@id":"https:\/\/legacymexicanart.com\/#website","url":"https:\/\/legacymexicanart.com\/","name":"","description":"Legacy Mexican Art","publisher":{"@id":"https:\/\/legacymexicanart.com\/#organization"},"potentialAction":[{"@type":"SearchAction","target":{"@type":"EntryPoint","urlTemplate":"https:\/\/legacymexicanart.com\/?s={search_term_string}"},"query-input":"required name=search_term_string"}],"inLanguage":"en-US"},{"@type":"Organization","@id":"https:\/\/legacymexicanart.com\/#organization","name":"Legacy Mexican Art","url":"https:\/\/legacymexicanart.com\/","logo":{"@type":"ImageObject","inLanguage":"en-US","@id":"https:\/\/legacymexicanart.com\/#\/schema\/logo\/image\/","url":"","contentUrl":"","caption":"Legacy Mexican Art"},"image":{"@id":"https:\/\/legacymexicanart.com\/#\/schema\/logo\/image\/"}}]}},"_links":{"self":[{"href":"https:\/\/legacymexicanart.com\/en_en\/wp-json\/wp\/v2\/pages\/120"}],"collection":[{"href":"https:\/\/legacymexicanart.com\/en_en\/wp-json\/wp\/v2\/pages"}],"about":[{"href":"https:\/\/legacymexicanart.com\/en_en\/wp-json\/wp\/v2\/types\/page"}],"author":[{"embeddable":true,"href":"https:\/\/legacymexicanart.com\/en_en\/wp-json\/wp\/v2\/users\/1"}],"replies":[{"embeddable":true,"href":"https:\/\/legacymexicanart.com\/en_en\/wp-json\/wp\/v2\/comments?post=120"}],"version-history":[{"count":12,"href":"https:\/\/legacymexicanart.com\/en_en\/wp-json\/wp\/v2\/pages\/120\/revisions"}],"predecessor-version":[{"id":731,"href":"https:\/\/legacymexicanart.com\/en_en\/wp-json\/wp\/v2\/pages\/120\/revisions\/731"}],"wp:attachment":[{"href":"https:\/\/legacymexicanart.com\/en_en\/wp-json\/wp\/v2\/media?parent=120"}],"curies":[{"name":"wp","href":"https:\/\/api.w.org\/{rel}","templated":true}]}}