{"id":725,"date":"2021-04-20T00:37:12","date_gmt":"2021-04-19T18:37:12","guid":{"rendered":"https:\/\/legacymexicanart.com\/?page_id=725"},"modified":"2021-05-19T01:04:33","modified_gmt":"2021-05-18T19:04:33","slug":"terminos-y-condiciones","status":"publish","type":"page","link":"https:\/\/legacymexicanart.com\/en_en\/terminos-y-condiciones\/","title":{"rendered":"Terms &amp; Conditions"},"content":{"rendered":"<h3 class=\"wp-block-heading\">Returns<\/h3>\n\n\n\n<p>If for any reason you want to return the product, contact our customer service department or email \ncontact@legacymexicanart.com And depending the situation has been evaluated, the return can be made within the first\n14 days after the purchase is made. Once we receive the returned product in perfect condition, the return will be made.<br>No habr\u00e1 reembolsos disponibles despu\u00e9s de que expire el per\u00edodo de devoluci\u00f3n de 14 d\u00edas.<\/p>\n\n\n\n<p><em>IMPORTANT NOTE:<\/em>No refunds will be issued if returned products have been damaged or altered in any way upon\nreceipt by us..\nThere are no refunds or returns on custom orders<br>Shipping costs are not refunded.<\/p>\n\n\n\n<h3 class=\"wp-block-heading\">Payment method<\/h3>\n\n\n\n<p><strong>LEGACY MEXICAN ART<\/strong> accept payment with credit card or debit card (Visa, MasterCard, American Express).<br>Online through our secure server, or deposit to bank account.<br>All purchases that have to be sent outside of\nMexico, the payment of taxes will be in charge of the ordering party.<\/p>\n\n\n\n<h3 class=\"wp-block-heading\">Billing<\/h3>\n\n\n\n<p>In each case, invoicing will be requested directly from the artisan.<\/p>\n\n\n\n<h3 class=\"wp-block-heading\">Contact<\/h3>\n\n\n\n<p>contact@legacymexicanart.com<br>+52 55 1834 6130<br>+55 55 6237 8707<br>Monday to Friday between 09:00 am to 17:00 pm<\/p>\n\n\n\n<h3 class=\"wp-block-heading\">Shipment<\/h3>\n\n\n\n<p>Please make sure to indicate the correct and complete shipping address when place your order.<strong> LEGACY MEXICAN ART<\/strong> is not responsible for items that have not been received due to wrong address or address change. If you have not received\nyour order and want to check the status, please contact us to customer Service Department at \ncontact@legacymexicanart.com.<br>In case of shipment abroad, the shipment must be quoted before the shipment and the taxes that are generated must be paid by the customer upon receipt.<\/p>\n\n\n\n<p>En caso de env\u00edo al extranjero se deber\u00e1 cotizar antes el env\u00edo y los impuestos que se generen los deber\u00e1 pagar el cliente al recibir.<\/p>","protected":false},"excerpt":{"rendered":"<p>Devoluciones Si por alg\u00fan motivo se desea devolver el producto comunicarse a nuestro departamento de servicio al cliente o al correo contact@legacymexicanart.com. Y cada vez que se haya evaluado la situaci\u00f3n la devoluci\u00f3n se puede realizar dentro de los primeros 14 d\u00edas de realizada la compra. Una vez que recibamos el producto de vuelta en &hellip;<\/p>\n<p class=\"read-more\"> <a class=\"\" href=\"https:\/\/legacymexicanart.com\/en_en\/terminos-y-condiciones\/\"> <span class=\"screen-reader-text\">Terms &amp; Conditions<\/span> Read More &raquo;<\/a><\/p>","protected":false},"author":1,"featured_media":0,"parent":0,"menu_order":0,"comment_status":"closed","ping_status":"closed","template":"","meta":{"footnotes":""},"yoast_head":"<!-- This site is optimized with the Yoast SEO plugin v22.6 - https:\/\/yoast.com\/wordpress\/plugins\/seo\/ -->\n<title>T\u00e9rminos y Condiciones &#187; Legacy Mexican Art<\/title>\n<meta name=\"robots\" content=\"index, follow, max-snippet:-1, max-image-preview:large, max-video-preview:-1\" \/>\n<link rel=\"canonical\" href=\"https:\/\/legacymexicanart.com\/en_en\/terminos-y-condiciones\/\" \/>\n<meta property=\"og:locale\" content=\"en_US\" \/>\n<meta property=\"og:type\" content=\"article\" \/>\n<meta property=\"og:title\" content=\"T\u00e9rminos y Condiciones &#187; Legacy Mexican Art\" \/>\n<meta property=\"og:description\" content=\"Devoluciones Si por alg\u00fan motivo se desea devolver el producto comunicarse a nuestro departamento de servicio al cliente o al correo contact@legacymexicanart.com. Y cada vez que se haya evaluado la situaci\u00f3n la devoluci\u00f3n se puede realizar dentro de los primeros 14 d\u00edas de realizada la compra. Una vez que recibamos el producto de vuelta en &hellip; T\u00e9rminos y Condiciones Read More &raquo;\" \/>\n<meta property=\"og:url\" content=\"https:\/\/legacymexicanart.com\/en_en\/terminos-y-condiciones\/\" \/>\n<meta property=\"article:modified_time\" content=\"2021-05-18T19:04:33+00:00\" \/>\n<meta name=\"twitter:card\" content=\"summary_large_image\" \/>\n<meta name=\"twitter:label1\" content=\"Est. reading time\" \/>\n\t<meta name=\"twitter:data1\" content=\"2 minutes\" \/>\n<script type=\"application\/ld+json\" class=\"yoast-schema-graph\">{\"@context\":\"https:\/\/schema.org\",\"@graph\":[{\"@type\":\"WebPage\",\"@id\":\"https:\/\/legacymexicanart.com\/en_en\/terminos-y-condiciones\/\",\"url\":\"https:\/\/legacymexicanart.com\/en_en\/terminos-y-condiciones\/\",\"name\":\"T\u00e9rminos y Condiciones &#187; Legacy Mexican Art\",\"isPartOf\":{\"@id\":\"https:\/\/legacymexicanart.com\/#website\"},\"datePublished\":\"2021-04-19T18:37:12+00:00\",\"dateModified\":\"2021-05-18T19:04:33+00:00\",\"breadcrumb\":{\"@id\":\"https:\/\/legacymexicanart.com\/en_en\/terminos-y-condiciones\/#breadcrumb\"},\"inLanguage\":\"en-US\",\"potentialAction\":[{\"@type\":\"ReadAction\",\"target\":[\"https:\/\/legacymexicanart.com\/en_en\/terminos-y-condiciones\/\"]}]},{\"@type\":\"BreadcrumbList\",\"@id\":\"https:\/\/legacymexicanart.com\/en_en\/terminos-y-condiciones\/#breadcrumb\",\"itemListElement\":[{\"@type\":\"ListItem\",\"position\":1,\"name\":\"Portada\",\"item\":\"https:\/\/legacymexicanart.com\/\"},{\"@type\":\"ListItem\",\"position\":2,\"name\":\"T\u00e9rminos y Condiciones\"}]},{\"@type\":\"WebSite\",\"@id\":\"https:\/\/legacymexicanart.com\/#website\",\"url\":\"https:\/\/legacymexicanart.com\/\",\"name\":\"\",\"description\":\"Legacy Mexican Art\",\"publisher\":{\"@id\":\"https:\/\/legacymexicanart.com\/#organization\"},\"potentialAction\":[{\"@type\":\"SearchAction\",\"target\":{\"@type\":\"EntryPoint\",\"urlTemplate\":\"https:\/\/legacymexicanart.com\/?s={search_term_string}\"},\"query-input\":\"required name=search_term_string\"}],\"inLanguage\":\"en-US\"},{\"@type\":\"Organization\",\"@id\":\"https:\/\/legacymexicanart.com\/#organization\",\"name\":\"Legacy Mexican Art\",\"url\":\"https:\/\/legacymexicanart.com\/\",\"logo\":{\"@type\":\"ImageObject\",\"inLanguage\":\"en-US\",\"@id\":\"https:\/\/legacymexicanart.com\/#\/schema\/logo\/image\/\",\"url\":\"\",\"contentUrl\":\"\",\"caption\":\"Legacy Mexican Art\"},\"image\":{\"@id\":\"https:\/\/legacymexicanart.com\/#\/schema\/logo\/image\/\"}}]}<\/script>\n<!-- \/ Yoast SEO plugin. -->","yoast_head_json":{"title":"T\u00e9rminos y Condiciones &#187; Legacy Mexican Art","robots":{"index":"index","follow":"follow","max-snippet":"max-snippet:-1","max-image-preview":"max-image-preview:large","max-video-preview":"max-video-preview:-1"},"canonical":"https:\/\/legacymexicanart.com\/en_en\/terminos-y-condiciones\/","og_locale":"en_US","og_type":"article","og_title":"T\u00e9rminos y Condiciones &#187; Legacy Mexican Art","og_description":"Devoluciones Si por alg\u00fan motivo se desea devolver el producto comunicarse a nuestro departamento de servicio al cliente o al correo contact@legacymexicanart.com. Y cada vez que se haya evaluado la situaci\u00f3n la devoluci\u00f3n se puede realizar dentro de los primeros 14 d\u00edas de realizada la compra. Una vez que recibamos el producto de vuelta en &hellip; T\u00e9rminos y Condiciones Read More &raquo;","og_url":"https:\/\/legacymexicanart.com\/en_en\/terminos-y-condiciones\/","article_modified_time":"2021-05-18T19:04:33+00:00","twitter_card":"summary_large_image","twitter_misc":{"Est. reading time":"2 minutes"},"schema":{"@context":"https:\/\/schema.org","@graph":[{"@type":"WebPage","@id":"https:\/\/legacymexicanart.com\/en_en\/terminos-y-condiciones\/","url":"https:\/\/legacymexicanart.com\/en_en\/terminos-y-condiciones\/","name":"T\u00e9rminos y Condiciones &#187; Legacy Mexican Art","isPartOf":{"@id":"https:\/\/legacymexicanart.com\/#website"},"datePublished":"2021-04-19T18:37:12+00:00","dateModified":"2021-05-18T19:04:33+00:00","breadcrumb":{"@id":"https:\/\/legacymexicanart.com\/en_en\/terminos-y-condiciones\/#breadcrumb"},"inLanguage":"en-US","potentialAction":[{"@type":"ReadAction","target":["https:\/\/legacymexicanart.com\/en_en\/terminos-y-condiciones\/"]}]},{"@type":"BreadcrumbList","@id":"https:\/\/legacymexicanart.com\/en_en\/terminos-y-condiciones\/#breadcrumb","itemListElement":[{"@type":"ListItem","position":1,"name":"Portada","item":"https:\/\/legacymexicanart.com\/"},{"@type":"ListItem","position":2,"name":"T\u00e9rminos y Condiciones"}]},{"@type":"WebSite","@id":"https:\/\/legacymexicanart.com\/#website","url":"https:\/\/legacymexicanart.com\/","name":"","description":"Legacy Mexican Art","publisher":{"@id":"https:\/\/legacymexicanart.com\/#organization"},"potentialAction":[{"@type":"SearchAction","target":{"@type":"EntryPoint","urlTemplate":"https:\/\/legacymexicanart.com\/?s={search_term_string}"},"query-input":"required name=search_term_string"}],"inLanguage":"en-US"},{"@type":"Organization","@id":"https:\/\/legacymexicanart.com\/#organization","name":"Legacy Mexican Art","url":"https:\/\/legacymexicanart.com\/","logo":{"@type":"ImageObject","inLanguage":"en-US","@id":"https:\/\/legacymexicanart.com\/#\/schema\/logo\/image\/","url":"","contentUrl":"","caption":"Legacy Mexican Art"},"image":{"@id":"https:\/\/legacymexicanart.com\/#\/schema\/logo\/image\/"}}]}},"_links":{"self":[{"href":"https:\/\/legacymexicanart.com\/en_en\/wp-json\/wp\/v2\/pages\/725"}],"collection":[{"href":"https:\/\/legacymexicanart.com\/en_en\/wp-json\/wp\/v2\/pages"}],"about":[{"href":"https:\/\/legacymexicanart.com\/en_en\/wp-json\/wp\/v2\/types\/page"}],"author":[{"embeddable":true,"href":"https:\/\/legacymexicanart.com\/en_en\/wp-json\/wp\/v2\/users\/1"}],"replies":[{"embeddable":true,"href":"https:\/\/legacymexicanart.com\/en_en\/wp-json\/wp\/v2\/comments?post=725"}],"version-history":[{"count":3,"href":"https:\/\/legacymexicanart.com\/en_en\/wp-json\/wp\/v2\/pages\/725\/revisions"}],"predecessor-version":[{"id":730,"href":"https:\/\/legacymexicanart.com\/en_en\/wp-json\/wp\/v2\/pages\/725\/revisions\/730"}],"wp:attachment":[{"href":"https:\/\/legacymexicanart.com\/en_en\/wp-json\/wp\/v2\/media?parent=725"}],"curies":[{"name":"wp","href":"https:\/\/api.w.org\/{rel}","templated":true}]}}