{"id":1018,"date":"2021-09-04T01:41:43","date_gmt":"2021-09-03T19:41:43","guid":{"rendered":"https:\/\/legacymexicanart.com\/?post_type=product&#038;p=1018"},"modified":"2023-11-11T00:33:57","modified_gmt":"2023-11-10T18:33:57","slug":"porta-cucharas-ceramico","status":"publish","type":"product","link":"https:\/\/legacymexicanart.com\/en_en\/product\/porta-cucharas-ceramico\/","title":{"rendered":"Porta Cucharas Capula"},"content":{"rendered":"<p>Porta cucharas Capula, elaborada en cer\u00e1mica de alta temperatura, pintada a mano con la t\u00e9cnica del Capulineado.<\/p>\n<p>Los materiales utilizados son libres de plomo, por lo que es seguro utilizar esta pieza en el uso del hogar y cocina.<\/p>\n<p>Dimensiones: 25 x 12 x H 4 cm.<\/p>\n<p><em>Shipping included to all of Mexico.<\/em><\/p>\n<p>Michoacan Legacy<\/p>\n<p>Artesano: Iv\u00e1n Gonz\u00e1lez<\/p>\n<p>Innovando los procesos artesanales, el artesano Iv\u00e1n Gonz\u00e1lez utiliza cer\u00e1mica de alta temperatura en lugar de barro, que es lo que com\u00fanmente se utiliza en la regi\u00f3n.<\/p>\n<p>&nbsp;<\/p>","protected":false},"excerpt":{"rendered":"<p><a href=\"mailto:contact@legacymexicanart.com?Subject=Mas%20info%20sku%20CAPUIG011%20\" target=\"_blank\" rel=\"noopener\"><br \/>\n<img decoding=\"async\" src=\"https:\/\/legacymexicanart.com\/wp-content\/uploads\/2021\/10\/email-Design.svg\" \/> More product information<\/a><\/p>\n<p><strong><em>Shipping included to all of Mexico.<\/em><\/strong><\/p>","protected":false},"featured_media":1019,"comment_status":"open","ping_status":"closed","template":"","meta":[],"product_cat":[18,187,17,198,197],"product_tag":[78,77,79,81,76,80],"yoast_head":"<!-- This site is optimized with the Yoast SEO plugin v22.6 - https:\/\/yoast.com\/wordpress\/plugins\/seo\/ -->\n<title>Porta Cucharas Capula &#187;<\/title>\n<meta name=\"description\" content=\"Porta cucharas cer\u00e1mico pintado a mano con t\u00e9cnica de Capul\u00edn hecho con materiales de alta calidad libres de plomo.\" \/>\n<meta name=\"robots\" content=\"index, follow, max-snippet:-1, max-image-preview:large, max-video-preview:-1\" \/>\n<link rel=\"canonical\" href=\"https:\/\/legacymexicanart.com\/en_en\/product\/porta-cucharas-ceramico\/\" \/>\n<meta property=\"og:locale\" content=\"en_US\" \/>\n<meta property=\"og:type\" content=\"article\" \/>\n<meta property=\"og:title\" content=\"Porta Cucharas Capula &#187;\" \/>\n<meta property=\"og:description\" content=\"Porta cucharas cer\u00e1mico pintado a mano con t\u00e9cnica de Capul\u00edn hecho con materiales de alta calidad libres de plomo.\" \/>\n<meta property=\"og:url\" content=\"https:\/\/legacymexicanart.com\/en_en\/product\/porta-cucharas-ceramico\/\" \/>\n<meta property=\"article:modified_time\" content=\"2023-11-10T18:33:57+00:00\" \/>\n<meta property=\"og:image\" content=\"https:\/\/legacymexicanart.com\/wp-content\/uploads\/2021\/09\/PhotoRoom-20210903_010943-1024x975.png\" \/>\n\t<meta property=\"og:image:width\" content=\"1024\" \/>\n\t<meta property=\"og:image:height\" content=\"975\" \/>\n\t<meta property=\"og:image:type\" content=\"image\/png\" \/>\n<meta name=\"twitter:card\" content=\"summary_large_image\" \/>\n<meta name=\"twitter:label1\" content=\"Est. reading time\" \/>\n\t<meta name=\"twitter:data1\" content=\"1 minute\" \/>\n<script type=\"application\/ld+json\" class=\"yoast-schema-graph\">{\"@context\":\"https:\/\/schema.org\",\"@graph\":[{\"@type\":\"WebPage\",\"@id\":\"https:\/\/legacymexicanart.com\/product\/porta-cucharas-ceramico\/\",\"url\":\"https:\/\/legacymexicanart.com\/product\/porta-cucharas-ceramico\/\",\"name\":\"Porta Cucharas Capula &#187;\",\"isPartOf\":{\"@id\":\"https:\/\/legacymexicanart.com\/#website\"},\"primaryImageOfPage\":{\"@id\":\"https:\/\/legacymexicanart.com\/product\/porta-cucharas-ceramico\/#primaryimage\"},\"image\":{\"@id\":\"https:\/\/legacymexicanart.com\/product\/porta-cucharas-ceramico\/#primaryimage\"},\"thumbnailUrl\":\"https:\/\/legacymexicanart.com\/wp-content\/uploads\/2021\/09\/PhotoRoom-20210903_010943.png\",\"datePublished\":\"2021-09-03T19:41:43+00:00\",\"dateModified\":\"2023-11-10T18:33:57+00:00\",\"description\":\"Porta cucharas cer\u00e1mico pintado a mano con t\u00e9cnica de Capul\u00edn hecho con materiales de alta calidad libres de plomo.\",\"breadcrumb\":{\"@id\":\"https:\/\/legacymexicanart.com\/product\/porta-cucharas-ceramico\/#breadcrumb\"},\"inLanguage\":\"en-US\",\"potentialAction\":[{\"@type\":\"ReadAction\",\"target\":[\"https:\/\/legacymexicanart.com\/product\/porta-cucharas-ceramico\/\"]}]},{\"@type\":\"ImageObject\",\"inLanguage\":\"en-US\",\"@id\":\"https:\/\/legacymexicanart.com\/product\/porta-cucharas-ceramico\/#primaryimage\",\"url\":\"https:\/\/legacymexicanart.com\/wp-content\/uploads\/2021\/09\/PhotoRoom-20210903_010943.png\",\"contentUrl\":\"https:\/\/legacymexicanart.com\/wp-content\/uploads\/2021\/09\/PhotoRoom-20210903_010943.png\",\"width\":1064,\"height\":1013},{\"@type\":\"BreadcrumbList\",\"@id\":\"https:\/\/legacymexicanart.com\/product\/porta-cucharas-ceramico\/#breadcrumb\",\"itemListElement\":[{\"@type\":\"ListItem\",\"position\":1,\"name\":\"Portada\",\"item\":\"https:\/\/legacymexicanart.com\/\"},{\"@type\":\"ListItem\",\"position\":2,\"name\":\"Shop\",\"item\":\"https:\/\/legacymexicanart.com\/es_es\/shop\/\"},{\"@type\":\"ListItem\",\"position\":3,\"name\":\"Porta Cucharas Capula\"}]},{\"@type\":\"WebSite\",\"@id\":\"https:\/\/legacymexicanart.com\/#website\",\"url\":\"https:\/\/legacymexicanart.com\/\",\"name\":\"\",\"description\":\"Legacy Mexican Art\",\"publisher\":{\"@id\":\"https:\/\/legacymexicanart.com\/#organization\"},\"potentialAction\":[{\"@type\":\"SearchAction\",\"target\":{\"@type\":\"EntryPoint\",\"urlTemplate\":\"https:\/\/legacymexicanart.com\/?s={search_term_string}\"},\"query-input\":\"required name=search_term_string\"}],\"inLanguage\":\"en-US\"},{\"@type\":\"Organization\",\"@id\":\"https:\/\/legacymexicanart.com\/#organization\",\"name\":\"Legacy Mexican Art\",\"url\":\"https:\/\/legacymexicanart.com\/\",\"logo\":{\"@type\":\"ImageObject\",\"inLanguage\":\"en-US\",\"@id\":\"https:\/\/legacymexicanart.com\/#\/schema\/logo\/image\/\",\"url\":\"\",\"contentUrl\":\"\",\"caption\":\"Legacy Mexican Art\"},\"image\":{\"@id\":\"https:\/\/legacymexicanart.com\/#\/schema\/logo\/image\/\"}}]}<\/script>\n<!-- \/ Yoast SEO plugin. -->","yoast_head_json":{"title":"Porta Cucharas Capula &#187;","description":"Porta cucharas cer\u00e1mico pintado a mano con t\u00e9cnica de Capul\u00edn hecho con materiales de alta calidad libres de plomo.","robots":{"index":"index","follow":"follow","max-snippet":"max-snippet:-1","max-image-preview":"max-image-preview:large","max-video-preview":"max-video-preview:-1"},"canonical":"https:\/\/legacymexicanart.com\/en_en\/product\/porta-cucharas-ceramico\/","og_locale":"en_US","og_type":"article","og_title":"Porta Cucharas Capula &#187;","og_description":"Porta cucharas cer\u00e1mico pintado a mano con t\u00e9cnica de Capul\u00edn hecho con materiales de alta calidad libres de plomo.","og_url":"https:\/\/legacymexicanart.com\/en_en\/product\/porta-cucharas-ceramico\/","article_modified_time":"2023-11-10T18:33:57+00:00","og_image":[{"width":1024,"height":975,"url":"https:\/\/legacymexicanart.com\/wp-content\/uploads\/2021\/09\/PhotoRoom-20210903_010943-1024x975.png","type":"image\/png"}],"twitter_card":"summary_large_image","twitter_misc":{"Est. reading time":"1 minute"},"schema":{"@context":"https:\/\/schema.org","@graph":[{"@type":"WebPage","@id":"https:\/\/legacymexicanart.com\/product\/porta-cucharas-ceramico\/","url":"https:\/\/legacymexicanart.com\/product\/porta-cucharas-ceramico\/","name":"Porta Cucharas Capula &#187;","isPartOf":{"@id":"https:\/\/legacymexicanart.com\/#website"},"primaryImageOfPage":{"@id":"https:\/\/legacymexicanart.com\/product\/porta-cucharas-ceramico\/#primaryimage"},"image":{"@id":"https:\/\/legacymexicanart.com\/product\/porta-cucharas-ceramico\/#primaryimage"},"thumbnailUrl":"https:\/\/legacymexicanart.com\/wp-content\/uploads\/2021\/09\/PhotoRoom-20210903_010943.png","datePublished":"2021-09-03T19:41:43+00:00","dateModified":"2023-11-10T18:33:57+00:00","description":"Porta cucharas cer\u00e1mico pintado a mano con t\u00e9cnica de Capul\u00edn hecho con materiales de alta calidad libres de plomo.","breadcrumb":{"@id":"https:\/\/legacymexicanart.com\/product\/porta-cucharas-ceramico\/#breadcrumb"},"inLanguage":"en-US","potentialAction":[{"@type":"ReadAction","target":["https:\/\/legacymexicanart.com\/product\/porta-cucharas-ceramico\/"]}]},{"@type":"ImageObject","inLanguage":"en-US","@id":"https:\/\/legacymexicanart.com\/product\/porta-cucharas-ceramico\/#primaryimage","url":"https:\/\/legacymexicanart.com\/wp-content\/uploads\/2021\/09\/PhotoRoom-20210903_010943.png","contentUrl":"https:\/\/legacymexicanart.com\/wp-content\/uploads\/2021\/09\/PhotoRoom-20210903_010943.png","width":1064,"height":1013},{"@type":"BreadcrumbList","@id":"https:\/\/legacymexicanart.com\/product\/porta-cucharas-ceramico\/#breadcrumb","itemListElement":[{"@type":"ListItem","position":1,"name":"Portada","item":"https:\/\/legacymexicanart.com\/"},{"@type":"ListItem","position":2,"name":"Shop","item":"https:\/\/legacymexicanart.com\/es_es\/shop\/"},{"@type":"ListItem","position":3,"name":"Porta Cucharas Capula"}]},{"@type":"WebSite","@id":"https:\/\/legacymexicanart.com\/#website","url":"https:\/\/legacymexicanart.com\/","name":"","description":"Legacy Mexican Art","publisher":{"@id":"https:\/\/legacymexicanart.com\/#organization"},"potentialAction":[{"@type":"SearchAction","target":{"@type":"EntryPoint","urlTemplate":"https:\/\/legacymexicanart.com\/?s={search_term_string}"},"query-input":"required name=search_term_string"}],"inLanguage":"en-US"},{"@type":"Organization","@id":"https:\/\/legacymexicanart.com\/#organization","name":"Legacy Mexican Art","url":"https:\/\/legacymexicanart.com\/","logo":{"@type":"ImageObject","inLanguage":"en-US","@id":"https:\/\/legacymexicanart.com\/#\/schema\/logo\/image\/","url":"","contentUrl":"","caption":"Legacy Mexican Art"},"image":{"@id":"https:\/\/legacymexicanart.com\/#\/schema\/logo\/image\/"}}]}},"_links":{"self":[{"href":"https:\/\/legacymexicanart.com\/en_en\/wp-json\/wp\/v2\/product\/1018"}],"collection":[{"href":"https:\/\/legacymexicanart.com\/en_en\/wp-json\/wp\/v2\/product"}],"about":[{"href":"https:\/\/legacymexicanart.com\/en_en\/wp-json\/wp\/v2\/types\/product"}],"replies":[{"embeddable":true,"href":"https:\/\/legacymexicanart.com\/en_en\/wp-json\/wp\/v2\/comments?post=1018"}],"wp:featuredmedia":[{"embeddable":true,"href":"https:\/\/legacymexicanart.com\/en_en\/wp-json\/wp\/v2\/media\/1019"}],"wp:attachment":[{"href":"https:\/\/legacymexicanart.com\/en_en\/wp-json\/wp\/v2\/media?parent=1018"}],"wp:term":[{"taxonomy":"product_cat","embeddable":true,"href":"https:\/\/legacymexicanart.com\/en_en\/wp-json\/wp\/v2\/product_cat?post=1018"},{"taxonomy":"product_tag","embeddable":true,"href":"https:\/\/legacymexicanart.com\/en_en\/wp-json\/wp\/v2\/product_tag?post=1018"}],"curies":[{"name":"wp","href":"https:\/\/api.w.org\/{rel}","templated":true}]}}