{"id":1048,"date":"2021-09-04T06:37:14","date_gmt":"2021-09-04T00:37:14","guid":{"rendered":"https:\/\/legacymexicanart.com\/?post_type=product&#038;p=1048"},"modified":"2023-09-01T00:07:31","modified_gmt":"2023-08-31T18:07:31","slug":"catrina-y-catrin","status":"publish","type":"product","link":"https:\/\/legacymexicanart.com\/en_en\/product\/catrina-y-catrin\/","title":{"rendered":"Catrina and Catrin"},"content":{"rendered":"<p>Catrina y catr\u00edn tradicionales en barro pintado a mano.<\/p>\n<p>Hechas a mano por artesanos de Capula Michoac\u00e1n.<\/p>\n<p>Dim: 39 cm de Altura.<\/p>\n<p>La Catrina es una figura emblem\u00e1tica que forma parte de las tradiciones ancestrales de M\u00e9xico como lo es el &#8220;D\u00eda de Muertos&#8221;.<\/p>\n<p>The figure was created by Guadalupe Posada and baptized by the muralist Diego Rivera.<\/p>\n<p>De hecho la Catrina es una cr\u00edtica a muchos mexicanos pobres que quieren aparentar un estilo de vida europeo que no les corresponde, eso se representa en la calavera que utiliza un sombrero de ala ancha estilo franc\u00e9s con plumas de avestruz. Diego Rivera fue qui\u00e9n la present\u00f3 con su atuendo caracter\u00edstico, cu\u00e1ndo la plasm\u00f3 en su mural &#8220;Sue\u00f1o de una tarde de Domingo en la Alameda Central&#8221; donde aparece la calavera con su creador Guadalupe Posada y una versi\u00f3n infantil de Rivera con Frida Kahlo. Fue precisamente Diego Rivera qui\u00e9n la llam\u00f3 &#8220;La Catrina&#8221; nombre que la hizo popular mundialmente.<\/p>\n<p>Eventualmente en Capula Michoac\u00e1n, el artista pl\u00e1stico Juan Torres decide moldear en barro a la &#8220;Catrina&#8221; el personaje de Posada. Iniciando de esta manera con toda una tradici\u00f3n de artesanos en Capula que se dedican a realizar catrinas en barro.<\/p>\n<p>&nbsp;<\/p>\n<p>&nbsp;<\/p>","protected":false},"excerpt":{"rendered":"<p><a href=\"mailto:contact@legacymexicanart.com?Subject=Mas%20info%20sku%20CAPULMTZ003%20\" target=\"_blank\" rel=\"noopener\"><br \/>\n<img decoding=\"async\" src=\"https:\/\/legacymexicanart.com\/wp-content\/uploads\/2021\/10\/email-Design.svg\" \/> More product information<br \/>\n<\/a><\/p>\n<p>&nbsp;<\/p>","protected":false},"featured_media":1049,"comment_status":"open","ping_status":"closed","template":"","meta":[],"product_cat":[449,18],"product_tag":[83,135,136,134,137,112,123],"yoast_head":"<!-- This site is optimized with the Yoast SEO plugin v22.6 - https:\/\/yoast.com\/wordpress\/plugins\/seo\/ -->\n<title>Catrina y Catrin &#187;<\/title>\n<meta name=\"description\" content=\"Catrina y catr\u00edn tradicionales en barro artesanal pintado a mano.\" \/>\n<meta name=\"robots\" content=\"index, follow, max-snippet:-1, max-image-preview:large, max-video-preview:-1\" \/>\n<link rel=\"canonical\" href=\"https:\/\/legacymexicanart.com\/en_en\/product\/catrina-y-catrin\/\" \/>\n<meta property=\"og:locale\" content=\"en_US\" \/>\n<meta property=\"og:type\" content=\"article\" \/>\n<meta property=\"og:title\" content=\"Catrina y Catrin &#187;\" \/>\n<meta property=\"og:description\" content=\"Catrina y catr\u00edn tradicionales en barro artesanal pintado a mano.\" \/>\n<meta property=\"og:url\" content=\"https:\/\/legacymexicanart.com\/en_en\/product\/catrina-y-catrin\/\" \/>\n<meta property=\"article:modified_time\" content=\"2023-08-31T18:07:31+00:00\" \/>\n<meta property=\"og:image\" content=\"https:\/\/legacymexicanart.com\/wp-content\/uploads\/2021\/09\/PhotoRoom-20210903_185208.png\" \/>\n\t<meta property=\"og:image:width\" content=\"1074\" \/>\n\t<meta property=\"og:image:height\" content=\"961\" \/>\n\t<meta property=\"og:image:type\" content=\"image\/png\" \/>\n<meta name=\"twitter:card\" content=\"summary_large_image\" \/>\n<meta name=\"twitter:label1\" content=\"Est. reading time\" \/>\n\t<meta name=\"twitter:data1\" content=\"1 minute\" \/>\n<script type=\"application\/ld+json\" class=\"yoast-schema-graph\">{\"@context\":\"https:\/\/schema.org\",\"@graph\":[{\"@type\":\"WebPage\",\"@id\":\"https:\/\/legacymexicanart.com\/product\/catrina-y-catrin\/\",\"url\":\"https:\/\/legacymexicanart.com\/product\/catrina-y-catrin\/\",\"name\":\"Catrina y Catrin &#187;\",\"isPartOf\":{\"@id\":\"https:\/\/legacymexicanart.com\/#website\"},\"primaryImageOfPage\":{\"@id\":\"https:\/\/legacymexicanart.com\/product\/catrina-y-catrin\/#primaryimage\"},\"image\":{\"@id\":\"https:\/\/legacymexicanart.com\/product\/catrina-y-catrin\/#primaryimage\"},\"thumbnailUrl\":\"https:\/\/legacymexicanart.com\/wp-content\/uploads\/2021\/09\/PhotoRoom-20210903_185208.png\",\"datePublished\":\"2021-09-04T00:37:14+00:00\",\"dateModified\":\"2023-08-31T18:07:31+00:00\",\"description\":\"Catrina y catr\u00edn tradicionales en barro artesanal pintado a mano.\",\"breadcrumb\":{\"@id\":\"https:\/\/legacymexicanart.com\/product\/catrina-y-catrin\/#breadcrumb\"},\"inLanguage\":\"en-US\",\"potentialAction\":[{\"@type\":\"ReadAction\",\"target\":[\"https:\/\/legacymexicanart.com\/product\/catrina-y-catrin\/\"]}]},{\"@type\":\"ImageObject\",\"inLanguage\":\"en-US\",\"@id\":\"https:\/\/legacymexicanart.com\/product\/catrina-y-catrin\/#primaryimage\",\"url\":\"https:\/\/legacymexicanart.com\/wp-content\/uploads\/2021\/09\/PhotoRoom-20210903_185208.png\",\"contentUrl\":\"https:\/\/legacymexicanart.com\/wp-content\/uploads\/2021\/09\/PhotoRoom-20210903_185208.png\",\"width\":1074,\"height\":961},{\"@type\":\"BreadcrumbList\",\"@id\":\"https:\/\/legacymexicanart.com\/product\/catrina-y-catrin\/#breadcrumb\",\"itemListElement\":[{\"@type\":\"ListItem\",\"position\":1,\"name\":\"Portada\",\"item\":\"https:\/\/legacymexicanart.com\/\"},{\"@type\":\"ListItem\",\"position\":2,\"name\":\"Shop\",\"item\":\"https:\/\/legacymexicanart.com\/es_es\/shop\/\"},{\"@type\":\"ListItem\",\"position\":3,\"name\":\"Catrina y Catrin\"}]},{\"@type\":\"WebSite\",\"@id\":\"https:\/\/legacymexicanart.com\/#website\",\"url\":\"https:\/\/legacymexicanart.com\/\",\"name\":\"\",\"description\":\"Legacy Mexican Art\",\"publisher\":{\"@id\":\"https:\/\/legacymexicanart.com\/#organization\"},\"potentialAction\":[{\"@type\":\"SearchAction\",\"target\":{\"@type\":\"EntryPoint\",\"urlTemplate\":\"https:\/\/legacymexicanart.com\/?s={search_term_string}\"},\"query-input\":\"required name=search_term_string\"}],\"inLanguage\":\"en-US\"},{\"@type\":\"Organization\",\"@id\":\"https:\/\/legacymexicanart.com\/#organization\",\"name\":\"Legacy Mexican Art\",\"url\":\"https:\/\/legacymexicanart.com\/\",\"logo\":{\"@type\":\"ImageObject\",\"inLanguage\":\"en-US\",\"@id\":\"https:\/\/legacymexicanart.com\/#\/schema\/logo\/image\/\",\"url\":\"\",\"contentUrl\":\"\",\"caption\":\"Legacy Mexican Art\"},\"image\":{\"@id\":\"https:\/\/legacymexicanart.com\/#\/schema\/logo\/image\/\"}}]}<\/script>\n<!-- \/ Yoast SEO plugin. -->","yoast_head_json":{"title":"Catrina y Catrin &#187;","description":"Traditional catrina and catr\u00edn in handmade clay painted by hand.","robots":{"index":"index","follow":"follow","max-snippet":"max-snippet:-1","max-image-preview":"max-image-preview:large","max-video-preview":"max-video-preview:-1"},"canonical":"https:\/\/legacymexicanart.com\/en_en\/product\/catrina-y-catrin\/","og_locale":"en_US","og_type":"article","og_title":"Catrina y Catrin &#187;","og_description":"Catrina y catr\u00edn tradicionales en barro artesanal pintado a mano.","og_url":"https:\/\/legacymexicanart.com\/en_en\/product\/catrina-y-catrin\/","article_modified_time":"2023-08-31T18:07:31+00:00","og_image":[{"width":1074,"height":961,"url":"https:\/\/legacymexicanart.com\/wp-content\/uploads\/2021\/09\/PhotoRoom-20210903_185208.png","type":"image\/png"}],"twitter_card":"summary_large_image","twitter_misc":{"Est. reading time":"1 minute"},"schema":{"@context":"https:\/\/schema.org","@graph":[{"@type":"WebPage","@id":"https:\/\/legacymexicanart.com\/product\/catrina-y-catrin\/","url":"https:\/\/legacymexicanart.com\/product\/catrina-y-catrin\/","name":"Catrina y Catrin &#187;","isPartOf":{"@id":"https:\/\/legacymexicanart.com\/#website"},"primaryImageOfPage":{"@id":"https:\/\/legacymexicanart.com\/product\/catrina-y-catrin\/#primaryimage"},"image":{"@id":"https:\/\/legacymexicanart.com\/product\/catrina-y-catrin\/#primaryimage"},"thumbnailUrl":"https:\/\/legacymexicanart.com\/wp-content\/uploads\/2021\/09\/PhotoRoom-20210903_185208.png","datePublished":"2021-09-04T00:37:14+00:00","dateModified":"2023-08-31T18:07:31+00:00","description":"Traditional catrina and catr\u00edn in handmade clay painted by hand.","breadcrumb":{"@id":"https:\/\/legacymexicanart.com\/product\/catrina-y-catrin\/#breadcrumb"},"inLanguage":"en-US","potentialAction":[{"@type":"ReadAction","target":["https:\/\/legacymexicanart.com\/product\/catrina-y-catrin\/"]}]},{"@type":"ImageObject","inLanguage":"en-US","@id":"https:\/\/legacymexicanart.com\/product\/catrina-y-catrin\/#primaryimage","url":"https:\/\/legacymexicanart.com\/wp-content\/uploads\/2021\/09\/PhotoRoom-20210903_185208.png","contentUrl":"https:\/\/legacymexicanart.com\/wp-content\/uploads\/2021\/09\/PhotoRoom-20210903_185208.png","width":1074,"height":961},{"@type":"BreadcrumbList","@id":"https:\/\/legacymexicanart.com\/product\/catrina-y-catrin\/#breadcrumb","itemListElement":[{"@type":"ListItem","position":1,"name":"Portada","item":"https:\/\/legacymexicanart.com\/"},{"@type":"ListItem","position":2,"name":"Shop","item":"https:\/\/legacymexicanart.com\/es_es\/shop\/"},{"@type":"ListItem","position":3,"name":"Catrina y Catrin"}]},{"@type":"WebSite","@id":"https:\/\/legacymexicanart.com\/#website","url":"https:\/\/legacymexicanart.com\/","name":"","description":"Legacy Mexican Art","publisher":{"@id":"https:\/\/legacymexicanart.com\/#organization"},"potentialAction":[{"@type":"SearchAction","target":{"@type":"EntryPoint","urlTemplate":"https:\/\/legacymexicanart.com\/?s={search_term_string}"},"query-input":"required name=search_term_string"}],"inLanguage":"en-US"},{"@type":"Organization","@id":"https:\/\/legacymexicanart.com\/#organization","name":"Legacy Mexican Art","url":"https:\/\/legacymexicanart.com\/","logo":{"@type":"ImageObject","inLanguage":"en-US","@id":"https:\/\/legacymexicanart.com\/#\/schema\/logo\/image\/","url":"","contentUrl":"","caption":"Legacy Mexican Art"},"image":{"@id":"https:\/\/legacymexicanart.com\/#\/schema\/logo\/image\/"}}]}},"_links":{"self":[{"href":"https:\/\/legacymexicanart.com\/en_en\/wp-json\/wp\/v2\/product\/1048"}],"collection":[{"href":"https:\/\/legacymexicanart.com\/en_en\/wp-json\/wp\/v2\/product"}],"about":[{"href":"https:\/\/legacymexicanart.com\/en_en\/wp-json\/wp\/v2\/types\/product"}],"replies":[{"embeddable":true,"href":"https:\/\/legacymexicanart.com\/en_en\/wp-json\/wp\/v2\/comments?post=1048"}],"wp:featuredmedia":[{"embeddable":true,"href":"https:\/\/legacymexicanart.com\/en_en\/wp-json\/wp\/v2\/media\/1049"}],"wp:attachment":[{"href":"https:\/\/legacymexicanart.com\/en_en\/wp-json\/wp\/v2\/media?parent=1048"}],"wp:term":[{"taxonomy":"product_cat","embeddable":true,"href":"https:\/\/legacymexicanart.com\/en_en\/wp-json\/wp\/v2\/product_cat?post=1048"},{"taxonomy":"product_tag","embeddable":true,"href":"https:\/\/legacymexicanart.com\/en_en\/wp-json\/wp\/v2\/product_tag?post=1048"}],"curies":[{"name":"wp","href":"https:\/\/api.w.org\/{rel}","templated":true}]}}