{"id":1161,"date":"2021-09-11T11:06:02","date_gmt":"2021-09-11T05:06:02","guid":{"rendered":"https:\/\/legacymexicanart.com\/?post_type=product&#038;p=1161"},"modified":"2023-11-11T01:24:36","modified_gmt":"2023-11-10T19:24:36","slug":"platon-morelia","status":"publish","type":"product","link":"https:\/\/legacymexicanart.com\/en_en\/product\/platon-morelia\/","title":{"rendered":"Morelia Plate"},"content":{"rendered":"<p>El Plat\u00f3n Morelia es una pieza de concurso, decorativo artesanal con la t\u00e9cnica de alfarer\u00eda punteada y pintado a mano por artesanos de Michoac\u00e1n.<\/p>\n<p>Includes base<\/p>\n<p>Diam: 49 x H 7 cm.<\/p>\n<p>Shipping included to all of Mexico.<\/p>\n<p>Craftsman: Rosas Family<\/p>\n<p>Michoacan Legacy<\/p>\n<p>The Rosas family has been working with the dotted pottery technique in Michoac\u00e1n for 45 years.<\/p>\n<p>It all starts with the collection of the raw material, they grind the earth, it is sifted and a mixture is created between two earths that are red and white to give firmness to each piece.<\/p>\n<div dir=\"auto\">Then the piece is molded and the design to be created is perfected to finally let it dry in the sun until the clay dries completely and it will be ready for the final part, which is the decoration.<\/div>\n<div dir=\"auto\">With great patience, the artisans decorate each piece with small dots, shaping any figure that their imagination desires.<\/div>\n<div dir=\"auto\">To fix the designs of its figures, it is put in the oven and the final touch is that it is enameled with a lead-free enamel.<\/div>\n<div dir=\"auto\">The Morelia plate, as we already mentioned, the paint used is lead-free, so it is a piece that you can use with confidence.<\/div>\n<div dir=\"auto\"><\/div>\n<div dir=\"auto\">At Legacy Mexican Art we appreciate the valuable legacy of our Mexican roots and culture by collaborating with artisans who love their work and pay special attention to detail, which is why we promote fair and local trade with the indigenous and artisan communities of our country.<\/div>\n<div dir=\"auto\"><a href=\"https:\/\/legacymexicanart.com\/wp-content\/uploads\/2021\/09\/20210910_222644.png\">https:\/\/legacymexicanart.com\/wp-content\/uploads\/2021\/09\/20210910_222644.png<\/a><\/div>\n<p>&nbsp;<\/p>","protected":false},"excerpt":{"rendered":"<p><a href=\"mailto:contact@legacymexicanart.com?Subject=Mas%20info%20sku%20CAPUJR009%20\" target=\"_blank\" rel=\"noopener\"><br \/>\n<img decoding=\"async\" src=\"https:\/\/legacymexicanart.com\/wp-content\/uploads\/2021\/10\/email-Design.svg\" \/> More product information<br \/>\n<\/a><\/p>\n<p><em><strong>Shipping included to all of Mexico.<\/strong><\/em><\/p>","protected":false},"featured_media":1162,"comment_status":"open","ping_status":"closed","template":"","meta":[],"product_cat":[18,186],"product_tag":[84,83,73,260,104,248,236,259,121,142,274,143],"yoast_head":"<!-- This site is optimized with the Yoast SEO plugin v22.6 - https:\/\/yoast.com\/wordpress\/plugins\/seo\/ -->\n<title>Plat\u00f3n Morelia &#187;<\/title>\n<meta name=\"description\" content=\"Plat\u00f3n Morelia, decorativo artesanal con la t\u00e9cnica de alfarer\u00eda punteada y pintado a mano por artesanos de Michoac\u00e1n.\" \/>\n<meta name=\"robots\" content=\"index, follow, max-snippet:-1, max-image-preview:large, max-video-preview:-1\" \/>\n<link rel=\"canonical\" href=\"https:\/\/legacymexicanart.com\/en_en\/product\/platon-morelia\/\" \/>\n<meta property=\"og:locale\" content=\"en_US\" \/>\n<meta property=\"og:type\" content=\"article\" \/>\n<meta property=\"og:title\" content=\"Plat\u00f3n Morelia &#187;\" \/>\n<meta property=\"og:description\" content=\"Plat\u00f3n Morelia, decorativo artesanal con la t\u00e9cnica de alfarer\u00eda punteada y pintado a mano por artesanos de Michoac\u00e1n.\" \/>\n<meta property=\"og:url\" content=\"https:\/\/legacymexicanart.com\/en_en\/product\/platon-morelia\/\" \/>\n<meta property=\"article:modified_time\" content=\"2023-11-10T19:24:36+00:00\" \/>\n<meta property=\"og:image\" content=\"https:\/\/legacymexicanart.com\/wp-content\/uploads\/2021\/09\/20210910_222644.png\" \/>\n\t<meta property=\"og:image:width\" content=\"1080\" \/>\n\t<meta property=\"og:image:height\" content=\"1015\" \/>\n\t<meta property=\"og:image:type\" content=\"image\/png\" \/>\n<meta name=\"twitter:card\" content=\"summary_large_image\" \/>\n<meta name=\"twitter:label1\" content=\"Est. reading time\" \/>\n\t<meta name=\"twitter:data1\" content=\"2 minutes\" \/>\n<script type=\"application\/ld+json\" class=\"yoast-schema-graph\">{\"@context\":\"https:\/\/schema.org\",\"@graph\":[{\"@type\":\"WebPage\",\"@id\":\"https:\/\/legacymexicanart.com\/product\/platon-morelia\/\",\"url\":\"https:\/\/legacymexicanart.com\/product\/platon-morelia\/\",\"name\":\"Plat\u00f3n Morelia &#187;\",\"isPartOf\":{\"@id\":\"https:\/\/legacymexicanart.com\/#website\"},\"primaryImageOfPage\":{\"@id\":\"https:\/\/legacymexicanart.com\/product\/platon-morelia\/#primaryimage\"},\"image\":{\"@id\":\"https:\/\/legacymexicanart.com\/product\/platon-morelia\/#primaryimage\"},\"thumbnailUrl\":\"https:\/\/legacymexicanart.com\/wp-content\/uploads\/2021\/09\/20210910_222644.png\",\"datePublished\":\"2021-09-11T05:06:02+00:00\",\"dateModified\":\"2023-11-10T19:24:36+00:00\",\"description\":\"Plat\u00f3n Morelia, decorativo artesanal con la t\u00e9cnica de alfarer\u00eda punteada y pintado a mano por artesanos de Michoac\u00e1n.\",\"breadcrumb\":{\"@id\":\"https:\/\/legacymexicanart.com\/product\/platon-morelia\/#breadcrumb\"},\"inLanguage\":\"en-US\",\"potentialAction\":[{\"@type\":\"ReadAction\",\"target\":[\"https:\/\/legacymexicanart.com\/product\/platon-morelia\/\"]}]},{\"@type\":\"ImageObject\",\"inLanguage\":\"en-US\",\"@id\":\"https:\/\/legacymexicanart.com\/product\/platon-morelia\/#primaryimage\",\"url\":\"https:\/\/legacymexicanart.com\/wp-content\/uploads\/2021\/09\/20210910_222644.png\",\"contentUrl\":\"https:\/\/legacymexicanart.com\/wp-content\/uploads\/2021\/09\/20210910_222644.png\",\"width\":1080,\"height\":1015},{\"@type\":\"BreadcrumbList\",\"@id\":\"https:\/\/legacymexicanart.com\/product\/platon-morelia\/#breadcrumb\",\"itemListElement\":[{\"@type\":\"ListItem\",\"position\":1,\"name\":\"Portada\",\"item\":\"https:\/\/legacymexicanart.com\/\"},{\"@type\":\"ListItem\",\"position\":2,\"name\":\"Shop\",\"item\":\"https:\/\/legacymexicanart.com\/es_es\/shop\/\"},{\"@type\":\"ListItem\",\"position\":3,\"name\":\"Plat\u00f3n Morelia\"}]},{\"@type\":\"WebSite\",\"@id\":\"https:\/\/legacymexicanart.com\/#website\",\"url\":\"https:\/\/legacymexicanart.com\/\",\"name\":\"\",\"description\":\"Legacy Mexican Art\",\"publisher\":{\"@id\":\"https:\/\/legacymexicanart.com\/#organization\"},\"potentialAction\":[{\"@type\":\"SearchAction\",\"target\":{\"@type\":\"EntryPoint\",\"urlTemplate\":\"https:\/\/legacymexicanart.com\/?s={search_term_string}\"},\"query-input\":\"required name=search_term_string\"}],\"inLanguage\":\"en-US\"},{\"@type\":\"Organization\",\"@id\":\"https:\/\/legacymexicanart.com\/#organization\",\"name\":\"Legacy Mexican Art\",\"url\":\"https:\/\/legacymexicanart.com\/\",\"logo\":{\"@type\":\"ImageObject\",\"inLanguage\":\"en-US\",\"@id\":\"https:\/\/legacymexicanart.com\/#\/schema\/logo\/image\/\",\"url\":\"\",\"contentUrl\":\"\",\"caption\":\"Legacy Mexican Art\"},\"image\":{\"@id\":\"https:\/\/legacymexicanart.com\/#\/schema\/logo\/image\/\"}}]}<\/script>\n<!-- \/ Yoast SEO plugin. -->","yoast_head_json":{"title":"Plat\u00f3n Morelia &#187;","description":"Morelia plate, decorative handcrafted with the dotted pottery technique and hand painted by artisans from Michoac\u00e1n.","robots":{"index":"index","follow":"follow","max-snippet":"max-snippet:-1","max-image-preview":"max-image-preview:large","max-video-preview":"max-video-preview:-1"},"canonical":"https:\/\/legacymexicanart.com\/en_en\/product\/platon-morelia\/","og_locale":"en_US","og_type":"article","og_title":"Plat\u00f3n Morelia &#187;","og_description":"Plat\u00f3n Morelia, decorativo artesanal con la t\u00e9cnica de alfarer\u00eda punteada y pintado a mano por artesanos de Michoac\u00e1n.","og_url":"https:\/\/legacymexicanart.com\/en_en\/product\/platon-morelia\/","article_modified_time":"2023-11-10T19:24:36+00:00","og_image":[{"width":1080,"height":1015,"url":"https:\/\/legacymexicanart.com\/wp-content\/uploads\/2021\/09\/20210910_222644.png","type":"image\/png"}],"twitter_card":"summary_large_image","twitter_misc":{"Est. reading time":"2 minutes"},"schema":{"@context":"https:\/\/schema.org","@graph":[{"@type":"WebPage","@id":"https:\/\/legacymexicanart.com\/product\/platon-morelia\/","url":"https:\/\/legacymexicanart.com\/product\/platon-morelia\/","name":"Plat\u00f3n Morelia &#187;","isPartOf":{"@id":"https:\/\/legacymexicanart.com\/#website"},"primaryImageOfPage":{"@id":"https:\/\/legacymexicanart.com\/product\/platon-morelia\/#primaryimage"},"image":{"@id":"https:\/\/legacymexicanart.com\/product\/platon-morelia\/#primaryimage"},"thumbnailUrl":"https:\/\/legacymexicanart.com\/wp-content\/uploads\/2021\/09\/20210910_222644.png","datePublished":"2021-09-11T05:06:02+00:00","dateModified":"2023-11-10T19:24:36+00:00","description":"Morelia plate, decorative handcrafted with the dotted pottery technique and hand painted by artisans from Michoac\u00e1n.","breadcrumb":{"@id":"https:\/\/legacymexicanart.com\/product\/platon-morelia\/#breadcrumb"},"inLanguage":"en-US","potentialAction":[{"@type":"ReadAction","target":["https:\/\/legacymexicanart.com\/product\/platon-morelia\/"]}]},{"@type":"ImageObject","inLanguage":"en-US","@id":"https:\/\/legacymexicanart.com\/product\/platon-morelia\/#primaryimage","url":"https:\/\/legacymexicanart.com\/wp-content\/uploads\/2021\/09\/20210910_222644.png","contentUrl":"https:\/\/legacymexicanart.com\/wp-content\/uploads\/2021\/09\/20210910_222644.png","width":1080,"height":1015},{"@type":"BreadcrumbList","@id":"https:\/\/legacymexicanart.com\/product\/platon-morelia\/#breadcrumb","itemListElement":[{"@type":"ListItem","position":1,"name":"Portada","item":"https:\/\/legacymexicanart.com\/"},{"@type":"ListItem","position":2,"name":"Shop","item":"https:\/\/legacymexicanart.com\/es_es\/shop\/"},{"@type":"ListItem","position":3,"name":"Plat\u00f3n Morelia"}]},{"@type":"WebSite","@id":"https:\/\/legacymexicanart.com\/#website","url":"https:\/\/legacymexicanart.com\/","name":"","description":"Legacy Mexican Art","publisher":{"@id":"https:\/\/legacymexicanart.com\/#organization"},"potentialAction":[{"@type":"SearchAction","target":{"@type":"EntryPoint","urlTemplate":"https:\/\/legacymexicanart.com\/?s={search_term_string}"},"query-input":"required name=search_term_string"}],"inLanguage":"en-US"},{"@type":"Organization","@id":"https:\/\/legacymexicanart.com\/#organization","name":"Legacy Mexican Art","url":"https:\/\/legacymexicanart.com\/","logo":{"@type":"ImageObject","inLanguage":"en-US","@id":"https:\/\/legacymexicanart.com\/#\/schema\/logo\/image\/","url":"","contentUrl":"","caption":"Legacy Mexican Art"},"image":{"@id":"https:\/\/legacymexicanart.com\/#\/schema\/logo\/image\/"}}]}},"_links":{"self":[{"href":"https:\/\/legacymexicanart.com\/en_en\/wp-json\/wp\/v2\/product\/1161"}],"collection":[{"href":"https:\/\/legacymexicanart.com\/en_en\/wp-json\/wp\/v2\/product"}],"about":[{"href":"https:\/\/legacymexicanart.com\/en_en\/wp-json\/wp\/v2\/types\/product"}],"replies":[{"embeddable":true,"href":"https:\/\/legacymexicanart.com\/en_en\/wp-json\/wp\/v2\/comments?post=1161"}],"wp:featuredmedia":[{"embeddable":true,"href":"https:\/\/legacymexicanart.com\/en_en\/wp-json\/wp\/v2\/media\/1162"}],"wp:attachment":[{"href":"https:\/\/legacymexicanart.com\/en_en\/wp-json\/wp\/v2\/media?parent=1161"}],"wp:term":[{"taxonomy":"product_cat","embeddable":true,"href":"https:\/\/legacymexicanart.com\/en_en\/wp-json\/wp\/v2\/product_cat?post=1161"},{"taxonomy":"product_tag","embeddable":true,"href":"https:\/\/legacymexicanart.com\/en_en\/wp-json\/wp\/v2\/product_tag?post=1161"}],"curies":[{"name":"wp","href":"https:\/\/api.w.org\/{rel}","templated":true}]}}