{"id":1166,"date":"2021-09-11T11:28:52","date_gmt":"2021-09-11T05:28:52","guid":{"rendered":"https:\/\/legacymexicanart.com\/?post_type=product&#038;p=1166"},"modified":"2023-11-11T01:22:52","modified_gmt":"2023-11-10T19:22:52","slug":"platon-capulin","status":"publish","type":"product","link":"https:\/\/legacymexicanart.com\/en_en\/product\/platon-capulin\/","title":{"rendered":"Capulin Plate"},"content":{"rendered":"<p>El Plat\u00f3n Capul\u00edn es una pieza de concurso artesanal decorativo de alfarer\u00eda punteada, decorado y pintado a mano, orilla en formas onduladas.<\/p>\n<p>Includes stand<\/p>\n<p>Dimensions: 52 x 52 x H 7 cm.<\/p>\n<p>Shipping included to all of Mexico.<\/p>\n<p>Craftsman: Rosas Family<\/p>\n<p>The Rosas family has been working with the dotted pottery technique in Michoac\u00e1n for 45 years.<\/p>\n<p>It all starts with the collection of the raw material, they grind the earth, it is sifted and a mixture is created between two earths that are red and white to give firmness to each piece.<\/p>\n<div dir=\"auto\">Then the piece is molded and the design to be created is perfected to finally let it dry in the sun until the clay dries completely and it will be ready for the final part, which is the decoration.<\/div>\n<div dir=\"auto\">With great patience, the artisans decorate each piece with small dots, shaping any figure that their imagination desires.<\/div>\n<div dir=\"auto\">To fix the designs of its figures, it is put in the oven and the final touch is that it is enameled with a lead-free enamel.<\/div>\n<div dir=\"auto\">The Capulin Plate, as we already mentioned, the paint used is lead-free, so it is a piece that you can use with confidence.<\/div>\n<div dir=\"auto\"><\/div>\n<div dir=\"auto\">At Legacy Mexican Art we appreciate the valuable legacy of our Mexican roots and culture by collaborating with artisans who love their work and pay special attention to detail, which is why we promote fair and local trade with the indigenous and artisan communities of our country.<\/div>\n<div dir=\"auto\"><a href=\"https:\/\/legacymexicanart.com\/wp-content\/uploads\/2021\/09\/20210910_221210.png\">https:\/\/legacymexicanart.com\/wp-content\/uploads\/2021\/09\/20210910_221210.png<\/a><\/div>\n<div dir=\"auto\"><a href=\"https:\/\/www.instagram.com\/legacymexicanart\/?hl=es-la\">https:\/\/www.instagram.com\/legacymexicanart\/?hl=es-la<\/a><\/div>","protected":false},"excerpt":{"rendered":"<p><a href=\"mailto:contact@legacymexicanart.com?Subject=Mas%20info%20sku%20CAPUJR010%20\" target=\"_blank\" rel=\"noopener\"><br \/>\n<img decoding=\"async\" src=\"https:\/\/legacymexicanart.com\/wp-content\/uploads\/2021\/10\/email-Design.svg\" \/> More product information<br \/>\n<\/a><\/p>\n<p><em><strong>Shipping included to all of Mexico.<\/strong><\/em><\/p>","protected":false},"featured_media":1167,"comment_status":"open","ping_status":"closed","template":"","meta":[],"product_cat":[18,186],"product_tag":[84,83,73,260,104,248,259,121,142,274],"yoast_head":"<!-- This site is optimized with the Yoast SEO plugin v22.6 - https:\/\/yoast.com\/wordpress\/plugins\/seo\/ -->\n<title>Plat\u00f3n Capul\u00edn &#187;<\/title>\n<meta name=\"description\" content=\"Plat\u00f3n Capul\u00edn, artesanal decorativo de alfarer\u00eda punteada, decorado y pintado a mano, orilla en formas onduladas.\" \/>\n<meta name=\"robots\" content=\"index, follow, max-snippet:-1, max-image-preview:large, max-video-preview:-1\" \/>\n<link rel=\"canonical\" href=\"https:\/\/legacymexicanart.com\/en_en\/product\/platon-capulin\/\" \/>\n<meta property=\"og:locale\" content=\"en_US\" \/>\n<meta property=\"og:type\" content=\"article\" \/>\n<meta property=\"og:title\" content=\"Plat\u00f3n Capul\u00edn &#187;\" \/>\n<meta property=\"og:description\" content=\"Plat\u00f3n Capul\u00edn, artesanal decorativo de alfarer\u00eda punteada, decorado y pintado a mano, orilla en formas onduladas.\" \/>\n<meta property=\"og:url\" content=\"https:\/\/legacymexicanart.com\/en_en\/product\/platon-capulin\/\" \/>\n<meta property=\"article:modified_time\" content=\"2023-11-10T19:22:52+00:00\" \/>\n<meta property=\"og:image\" content=\"https:\/\/legacymexicanart.com\/wp-content\/uploads\/2021\/09\/20210910_221210-1024x978.png\" \/>\n\t<meta property=\"og:image:width\" content=\"1024\" \/>\n\t<meta property=\"og:image:height\" content=\"978\" \/>\n\t<meta property=\"og:image:type\" content=\"image\/png\" \/>\n<meta name=\"twitter:card\" content=\"summary_large_image\" \/>\n<meta name=\"twitter:label1\" content=\"Est. reading time\" \/>\n\t<meta name=\"twitter:data1\" content=\"2 minutes\" \/>\n<script type=\"application\/ld+json\" class=\"yoast-schema-graph\">{\"@context\":\"https:\/\/schema.org\",\"@graph\":[{\"@type\":\"WebPage\",\"@id\":\"https:\/\/legacymexicanart.com\/product\/platon-capulin\/\",\"url\":\"https:\/\/legacymexicanart.com\/product\/platon-capulin\/\",\"name\":\"Plat\u00f3n Capul\u00edn &#187;\",\"isPartOf\":{\"@id\":\"https:\/\/legacymexicanart.com\/#website\"},\"primaryImageOfPage\":{\"@id\":\"https:\/\/legacymexicanart.com\/product\/platon-capulin\/#primaryimage\"},\"image\":{\"@id\":\"https:\/\/legacymexicanart.com\/product\/platon-capulin\/#primaryimage\"},\"thumbnailUrl\":\"https:\/\/legacymexicanart.com\/wp-content\/uploads\/2021\/09\/20210910_221210.png\",\"datePublished\":\"2021-09-11T05:28:52+00:00\",\"dateModified\":\"2023-11-10T19:22:52+00:00\",\"description\":\"Plat\u00f3n Capul\u00edn, artesanal decorativo de alfarer\u00eda punteada, decorado y pintado a mano, orilla en formas onduladas.\",\"breadcrumb\":{\"@id\":\"https:\/\/legacymexicanart.com\/product\/platon-capulin\/#breadcrumb\"},\"inLanguage\":\"en-US\",\"potentialAction\":[{\"@type\":\"ReadAction\",\"target\":[\"https:\/\/legacymexicanart.com\/product\/platon-capulin\/\"]}]},{\"@type\":\"ImageObject\",\"inLanguage\":\"en-US\",\"@id\":\"https:\/\/legacymexicanart.com\/product\/platon-capulin\/#primaryimage\",\"url\":\"https:\/\/legacymexicanart.com\/wp-content\/uploads\/2021\/09\/20210910_221210.png\",\"contentUrl\":\"https:\/\/legacymexicanart.com\/wp-content\/uploads\/2021\/09\/20210910_221210.png\",\"width\":1080,\"height\":1032},{\"@type\":\"BreadcrumbList\",\"@id\":\"https:\/\/legacymexicanart.com\/product\/platon-capulin\/#breadcrumb\",\"itemListElement\":[{\"@type\":\"ListItem\",\"position\":1,\"name\":\"Portada\",\"item\":\"https:\/\/legacymexicanart.com\/\"},{\"@type\":\"ListItem\",\"position\":2,\"name\":\"Shop\",\"item\":\"https:\/\/legacymexicanart.com\/es_es\/shop\/\"},{\"@type\":\"ListItem\",\"position\":3,\"name\":\"Plat\u00f3n Capul\u00edn\"}]},{\"@type\":\"WebSite\",\"@id\":\"https:\/\/legacymexicanart.com\/#website\",\"url\":\"https:\/\/legacymexicanart.com\/\",\"name\":\"\",\"description\":\"Legacy Mexican Art\",\"publisher\":{\"@id\":\"https:\/\/legacymexicanart.com\/#organization\"},\"potentialAction\":[{\"@type\":\"SearchAction\",\"target\":{\"@type\":\"EntryPoint\",\"urlTemplate\":\"https:\/\/legacymexicanart.com\/?s={search_term_string}\"},\"query-input\":\"required name=search_term_string\"}],\"inLanguage\":\"en-US\"},{\"@type\":\"Organization\",\"@id\":\"https:\/\/legacymexicanart.com\/#organization\",\"name\":\"Legacy Mexican Art\",\"url\":\"https:\/\/legacymexicanart.com\/\",\"logo\":{\"@type\":\"ImageObject\",\"inLanguage\":\"en-US\",\"@id\":\"https:\/\/legacymexicanart.com\/#\/schema\/logo\/image\/\",\"url\":\"\",\"contentUrl\":\"\",\"caption\":\"Legacy Mexican Art\"},\"image\":{\"@id\":\"https:\/\/legacymexicanart.com\/#\/schema\/logo\/image\/\"}}]}<\/script>\n<!-- \/ Yoast SEO plugin. -->","yoast_head_json":{"title":"Plat\u00f3n Capul\u00edn &#187;","description":"Plato Capul\u00edn, decorative handicraft of dotted pottery, decorated and painted by hand, edge in wavy shapes.","robots":{"index":"index","follow":"follow","max-snippet":"max-snippet:-1","max-image-preview":"max-image-preview:large","max-video-preview":"max-video-preview:-1"},"canonical":"https:\/\/legacymexicanart.com\/en_en\/product\/platon-capulin\/","og_locale":"en_US","og_type":"article","og_title":"Plat\u00f3n Capul\u00edn &#187;","og_description":"Plat\u00f3n Capul\u00edn, artesanal decorativo de alfarer\u00eda punteada, decorado y pintado a mano, orilla en formas onduladas.","og_url":"https:\/\/legacymexicanart.com\/en_en\/product\/platon-capulin\/","article_modified_time":"2023-11-10T19:22:52+00:00","og_image":[{"width":1024,"height":978,"url":"https:\/\/legacymexicanart.com\/wp-content\/uploads\/2021\/09\/20210910_221210-1024x978.png","type":"image\/png"}],"twitter_card":"summary_large_image","twitter_misc":{"Est. reading time":"2 minutes"},"schema":{"@context":"https:\/\/schema.org","@graph":[{"@type":"WebPage","@id":"https:\/\/legacymexicanart.com\/product\/platon-capulin\/","url":"https:\/\/legacymexicanart.com\/product\/platon-capulin\/","name":"Plat\u00f3n Capul\u00edn &#187;","isPartOf":{"@id":"https:\/\/legacymexicanart.com\/#website"},"primaryImageOfPage":{"@id":"https:\/\/legacymexicanart.com\/product\/platon-capulin\/#primaryimage"},"image":{"@id":"https:\/\/legacymexicanart.com\/product\/platon-capulin\/#primaryimage"},"thumbnailUrl":"https:\/\/legacymexicanart.com\/wp-content\/uploads\/2021\/09\/20210910_221210.png","datePublished":"2021-09-11T05:28:52+00:00","dateModified":"2023-11-10T19:22:52+00:00","description":"Plato Capul\u00edn, decorative handicraft of dotted pottery, decorated and painted by hand, edge in wavy shapes.","breadcrumb":{"@id":"https:\/\/legacymexicanart.com\/product\/platon-capulin\/#breadcrumb"},"inLanguage":"en-US","potentialAction":[{"@type":"ReadAction","target":["https:\/\/legacymexicanart.com\/product\/platon-capulin\/"]}]},{"@type":"ImageObject","inLanguage":"en-US","@id":"https:\/\/legacymexicanart.com\/product\/platon-capulin\/#primaryimage","url":"https:\/\/legacymexicanart.com\/wp-content\/uploads\/2021\/09\/20210910_221210.png","contentUrl":"https:\/\/legacymexicanart.com\/wp-content\/uploads\/2021\/09\/20210910_221210.png","width":1080,"height":1032},{"@type":"BreadcrumbList","@id":"https:\/\/legacymexicanart.com\/product\/platon-capulin\/#breadcrumb","itemListElement":[{"@type":"ListItem","position":1,"name":"Portada","item":"https:\/\/legacymexicanart.com\/"},{"@type":"ListItem","position":2,"name":"Shop","item":"https:\/\/legacymexicanart.com\/es_es\/shop\/"},{"@type":"ListItem","position":3,"name":"Plat\u00f3n Capul\u00edn"}]},{"@type":"WebSite","@id":"https:\/\/legacymexicanart.com\/#website","url":"https:\/\/legacymexicanart.com\/","name":"","description":"Legacy Mexican Art","publisher":{"@id":"https:\/\/legacymexicanart.com\/#organization"},"potentialAction":[{"@type":"SearchAction","target":{"@type":"EntryPoint","urlTemplate":"https:\/\/legacymexicanart.com\/?s={search_term_string}"},"query-input":"required name=search_term_string"}],"inLanguage":"en-US"},{"@type":"Organization","@id":"https:\/\/legacymexicanart.com\/#organization","name":"Legacy Mexican Art","url":"https:\/\/legacymexicanart.com\/","logo":{"@type":"ImageObject","inLanguage":"en-US","@id":"https:\/\/legacymexicanart.com\/#\/schema\/logo\/image\/","url":"","contentUrl":"","caption":"Legacy Mexican Art"},"image":{"@id":"https:\/\/legacymexicanart.com\/#\/schema\/logo\/image\/"}}]}},"_links":{"self":[{"href":"https:\/\/legacymexicanart.com\/en_en\/wp-json\/wp\/v2\/product\/1166"}],"collection":[{"href":"https:\/\/legacymexicanart.com\/en_en\/wp-json\/wp\/v2\/product"}],"about":[{"href":"https:\/\/legacymexicanart.com\/en_en\/wp-json\/wp\/v2\/types\/product"}],"replies":[{"embeddable":true,"href":"https:\/\/legacymexicanart.com\/en_en\/wp-json\/wp\/v2\/comments?post=1166"}],"wp:featuredmedia":[{"embeddable":true,"href":"https:\/\/legacymexicanart.com\/en_en\/wp-json\/wp\/v2\/media\/1167"}],"wp:attachment":[{"href":"https:\/\/legacymexicanart.com\/en_en\/wp-json\/wp\/v2\/media?parent=1166"}],"wp:term":[{"taxonomy":"product_cat","embeddable":true,"href":"https:\/\/legacymexicanart.com\/en_en\/wp-json\/wp\/v2\/product_cat?post=1166"},{"taxonomy":"product_tag","embeddable":true,"href":"https:\/\/legacymexicanart.com\/en_en\/wp-json\/wp\/v2\/product_tag?post=1166"}],"curies":[{"name":"wp","href":"https:\/\/api.w.org\/{rel}","templated":true}]}}