{"id":1193,"date":"2021-09-15T03:02:48","date_gmt":"2021-09-14T21:02:48","guid":{"rendered":"https:\/\/legacymexicanart.com\/?post_type=product&#038;p=1193"},"modified":"2025-03-20T07:56:55","modified_gmt":"2025-03-20T01:56:55","slug":"botella-licorera-de-ceramica-capulineada","status":"publish","type":"product","link":"https:\/\/legacymexicanart.com\/en_en\/product\/botella-licorera-de-ceramica-capulineada\/","title":{"rendered":"Licorera Granada"},"content":{"rendered":"<p>Licorera Granada, elaborada en cer\u00e1mica de alta temperatura, pintada a mano con la t\u00e9cnica del Capulineado.<\/p>\n<p>Los materiales utilizados son libres de plomo, por lo que es seguro utilizar esta pieza en el uso del hogar y cocina.<\/p>\n<p>Di\u00e1m: 7.3 x H. 23 cm<\/p>\n<p><em>Shipping included to all of Mexico.<\/em><\/p>\n<p>Artesano: Iv\u00e1n Gonz\u00e1lez<\/p>\n<p>Michoacan Legacy<\/p>\n<p>Innovando los procesos artesanales, el artesano Iv\u00e1n Gonz\u00e1lez utiliza cer\u00e1mica de alta temperatura en lugar de barro, que es lo que com\u00fanmente se utiliza en la regi\u00f3n.<\/p>","protected":false},"excerpt":{"rendered":"<p><a href=\"mailto:contact@legacymexicanart.com?Subject=Mas%20info%20sku%20CAPUIG005%20\" target=\"_blank\" rel=\"noopener\"><br \/>\n<img decoding=\"async\" src=\"https:\/\/legacymexicanart.com\/wp-content\/uploads\/2021\/10\/email-Design.svg\" \/> More product information<br \/>\n<\/a><\/p>\n<p><strong><em>Shipping included to all of Mexico.<\/em><\/strong><\/p>","protected":false},"featured_media":1198,"comment_status":"open","ping_status":"closed","template":"","meta":[],"product_cat":[18,187,17,198,197],"product_tag":[83,73,305,277,236,259,121,75,112],"yoast_head":"<!-- This site is optimized with the Yoast SEO plugin v22.6 - https:\/\/yoast.com\/wordpress\/plugins\/seo\/ -->\n<title>Licorera Granada &#187;<\/title>\n<meta name=\"description\" content=\"Licorera Granada de cer\u00e1mica capulineada con detalles pintados a mano en fondo color blanco con detalles en rojo y negro.\" \/>\n<meta name=\"robots\" content=\"index, follow, max-snippet:-1, max-image-preview:large, max-video-preview:-1\" \/>\n<link rel=\"canonical\" href=\"https:\/\/legacymexicanart.com\/en_en\/product\/botella-licorera-de-ceramica-capulineada\/\" \/>\n<meta property=\"og:locale\" content=\"en_US\" \/>\n<meta property=\"og:type\" content=\"article\" \/>\n<meta property=\"og:title\" content=\"Licorera Granada &#187;\" \/>\n<meta property=\"og:description\" content=\"Licorera Granada de cer\u00e1mica capulineada con detalles pintados a mano en fondo color blanco con detalles en rojo y negro.\" \/>\n<meta property=\"og:url\" content=\"https:\/\/legacymexicanart.com\/en_en\/product\/botella-licorera-de-ceramica-capulineada\/\" \/>\n<meta property=\"article:modified_time\" content=\"2025-03-20T01:56:55+00:00\" \/>\n<meta property=\"og:image\" content=\"https:\/\/legacymexicanart.com\/wp-content\/uploads\/2021\/09\/PhotoRoom-20210914_160733.png\" \/>\n\t<meta property=\"og:image:width\" content=\"858\" \/>\n\t<meta property=\"og:image:height\" content=\"836\" \/>\n\t<meta property=\"og:image:type\" content=\"image\/png\" \/>\n<meta name=\"twitter:card\" content=\"summary_large_image\" \/>\n<meta name=\"twitter:label1\" content=\"Est. reading time\" \/>\n\t<meta name=\"twitter:data1\" content=\"1 minute\" \/>\n<script type=\"application\/ld+json\" class=\"yoast-schema-graph\">{\"@context\":\"https:\/\/schema.org\",\"@graph\":[{\"@type\":\"WebPage\",\"@id\":\"https:\/\/legacymexicanart.com\/product\/botella-licorera-de-ceramica-capulineada\/\",\"url\":\"https:\/\/legacymexicanart.com\/product\/botella-licorera-de-ceramica-capulineada\/\",\"name\":\"Licorera Granada &#187;\",\"isPartOf\":{\"@id\":\"https:\/\/legacymexicanart.com\/#website\"},\"primaryImageOfPage\":{\"@id\":\"https:\/\/legacymexicanart.com\/product\/botella-licorera-de-ceramica-capulineada\/#primaryimage\"},\"image\":{\"@id\":\"https:\/\/legacymexicanart.com\/product\/botella-licorera-de-ceramica-capulineada\/#primaryimage\"},\"thumbnailUrl\":\"https:\/\/legacymexicanart.com\/wp-content\/uploads\/2021\/09\/PhotoRoom-20210914_160733.png\",\"datePublished\":\"2021-09-14T21:02:48+00:00\",\"dateModified\":\"2025-03-20T01:56:55+00:00\",\"description\":\"Licorera Granada de cer\u00e1mica capulineada con detalles pintados a mano en fondo color blanco con detalles en rojo y negro.\",\"breadcrumb\":{\"@id\":\"https:\/\/legacymexicanart.com\/product\/botella-licorera-de-ceramica-capulineada\/#breadcrumb\"},\"inLanguage\":\"en-US\",\"potentialAction\":[{\"@type\":\"ReadAction\",\"target\":[\"https:\/\/legacymexicanart.com\/product\/botella-licorera-de-ceramica-capulineada\/\"]}]},{\"@type\":\"ImageObject\",\"inLanguage\":\"en-US\",\"@id\":\"https:\/\/legacymexicanart.com\/product\/botella-licorera-de-ceramica-capulineada\/#primaryimage\",\"url\":\"https:\/\/legacymexicanart.com\/wp-content\/uploads\/2021\/09\/PhotoRoom-20210914_160733.png\",\"contentUrl\":\"https:\/\/legacymexicanart.com\/wp-content\/uploads\/2021\/09\/PhotoRoom-20210914_160733.png\",\"width\":858,\"height\":836},{\"@type\":\"BreadcrumbList\",\"@id\":\"https:\/\/legacymexicanart.com\/product\/botella-licorera-de-ceramica-capulineada\/#breadcrumb\",\"itemListElement\":[{\"@type\":\"ListItem\",\"position\":1,\"name\":\"Portada\",\"item\":\"https:\/\/legacymexicanart.com\/\"},{\"@type\":\"ListItem\",\"position\":2,\"name\":\"Shop\",\"item\":\"https:\/\/legacymexicanart.com\/es_es\/shop\/\"},{\"@type\":\"ListItem\",\"position\":3,\"name\":\"Licorera Granada\"}]},{\"@type\":\"WebSite\",\"@id\":\"https:\/\/legacymexicanart.com\/#website\",\"url\":\"https:\/\/legacymexicanart.com\/\",\"name\":\"\",\"description\":\"Legacy Mexican Art\",\"publisher\":{\"@id\":\"https:\/\/legacymexicanart.com\/#organization\"},\"potentialAction\":[{\"@type\":\"SearchAction\",\"target\":{\"@type\":\"EntryPoint\",\"urlTemplate\":\"https:\/\/legacymexicanart.com\/?s={search_term_string}\"},\"query-input\":\"required name=search_term_string\"}],\"inLanguage\":\"en-US\"},{\"@type\":\"Organization\",\"@id\":\"https:\/\/legacymexicanart.com\/#organization\",\"name\":\"Legacy Mexican Art\",\"url\":\"https:\/\/legacymexicanart.com\/\",\"logo\":{\"@type\":\"ImageObject\",\"inLanguage\":\"en-US\",\"@id\":\"https:\/\/legacymexicanart.com\/#\/schema\/logo\/image\/\",\"url\":\"\",\"contentUrl\":\"\",\"caption\":\"Legacy Mexican Art\"},\"image\":{\"@id\":\"https:\/\/legacymexicanart.com\/#\/schema\/logo\/image\/\"}}]}<\/script>\n<!-- \/ Yoast SEO plugin. -->","yoast_head_json":{"title":"Licorera Granada &#187;","description":"Licorera Granada de cer\u00e1mica capulineada con detalles pintados a mano en fondo color blanco con detalles en rojo y negro.","robots":{"index":"index","follow":"follow","max-snippet":"max-snippet:-1","max-image-preview":"max-image-preview:large","max-video-preview":"max-video-preview:-1"},"canonical":"https:\/\/legacymexicanart.com\/en_en\/product\/botella-licorera-de-ceramica-capulineada\/","og_locale":"en_US","og_type":"article","og_title":"Licorera Granada &#187;","og_description":"Licorera Granada de cer\u00e1mica capulineada con detalles pintados a mano en fondo color blanco con detalles en rojo y negro.","og_url":"https:\/\/legacymexicanart.com\/en_en\/product\/botella-licorera-de-ceramica-capulineada\/","article_modified_time":"2025-03-20T01:56:55+00:00","og_image":[{"width":858,"height":836,"url":"https:\/\/legacymexicanart.com\/wp-content\/uploads\/2021\/09\/PhotoRoom-20210914_160733.png","type":"image\/png"}],"twitter_card":"summary_large_image","twitter_misc":{"Est. reading time":"1 minute"},"schema":{"@context":"https:\/\/schema.org","@graph":[{"@type":"WebPage","@id":"https:\/\/legacymexicanart.com\/product\/botella-licorera-de-ceramica-capulineada\/","url":"https:\/\/legacymexicanart.com\/product\/botella-licorera-de-ceramica-capulineada\/","name":"Licorera Granada &#187;","isPartOf":{"@id":"https:\/\/legacymexicanart.com\/#website"},"primaryImageOfPage":{"@id":"https:\/\/legacymexicanart.com\/product\/botella-licorera-de-ceramica-capulineada\/#primaryimage"},"image":{"@id":"https:\/\/legacymexicanart.com\/product\/botella-licorera-de-ceramica-capulineada\/#primaryimage"},"thumbnailUrl":"https:\/\/legacymexicanart.com\/wp-content\/uploads\/2021\/09\/PhotoRoom-20210914_160733.png","datePublished":"2021-09-14T21:02:48+00:00","dateModified":"2025-03-20T01:56:55+00:00","description":"Licorera Granada de cer\u00e1mica capulineada con detalles pintados a mano en fondo color blanco con detalles en rojo y negro.","breadcrumb":{"@id":"https:\/\/legacymexicanart.com\/product\/botella-licorera-de-ceramica-capulineada\/#breadcrumb"},"inLanguage":"en-US","potentialAction":[{"@type":"ReadAction","target":["https:\/\/legacymexicanart.com\/product\/botella-licorera-de-ceramica-capulineada\/"]}]},{"@type":"ImageObject","inLanguage":"en-US","@id":"https:\/\/legacymexicanart.com\/product\/botella-licorera-de-ceramica-capulineada\/#primaryimage","url":"https:\/\/legacymexicanart.com\/wp-content\/uploads\/2021\/09\/PhotoRoom-20210914_160733.png","contentUrl":"https:\/\/legacymexicanart.com\/wp-content\/uploads\/2021\/09\/PhotoRoom-20210914_160733.png","width":858,"height":836},{"@type":"BreadcrumbList","@id":"https:\/\/legacymexicanart.com\/product\/botella-licorera-de-ceramica-capulineada\/#breadcrumb","itemListElement":[{"@type":"ListItem","position":1,"name":"Portada","item":"https:\/\/legacymexicanart.com\/"},{"@type":"ListItem","position":2,"name":"Shop","item":"https:\/\/legacymexicanart.com\/es_es\/shop\/"},{"@type":"ListItem","position":3,"name":"Licorera Granada"}]},{"@type":"WebSite","@id":"https:\/\/legacymexicanart.com\/#website","url":"https:\/\/legacymexicanart.com\/","name":"","description":"Legacy Mexican Art","publisher":{"@id":"https:\/\/legacymexicanart.com\/#organization"},"potentialAction":[{"@type":"SearchAction","target":{"@type":"EntryPoint","urlTemplate":"https:\/\/legacymexicanart.com\/?s={search_term_string}"},"query-input":"required name=search_term_string"}],"inLanguage":"en-US"},{"@type":"Organization","@id":"https:\/\/legacymexicanart.com\/#organization","name":"Legacy Mexican Art","url":"https:\/\/legacymexicanart.com\/","logo":{"@type":"ImageObject","inLanguage":"en-US","@id":"https:\/\/legacymexicanart.com\/#\/schema\/logo\/image\/","url":"","contentUrl":"","caption":"Legacy Mexican Art"},"image":{"@id":"https:\/\/legacymexicanart.com\/#\/schema\/logo\/image\/"}}]}},"_links":{"self":[{"href":"https:\/\/legacymexicanart.com\/en_en\/wp-json\/wp\/v2\/product\/1193"}],"collection":[{"href":"https:\/\/legacymexicanart.com\/en_en\/wp-json\/wp\/v2\/product"}],"about":[{"href":"https:\/\/legacymexicanart.com\/en_en\/wp-json\/wp\/v2\/types\/product"}],"replies":[{"embeddable":true,"href":"https:\/\/legacymexicanart.com\/en_en\/wp-json\/wp\/v2\/comments?post=1193"}],"wp:featuredmedia":[{"embeddable":true,"href":"https:\/\/legacymexicanart.com\/en_en\/wp-json\/wp\/v2\/media\/1198"}],"wp:attachment":[{"href":"https:\/\/legacymexicanart.com\/en_en\/wp-json\/wp\/v2\/media?parent=1193"}],"wp:term":[{"taxonomy":"product_cat","embeddable":true,"href":"https:\/\/legacymexicanart.com\/en_en\/wp-json\/wp\/v2\/product_cat?post=1193"},{"taxonomy":"product_tag","embeddable":true,"href":"https:\/\/legacymexicanart.com\/en_en\/wp-json\/wp\/v2\/product_tag?post=1193"}],"curies":[{"name":"wp","href":"https:\/\/api.w.org\/{rel}","templated":true}]}}