{"id":1439,"date":"2021-12-02T07:47:38","date_gmt":"2021-12-02T01:47:38","guid":{"rendered":"https:\/\/legacymexicanart.com\/?post_type=product&#038;p=1439"},"modified":"2025-03-20T07:51:03","modified_gmt":"2025-03-20T01:51:03","slug":"funda-mixteca","status":"publish","type":"product","link":"https:\/\/legacymexicanart.com\/en_en\/product\/funda-mixteca\/","title":{"rendered":"Cushion Cover Mixteca"},"content":{"rendered":"<p>Mixtec cusion cover, for rectangular shape cushion, made on a 100% cotton backstrap loom woven, embroidered by Oaxacan artisans with themes from the central valleys of Oaxaca. Black with white.<\/p>\n<p>Dimension: <strong>50 x 27.5 cm.<\/strong><\/p>\n<p>Shipping included to all of Mexico.<\/p>\n<p>Made by a community of artisans in Teotitl\u00e1n del Valle.<\/p>\n<p>At Legacy Mexican Art we appreciate the valuable legacy of our Mexican roots and culture by collaborating with artisans who love their work and pay special attention to detail, which is why we promote fair and local trade with the indigenous and artisan communities of our country.<\/p>\n<p><em>Oaxaca Legacy<\/em><\/p>\n<div dir=\"auto\">The artisans of Teotitl\u00e1n del Valle have dedicated themselves to making pieces of wool and cotton through the old pedal looms. With these rudimentary techniques and a bit of creativity, they have managed to create new models that adapt perfectly to spaces with a modern style.<\/div>\n<div dir=\"auto\">In addition to the manual weaving, the dyeing of the pieces is completely natural.<\/div>\n<div dir=\"auto\">The Mixteca cushion cover can be perfect as the final decorative touch in a living room, in the bedroom or in any armchair or space that you want to decorate.<\/div>\n<div dir=\"auto\">The cushion cover comes with a convenient zip<\/div>\n<p>&nbsp;<\/p>\n<p><em>Cleaning and care:<\/em><\/p>\n<p>The Mixtec cushion cover can be machine washed as a delicate garment or by hand without wringing and drying in the open air.<\/p>\n<p><a href=\"https:\/\/www.instagram.com\/p\/CW_4H7igVhB\/\">https:\/\/www.instagram.com\/p\/CW_4H7igVhB\/<\/a><\/p>\n<p><a href=\"https:\/\/legacymexicanart.com\/wp-content\/uploads\/2021\/12\/Funda-Mixteca_LegacyMexican-Art.png\">https:\/\/legacymexicanart.com\/wp-content\/uploads\/2021\/12\/Funda-Mixteca_LegacyMexican-Art.png<\/a><\/p>","protected":false},"excerpt":{"rendered":"<p><a href=\"mailto:contact@legacymexicanart.com?Subject=Mas%20info%20sku%20TEOGUE001%20\" target=\"_blank\" rel=\"noopener\"><br \/>\n<img decoding=\"async\" src=\"https:\/\/legacymexicanart.com\/wp-content\/uploads\/2021\/10\/email-Design.svg\" \/> More product information<br \/>\n<\/a><\/p>\n<p><em><strong>Shipping included to all of Mexico.<\/strong><\/em><\/p>","protected":false},"featured_media":1660,"comment_status":"open","ping_status":"closed","template":"","meta":[],"product_cat":[18,188,17,193,196],"product_tag":[178,125,83,270,87,266,245,268,248,236,177,264,124],"yoast_head":"<!-- This site is optimized with the Yoast SEO plugin v22.6 - https:\/\/yoast.com\/wordpress\/plugins\/seo\/ -->\n<title>Funda Mixteca &#187;<\/title>\n<meta name=\"description\" content=\"Funda mixteca, para coj\u00edn tipo ri\u00f1onera, hecho en telar de cintura 100% algod\u00f3n, bordado por artesanas Oaxaque\u00f1as\" \/>\n<meta name=\"robots\" content=\"index, follow, max-snippet:-1, max-image-preview:large, max-video-preview:-1\" \/>\n<link rel=\"canonical\" href=\"https:\/\/legacymexicanart.com\/en_en\/product\/funda-mixteca\/\" \/>\n<meta property=\"og:locale\" content=\"en_US\" \/>\n<meta property=\"og:type\" content=\"article\" \/>\n<meta property=\"og:title\" content=\"Funda Mixteca &#187;\" \/>\n<meta property=\"og:description\" content=\"Funda mixteca, para coj\u00edn tipo ri\u00f1onera, hecho en telar de cintura 100% algod\u00f3n, bordado por artesanas Oaxaque\u00f1as\" \/>\n<meta property=\"og:url\" content=\"https:\/\/legacymexicanart.com\/en_en\/product\/funda-mixteca\/\" \/>\n<meta property=\"article:modified_time\" content=\"2025-03-20T01:51:03+00:00\" \/>\n<meta property=\"og:image\" content=\"https:\/\/legacymexicanart.com\/wp-content\/uploads\/2021\/12\/Funda-Mixteca_LegacyMexican-Art-e1643243389927.png\" \/>\n\t<meta property=\"og:image:width\" content=\"100\" \/>\n\t<meta property=\"og:image:height\" content=\"56\" \/>\n\t<meta property=\"og:image:type\" content=\"image\/png\" \/>\n<meta name=\"twitter:card\" content=\"summary_large_image\" \/>\n<meta name=\"twitter:label1\" content=\"Est. reading time\" \/>\n\t<meta name=\"twitter:data1\" content=\"2 minutes\" \/>\n<script type=\"application\/ld+json\" class=\"yoast-schema-graph\">{\"@context\":\"https:\/\/schema.org\",\"@graph\":[{\"@type\":\"WebPage\",\"@id\":\"https:\/\/legacymexicanart.com\/product\/funda-mixteca\/\",\"url\":\"https:\/\/legacymexicanart.com\/product\/funda-mixteca\/\",\"name\":\"Funda Mixteca &#187;\",\"isPartOf\":{\"@id\":\"https:\/\/legacymexicanart.com\/#website\"},\"primaryImageOfPage\":{\"@id\":\"https:\/\/legacymexicanart.com\/product\/funda-mixteca\/#primaryimage\"},\"image\":{\"@id\":\"https:\/\/legacymexicanart.com\/product\/funda-mixteca\/#primaryimage\"},\"thumbnailUrl\":\"https:\/\/legacymexicanart.com\/wp-content\/uploads\/2021\/12\/Funda-Mixteca_LegacyMexican-Art-e1643243389927.png\",\"datePublished\":\"2021-12-02T01:47:38+00:00\",\"dateModified\":\"2025-03-20T01:51:03+00:00\",\"description\":\"Funda mixteca, para coj\u00edn tipo ri\u00f1onera, hecho en telar de cintura 100% algod\u00f3n, bordado por artesanas Oaxaque\u00f1as\",\"breadcrumb\":{\"@id\":\"https:\/\/legacymexicanart.com\/product\/funda-mixteca\/#breadcrumb\"},\"inLanguage\":\"en-US\",\"potentialAction\":[{\"@type\":\"ReadAction\",\"target\":[\"https:\/\/legacymexicanart.com\/product\/funda-mixteca\/\"]}]},{\"@type\":\"ImageObject\",\"inLanguage\":\"en-US\",\"@id\":\"https:\/\/legacymexicanart.com\/product\/funda-mixteca\/#primaryimage\",\"url\":\"https:\/\/legacymexicanart.com\/wp-content\/uploads\/2021\/12\/Funda-Mixteca_LegacyMexican-Art-e1643243389927.png\",\"contentUrl\":\"https:\/\/legacymexicanart.com\/wp-content\/uploads\/2021\/12\/Funda-Mixteca_LegacyMexican-Art-e1643243389927.png\",\"width\":100,\"height\":56},{\"@type\":\"BreadcrumbList\",\"@id\":\"https:\/\/legacymexicanart.com\/product\/funda-mixteca\/#breadcrumb\",\"itemListElement\":[{\"@type\":\"ListItem\",\"position\":1,\"name\":\"Portada\",\"item\":\"https:\/\/legacymexicanart.com\/\"},{\"@type\":\"ListItem\",\"position\":2,\"name\":\"Shop\",\"item\":\"https:\/\/legacymexicanart.com\/es_es\/shop\/\"},{\"@type\":\"ListItem\",\"position\":3,\"name\":\"Funda Mixteca\"}]},{\"@type\":\"WebSite\",\"@id\":\"https:\/\/legacymexicanart.com\/#website\",\"url\":\"https:\/\/legacymexicanart.com\/\",\"name\":\"\",\"description\":\"Legacy Mexican Art\",\"publisher\":{\"@id\":\"https:\/\/legacymexicanart.com\/#organization\"},\"potentialAction\":[{\"@type\":\"SearchAction\",\"target\":{\"@type\":\"EntryPoint\",\"urlTemplate\":\"https:\/\/legacymexicanart.com\/?s={search_term_string}\"},\"query-input\":\"required name=search_term_string\"}],\"inLanguage\":\"en-US\"},{\"@type\":\"Organization\",\"@id\":\"https:\/\/legacymexicanart.com\/#organization\",\"name\":\"Legacy Mexican Art\",\"url\":\"https:\/\/legacymexicanart.com\/\",\"logo\":{\"@type\":\"ImageObject\",\"inLanguage\":\"en-US\",\"@id\":\"https:\/\/legacymexicanart.com\/#\/schema\/logo\/image\/\",\"url\":\"\",\"contentUrl\":\"\",\"caption\":\"Legacy Mexican Art\"},\"image\":{\"@id\":\"https:\/\/legacymexicanart.com\/#\/schema\/logo\/image\/\"}}]}<\/script>\n<!-- \/ Yoast SEO plugin. -->","yoast_head_json":{"title":"Funda Mixteca &#187;","description":"Funda mixteca, para coj\u00edn tipo ri\u00f1onera, hecho en telar de cintura 100% algod\u00f3n, bordado por artesanas Oaxaque\u00f1as","robots":{"index":"index","follow":"follow","max-snippet":"max-snippet:-1","max-image-preview":"max-image-preview:large","max-video-preview":"max-video-preview:-1"},"canonical":"https:\/\/legacymexicanart.com\/en_en\/product\/funda-mixteca\/","og_locale":"en_US","og_type":"article","og_title":"Funda Mixteca &#187;","og_description":"Funda mixteca, para coj\u00edn tipo ri\u00f1onera, hecho en telar de cintura 100% algod\u00f3n, bordado por artesanas Oaxaque\u00f1as","og_url":"https:\/\/legacymexicanart.com\/en_en\/product\/funda-mixteca\/","article_modified_time":"2025-03-20T01:51:03+00:00","og_image":[{"width":100,"height":56,"url":"https:\/\/legacymexicanart.com\/wp-content\/uploads\/2021\/12\/Funda-Mixteca_LegacyMexican-Art-e1643243389927.png","type":"image\/png"}],"twitter_card":"summary_large_image","twitter_misc":{"Est. reading time":"2 minutes"},"schema":{"@context":"https:\/\/schema.org","@graph":[{"@type":"WebPage","@id":"https:\/\/legacymexicanart.com\/product\/funda-mixteca\/","url":"https:\/\/legacymexicanart.com\/product\/funda-mixteca\/","name":"Funda Mixteca &#187;","isPartOf":{"@id":"https:\/\/legacymexicanart.com\/#website"},"primaryImageOfPage":{"@id":"https:\/\/legacymexicanart.com\/product\/funda-mixteca\/#primaryimage"},"image":{"@id":"https:\/\/legacymexicanart.com\/product\/funda-mixteca\/#primaryimage"},"thumbnailUrl":"https:\/\/legacymexicanart.com\/wp-content\/uploads\/2021\/12\/Funda-Mixteca_LegacyMexican-Art-e1643243389927.png","datePublished":"2021-12-02T01:47:38+00:00","dateModified":"2025-03-20T01:51:03+00:00","description":"Funda mixteca, para coj\u00edn tipo ri\u00f1onera, hecho en telar de cintura 100% algod\u00f3n, bordado por artesanas Oaxaque\u00f1as","breadcrumb":{"@id":"https:\/\/legacymexicanart.com\/product\/funda-mixteca\/#breadcrumb"},"inLanguage":"en-US","potentialAction":[{"@type":"ReadAction","target":["https:\/\/legacymexicanart.com\/product\/funda-mixteca\/"]}]},{"@type":"ImageObject","inLanguage":"en-US","@id":"https:\/\/legacymexicanart.com\/product\/funda-mixteca\/#primaryimage","url":"https:\/\/legacymexicanart.com\/wp-content\/uploads\/2021\/12\/Funda-Mixteca_LegacyMexican-Art-e1643243389927.png","contentUrl":"https:\/\/legacymexicanart.com\/wp-content\/uploads\/2021\/12\/Funda-Mixteca_LegacyMexican-Art-e1643243389927.png","width":100,"height":56},{"@type":"BreadcrumbList","@id":"https:\/\/legacymexicanart.com\/product\/funda-mixteca\/#breadcrumb","itemListElement":[{"@type":"ListItem","position":1,"name":"Portada","item":"https:\/\/legacymexicanart.com\/"},{"@type":"ListItem","position":2,"name":"Shop","item":"https:\/\/legacymexicanart.com\/es_es\/shop\/"},{"@type":"ListItem","position":3,"name":"Funda Mixteca"}]},{"@type":"WebSite","@id":"https:\/\/legacymexicanart.com\/#website","url":"https:\/\/legacymexicanart.com\/","name":"","description":"Legacy Mexican Art","publisher":{"@id":"https:\/\/legacymexicanart.com\/#organization"},"potentialAction":[{"@type":"SearchAction","target":{"@type":"EntryPoint","urlTemplate":"https:\/\/legacymexicanart.com\/?s={search_term_string}"},"query-input":"required name=search_term_string"}],"inLanguage":"en-US"},{"@type":"Organization","@id":"https:\/\/legacymexicanart.com\/#organization","name":"Legacy Mexican Art","url":"https:\/\/legacymexicanart.com\/","logo":{"@type":"ImageObject","inLanguage":"en-US","@id":"https:\/\/legacymexicanart.com\/#\/schema\/logo\/image\/","url":"","contentUrl":"","caption":"Legacy Mexican Art"},"image":{"@id":"https:\/\/legacymexicanart.com\/#\/schema\/logo\/image\/"}}]}},"_links":{"self":[{"href":"https:\/\/legacymexicanart.com\/en_en\/wp-json\/wp\/v2\/product\/1439"}],"collection":[{"href":"https:\/\/legacymexicanart.com\/en_en\/wp-json\/wp\/v2\/product"}],"about":[{"href":"https:\/\/legacymexicanart.com\/en_en\/wp-json\/wp\/v2\/types\/product"}],"replies":[{"embeddable":true,"href":"https:\/\/legacymexicanart.com\/en_en\/wp-json\/wp\/v2\/comments?post=1439"}],"wp:featuredmedia":[{"embeddable":true,"href":"https:\/\/legacymexicanart.com\/en_en\/wp-json\/wp\/v2\/media\/1660"}],"wp:attachment":[{"href":"https:\/\/legacymexicanart.com\/en_en\/wp-json\/wp\/v2\/media?parent=1439"}],"wp:term":[{"taxonomy":"product_cat","embeddable":true,"href":"https:\/\/legacymexicanart.com\/en_en\/wp-json\/wp\/v2\/product_cat?post=1439"},{"taxonomy":"product_tag","embeddable":true,"href":"https:\/\/legacymexicanart.com\/en_en\/wp-json\/wp\/v2\/product_tag?post=1439"}],"curies":[{"name":"wp","href":"https:\/\/api.w.org\/{rel}","templated":true}]}}