{"id":1524,"date":"2021-12-08T07:26:04","date_gmt":"2021-12-08T01:26:04","guid":{"rendered":"https:\/\/legacymexicanart.com\/?post_type=product&#038;p=1524"},"modified":"2026-04-01T09:35:10","modified_gmt":"2026-04-01T03:35:10","slug":"dragon","status":"publish","type":"product","link":"https:\/\/legacymexicanart.com\/en_en\/product\/dragon\/","title":{"rendered":"Dragon"},"content":{"rendered":"<p>The Dragon is an attractive and powerful piece of much symbolism.<\/p>\n<p>This beautiful piece is carved in Copal wood that occurs in the Oaxaca region, and is completely made by hand.<\/p>\n<p>At Legacy Mexican Art, we collaborate with artisans who have an ecological conscience, so every time they cut down a tree, they plant more trees to maintain a balance with the environment.<\/p>\n<p>Dimensions: 32 x 32 x H 36 cm.<\/p>\n<p><em>Shipping included to all of Mexico.<\/em><\/p>\n<p>The dragon was made in San Mart\u00edn Tilcajete Oaxaca and is signed by the artist.<\/p>\n<p><em>Oaxaca Legacy<\/em><\/p>\n<p>In Oaxaca, there has always been a tradition of carving surreal animal figures in wood, in fact they are known as tonas or nahuales.<\/p>\n<p>The Tonas in the Zapotec culture are spirits that serve as spiritual guides in the life of each person according to their date of birth.<\/p>\n<p>&nbsp;<\/p>\n<p><a href=\"https:\/\/www.instagram.com\/p\/CbMNkw-gi5A\/\">https:\/\/www.instagram.com\/p\/CbMNkw-gi5A\/<\/a><\/p>\n<p><a href=\"https:\/\/pin.it\/5PWtHvj\">https:\/\/pin.it\/5PWtHvj<\/a><\/p>\n<p><a href=\"https:\/\/legacymexicanart.com\/en_en\/product\/dragon\/\">https:\/\/legacymexicanart.com\/es_es\/product\/dragon\/<\/a><\/p>\n<p>&nbsp;<\/p>\n<p>&nbsp;<\/p>\n<p>&nbsp;<\/p>","protected":false},"excerpt":{"rendered":"<p><a href=\"mailto:contact@legacymexicanart.com?Subject=Mas%20info%20sku%20SNMTLCJT001%20\" target=\"_blank\" rel=\"noopener\"><br \/>\n<img decoding=\"async\" src=\"https:\/\/legacymexicanart.com\/wp-content\/uploads\/2021\/10\/email-Design.svg\" \/> More product information<br \/>\n<\/a><\/p>\n<p><strong><em>Shipping included to all of Mexico.<\/em><\/strong><\/p>","protected":false},"featured_media":1959,"comment_status":"open","ping_status":"closed","template":"","meta":[],"product_cat":[417,18],"product_tag":[218,225,221,227,446,177,220,408,112,228,407],"yoast_head":"<!-- This site is optimized with the Yoast SEO plugin v22.6 - https:\/\/yoast.com\/wordpress\/plugins\/seo\/ -->\n<title>Drag\u00f3n &#187;<\/title>\n<meta name=\"description\" content=\"El Drag\u00f3n es una pieza atractiva y poderosa de mucho simbolismo. Esta hermosa pieza est\u00e1 tallada a mano en madera de copal\" \/>\n<meta name=\"robots\" content=\"index, follow, max-snippet:-1, max-image-preview:large, max-video-preview:-1\" \/>\n<link rel=\"canonical\" href=\"https:\/\/legacymexicanart.com\/en_en\/product\/dragon\/\" \/>\n<meta property=\"og:locale\" content=\"en_US\" \/>\n<meta property=\"og:type\" content=\"article\" \/>\n<meta property=\"og:title\" content=\"Drag\u00f3n &#187;\" \/>\n<meta property=\"og:description\" content=\"El Drag\u00f3n es una pieza atractiva y poderosa de mucho simbolismo. Esta hermosa pieza est\u00e1 tallada a mano en madera de copal\" \/>\n<meta property=\"og:url\" content=\"https:\/\/legacymexicanart.com\/en_en\/product\/dragon\/\" \/>\n<meta property=\"article:modified_time\" content=\"2026-04-01T03:35:10+00:00\" \/>\n<meta property=\"og:image\" content=\"https:\/\/legacymexicanart.com\/wp-content\/uploads\/2021\/12\/Dragon-Espalda_Legacy-Mexican-Art.png\" \/>\n\t<meta property=\"og:image:width\" content=\"1071\" \/>\n\t<meta property=\"og:image:height\" content=\"909\" \/>\n\t<meta property=\"og:image:type\" content=\"image\/png\" \/>\n<meta name=\"twitter:card\" content=\"summary_large_image\" \/>\n<meta name=\"twitter:label1\" content=\"Est. reading time\" \/>\n\t<meta name=\"twitter:data1\" content=\"1 minute\" \/>\n<script type=\"application\/ld+json\" class=\"yoast-schema-graph\">{\"@context\":\"https:\/\/schema.org\",\"@graph\":[{\"@type\":\"WebPage\",\"@id\":\"https:\/\/legacymexicanart.com\/product\/dragon\/\",\"url\":\"https:\/\/legacymexicanart.com\/product\/dragon\/\",\"name\":\"Drag\u00f3n &#187;\",\"isPartOf\":{\"@id\":\"https:\/\/legacymexicanart.com\/#website\"},\"primaryImageOfPage\":{\"@id\":\"https:\/\/legacymexicanart.com\/product\/dragon\/#primaryimage\"},\"image\":{\"@id\":\"https:\/\/legacymexicanart.com\/product\/dragon\/#primaryimage\"},\"thumbnailUrl\":\"https:\/\/legacymexicanart.com\/wp-content\/uploads\/2021\/12\/Dragon-Espalda_Legacy-Mexican-Art.png\",\"datePublished\":\"2021-12-08T01:26:04+00:00\",\"dateModified\":\"2026-04-01T03:35:10+00:00\",\"description\":\"El Drag\u00f3n es una pieza atractiva y poderosa de mucho simbolismo. Esta hermosa pieza est\u00e1 tallada a mano en madera de copal\",\"breadcrumb\":{\"@id\":\"https:\/\/legacymexicanart.com\/product\/dragon\/#breadcrumb\"},\"inLanguage\":\"en-US\",\"potentialAction\":[{\"@type\":\"ReadAction\",\"target\":[\"https:\/\/legacymexicanart.com\/product\/dragon\/\"]}]},{\"@type\":\"ImageObject\",\"inLanguage\":\"en-US\",\"@id\":\"https:\/\/legacymexicanart.com\/product\/dragon\/#primaryimage\",\"url\":\"https:\/\/legacymexicanart.com\/wp-content\/uploads\/2021\/12\/Dragon-Espalda_Legacy-Mexican-Art.png\",\"contentUrl\":\"https:\/\/legacymexicanart.com\/wp-content\/uploads\/2021\/12\/Dragon-Espalda_Legacy-Mexican-Art.png\",\"width\":1071,\"height\":909,\"caption\":\"Alebrije Dragon\"},{\"@type\":\"BreadcrumbList\",\"@id\":\"https:\/\/legacymexicanart.com\/product\/dragon\/#breadcrumb\",\"itemListElement\":[{\"@type\":\"ListItem\",\"position\":1,\"name\":\"Portada\",\"item\":\"https:\/\/legacymexicanart.com\/\"},{\"@type\":\"ListItem\",\"position\":2,\"name\":\"Shop\",\"item\":\"https:\/\/legacymexicanart.com\/es_es\/shop\/\"},{\"@type\":\"ListItem\",\"position\":3,\"name\":\"Drag\u00f3n\"}]},{\"@type\":\"WebSite\",\"@id\":\"https:\/\/legacymexicanart.com\/#website\",\"url\":\"https:\/\/legacymexicanart.com\/\",\"name\":\"\",\"description\":\"Legacy Mexican Art\",\"publisher\":{\"@id\":\"https:\/\/legacymexicanart.com\/#organization\"},\"potentialAction\":[{\"@type\":\"SearchAction\",\"target\":{\"@type\":\"EntryPoint\",\"urlTemplate\":\"https:\/\/legacymexicanart.com\/?s={search_term_string}\"},\"query-input\":\"required name=search_term_string\"}],\"inLanguage\":\"en-US\"},{\"@type\":\"Organization\",\"@id\":\"https:\/\/legacymexicanart.com\/#organization\",\"name\":\"Legacy Mexican Art\",\"url\":\"https:\/\/legacymexicanart.com\/\",\"logo\":{\"@type\":\"ImageObject\",\"inLanguage\":\"en-US\",\"@id\":\"https:\/\/legacymexicanart.com\/#\/schema\/logo\/image\/\",\"url\":\"\",\"contentUrl\":\"\",\"caption\":\"Legacy Mexican Art\"},\"image\":{\"@id\":\"https:\/\/legacymexicanart.com\/#\/schema\/logo\/image\/\"}}]}<\/script>\n<!-- \/ Yoast SEO plugin. -->","yoast_head_json":{"title":"Drag\u00f3n &#187;","description":"El Drag\u00f3n es una pieza atractiva y poderosa de mucho simbolismo. Esta hermosa pieza est\u00e1 tallada a mano en madera de copal","robots":{"index":"index","follow":"follow","max-snippet":"max-snippet:-1","max-image-preview":"max-image-preview:large","max-video-preview":"max-video-preview:-1"},"canonical":"https:\/\/legacymexicanart.com\/en_en\/product\/dragon\/","og_locale":"en_US","og_type":"article","og_title":"Drag\u00f3n &#187;","og_description":"El Drag\u00f3n es una pieza atractiva y poderosa de mucho simbolismo. Esta hermosa pieza est\u00e1 tallada a mano en madera de copal","og_url":"https:\/\/legacymexicanart.com\/en_en\/product\/dragon\/","article_modified_time":"2026-04-01T03:35:10+00:00","og_image":[{"width":1071,"height":909,"url":"https:\/\/legacymexicanart.com\/wp-content\/uploads\/2021\/12\/Dragon-Espalda_Legacy-Mexican-Art.png","type":"image\/png"}],"twitter_card":"summary_large_image","twitter_misc":{"Est. reading time":"1 minute"},"schema":{"@context":"https:\/\/schema.org","@graph":[{"@type":"WebPage","@id":"https:\/\/legacymexicanart.com\/product\/dragon\/","url":"https:\/\/legacymexicanart.com\/product\/dragon\/","name":"Drag\u00f3n &#187;","isPartOf":{"@id":"https:\/\/legacymexicanart.com\/#website"},"primaryImageOfPage":{"@id":"https:\/\/legacymexicanart.com\/product\/dragon\/#primaryimage"},"image":{"@id":"https:\/\/legacymexicanart.com\/product\/dragon\/#primaryimage"},"thumbnailUrl":"https:\/\/legacymexicanart.com\/wp-content\/uploads\/2021\/12\/Dragon-Espalda_Legacy-Mexican-Art.png","datePublished":"2021-12-08T01:26:04+00:00","dateModified":"2026-04-01T03:35:10+00:00","description":"El Drag\u00f3n es una pieza atractiva y poderosa de mucho simbolismo. Esta hermosa pieza est\u00e1 tallada a mano en madera de copal","breadcrumb":{"@id":"https:\/\/legacymexicanart.com\/product\/dragon\/#breadcrumb"},"inLanguage":"en-US","potentialAction":[{"@type":"ReadAction","target":["https:\/\/legacymexicanart.com\/product\/dragon\/"]}]},{"@type":"ImageObject","inLanguage":"en-US","@id":"https:\/\/legacymexicanart.com\/product\/dragon\/#primaryimage","url":"https:\/\/legacymexicanart.com\/wp-content\/uploads\/2021\/12\/Dragon-Espalda_Legacy-Mexican-Art.png","contentUrl":"https:\/\/legacymexicanart.com\/wp-content\/uploads\/2021\/12\/Dragon-Espalda_Legacy-Mexican-Art.png","width":1071,"height":909,"caption":"Alebrije Dragon"},{"@type":"BreadcrumbList","@id":"https:\/\/legacymexicanart.com\/product\/dragon\/#breadcrumb","itemListElement":[{"@type":"ListItem","position":1,"name":"Portada","item":"https:\/\/legacymexicanart.com\/"},{"@type":"ListItem","position":2,"name":"Shop","item":"https:\/\/legacymexicanart.com\/es_es\/shop\/"},{"@type":"ListItem","position":3,"name":"Drag\u00f3n"}]},{"@type":"WebSite","@id":"https:\/\/legacymexicanart.com\/#website","url":"https:\/\/legacymexicanart.com\/","name":"","description":"Legacy Mexican Art","publisher":{"@id":"https:\/\/legacymexicanart.com\/#organization"},"potentialAction":[{"@type":"SearchAction","target":{"@type":"EntryPoint","urlTemplate":"https:\/\/legacymexicanart.com\/?s={search_term_string}"},"query-input":"required name=search_term_string"}],"inLanguage":"en-US"},{"@type":"Organization","@id":"https:\/\/legacymexicanart.com\/#organization","name":"Legacy Mexican Art","url":"https:\/\/legacymexicanart.com\/","logo":{"@type":"ImageObject","inLanguage":"en-US","@id":"https:\/\/legacymexicanart.com\/#\/schema\/logo\/image\/","url":"","contentUrl":"","caption":"Legacy Mexican Art"},"image":{"@id":"https:\/\/legacymexicanart.com\/#\/schema\/logo\/image\/"}}]}},"_links":{"self":[{"href":"https:\/\/legacymexicanart.com\/en_en\/wp-json\/wp\/v2\/product\/1524"}],"collection":[{"href":"https:\/\/legacymexicanart.com\/en_en\/wp-json\/wp\/v2\/product"}],"about":[{"href":"https:\/\/legacymexicanart.com\/en_en\/wp-json\/wp\/v2\/types\/product"}],"replies":[{"embeddable":true,"href":"https:\/\/legacymexicanart.com\/en_en\/wp-json\/wp\/v2\/comments?post=1524"}],"wp:featuredmedia":[{"embeddable":true,"href":"https:\/\/legacymexicanart.com\/en_en\/wp-json\/wp\/v2\/media\/1959"}],"wp:attachment":[{"href":"https:\/\/legacymexicanart.com\/en_en\/wp-json\/wp\/v2\/media?parent=1524"}],"wp:term":[{"taxonomy":"product_cat","embeddable":true,"href":"https:\/\/legacymexicanart.com\/en_en\/wp-json\/wp\/v2\/product_cat?post=1524"},{"taxonomy":"product_tag","embeddable":true,"href":"https:\/\/legacymexicanart.com\/en_en\/wp-json\/wp\/v2\/product_tag?post=1524"}],"curies":[{"name":"wp","href":"https:\/\/api.w.org\/{rel}","templated":true}]}}