{"id":1558,"date":"2021-12-11T03:13:56","date_gmt":"2021-12-10T21:13:56","guid":{"rendered":"https:\/\/legacymexicanart.com\/?post_type=product&#038;p=1558"},"modified":"2023-11-11T00:28:49","modified_gmt":"2023-11-10T18:28:49","slug":"camino-otomi","status":"publish","type":"product","link":"https:\/\/legacymexicanart.com\/en_en\/product\/camino-otomi\/","title":{"rendered":"Camino Otom\u00ed"},"content":{"rendered":"<p>Otomi table runner or bed runner 100% cotton embroidered with multicolored Tenangos with pompoms.<\/p>\n<p>Ideal to embellish any space in the house, giving that cheerful and traditional touch with its hand embroidery with cotton thread.<\/p>\n<p>With themes of the flora and fauna of the Hidalgo region.<\/p>\n<p>Dimensiones: 200 cm x 40 cm.<\/p>\n<p><em>Shipping included to all of Mexico.<\/em><\/p>\n<p>Craftsman: Alicia Rosales<\/p>\n<p><em>Hidalgo Legacy<\/em><\/p>\n<p>In the state of Hidalgo is the municipality of Tenango de Doria, which stands out thanks to its characteristic and cheerful handmade embroidery.<\/p>\n<p>Tenango embroidery can symbolize the importance of a date, the memory of an event, or the local biodiversity.<\/p>\n<p>Each color is used in relation to the meaning to be embroidered. The first embroideries were only made with red and black threads, which symbolized good and evil. Nowadays, embroideries have had an evolution experimenting with colors that give symbolism to the garment, for example, green represents vegetation, orange represents fire, blue the moon, brown the earth, red the good and the black color evil. Tenango embroidery, originally must be made with cotton threads on a natural fiber textile such as linen, silk or blanket being the most used.<\/p>\n<p>At Legacy Mexican Art we appreciate the valuable legacy of our Mexican roots and culture by collaborating with artisans who love their work and pay special attention to detail, which is why we promote fair and local trade with the indigenous and artisan communities of our country.<\/p>\n<p><em>Cleaning and care:<\/em><\/p>\n<p>The Otomi table runner can be washed by hand and backwards, with cold water and neutral soap, do not squeeze or use a dryer.<\/p>\n<p><a href=\"https:\/\/www.instagram.com\/p\/CXfKfKDNRcP\/\">https:\/\/www.instagram.com\/p\/CXfKfKDNRcP\/<\/a><\/p>\n<p><a href=\"https:\/\/legacymexicanart.com\/wp-content\/uploads\/2021\/12\/Camino-Otomi_Legacy-Mexican-art.png\">https:\/\/legacymexicanart.com\/wp-content\/uploads\/2021\/12\/Camino-Otomi_Legacy-Mexican-art.png<\/a><\/p>\n<p>&nbsp;<\/p>","protected":false},"excerpt":{"rendered":"<p><a href=\"mailto:contact@legacymexicanart.com?Subject=Mas%20info%20sku%20HGOAR001%20\" target=\"_blank\" rel=\"noopener\"><br \/>\n<img decoding=\"async\" src=\"https:\/\/legacymexicanart.com\/wp-content\/uploads\/2021\/10\/email-Design.svg\" \/> More product information<br \/>\n<\/a><\/p>\n<p><strong><em>Shipping included to all of Mexico.<\/em><\/strong><\/p>","protected":false},"featured_media":1724,"comment_status":"open","ping_status":"closed","template":"","meta":[],"product_cat":[18,188,17,194],"product_tag":[83,157,156,121,229],"yoast_head":"<!-- This site is optimized with the Yoast SEO plugin v22.6 - https:\/\/yoast.com\/wordpress\/plugins\/seo\/ -->\n<title>Camino Otom\u00ed &#187;<\/title>\n<meta name=\"description\" content=\"Camino otom\u00ed de mesa o cama algod\u00f3n 100% bordado a mano de Tenango multicolor con pompones. Ideal para embellecer cualquier espacio.\" \/>\n<meta name=\"robots\" content=\"index, follow, max-snippet:-1, max-image-preview:large, max-video-preview:-1\" \/>\n<link rel=\"canonical\" href=\"https:\/\/legacymexicanart.com\/en_en\/product\/camino-otomi\/\" \/>\n<meta property=\"og:locale\" content=\"en_US\" \/>\n<meta property=\"og:type\" content=\"article\" \/>\n<meta property=\"og:title\" content=\"Camino Otom\u00ed &#187;\" \/>\n<meta property=\"og:description\" content=\"Camino otom\u00ed de mesa o cama algod\u00f3n 100% bordado a mano de Tenango multicolor con pompones. Ideal para embellecer cualquier espacio.\" \/>\n<meta property=\"og:url\" content=\"https:\/\/legacymexicanart.com\/en_en\/product\/camino-otomi\/\" \/>\n<meta property=\"article:modified_time\" content=\"2023-11-10T18:28:49+00:00\" \/>\n<meta property=\"og:image\" content=\"https:\/\/legacymexicanart.com\/wp-content\/uploads\/2021\/12\/Camino-Otomi-Amb_LMA-scaled.jpg\" \/>\n\t<meta property=\"og:image:width\" content=\"2560\" \/>\n\t<meta property=\"og:image:height\" content=\"2182\" \/>\n\t<meta property=\"og:image:type\" content=\"image\/jpeg\" \/>\n<meta name=\"twitter:card\" content=\"summary_large_image\" \/>\n<meta name=\"twitter:label1\" content=\"Est. reading time\" \/>\n\t<meta name=\"twitter:data1\" content=\"2 minutes\" \/>\n<script type=\"application\/ld+json\" class=\"yoast-schema-graph\">{\"@context\":\"https:\/\/schema.org\",\"@graph\":[{\"@type\":\"WebPage\",\"@id\":\"https:\/\/legacymexicanart.com\/product\/camino-otomi\/\",\"url\":\"https:\/\/legacymexicanart.com\/product\/camino-otomi\/\",\"name\":\"Camino Otom\u00ed &#187;\",\"isPartOf\":{\"@id\":\"https:\/\/legacymexicanart.com\/#website\"},\"primaryImageOfPage\":{\"@id\":\"https:\/\/legacymexicanart.com\/product\/camino-otomi\/#primaryimage\"},\"image\":{\"@id\":\"https:\/\/legacymexicanart.com\/product\/camino-otomi\/#primaryimage\"},\"thumbnailUrl\":\"https:\/\/legacymexicanart.com\/wp-content\/uploads\/2021\/12\/Camino-Otomi-Amb_LMA-scaled.jpg\",\"datePublished\":\"2021-12-10T21:13:56+00:00\",\"dateModified\":\"2023-11-10T18:28:49+00:00\",\"description\":\"Camino otom\u00ed de mesa o cama algod\u00f3n 100% bordado a mano de Tenango multicolor con pompones. Ideal para embellecer cualquier espacio.\",\"breadcrumb\":{\"@id\":\"https:\/\/legacymexicanart.com\/product\/camino-otomi\/#breadcrumb\"},\"inLanguage\":\"en-US\",\"potentialAction\":[{\"@type\":\"ReadAction\",\"target\":[\"https:\/\/legacymexicanart.com\/product\/camino-otomi\/\"]}]},{\"@type\":\"ImageObject\",\"inLanguage\":\"en-US\",\"@id\":\"https:\/\/legacymexicanart.com\/product\/camino-otomi\/#primaryimage\",\"url\":\"https:\/\/legacymexicanart.com\/wp-content\/uploads\/2021\/12\/Camino-Otomi-Amb_LMA-scaled.jpg\",\"contentUrl\":\"https:\/\/legacymexicanart.com\/wp-content\/uploads\/2021\/12\/Camino-Otomi-Amb_LMA-scaled.jpg\",\"width\":2560,\"height\":2182},{\"@type\":\"BreadcrumbList\",\"@id\":\"https:\/\/legacymexicanart.com\/product\/camino-otomi\/#breadcrumb\",\"itemListElement\":[{\"@type\":\"ListItem\",\"position\":1,\"name\":\"Portada\",\"item\":\"https:\/\/legacymexicanart.com\/\"},{\"@type\":\"ListItem\",\"position\":2,\"name\":\"Shop\",\"item\":\"https:\/\/legacymexicanart.com\/es_es\/shop\/\"},{\"@type\":\"ListItem\",\"position\":3,\"name\":\"Camino Otom\u00ed\"}]},{\"@type\":\"WebSite\",\"@id\":\"https:\/\/legacymexicanart.com\/#website\",\"url\":\"https:\/\/legacymexicanart.com\/\",\"name\":\"\",\"description\":\"Legacy Mexican Art\",\"publisher\":{\"@id\":\"https:\/\/legacymexicanart.com\/#organization\"},\"potentialAction\":[{\"@type\":\"SearchAction\",\"target\":{\"@type\":\"EntryPoint\",\"urlTemplate\":\"https:\/\/legacymexicanart.com\/?s={search_term_string}\"},\"query-input\":\"required name=search_term_string\"}],\"inLanguage\":\"en-US\"},{\"@type\":\"Organization\",\"@id\":\"https:\/\/legacymexicanart.com\/#organization\",\"name\":\"Legacy Mexican Art\",\"url\":\"https:\/\/legacymexicanart.com\/\",\"logo\":{\"@type\":\"ImageObject\",\"inLanguage\":\"en-US\",\"@id\":\"https:\/\/legacymexicanart.com\/#\/schema\/logo\/image\/\",\"url\":\"\",\"contentUrl\":\"\",\"caption\":\"Legacy Mexican Art\"},\"image\":{\"@id\":\"https:\/\/legacymexicanart.com\/#\/schema\/logo\/image\/\"}}]}<\/script>\n<!-- \/ Yoast SEO plugin. -->","yoast_head_json":{"title":"Camino Otom\u00ed &#187;","description":"Camino otom\u00ed de mesa o cama algod\u00f3n 100% bordado a mano de Tenango multicolor con pompones. Ideal para embellecer cualquier espacio.","robots":{"index":"index","follow":"follow","max-snippet":"max-snippet:-1","max-image-preview":"max-image-preview:large","max-video-preview":"max-video-preview:-1"},"canonical":"https:\/\/legacymexicanart.com\/en_en\/product\/camino-otomi\/","og_locale":"en_US","og_type":"article","og_title":"Camino Otom\u00ed &#187;","og_description":"Camino otom\u00ed de mesa o cama algod\u00f3n 100% bordado a mano de Tenango multicolor con pompones. Ideal para embellecer cualquier espacio.","og_url":"https:\/\/legacymexicanart.com\/en_en\/product\/camino-otomi\/","article_modified_time":"2023-11-10T18:28:49+00:00","og_image":[{"width":2560,"height":2182,"url":"https:\/\/legacymexicanart.com\/wp-content\/uploads\/2021\/12\/Camino-Otomi-Amb_LMA-scaled.jpg","type":"image\/jpeg"}],"twitter_card":"summary_large_image","twitter_misc":{"Est. reading time":"2 minutes"},"schema":{"@context":"https:\/\/schema.org","@graph":[{"@type":"WebPage","@id":"https:\/\/legacymexicanart.com\/product\/camino-otomi\/","url":"https:\/\/legacymexicanart.com\/product\/camino-otomi\/","name":"Camino Otom\u00ed &#187;","isPartOf":{"@id":"https:\/\/legacymexicanart.com\/#website"},"primaryImageOfPage":{"@id":"https:\/\/legacymexicanart.com\/product\/camino-otomi\/#primaryimage"},"image":{"@id":"https:\/\/legacymexicanart.com\/product\/camino-otomi\/#primaryimage"},"thumbnailUrl":"https:\/\/legacymexicanart.com\/wp-content\/uploads\/2021\/12\/Camino-Otomi-Amb_LMA-scaled.jpg","datePublished":"2021-12-10T21:13:56+00:00","dateModified":"2023-11-10T18:28:49+00:00","description":"Camino otom\u00ed de mesa o cama algod\u00f3n 100% bordado a mano de Tenango multicolor con pompones. Ideal para embellecer cualquier espacio.","breadcrumb":{"@id":"https:\/\/legacymexicanart.com\/product\/camino-otomi\/#breadcrumb"},"inLanguage":"en-US","potentialAction":[{"@type":"ReadAction","target":["https:\/\/legacymexicanart.com\/product\/camino-otomi\/"]}]},{"@type":"ImageObject","inLanguage":"en-US","@id":"https:\/\/legacymexicanart.com\/product\/camino-otomi\/#primaryimage","url":"https:\/\/legacymexicanart.com\/wp-content\/uploads\/2021\/12\/Camino-Otomi-Amb_LMA-scaled.jpg","contentUrl":"https:\/\/legacymexicanart.com\/wp-content\/uploads\/2021\/12\/Camino-Otomi-Amb_LMA-scaled.jpg","width":2560,"height":2182},{"@type":"BreadcrumbList","@id":"https:\/\/legacymexicanart.com\/product\/camino-otomi\/#breadcrumb","itemListElement":[{"@type":"ListItem","position":1,"name":"Portada","item":"https:\/\/legacymexicanart.com\/"},{"@type":"ListItem","position":2,"name":"Shop","item":"https:\/\/legacymexicanart.com\/es_es\/shop\/"},{"@type":"ListItem","position":3,"name":"Camino Otom\u00ed"}]},{"@type":"WebSite","@id":"https:\/\/legacymexicanart.com\/#website","url":"https:\/\/legacymexicanart.com\/","name":"","description":"Legacy Mexican Art","publisher":{"@id":"https:\/\/legacymexicanart.com\/#organization"},"potentialAction":[{"@type":"SearchAction","target":{"@type":"EntryPoint","urlTemplate":"https:\/\/legacymexicanart.com\/?s={search_term_string}"},"query-input":"required name=search_term_string"}],"inLanguage":"en-US"},{"@type":"Organization","@id":"https:\/\/legacymexicanart.com\/#organization","name":"Legacy Mexican Art","url":"https:\/\/legacymexicanart.com\/","logo":{"@type":"ImageObject","inLanguage":"en-US","@id":"https:\/\/legacymexicanart.com\/#\/schema\/logo\/image\/","url":"","contentUrl":"","caption":"Legacy Mexican Art"},"image":{"@id":"https:\/\/legacymexicanart.com\/#\/schema\/logo\/image\/"}}]}},"_links":{"self":[{"href":"https:\/\/legacymexicanart.com\/en_en\/wp-json\/wp\/v2\/product\/1558"}],"collection":[{"href":"https:\/\/legacymexicanart.com\/en_en\/wp-json\/wp\/v2\/product"}],"about":[{"href":"https:\/\/legacymexicanart.com\/en_en\/wp-json\/wp\/v2\/types\/product"}],"replies":[{"embeddable":true,"href":"https:\/\/legacymexicanart.com\/en_en\/wp-json\/wp\/v2\/comments?post=1558"}],"wp:featuredmedia":[{"embeddable":true,"href":"https:\/\/legacymexicanart.com\/en_en\/wp-json\/wp\/v2\/media\/1724"}],"wp:attachment":[{"href":"https:\/\/legacymexicanart.com\/en_en\/wp-json\/wp\/v2\/media?parent=1558"}],"wp:term":[{"taxonomy":"product_cat","embeddable":true,"href":"https:\/\/legacymexicanart.com\/en_en\/wp-json\/wp\/v2\/product_cat?post=1558"},{"taxonomy":"product_tag","embeddable":true,"href":"https:\/\/legacymexicanart.com\/en_en\/wp-json\/wp\/v2\/product_tag?post=1558"}],"curies":[{"name":"wp","href":"https:\/\/api.w.org\/{rel}","templated":true}]}}