{"id":1574,"date":"2022-01-08T06:52:43","date_gmt":"2022-01-08T00:52:43","guid":{"rendered":"https:\/\/legacymexicanart.com\/?post_type=product&#038;p=1574"},"modified":"2023-11-11T00:23:57","modified_gmt":"2023-11-10T18:23:57","slug":"funda-azul-indigo","status":"publish","type":"product","link":"https:\/\/legacymexicanart.com\/en_en\/product\/funda-azul-indigo\/","title":{"rendered":"Cushion Cover Indigo Blue"},"content":{"rendered":"<p>Indigo blue cushion cover made on virgin wool pedal loom, with natural indigo dye. Decorative pom poms throughout the cover. Different shades of blue combined with white<\/p>\n<p>Dimension: 4<strong>0 x 33 cm<\/strong><\/p>\n<p><em>Shipping included to all of Mexico.<\/em><\/p>\n<p>It doesn\u00b4t include cushion or padding, this can be quoted separately.<\/p>\n<p>Craftsman: Julio C\u00e9sar Bautista<\/p>\n<p>At Legacy Mexican Art we appreciate the valuable legacy of our Mexican roots and culture by collaborating with artisans who love their work and pay special attention to detail, which is why we promote fair and local trade with the indigenous and artisan communities of our country.<\/p>\n<p><em>Oaxaca Legacy<\/em><\/p>\n<div dir=\"auto\">The artisans of Teotitl\u00e1n del Valle have dedicated themselves to making pieces of wool and cotton through the old pedal looms. With these rudimentary techniques and a bit of creativity, they have managed to create new models that adapt perfectly to spaces with a modern style.<\/div>\n<div dir=\"auto\">In addition to the manual weaving, the dyeing of the pieces is completely natural.<\/div>\n<div dir=\"auto\">The Oaxaca cover can be perfect as the final decorative touch in a living room, in the bedroom or in any armchair or space that you want to decorate.<\/div>\n<div dir=\"auto\">The cushion cover comes with a convenient zip<\/div>\n<p>&nbsp;<\/p>\n<p><em>Cleaning and care:<\/em><\/p>\n<p>The indigo blue cover is recommended for dry cleaning.<\/p>\n<p><a href=\"https:\/\/www.instagram.com\/p\/CY7L577PV8u\/\">https:\/\/www.instagram.com\/p\/CY7L577PV8u\/<\/a><\/p>\n<p>&nbsp;<\/p>","protected":false},"excerpt":{"rendered":"<p><a href=\"mailto:contact@legacymexicanart.com?Subject=Mas%20info%20sku%20TEOJC001%20\" target=\"_blank\" rel=\"noopener\"><br \/>\n<img decoding=\"async\" src=\"https:\/\/legacymexicanart.com\/wp-content\/uploads\/2021\/10\/email-Design.svg\" \/> More product information<br \/>\n<\/a><\/p>\n<p><em><strong>Shipping included to all of Mexico.<\/strong><\/em><\/p>","protected":false},"featured_media":1575,"comment_status":"open","ping_status":"closed","template":"","meta":[],"product_cat":[18,188,17,193],"product_tag":[240,114,87,272,86,177,238,264,273,124,239,174,271],"yoast_head":"<!-- This site is optimized with the Yoast SEO plugin v22.6 - https:\/\/yoast.com\/wordpress\/plugins\/seo\/ -->\n<title>Funda Azul Indigo &#187;<\/title>\n<meta name=\"description\" content=\"Funda azul \u00edndigo para coj\u00edn elaborado en telar de pedal lana virgen, con tinte natural a\u00f1il.\u00a0 Pompones decorativos en toda la funda.\" \/>\n<meta name=\"robots\" content=\"index, follow, max-snippet:-1, max-image-preview:large, max-video-preview:-1\" \/>\n<link rel=\"canonical\" href=\"https:\/\/legacymexicanart.com\/en_en\/product\/funda-azul-indigo\/\" \/>\n<meta property=\"og:locale\" content=\"en_US\" \/>\n<meta property=\"og:type\" content=\"article\" \/>\n<meta property=\"og:title\" content=\"Funda Azul Indigo &#187;\" \/>\n<meta property=\"og:description\" content=\"Funda azul \u00edndigo para coj\u00edn elaborado en telar de pedal lana virgen, con tinte natural a\u00f1il.\u00a0 Pompones decorativos en toda la funda.\" \/>\n<meta property=\"og:url\" content=\"https:\/\/legacymexicanart.com\/en_en\/product\/funda-azul-indigo\/\" \/>\n<meta property=\"article:modified_time\" content=\"2023-11-10T18:23:57+00:00\" \/>\n<meta property=\"og:image\" content=\"https:\/\/legacymexicanart.com\/wp-content\/uploads\/2022\/01\/Hilos-de-lana-Tenido-natural-scaled.jpg\" \/>\n\t<meta property=\"og:image:width\" content=\"2560\" \/>\n\t<meta property=\"og:image:height\" content=\"1920\" \/>\n\t<meta property=\"og:image:type\" content=\"image\/jpeg\" \/>\n<meta name=\"twitter:card\" content=\"summary_large_image\" \/>\n<meta name=\"twitter:label1\" content=\"Est. reading time\" \/>\n\t<meta name=\"twitter:data1\" content=\"1 minute\" \/>\n<script type=\"application\/ld+json\" class=\"yoast-schema-graph\">{\"@context\":\"https:\/\/schema.org\",\"@graph\":[{\"@type\":\"WebPage\",\"@id\":\"https:\/\/legacymexicanart.com\/product\/funda-azul-indigo\/\",\"url\":\"https:\/\/legacymexicanart.com\/product\/funda-azul-indigo\/\",\"name\":\"Funda Azul Indigo &#187;\",\"isPartOf\":{\"@id\":\"https:\/\/legacymexicanart.com\/#website\"},\"primaryImageOfPage\":{\"@id\":\"https:\/\/legacymexicanart.com\/product\/funda-azul-indigo\/#primaryimage\"},\"image\":{\"@id\":\"https:\/\/legacymexicanart.com\/product\/funda-azul-indigo\/#primaryimage\"},\"thumbnailUrl\":\"https:\/\/legacymexicanart.com\/wp-content\/uploads\/2022\/01\/Hilos-de-lana-Tenido-natural-scaled.jpg\",\"datePublished\":\"2022-01-08T00:52:43+00:00\",\"dateModified\":\"2023-11-10T18:23:57+00:00\",\"description\":\"Funda azul \u00edndigo para coj\u00edn elaborado en telar de pedal lana virgen, con tinte natural a\u00f1il.\u00a0 Pompones decorativos en toda la funda.\",\"breadcrumb\":{\"@id\":\"https:\/\/legacymexicanart.com\/product\/funda-azul-indigo\/#breadcrumb\"},\"inLanguage\":\"en-US\",\"potentialAction\":[{\"@type\":\"ReadAction\",\"target\":[\"https:\/\/legacymexicanart.com\/product\/funda-azul-indigo\/\"]}]},{\"@type\":\"ImageObject\",\"inLanguage\":\"en-US\",\"@id\":\"https:\/\/legacymexicanart.com\/product\/funda-azul-indigo\/#primaryimage\",\"url\":\"https:\/\/legacymexicanart.com\/wp-content\/uploads\/2022\/01\/Hilos-de-lana-Tenido-natural-scaled.jpg\",\"contentUrl\":\"https:\/\/legacymexicanart.com\/wp-content\/uploads\/2022\/01\/Hilos-de-lana-Tenido-natural-scaled.jpg\",\"width\":2560,\"height\":1920},{\"@type\":\"BreadcrumbList\",\"@id\":\"https:\/\/legacymexicanart.com\/product\/funda-azul-indigo\/#breadcrumb\",\"itemListElement\":[{\"@type\":\"ListItem\",\"position\":1,\"name\":\"Portada\",\"item\":\"https:\/\/legacymexicanart.com\/\"},{\"@type\":\"ListItem\",\"position\":2,\"name\":\"Shop\",\"item\":\"https:\/\/legacymexicanart.com\/es_es\/shop\/\"},{\"@type\":\"ListItem\",\"position\":3,\"name\":\"Funda Azul Indigo\"}]},{\"@type\":\"WebSite\",\"@id\":\"https:\/\/legacymexicanart.com\/#website\",\"url\":\"https:\/\/legacymexicanart.com\/\",\"name\":\"\",\"description\":\"Legacy Mexican Art\",\"publisher\":{\"@id\":\"https:\/\/legacymexicanart.com\/#organization\"},\"potentialAction\":[{\"@type\":\"SearchAction\",\"target\":{\"@type\":\"EntryPoint\",\"urlTemplate\":\"https:\/\/legacymexicanart.com\/?s={search_term_string}\"},\"query-input\":\"required name=search_term_string\"}],\"inLanguage\":\"en-US\"},{\"@type\":\"Organization\",\"@id\":\"https:\/\/legacymexicanart.com\/#organization\",\"name\":\"Legacy Mexican Art\",\"url\":\"https:\/\/legacymexicanart.com\/\",\"logo\":{\"@type\":\"ImageObject\",\"inLanguage\":\"en-US\",\"@id\":\"https:\/\/legacymexicanart.com\/#\/schema\/logo\/image\/\",\"url\":\"\",\"contentUrl\":\"\",\"caption\":\"Legacy Mexican Art\"},\"image\":{\"@id\":\"https:\/\/legacymexicanart.com\/#\/schema\/logo\/image\/\"}}]}<\/script>\n<!-- \/ Yoast SEO plugin. -->","yoast_head_json":{"title":"Funda Azul Indigo &#187;","description":"Funda azul \u00edndigo para coj\u00edn elaborado en telar de pedal lana virgen, con tinte natural a\u00f1il.\u00a0 Pompones decorativos en toda la funda.","robots":{"index":"index","follow":"follow","max-snippet":"max-snippet:-1","max-image-preview":"max-image-preview:large","max-video-preview":"max-video-preview:-1"},"canonical":"https:\/\/legacymexicanart.com\/en_en\/product\/funda-azul-indigo\/","og_locale":"en_US","og_type":"article","og_title":"Funda Azul Indigo &#187;","og_description":"Funda azul \u00edndigo para coj\u00edn elaborado en telar de pedal lana virgen, con tinte natural a\u00f1il.\u00a0 Pompones decorativos en toda la funda.","og_url":"https:\/\/legacymexicanart.com\/en_en\/product\/funda-azul-indigo\/","article_modified_time":"2023-11-10T18:23:57+00:00","og_image":[{"width":2560,"height":1920,"url":"https:\/\/legacymexicanart.com\/wp-content\/uploads\/2022\/01\/Hilos-de-lana-Tenido-natural-scaled.jpg","type":"image\/jpeg"}],"twitter_card":"summary_large_image","twitter_misc":{"Est. reading time":"1 minute"},"schema":{"@context":"https:\/\/schema.org","@graph":[{"@type":"WebPage","@id":"https:\/\/legacymexicanart.com\/product\/funda-azul-indigo\/","url":"https:\/\/legacymexicanart.com\/product\/funda-azul-indigo\/","name":"Funda Azul Indigo &#187;","isPartOf":{"@id":"https:\/\/legacymexicanart.com\/#website"},"primaryImageOfPage":{"@id":"https:\/\/legacymexicanart.com\/product\/funda-azul-indigo\/#primaryimage"},"image":{"@id":"https:\/\/legacymexicanart.com\/product\/funda-azul-indigo\/#primaryimage"},"thumbnailUrl":"https:\/\/legacymexicanart.com\/wp-content\/uploads\/2022\/01\/Hilos-de-lana-Tenido-natural-scaled.jpg","datePublished":"2022-01-08T00:52:43+00:00","dateModified":"2023-11-10T18:23:57+00:00","description":"Funda azul \u00edndigo para coj\u00edn elaborado en telar de pedal lana virgen, con tinte natural a\u00f1il.\u00a0 Pompones decorativos en toda la funda.","breadcrumb":{"@id":"https:\/\/legacymexicanart.com\/product\/funda-azul-indigo\/#breadcrumb"},"inLanguage":"en-US","potentialAction":[{"@type":"ReadAction","target":["https:\/\/legacymexicanart.com\/product\/funda-azul-indigo\/"]}]},{"@type":"ImageObject","inLanguage":"en-US","@id":"https:\/\/legacymexicanart.com\/product\/funda-azul-indigo\/#primaryimage","url":"https:\/\/legacymexicanart.com\/wp-content\/uploads\/2022\/01\/Hilos-de-lana-Tenido-natural-scaled.jpg","contentUrl":"https:\/\/legacymexicanart.com\/wp-content\/uploads\/2022\/01\/Hilos-de-lana-Tenido-natural-scaled.jpg","width":2560,"height":1920},{"@type":"BreadcrumbList","@id":"https:\/\/legacymexicanart.com\/product\/funda-azul-indigo\/#breadcrumb","itemListElement":[{"@type":"ListItem","position":1,"name":"Portada","item":"https:\/\/legacymexicanart.com\/"},{"@type":"ListItem","position":2,"name":"Shop","item":"https:\/\/legacymexicanart.com\/es_es\/shop\/"},{"@type":"ListItem","position":3,"name":"Funda Azul Indigo"}]},{"@type":"WebSite","@id":"https:\/\/legacymexicanart.com\/#website","url":"https:\/\/legacymexicanart.com\/","name":"","description":"Legacy Mexican Art","publisher":{"@id":"https:\/\/legacymexicanart.com\/#organization"},"potentialAction":[{"@type":"SearchAction","target":{"@type":"EntryPoint","urlTemplate":"https:\/\/legacymexicanart.com\/?s={search_term_string}"},"query-input":"required name=search_term_string"}],"inLanguage":"en-US"},{"@type":"Organization","@id":"https:\/\/legacymexicanart.com\/#organization","name":"Legacy Mexican Art","url":"https:\/\/legacymexicanart.com\/","logo":{"@type":"ImageObject","inLanguage":"en-US","@id":"https:\/\/legacymexicanart.com\/#\/schema\/logo\/image\/","url":"","contentUrl":"","caption":"Legacy Mexican Art"},"image":{"@id":"https:\/\/legacymexicanart.com\/#\/schema\/logo\/image\/"}}]}},"_links":{"self":[{"href":"https:\/\/legacymexicanart.com\/en_en\/wp-json\/wp\/v2\/product\/1574"}],"collection":[{"href":"https:\/\/legacymexicanart.com\/en_en\/wp-json\/wp\/v2\/product"}],"about":[{"href":"https:\/\/legacymexicanart.com\/en_en\/wp-json\/wp\/v2\/types\/product"}],"replies":[{"embeddable":true,"href":"https:\/\/legacymexicanart.com\/en_en\/wp-json\/wp\/v2\/comments?post=1574"}],"wp:featuredmedia":[{"embeddable":true,"href":"https:\/\/legacymexicanart.com\/en_en\/wp-json\/wp\/v2\/media\/1575"}],"wp:attachment":[{"href":"https:\/\/legacymexicanart.com\/en_en\/wp-json\/wp\/v2\/media?parent=1574"}],"wp:term":[{"taxonomy":"product_cat","embeddable":true,"href":"https:\/\/legacymexicanart.com\/en_en\/wp-json\/wp\/v2\/product_cat?post=1574"},{"taxonomy":"product_tag","embeddable":true,"href":"https:\/\/legacymexicanart.com\/en_en\/wp-json\/wp\/v2\/product_tag?post=1574"}],"curies":[{"name":"wp","href":"https:\/\/api.w.org\/{rel}","templated":true}]}}