{"id":1735,"date":"2022-03-23T00:04:38","date_gmt":"2022-03-22T18:04:38","guid":{"rendered":"https:\/\/legacymexicanart.com\/?post_type=product&#038;p=1735"},"modified":"2026-04-01T09:36:59","modified_gmt":"2026-04-01T03:36:59","slug":"iguana","status":"publish","type":"product","link":"https:\/\/legacymexicanart.com\/en_en\/product\/iguana\/","title":{"rendered":"Iguana"},"content":{"rendered":"<p>El Tona de Iguana es un portador de alegr\u00eda en el hogar. La iguana es una criatura contemplativa que expresa la aceptaci\u00f3n y la felicidad infinita.<\/p>\n<p>It is carved from copal wood in one piece and hand-painted with beautiful bright colors and hand-made drawings of frets and pre-Hispanic symbols.<\/p>\n<p>En Legacy Mexican art colaboramos con artesanos que tienen una conciencia ecol\u00f3gica por lo que cada vez que cortan un \u00e1rbol, siembran m\u00e1s \u00e1rboles para mantener un equilibrio con el medio ambiente.<\/p>\n<p>Dimensions: 22 x 20 x H 20 cm<\/p>\n<p><em>Shipping included to all of Mexico.<\/em><\/p>\n<p>Este Tona fue realizado en San Mart\u00edn Tilcajete y viene firmado por el artista.<\/p>\n<p><em>Oaxaca Legacy<\/em><\/p>\n<p>In Oaxaca, there has always been a tradition of carving figures of surreal animals in wood, in fact they are known as the Tonas or nahuales.<\/p>\n<p>The Tonas or Nahuales are unique and surreal pieces, you will hardly find an equal piece since they are figures from the artist's inspiration.<\/p>\n<p>The Tonas in the Zapotec culture are spirits, which are also called Nahuales and serve as spiritual guides in the life of each person according to their date of birth.<\/p>","protected":false},"excerpt":{"rendered":"<p><a href=\"mailto:contact@legacymexicanart.com?Subject=Mas%20info%20sku%SNMTLCJT003%20\" target=\"_blank\" rel=\"noopener\"><br \/>\n<img decoding=\"async\" src=\"https:\/\/legacymexicanart.com\/wp-content\/uploads\/2021\/10\/email-Design.svg\" \/> More product information<br \/>\n<\/a><\/p>\n<p><strong><em>Shipping included to all of Mexico.<\/em><\/strong><\/p>","protected":false},"featured_media":1736,"comment_status":"open","ping_status":"closed","template":"","meta":[],"product_cat":[417,18],"product_tag":[],"yoast_head":"<!-- This site is optimized with the Yoast SEO plugin v22.6 - https:\/\/yoast.com\/wordpress\/plugins\/seo\/ -->\n<title>Iguana &#187;<\/title>\n<meta name=\"description\" content=\"El Tona de Iguana es un portador de alegr\u00eda en el hogar. La iguana es una criatura contemplativa que expresa la aceptaci\u00f3n y la felicidad.\" \/>\n<meta name=\"robots\" content=\"index, follow, max-snippet:-1, max-image-preview:large, max-video-preview:-1\" \/>\n<link rel=\"canonical\" href=\"https:\/\/legacymexicanart.com\/en_en\/product\/iguana\/\" \/>\n<meta property=\"og:locale\" content=\"en_US\" \/>\n<meta property=\"og:type\" content=\"article\" \/>\n<meta property=\"og:title\" content=\"Iguana &#187;\" \/>\n<meta property=\"og:description\" content=\"El Tona de Iguana es un portador de alegr\u00eda en el hogar. La iguana es una criatura contemplativa que expresa la aceptaci\u00f3n y la felicidad.\" \/>\n<meta property=\"og:url\" content=\"https:\/\/legacymexicanart.com\/en_en\/product\/iguana\/\" \/>\n<meta property=\"article:modified_time\" content=\"2026-04-01T03:36:59+00:00\" \/>\n<meta property=\"og:image\" content=\"https:\/\/legacymexicanart.com\/wp-content\/uploads\/2022\/03\/Alebrije-Iguana_LMA-scaled.jpg\" \/>\n\t<meta property=\"og:image:width\" content=\"2560\" \/>\n\t<meta property=\"og:image:height\" content=\"1920\" \/>\n\t<meta property=\"og:image:type\" content=\"image\/jpeg\" \/>\n<meta name=\"twitter:card\" content=\"summary_large_image\" \/>\n<meta name=\"twitter:label1\" content=\"Est. reading time\" \/>\n\t<meta name=\"twitter:data1\" content=\"1 minute\" \/>\n<script type=\"application\/ld+json\" class=\"yoast-schema-graph\">{\"@context\":\"https:\/\/schema.org\",\"@graph\":[{\"@type\":\"WebPage\",\"@id\":\"https:\/\/legacymexicanart.com\/product\/iguana\/\",\"url\":\"https:\/\/legacymexicanart.com\/product\/iguana\/\",\"name\":\"Iguana &#187;\",\"isPartOf\":{\"@id\":\"https:\/\/legacymexicanart.com\/#website\"},\"primaryImageOfPage\":{\"@id\":\"https:\/\/legacymexicanart.com\/product\/iguana\/#primaryimage\"},\"image\":{\"@id\":\"https:\/\/legacymexicanart.com\/product\/iguana\/#primaryimage\"},\"thumbnailUrl\":\"https:\/\/legacymexicanart.com\/wp-content\/uploads\/2022\/03\/Alebrije-Iguana_LMA-scaled.jpg\",\"datePublished\":\"2022-03-22T18:04:38+00:00\",\"dateModified\":\"2026-04-01T03:36:59+00:00\",\"description\":\"El Tona de Iguana es un portador de alegr\u00eda en el hogar. La iguana es una criatura contemplativa que expresa la aceptaci\u00f3n y la felicidad.\",\"breadcrumb\":{\"@id\":\"https:\/\/legacymexicanart.com\/product\/iguana\/#breadcrumb\"},\"inLanguage\":\"en-US\",\"potentialAction\":[{\"@type\":\"ReadAction\",\"target\":[\"https:\/\/legacymexicanart.com\/product\/iguana\/\"]}]},{\"@type\":\"ImageObject\",\"inLanguage\":\"en-US\",\"@id\":\"https:\/\/legacymexicanart.com\/product\/iguana\/#primaryimage\",\"url\":\"https:\/\/legacymexicanart.com\/wp-content\/uploads\/2022\/03\/Alebrije-Iguana_LMA-scaled.jpg\",\"contentUrl\":\"https:\/\/legacymexicanart.com\/wp-content\/uploads\/2022\/03\/Alebrije-Iguana_LMA-scaled.jpg\",\"width\":2560,\"height\":1920},{\"@type\":\"BreadcrumbList\",\"@id\":\"https:\/\/legacymexicanart.com\/product\/iguana\/#breadcrumb\",\"itemListElement\":[{\"@type\":\"ListItem\",\"position\":1,\"name\":\"Portada\",\"item\":\"https:\/\/legacymexicanart.com\/\"},{\"@type\":\"ListItem\",\"position\":2,\"name\":\"Shop\",\"item\":\"https:\/\/legacymexicanart.com\/es_es\/shop\/\"},{\"@type\":\"ListItem\",\"position\":3,\"name\":\"Iguana\"}]},{\"@type\":\"WebSite\",\"@id\":\"https:\/\/legacymexicanart.com\/#website\",\"url\":\"https:\/\/legacymexicanart.com\/\",\"name\":\"\",\"description\":\"Legacy Mexican Art\",\"publisher\":{\"@id\":\"https:\/\/legacymexicanart.com\/#organization\"},\"potentialAction\":[{\"@type\":\"SearchAction\",\"target\":{\"@type\":\"EntryPoint\",\"urlTemplate\":\"https:\/\/legacymexicanart.com\/?s={search_term_string}\"},\"query-input\":\"required name=search_term_string\"}],\"inLanguage\":\"en-US\"},{\"@type\":\"Organization\",\"@id\":\"https:\/\/legacymexicanart.com\/#organization\",\"name\":\"Legacy Mexican Art\",\"url\":\"https:\/\/legacymexicanart.com\/\",\"logo\":{\"@type\":\"ImageObject\",\"inLanguage\":\"en-US\",\"@id\":\"https:\/\/legacymexicanart.com\/#\/schema\/logo\/image\/\",\"url\":\"\",\"contentUrl\":\"\",\"caption\":\"Legacy Mexican Art\"},\"image\":{\"@id\":\"https:\/\/legacymexicanart.com\/#\/schema\/logo\/image\/\"}}]}<\/script>\n<!-- \/ Yoast SEO plugin. -->","yoast_head_json":{"title":"Iguana &#187;","description":"El Tona de Iguana es un portador de alegr\u00eda en el hogar. La iguana es una criatura contemplativa que expresa la aceptaci\u00f3n y la felicidad.","robots":{"index":"index","follow":"follow","max-snippet":"max-snippet:-1","max-image-preview":"max-image-preview:large","max-video-preview":"max-video-preview:-1"},"canonical":"https:\/\/legacymexicanart.com\/en_en\/product\/iguana\/","og_locale":"en_US","og_type":"article","og_title":"Iguana &#187;","og_description":"El Tona de Iguana es un portador de alegr\u00eda en el hogar. La iguana es una criatura contemplativa que expresa la aceptaci\u00f3n y la felicidad.","og_url":"https:\/\/legacymexicanart.com\/en_en\/product\/iguana\/","article_modified_time":"2026-04-01T03:36:59+00:00","og_image":[{"width":2560,"height":1920,"url":"https:\/\/legacymexicanart.com\/wp-content\/uploads\/2022\/03\/Alebrije-Iguana_LMA-scaled.jpg","type":"image\/jpeg"}],"twitter_card":"summary_large_image","twitter_misc":{"Est. reading time":"1 minute"},"schema":{"@context":"https:\/\/schema.org","@graph":[{"@type":"WebPage","@id":"https:\/\/legacymexicanart.com\/product\/iguana\/","url":"https:\/\/legacymexicanart.com\/product\/iguana\/","name":"Iguana &#187;","isPartOf":{"@id":"https:\/\/legacymexicanart.com\/#website"},"primaryImageOfPage":{"@id":"https:\/\/legacymexicanart.com\/product\/iguana\/#primaryimage"},"image":{"@id":"https:\/\/legacymexicanart.com\/product\/iguana\/#primaryimage"},"thumbnailUrl":"https:\/\/legacymexicanart.com\/wp-content\/uploads\/2022\/03\/Alebrije-Iguana_LMA-scaled.jpg","datePublished":"2022-03-22T18:04:38+00:00","dateModified":"2026-04-01T03:36:59+00:00","description":"El Tona de Iguana es un portador de alegr\u00eda en el hogar. La iguana es una criatura contemplativa que expresa la aceptaci\u00f3n y la felicidad.","breadcrumb":{"@id":"https:\/\/legacymexicanart.com\/product\/iguana\/#breadcrumb"},"inLanguage":"en-US","potentialAction":[{"@type":"ReadAction","target":["https:\/\/legacymexicanart.com\/product\/iguana\/"]}]},{"@type":"ImageObject","inLanguage":"en-US","@id":"https:\/\/legacymexicanart.com\/product\/iguana\/#primaryimage","url":"https:\/\/legacymexicanart.com\/wp-content\/uploads\/2022\/03\/Alebrije-Iguana_LMA-scaled.jpg","contentUrl":"https:\/\/legacymexicanart.com\/wp-content\/uploads\/2022\/03\/Alebrije-Iguana_LMA-scaled.jpg","width":2560,"height":1920},{"@type":"BreadcrumbList","@id":"https:\/\/legacymexicanart.com\/product\/iguana\/#breadcrumb","itemListElement":[{"@type":"ListItem","position":1,"name":"Portada","item":"https:\/\/legacymexicanart.com\/"},{"@type":"ListItem","position":2,"name":"Shop","item":"https:\/\/legacymexicanart.com\/es_es\/shop\/"},{"@type":"ListItem","position":3,"name":"Iguana"}]},{"@type":"WebSite","@id":"https:\/\/legacymexicanart.com\/#website","url":"https:\/\/legacymexicanart.com\/","name":"","description":"Legacy Mexican Art","publisher":{"@id":"https:\/\/legacymexicanart.com\/#organization"},"potentialAction":[{"@type":"SearchAction","target":{"@type":"EntryPoint","urlTemplate":"https:\/\/legacymexicanart.com\/?s={search_term_string}"},"query-input":"required name=search_term_string"}],"inLanguage":"en-US"},{"@type":"Organization","@id":"https:\/\/legacymexicanart.com\/#organization","name":"Legacy Mexican Art","url":"https:\/\/legacymexicanart.com\/","logo":{"@type":"ImageObject","inLanguage":"en-US","@id":"https:\/\/legacymexicanart.com\/#\/schema\/logo\/image\/","url":"","contentUrl":"","caption":"Legacy Mexican Art"},"image":{"@id":"https:\/\/legacymexicanart.com\/#\/schema\/logo\/image\/"}}]}},"_links":{"self":[{"href":"https:\/\/legacymexicanart.com\/en_en\/wp-json\/wp\/v2\/product\/1735"}],"collection":[{"href":"https:\/\/legacymexicanart.com\/en_en\/wp-json\/wp\/v2\/product"}],"about":[{"href":"https:\/\/legacymexicanart.com\/en_en\/wp-json\/wp\/v2\/types\/product"}],"replies":[{"embeddable":true,"href":"https:\/\/legacymexicanart.com\/en_en\/wp-json\/wp\/v2\/comments?post=1735"}],"wp:featuredmedia":[{"embeddable":true,"href":"https:\/\/legacymexicanart.com\/en_en\/wp-json\/wp\/v2\/media\/1736"}],"wp:attachment":[{"href":"https:\/\/legacymexicanart.com\/en_en\/wp-json\/wp\/v2\/media?parent=1735"}],"wp:term":[{"taxonomy":"product_cat","embeddable":true,"href":"https:\/\/legacymexicanart.com\/en_en\/wp-json\/wp\/v2\/product_cat?post=1735"},{"taxonomy":"product_tag","embeddable":true,"href":"https:\/\/legacymexicanart.com\/en_en\/wp-json\/wp\/v2\/product_tag?post=1735"}],"curies":[{"name":"wp","href":"https:\/\/api.w.org\/{rel}","templated":true}]}}