{"id":1760,"date":"2022-05-17T00:22:25","date_gmt":"2022-05-16T18:22:25","guid":{"rendered":"https:\/\/legacymexicanart.com\/?post_type=product&#038;p=1760"},"modified":"2023-11-11T01:35:38","modified_gmt":"2023-11-10T19:35:38","slug":"corazon-purpura","status":"publish","type":"product","link":"https:\/\/legacymexicanart.com\/en_en\/product\/corazon-purpura\/","title":{"rendered":"Coraz\u00f3n P\u00farpura"},"content":{"rendered":"<p>The Purple Heart is a beautiful adjustable necklace, carved in copal wood and hand-painted with great precision in geometric drawings.<\/p>\n<p>The Purple Heart is ideal to give as a gift or to wear this original and unique necklace.<\/p>\n<p>At Legacy Mexican Art we collaborate with artisans who have an ecological conscience, so every time they cut down a tree, they plant more trees to maintain a balance with the environment.<\/p>\n<p>Dimensions:6.5 x 7.5 x H 2 cm.<\/p>\n<p><em>Shipping included to all of Mexico.<\/em><\/p>\n<p>Made in San Mart\u00edn Tilcajete, Oaxaca<\/p>\n<p>&nbsp;<\/p>","protected":false},"excerpt":{"rendered":"<p><a href=\"mailto:contact@legacymexicanart.com?Subject=Mas%20info%20sku%ARZL10001%20\" target=\"_blank\" rel=\"noopener\"><br \/>\n<img decoding=\"async\" src=\"https:\/\/legacymexicanart.com\/wp-content\/uploads\/2021\/10\/email-Design.svg\" \/> More product information<br \/>\n<\/a><\/p>\n<p><em><strong>Shipping included to all of Mexico.<\/strong><\/em><\/p>","protected":false},"featured_media":1761,"comment_status":"open","ping_status":"closed","template":"","meta":[],"product_cat":[199,201],"product_tag":[218,370,372,131,236,259,368,367,374,375,373,371,369],"yoast_head":"<!-- This site is optimized with the Yoast SEO plugin v22.6 - https:\/\/yoast.com\/wordpress\/plugins\/seo\/ -->\n<title>Coraz\u00f3n P\u00farpura &#187;<\/title>\n<meta name=\"description\" content=\"El Coraz\u00f3n de P\u00farpura es un hermoso collar ajustable, tallado en madera de copal y pintado a mano con una gran precisi\u00f3n en los dibujos.\" \/>\n<meta name=\"robots\" content=\"index, follow, max-snippet:-1, max-image-preview:large, max-video-preview:-1\" \/>\n<link rel=\"canonical\" href=\"https:\/\/legacymexicanart.com\/en_en\/product\/corazon-purpura\/\" \/>\n<meta property=\"og:locale\" content=\"en_US\" \/>\n<meta property=\"og:type\" content=\"article\" \/>\n<meta property=\"og:title\" content=\"Coraz\u00f3n P\u00farpura &#187;\" \/>\n<meta property=\"og:description\" content=\"El Coraz\u00f3n de P\u00farpura es un hermoso collar ajustable, tallado en madera de copal y pintado a mano con una gran precisi\u00f3n en los dibujos.\" \/>\n<meta property=\"og:url\" content=\"https:\/\/legacymexicanart.com\/en_en\/product\/corazon-purpura\/\" \/>\n<meta property=\"article:modified_time\" content=\"2023-11-10T19:35:38+00:00\" \/>\n<meta property=\"og:image\" content=\"https:\/\/legacymexicanart.com\/wp-content\/uploads\/2022\/05\/Corazon-Purple_LegacyMexicanArt.png\" \/>\n\t<meta property=\"og:image:width\" content=\"1073\" \/>\n\t<meta property=\"og:image:height\" content=\"916\" \/>\n\t<meta property=\"og:image:type\" content=\"image\/png\" \/>\n<meta name=\"twitter:card\" content=\"summary_large_image\" \/>\n<meta name=\"twitter:label1\" content=\"Est. reading time\" \/>\n\t<meta name=\"twitter:data1\" content=\"1 minute\" \/>\n<script type=\"application\/ld+json\" class=\"yoast-schema-graph\">{\"@context\":\"https:\/\/schema.org\",\"@graph\":[{\"@type\":\"WebPage\",\"@id\":\"https:\/\/legacymexicanart.com\/product\/corazon-purpura\/\",\"url\":\"https:\/\/legacymexicanart.com\/product\/corazon-purpura\/\",\"name\":\"Coraz\u00f3n P\u00farpura &#187;\",\"isPartOf\":{\"@id\":\"https:\/\/legacymexicanart.com\/#website\"},\"primaryImageOfPage\":{\"@id\":\"https:\/\/legacymexicanart.com\/product\/corazon-purpura\/#primaryimage\"},\"image\":{\"@id\":\"https:\/\/legacymexicanart.com\/product\/corazon-purpura\/#primaryimage\"},\"thumbnailUrl\":\"https:\/\/legacymexicanart.com\/wp-content\/uploads\/2022\/05\/Corazon-Purple_LegacyMexicanArt.png\",\"datePublished\":\"2022-05-16T18:22:25+00:00\",\"dateModified\":\"2023-11-10T19:35:38+00:00\",\"description\":\"El Coraz\u00f3n de P\u00farpura es un hermoso collar ajustable, tallado en madera de copal y pintado a mano con una gran precisi\u00f3n en los dibujos.\",\"breadcrumb\":{\"@id\":\"https:\/\/legacymexicanart.com\/product\/corazon-purpura\/#breadcrumb\"},\"inLanguage\":\"en-US\",\"potentialAction\":[{\"@type\":\"ReadAction\",\"target\":[\"https:\/\/legacymexicanart.com\/product\/corazon-purpura\/\"]}]},{\"@type\":\"ImageObject\",\"inLanguage\":\"en-US\",\"@id\":\"https:\/\/legacymexicanart.com\/product\/corazon-purpura\/#primaryimage\",\"url\":\"https:\/\/legacymexicanart.com\/wp-content\/uploads\/2022\/05\/Corazon-Purple_LegacyMexicanArt.png\",\"contentUrl\":\"https:\/\/legacymexicanart.com\/wp-content\/uploads\/2022\/05\/Corazon-Purple_LegacyMexicanArt.png\",\"width\":1073,\"height\":916},{\"@type\":\"BreadcrumbList\",\"@id\":\"https:\/\/legacymexicanart.com\/product\/corazon-purpura\/#breadcrumb\",\"itemListElement\":[{\"@type\":\"ListItem\",\"position\":1,\"name\":\"Portada\",\"item\":\"https:\/\/legacymexicanart.com\/\"},{\"@type\":\"ListItem\",\"position\":2,\"name\":\"Shop\",\"item\":\"https:\/\/legacymexicanart.com\/es_es\/shop\/\"},{\"@type\":\"ListItem\",\"position\":3,\"name\":\"Coraz\u00f3n P\u00farpura\"}]},{\"@type\":\"WebSite\",\"@id\":\"https:\/\/legacymexicanart.com\/#website\",\"url\":\"https:\/\/legacymexicanart.com\/\",\"name\":\"\",\"description\":\"Legacy Mexican Art\",\"publisher\":{\"@id\":\"https:\/\/legacymexicanart.com\/#organization\"},\"potentialAction\":[{\"@type\":\"SearchAction\",\"target\":{\"@type\":\"EntryPoint\",\"urlTemplate\":\"https:\/\/legacymexicanart.com\/?s={search_term_string}\"},\"query-input\":\"required name=search_term_string\"}],\"inLanguage\":\"en-US\"},{\"@type\":\"Organization\",\"@id\":\"https:\/\/legacymexicanart.com\/#organization\",\"name\":\"Legacy Mexican Art\",\"url\":\"https:\/\/legacymexicanart.com\/\",\"logo\":{\"@type\":\"ImageObject\",\"inLanguage\":\"en-US\",\"@id\":\"https:\/\/legacymexicanart.com\/#\/schema\/logo\/image\/\",\"url\":\"\",\"contentUrl\":\"\",\"caption\":\"Legacy Mexican Art\"},\"image\":{\"@id\":\"https:\/\/legacymexicanart.com\/#\/schema\/logo\/image\/\"}}]}<\/script>\n<!-- \/ Yoast SEO plugin. -->","yoast_head_json":{"title":"Coraz\u00f3n P\u00farpura &#187;","description":"El Coraz\u00f3n de P\u00farpura es un hermoso collar ajustable, tallado en madera de copal y pintado a mano con una gran precisi\u00f3n en los dibujos.","robots":{"index":"index","follow":"follow","max-snippet":"max-snippet:-1","max-image-preview":"max-image-preview:large","max-video-preview":"max-video-preview:-1"},"canonical":"https:\/\/legacymexicanart.com\/en_en\/product\/corazon-purpura\/","og_locale":"en_US","og_type":"article","og_title":"Coraz\u00f3n P\u00farpura &#187;","og_description":"El Coraz\u00f3n de P\u00farpura es un hermoso collar ajustable, tallado en madera de copal y pintado a mano con una gran precisi\u00f3n en los dibujos.","og_url":"https:\/\/legacymexicanart.com\/en_en\/product\/corazon-purpura\/","article_modified_time":"2023-11-10T19:35:38+00:00","og_image":[{"width":1073,"height":916,"url":"https:\/\/legacymexicanart.com\/wp-content\/uploads\/2022\/05\/Corazon-Purple_LegacyMexicanArt.png","type":"image\/png"}],"twitter_card":"summary_large_image","twitter_misc":{"Est. reading time":"1 minute"},"schema":{"@context":"https:\/\/schema.org","@graph":[{"@type":"WebPage","@id":"https:\/\/legacymexicanart.com\/product\/corazon-purpura\/","url":"https:\/\/legacymexicanart.com\/product\/corazon-purpura\/","name":"Coraz\u00f3n P\u00farpura &#187;","isPartOf":{"@id":"https:\/\/legacymexicanart.com\/#website"},"primaryImageOfPage":{"@id":"https:\/\/legacymexicanart.com\/product\/corazon-purpura\/#primaryimage"},"image":{"@id":"https:\/\/legacymexicanart.com\/product\/corazon-purpura\/#primaryimage"},"thumbnailUrl":"https:\/\/legacymexicanart.com\/wp-content\/uploads\/2022\/05\/Corazon-Purple_LegacyMexicanArt.png","datePublished":"2022-05-16T18:22:25+00:00","dateModified":"2023-11-10T19:35:38+00:00","description":"El Coraz\u00f3n de P\u00farpura es un hermoso collar ajustable, tallado en madera de copal y pintado a mano con una gran precisi\u00f3n en los dibujos.","breadcrumb":{"@id":"https:\/\/legacymexicanart.com\/product\/corazon-purpura\/#breadcrumb"},"inLanguage":"en-US","potentialAction":[{"@type":"ReadAction","target":["https:\/\/legacymexicanart.com\/product\/corazon-purpura\/"]}]},{"@type":"ImageObject","inLanguage":"en-US","@id":"https:\/\/legacymexicanart.com\/product\/corazon-purpura\/#primaryimage","url":"https:\/\/legacymexicanart.com\/wp-content\/uploads\/2022\/05\/Corazon-Purple_LegacyMexicanArt.png","contentUrl":"https:\/\/legacymexicanart.com\/wp-content\/uploads\/2022\/05\/Corazon-Purple_LegacyMexicanArt.png","width":1073,"height":916},{"@type":"BreadcrumbList","@id":"https:\/\/legacymexicanart.com\/product\/corazon-purpura\/#breadcrumb","itemListElement":[{"@type":"ListItem","position":1,"name":"Portada","item":"https:\/\/legacymexicanart.com\/"},{"@type":"ListItem","position":2,"name":"Shop","item":"https:\/\/legacymexicanart.com\/es_es\/shop\/"},{"@type":"ListItem","position":3,"name":"Coraz\u00f3n P\u00farpura"}]},{"@type":"WebSite","@id":"https:\/\/legacymexicanart.com\/#website","url":"https:\/\/legacymexicanart.com\/","name":"","description":"Legacy Mexican Art","publisher":{"@id":"https:\/\/legacymexicanart.com\/#organization"},"potentialAction":[{"@type":"SearchAction","target":{"@type":"EntryPoint","urlTemplate":"https:\/\/legacymexicanart.com\/?s={search_term_string}"},"query-input":"required name=search_term_string"}],"inLanguage":"en-US"},{"@type":"Organization","@id":"https:\/\/legacymexicanart.com\/#organization","name":"Legacy Mexican Art","url":"https:\/\/legacymexicanart.com\/","logo":{"@type":"ImageObject","inLanguage":"en-US","@id":"https:\/\/legacymexicanart.com\/#\/schema\/logo\/image\/","url":"","contentUrl":"","caption":"Legacy Mexican Art"},"image":{"@id":"https:\/\/legacymexicanart.com\/#\/schema\/logo\/image\/"}}]}},"_links":{"self":[{"href":"https:\/\/legacymexicanart.com\/en_en\/wp-json\/wp\/v2\/product\/1760"}],"collection":[{"href":"https:\/\/legacymexicanart.com\/en_en\/wp-json\/wp\/v2\/product"}],"about":[{"href":"https:\/\/legacymexicanart.com\/en_en\/wp-json\/wp\/v2\/types\/product"}],"replies":[{"embeddable":true,"href":"https:\/\/legacymexicanart.com\/en_en\/wp-json\/wp\/v2\/comments?post=1760"}],"wp:featuredmedia":[{"embeddable":true,"href":"https:\/\/legacymexicanart.com\/en_en\/wp-json\/wp\/v2\/media\/1761"}],"wp:attachment":[{"href":"https:\/\/legacymexicanart.com\/en_en\/wp-json\/wp\/v2\/media?parent=1760"}],"wp:term":[{"taxonomy":"product_cat","embeddable":true,"href":"https:\/\/legacymexicanart.com\/en_en\/wp-json\/wp\/v2\/product_cat?post=1760"},{"taxonomy":"product_tag","embeddable":true,"href":"https:\/\/legacymexicanart.com\/en_en\/wp-json\/wp\/v2\/product_tag?post=1760"}],"curies":[{"name":"wp","href":"https:\/\/api.w.org\/{rel}","templated":true}]}}