{"id":1767,"date":"2022-06-18T00:03:12","date_gmt":"2022-06-17T18:03:12","guid":{"rendered":"https:\/\/legacymexicanart.com\/?post_type=product&#038;p=1767"},"modified":"2026-04-01T09:36:59","modified_gmt":"2026-04-01T03:36:59","slug":"tapete-shibori","status":"publish","type":"product","link":"https:\/\/legacymexicanart.com\/en_en\/product\/tapete-shibori\/","title":{"rendered":"Tapete Shibori"},"content":{"rendered":"<p>Tapete Shibori, elaborado en telar de pedal lana v\u00edrgen, te\u00f1ido con tintes naturales pasta de a\u00f1il con la t\u00e9cnica Shibori.<\/p>\n<p>Dimensiones: 2 x 1.30 Mts.<\/p>\n<p><em><strong>Shipping included to all of Mexico.<\/strong><\/em><\/p>\n<p>Craftsman: Julio C\u00e9sar Bautista<\/p>\n<p>At Legacy Mexican Art we appreciate the valuable legacy of our Mexican roots and culture by collaborating with artisans who love their work and pay special attention to detail, which is why we promote fair and local trade with the indigenous and artisan communities of our country.<\/p>\n<p><em>Oaxaca Legacy<\/em><\/p>\n<div dir=\"auto\">The artisans of Teotitl\u00e1n del Valle have dedicated themselves to making pieces of wool and cotton through the old pedal looms. With these rudimentary techniques and a bit of creativity, they have managed to create new models that adapt perfectly to spaces with a modern style.<\/div>\n<div dir=\"auto\">In addition to the manual weaving, the dyeing of the pieces is completely natural.<\/div>\n<div dir=\"auto\">The Oaxaca rug can be perfect as the final decorative touch in a living room, in the bedroom or with any armchair or space that you want to decorate.<\/div>\n<p>&nbsp;<\/p>\n<p><em>Cleaning and care:<\/em><\/p>\n<p>For the Oaxaca rug, it is recommended to vacuum regularly, and it can be brushed with a soft brush and a neutral soap foam.<\/p>\n<p>&nbsp;<\/p>\n<p><a href=\"https:\/\/www.instagram.com\/p\/CZAhVCULuVK\/?hl=es\">https:\/\/www.instagram.com\/p\/CZAhVCULuVK\/?hl=es<\/a><\/p>","protected":false},"excerpt":{"rendered":"<p><a href=\"mailto:contact@legacymexicanart.com?Subject=Mas%20info%20sku%TEOJC004%20\" target=\"_blank\" rel=\"noopener\"><br \/>\n<img decoding=\"async\" src=\"https:\/\/legacymexicanart.com\/wp-content\/uploads\/2021\/10\/email-Design.svg\" \/> More product information<br \/>\n<\/a><\/p>\n<p><em><strong>Shipping included to all of Mexico.<\/strong><\/em><\/p>","protected":false},"featured_media":1768,"comment_status":"open","ping_status":"closed","template":"","meta":[],"product_cat":[418,18,188,17],"product_tag":[377,317,277,236,378,381,340,273,379,380,382],"yoast_head":"<!-- This site is optimized with the Yoast SEO plugin v22.6 - https:\/\/yoast.com\/wordpress\/plugins\/seo\/ -->\n<title>Tapete Shibori &#187;<\/title>\n<meta name=\"description\" content=\"Tapete Shibori, elaborado en telar de pedal lana v\u00edrgen, te\u00f1ido con tintes naturales pasta de a\u00f1il con la t\u00e9cnica Shibori.\" \/>\n<meta name=\"robots\" content=\"index, follow, max-snippet:-1, max-image-preview:large, max-video-preview:-1\" \/>\n<link rel=\"canonical\" href=\"https:\/\/legacymexicanart.com\/en_en\/product\/tapete-shibori\/\" \/>\n<meta property=\"og:locale\" content=\"en_US\" \/>\n<meta property=\"og:type\" content=\"article\" \/>\n<meta property=\"og:title\" content=\"Tapete Shibori &#187;\" \/>\n<meta property=\"og:description\" content=\"Tapete Shibori, elaborado en telar de pedal lana v\u00edrgen, te\u00f1ido con tintes naturales pasta de a\u00f1il con la t\u00e9cnica Shibori.\" \/>\n<meta property=\"og:url\" content=\"https:\/\/legacymexicanart.com\/en_en\/product\/tapete-shibori\/\" \/>\n<meta property=\"article:modified_time\" content=\"2026-04-01T03:36:59+00:00\" \/>\n<meta property=\"og:image\" content=\"https:\/\/legacymexicanart.com\/wp-content\/uploads\/2022\/06\/Shibori_LegacyMexicanArt.jpg\" \/>\n\t<meta property=\"og:image:width\" content=\"659\" \/>\n\t<meta property=\"og:image:height\" content=\"836\" \/>\n\t<meta property=\"og:image:type\" content=\"image\/jpeg\" \/>\n<meta name=\"twitter:card\" content=\"summary_large_image\" \/>\n<meta name=\"twitter:label1\" content=\"Est. reading time\" \/>\n\t<meta name=\"twitter:data1\" content=\"1 minute\" \/>\n<script type=\"application\/ld+json\" class=\"yoast-schema-graph\">{\"@context\":\"https:\/\/schema.org\",\"@graph\":[{\"@type\":\"WebPage\",\"@id\":\"https:\/\/legacymexicanart.com\/product\/tapete-shibori\/\",\"url\":\"https:\/\/legacymexicanart.com\/product\/tapete-shibori\/\",\"name\":\"Tapete Shibori &#187;\",\"isPartOf\":{\"@id\":\"https:\/\/legacymexicanart.com\/#website\"},\"primaryImageOfPage\":{\"@id\":\"https:\/\/legacymexicanart.com\/product\/tapete-shibori\/#primaryimage\"},\"image\":{\"@id\":\"https:\/\/legacymexicanart.com\/product\/tapete-shibori\/#primaryimage\"},\"thumbnailUrl\":\"https:\/\/legacymexicanart.com\/wp-content\/uploads\/2022\/06\/Shibori_LegacyMexicanArt.jpg\",\"datePublished\":\"2022-06-17T18:03:12+00:00\",\"dateModified\":\"2026-04-01T03:36:59+00:00\",\"description\":\"Tapete Shibori, elaborado en telar de pedal lana v\u00edrgen, te\u00f1ido con tintes naturales pasta de a\u00f1il con la t\u00e9cnica Shibori.\",\"breadcrumb\":{\"@id\":\"https:\/\/legacymexicanart.com\/product\/tapete-shibori\/#breadcrumb\"},\"inLanguage\":\"en-US\",\"potentialAction\":[{\"@type\":\"ReadAction\",\"target\":[\"https:\/\/legacymexicanart.com\/product\/tapete-shibori\/\"]}]},{\"@type\":\"ImageObject\",\"inLanguage\":\"en-US\",\"@id\":\"https:\/\/legacymexicanart.com\/product\/tapete-shibori\/#primaryimage\",\"url\":\"https:\/\/legacymexicanart.com\/wp-content\/uploads\/2022\/06\/Shibori_LegacyMexicanArt.jpg\",\"contentUrl\":\"https:\/\/legacymexicanart.com\/wp-content\/uploads\/2022\/06\/Shibori_LegacyMexicanArt.jpg\",\"width\":659,\"height\":836},{\"@type\":\"BreadcrumbList\",\"@id\":\"https:\/\/legacymexicanart.com\/product\/tapete-shibori\/#breadcrumb\",\"itemListElement\":[{\"@type\":\"ListItem\",\"position\":1,\"name\":\"Portada\",\"item\":\"https:\/\/legacymexicanart.com\/\"},{\"@type\":\"ListItem\",\"position\":2,\"name\":\"Shop\",\"item\":\"https:\/\/legacymexicanart.com\/es_es\/shop\/\"},{\"@type\":\"ListItem\",\"position\":3,\"name\":\"Tapete Shibori\"}]},{\"@type\":\"WebSite\",\"@id\":\"https:\/\/legacymexicanart.com\/#website\",\"url\":\"https:\/\/legacymexicanart.com\/\",\"name\":\"\",\"description\":\"Legacy Mexican Art\",\"publisher\":{\"@id\":\"https:\/\/legacymexicanart.com\/#organization\"},\"potentialAction\":[{\"@type\":\"SearchAction\",\"target\":{\"@type\":\"EntryPoint\",\"urlTemplate\":\"https:\/\/legacymexicanart.com\/?s={search_term_string}\"},\"query-input\":\"required name=search_term_string\"}],\"inLanguage\":\"en-US\"},{\"@type\":\"Organization\",\"@id\":\"https:\/\/legacymexicanart.com\/#organization\",\"name\":\"Legacy Mexican Art\",\"url\":\"https:\/\/legacymexicanart.com\/\",\"logo\":{\"@type\":\"ImageObject\",\"inLanguage\":\"en-US\",\"@id\":\"https:\/\/legacymexicanart.com\/#\/schema\/logo\/image\/\",\"url\":\"\",\"contentUrl\":\"\",\"caption\":\"Legacy Mexican Art\"},\"image\":{\"@id\":\"https:\/\/legacymexicanart.com\/#\/schema\/logo\/image\/\"}}]}<\/script>\n<!-- \/ Yoast SEO plugin. -->","yoast_head_json":{"title":"Tapete Shibori &#187;","description":"Tapete Shibori, elaborado en telar de pedal lana v\u00edrgen, te\u00f1ido con tintes naturales pasta de a\u00f1il con la t\u00e9cnica Shibori.","robots":{"index":"index","follow":"follow","max-snippet":"max-snippet:-1","max-image-preview":"max-image-preview:large","max-video-preview":"max-video-preview:-1"},"canonical":"https:\/\/legacymexicanart.com\/en_en\/product\/tapete-shibori\/","og_locale":"en_US","og_type":"article","og_title":"Tapete Shibori &#187;","og_description":"Tapete Shibori, elaborado en telar de pedal lana v\u00edrgen, te\u00f1ido con tintes naturales pasta de a\u00f1il con la t\u00e9cnica Shibori.","og_url":"https:\/\/legacymexicanart.com\/en_en\/product\/tapete-shibori\/","article_modified_time":"2026-04-01T03:36:59+00:00","og_image":[{"width":659,"height":836,"url":"https:\/\/legacymexicanart.com\/wp-content\/uploads\/2022\/06\/Shibori_LegacyMexicanArt.jpg","type":"image\/jpeg"}],"twitter_card":"summary_large_image","twitter_misc":{"Est. reading time":"1 minute"},"schema":{"@context":"https:\/\/schema.org","@graph":[{"@type":"WebPage","@id":"https:\/\/legacymexicanart.com\/product\/tapete-shibori\/","url":"https:\/\/legacymexicanart.com\/product\/tapete-shibori\/","name":"Tapete Shibori &#187;","isPartOf":{"@id":"https:\/\/legacymexicanart.com\/#website"},"primaryImageOfPage":{"@id":"https:\/\/legacymexicanart.com\/product\/tapete-shibori\/#primaryimage"},"image":{"@id":"https:\/\/legacymexicanart.com\/product\/tapete-shibori\/#primaryimage"},"thumbnailUrl":"https:\/\/legacymexicanart.com\/wp-content\/uploads\/2022\/06\/Shibori_LegacyMexicanArt.jpg","datePublished":"2022-06-17T18:03:12+00:00","dateModified":"2026-04-01T03:36:59+00:00","description":"Tapete Shibori, elaborado en telar de pedal lana v\u00edrgen, te\u00f1ido con tintes naturales pasta de a\u00f1il con la t\u00e9cnica Shibori.","breadcrumb":{"@id":"https:\/\/legacymexicanart.com\/product\/tapete-shibori\/#breadcrumb"},"inLanguage":"en-US","potentialAction":[{"@type":"ReadAction","target":["https:\/\/legacymexicanart.com\/product\/tapete-shibori\/"]}]},{"@type":"ImageObject","inLanguage":"en-US","@id":"https:\/\/legacymexicanart.com\/product\/tapete-shibori\/#primaryimage","url":"https:\/\/legacymexicanart.com\/wp-content\/uploads\/2022\/06\/Shibori_LegacyMexicanArt.jpg","contentUrl":"https:\/\/legacymexicanart.com\/wp-content\/uploads\/2022\/06\/Shibori_LegacyMexicanArt.jpg","width":659,"height":836},{"@type":"BreadcrumbList","@id":"https:\/\/legacymexicanart.com\/product\/tapete-shibori\/#breadcrumb","itemListElement":[{"@type":"ListItem","position":1,"name":"Portada","item":"https:\/\/legacymexicanart.com\/"},{"@type":"ListItem","position":2,"name":"Shop","item":"https:\/\/legacymexicanart.com\/es_es\/shop\/"},{"@type":"ListItem","position":3,"name":"Tapete Shibori"}]},{"@type":"WebSite","@id":"https:\/\/legacymexicanart.com\/#website","url":"https:\/\/legacymexicanart.com\/","name":"","description":"Legacy Mexican Art","publisher":{"@id":"https:\/\/legacymexicanart.com\/#organization"},"potentialAction":[{"@type":"SearchAction","target":{"@type":"EntryPoint","urlTemplate":"https:\/\/legacymexicanart.com\/?s={search_term_string}"},"query-input":"required name=search_term_string"}],"inLanguage":"en-US"},{"@type":"Organization","@id":"https:\/\/legacymexicanart.com\/#organization","name":"Legacy Mexican Art","url":"https:\/\/legacymexicanart.com\/","logo":{"@type":"ImageObject","inLanguage":"en-US","@id":"https:\/\/legacymexicanart.com\/#\/schema\/logo\/image\/","url":"","contentUrl":"","caption":"Legacy Mexican Art"},"image":{"@id":"https:\/\/legacymexicanart.com\/#\/schema\/logo\/image\/"}}]}},"_links":{"self":[{"href":"https:\/\/legacymexicanart.com\/en_en\/wp-json\/wp\/v2\/product\/1767"}],"collection":[{"href":"https:\/\/legacymexicanart.com\/en_en\/wp-json\/wp\/v2\/product"}],"about":[{"href":"https:\/\/legacymexicanart.com\/en_en\/wp-json\/wp\/v2\/types\/product"}],"replies":[{"embeddable":true,"href":"https:\/\/legacymexicanart.com\/en_en\/wp-json\/wp\/v2\/comments?post=1767"}],"wp:featuredmedia":[{"embeddable":true,"href":"https:\/\/legacymexicanart.com\/en_en\/wp-json\/wp\/v2\/media\/1768"}],"wp:attachment":[{"href":"https:\/\/legacymexicanart.com\/en_en\/wp-json\/wp\/v2\/media?parent=1767"}],"wp:term":[{"taxonomy":"product_cat","embeddable":true,"href":"https:\/\/legacymexicanart.com\/en_en\/wp-json\/wp\/v2\/product_cat?post=1767"},{"taxonomy":"product_tag","embeddable":true,"href":"https:\/\/legacymexicanart.com\/en_en\/wp-json\/wp\/v2\/product_tag?post=1767"}],"curies":[{"name":"wp","href":"https:\/\/api.w.org\/{rel}","templated":true}]}}