{"id":1789,"date":"2022-10-12T22:58:37","date_gmt":"2022-10-12T16:58:37","guid":{"rendered":"https:\/\/legacymexicanart.com\/?post_type=product&#038;p=1789"},"modified":"2025-07-18T06:21:50","modified_gmt":"2025-07-18T00:21:50","slug":"vela-craneo","status":"publish","type":"product","link":"https:\/\/legacymexicanart.com\/en_en\/product\/vela-craneo\/","title":{"rendered":"Vela Cr\u00e1neo"},"content":{"rendered":"<p>La Vela Cr\u00e1neo es elaborada artesanalmente con cera de abeja y tintes naturales.<\/p>\n<p>Una pieza ideal para la decoraci\u00f3n de altares en D\u00eda de Muertos.<\/p>\n<p>Una excelente elecci\u00f3n para decorar adem\u00e1s de ser un producto amigable con el medio ambiente ya que al encenderla obtendr\u00e1s un ambiente libre de toxinas gracias a que son velas org\u00e1nicas.<\/p>\n<p>Dimensiones: 12 x 9 x H 10 cm.<\/p>\n<p><em>Shipping included to all of Mexico.<\/em><\/p>\n<p>Oaxaca Legacy<\/p>\n<p>Traditionally in this small Zapotec community of Teotitl\u00e1n del Valle, Oaxaca. Young couples would go out in secret and if any relatives opposed or did not approve of the relationship or the couple for their daughter, it was and still is the custom for the groom to steal the bride and later in an act of reconciliation with the family , the couple would return with gifts and accompanied by an elder of the city willing to negotiate peace, the young lovers would lead a walk with family and friends to the door of the house of the bride's parents, and all would carry the impressive candles that They are known as multicolored 'traditional shell candles' and are famous for this ancient tradition.<\/p>\n<p>En esta ocasi\u00f3n te presentamos la vela Cr\u00e1neo elaborada con toda la tradici\u00f3n de las artesanas de Teotitl\u00e1n del Valle.<\/p>\n<p>Hechas con amor por artesanos de Teotitl\u00e1n del Valle, Oaxaca.<\/p>","protected":false},"excerpt":{"rendered":"<p><a href=\"mailto:contact@legacymexicanart.com?Subject=Mas%20info%20sku%SPVB004%20\" target=\"_blank\" rel=\"noopener\"><br \/>\n<img decoding=\"async\" src=\"https:\/\/legacymexicanart.com\/wp-content\/uploads\/2021\/10\/email-Design.svg\" \/> More product information<br \/>\n<\/a><\/p>\n<p><em><strong>Shipping included to all of Mexico.<\/strong>.<\/em><\/p>","protected":false},"featured_media":1791,"comment_status":"open","ping_status":"closed","template":"","meta":[],"product_cat":[18,189],"product_tag":[286,172,184,397,394,398,400,399,392,396,395,282,393],"yoast_head":"<!-- This site is optimized with the Yoast SEO plugin v22.6 - https:\/\/yoast.com\/wordpress\/plugins\/seo\/ -->\n<title>Vela Cr\u00e1neo &#187;<\/title>\n<meta name=\"description\" content=\"La Vela Cr\u00e1neo es elaborada artesanalmente con cera de abeja y tintes naturales. Ideal para la decoraci\u00f3n de altares en D\u00eda de Muertos.\" \/>\n<meta name=\"robots\" content=\"index, follow, max-snippet:-1, max-image-preview:large, max-video-preview:-1\" \/>\n<link rel=\"canonical\" href=\"https:\/\/legacymexicanart.com\/en_en\/product\/vela-craneo\/\" \/>\n<meta property=\"og:locale\" content=\"en_US\" \/>\n<meta property=\"og:type\" content=\"article\" \/>\n<meta property=\"og:title\" content=\"Vela Cr\u00e1neo &#187;\" \/>\n<meta property=\"og:description\" content=\"La Vela Cr\u00e1neo es elaborada artesanalmente con cera de abeja y tintes naturales. Ideal para la decoraci\u00f3n de altares en D\u00eda de Muertos.\" \/>\n<meta property=\"og:url\" content=\"https:\/\/legacymexicanart.com\/en_en\/product\/vela-craneo\/\" \/>\n<meta property=\"article:modified_time\" content=\"2025-07-18T00:21:50+00:00\" \/>\n<meta property=\"og:image\" content=\"https:\/\/legacymexicanart.com\/wp-content\/uploads\/2022\/10\/Skull-Candle_Legacy-Mexican-Art.png\" \/>\n\t<meta property=\"og:image:width\" content=\"1481\" \/>\n\t<meta property=\"og:image:height\" content=\"1712\" \/>\n\t<meta property=\"og:image:type\" content=\"image\/png\" \/>\n<meta name=\"twitter:card\" content=\"summary_large_image\" \/>\n<meta name=\"twitter:label1\" content=\"Est. reading time\" \/>\n\t<meta name=\"twitter:data1\" content=\"1 minute\" \/>\n<script type=\"application\/ld+json\" class=\"yoast-schema-graph\">{\"@context\":\"https:\/\/schema.org\",\"@graph\":[{\"@type\":\"WebPage\",\"@id\":\"https:\/\/legacymexicanart.com\/product\/vela-craneo\/\",\"url\":\"https:\/\/legacymexicanart.com\/product\/vela-craneo\/\",\"name\":\"Vela Cr\u00e1neo &#187;\",\"isPartOf\":{\"@id\":\"https:\/\/legacymexicanart.com\/#website\"},\"primaryImageOfPage\":{\"@id\":\"https:\/\/legacymexicanart.com\/product\/vela-craneo\/#primaryimage\"},\"image\":{\"@id\":\"https:\/\/legacymexicanart.com\/product\/vela-craneo\/#primaryimage\"},\"thumbnailUrl\":\"https:\/\/legacymexicanart.com\/wp-content\/uploads\/2022\/10\/Skull-Candle_Legacy-Mexican-Art.png\",\"datePublished\":\"2022-10-12T16:58:37+00:00\",\"dateModified\":\"2025-07-18T00:21:50+00:00\",\"description\":\"La Vela Cr\u00e1neo es elaborada artesanalmente con cera de abeja y tintes naturales. Ideal para la decoraci\u00f3n de altares en D\u00eda de Muertos.\",\"breadcrumb\":{\"@id\":\"https:\/\/legacymexicanart.com\/product\/vela-craneo\/#breadcrumb\"},\"inLanguage\":\"en-US\",\"potentialAction\":[{\"@type\":\"ReadAction\",\"target\":[\"https:\/\/legacymexicanart.com\/product\/vela-craneo\/\"]}]},{\"@type\":\"ImageObject\",\"inLanguage\":\"en-US\",\"@id\":\"https:\/\/legacymexicanart.com\/product\/vela-craneo\/#primaryimage\",\"url\":\"https:\/\/legacymexicanart.com\/wp-content\/uploads\/2022\/10\/Skull-Candle_Legacy-Mexican-Art.png\",\"contentUrl\":\"https:\/\/legacymexicanart.com\/wp-content\/uploads\/2022\/10\/Skull-Candle_Legacy-Mexican-Art.png\",\"width\":1481,\"height\":1712},{\"@type\":\"BreadcrumbList\",\"@id\":\"https:\/\/legacymexicanart.com\/product\/vela-craneo\/#breadcrumb\",\"itemListElement\":[{\"@type\":\"ListItem\",\"position\":1,\"name\":\"Portada\",\"item\":\"https:\/\/legacymexicanart.com\/\"},{\"@type\":\"ListItem\",\"position\":2,\"name\":\"Shop\",\"item\":\"https:\/\/legacymexicanart.com\/es_es\/shop\/\"},{\"@type\":\"ListItem\",\"position\":3,\"name\":\"Vela Cr\u00e1neo\"}]},{\"@type\":\"WebSite\",\"@id\":\"https:\/\/legacymexicanart.com\/#website\",\"url\":\"https:\/\/legacymexicanart.com\/\",\"name\":\"\",\"description\":\"Legacy Mexican Art\",\"publisher\":{\"@id\":\"https:\/\/legacymexicanart.com\/#organization\"},\"potentialAction\":[{\"@type\":\"SearchAction\",\"target\":{\"@type\":\"EntryPoint\",\"urlTemplate\":\"https:\/\/legacymexicanart.com\/?s={search_term_string}\"},\"query-input\":\"required name=search_term_string\"}],\"inLanguage\":\"en-US\"},{\"@type\":\"Organization\",\"@id\":\"https:\/\/legacymexicanart.com\/#organization\",\"name\":\"Legacy Mexican Art\",\"url\":\"https:\/\/legacymexicanart.com\/\",\"logo\":{\"@type\":\"ImageObject\",\"inLanguage\":\"en-US\",\"@id\":\"https:\/\/legacymexicanart.com\/#\/schema\/logo\/image\/\",\"url\":\"\",\"contentUrl\":\"\",\"caption\":\"Legacy Mexican Art\"},\"image\":{\"@id\":\"https:\/\/legacymexicanart.com\/#\/schema\/logo\/image\/\"}}]}<\/script>\n<!-- \/ Yoast SEO plugin. -->","yoast_head_json":{"title":"Vela Cr\u00e1neo &#187;","description":"La Vela Cr\u00e1neo es elaborada artesanalmente con cera de abeja y tintes naturales. Ideal para la decoraci\u00f3n de altares en D\u00eda de Muertos.","robots":{"index":"index","follow":"follow","max-snippet":"max-snippet:-1","max-image-preview":"max-image-preview:large","max-video-preview":"max-video-preview:-1"},"canonical":"https:\/\/legacymexicanart.com\/en_en\/product\/vela-craneo\/","og_locale":"en_US","og_type":"article","og_title":"Vela Cr\u00e1neo &#187;","og_description":"La Vela Cr\u00e1neo es elaborada artesanalmente con cera de abeja y tintes naturales. Ideal para la decoraci\u00f3n de altares en D\u00eda de Muertos.","og_url":"https:\/\/legacymexicanart.com\/en_en\/product\/vela-craneo\/","article_modified_time":"2025-07-18T00:21:50+00:00","og_image":[{"width":1481,"height":1712,"url":"https:\/\/legacymexicanart.com\/wp-content\/uploads\/2022\/10\/Skull-Candle_Legacy-Mexican-Art.png","type":"image\/png"}],"twitter_card":"summary_large_image","twitter_misc":{"Est. reading time":"1 minute"},"schema":{"@context":"https:\/\/schema.org","@graph":[{"@type":"WebPage","@id":"https:\/\/legacymexicanart.com\/product\/vela-craneo\/","url":"https:\/\/legacymexicanart.com\/product\/vela-craneo\/","name":"Vela Cr\u00e1neo &#187;","isPartOf":{"@id":"https:\/\/legacymexicanart.com\/#website"},"primaryImageOfPage":{"@id":"https:\/\/legacymexicanart.com\/product\/vela-craneo\/#primaryimage"},"image":{"@id":"https:\/\/legacymexicanart.com\/product\/vela-craneo\/#primaryimage"},"thumbnailUrl":"https:\/\/legacymexicanart.com\/wp-content\/uploads\/2022\/10\/Skull-Candle_Legacy-Mexican-Art.png","datePublished":"2022-10-12T16:58:37+00:00","dateModified":"2025-07-18T00:21:50+00:00","description":"La Vela Cr\u00e1neo es elaborada artesanalmente con cera de abeja y tintes naturales. Ideal para la decoraci\u00f3n de altares en D\u00eda de Muertos.","breadcrumb":{"@id":"https:\/\/legacymexicanart.com\/product\/vela-craneo\/#breadcrumb"},"inLanguage":"en-US","potentialAction":[{"@type":"ReadAction","target":["https:\/\/legacymexicanart.com\/product\/vela-craneo\/"]}]},{"@type":"ImageObject","inLanguage":"en-US","@id":"https:\/\/legacymexicanart.com\/product\/vela-craneo\/#primaryimage","url":"https:\/\/legacymexicanart.com\/wp-content\/uploads\/2022\/10\/Skull-Candle_Legacy-Mexican-Art.png","contentUrl":"https:\/\/legacymexicanart.com\/wp-content\/uploads\/2022\/10\/Skull-Candle_Legacy-Mexican-Art.png","width":1481,"height":1712},{"@type":"BreadcrumbList","@id":"https:\/\/legacymexicanart.com\/product\/vela-craneo\/#breadcrumb","itemListElement":[{"@type":"ListItem","position":1,"name":"Portada","item":"https:\/\/legacymexicanart.com\/"},{"@type":"ListItem","position":2,"name":"Shop","item":"https:\/\/legacymexicanart.com\/es_es\/shop\/"},{"@type":"ListItem","position":3,"name":"Vela Cr\u00e1neo"}]},{"@type":"WebSite","@id":"https:\/\/legacymexicanart.com\/#website","url":"https:\/\/legacymexicanart.com\/","name":"","description":"Legacy Mexican Art","publisher":{"@id":"https:\/\/legacymexicanart.com\/#organization"},"potentialAction":[{"@type":"SearchAction","target":{"@type":"EntryPoint","urlTemplate":"https:\/\/legacymexicanart.com\/?s={search_term_string}"},"query-input":"required name=search_term_string"}],"inLanguage":"en-US"},{"@type":"Organization","@id":"https:\/\/legacymexicanart.com\/#organization","name":"Legacy Mexican Art","url":"https:\/\/legacymexicanart.com\/","logo":{"@type":"ImageObject","inLanguage":"en-US","@id":"https:\/\/legacymexicanart.com\/#\/schema\/logo\/image\/","url":"","contentUrl":"","caption":"Legacy Mexican Art"},"image":{"@id":"https:\/\/legacymexicanart.com\/#\/schema\/logo\/image\/"}}]}},"_links":{"self":[{"href":"https:\/\/legacymexicanart.com\/en_en\/wp-json\/wp\/v2\/product\/1789"}],"collection":[{"href":"https:\/\/legacymexicanart.com\/en_en\/wp-json\/wp\/v2\/product"}],"about":[{"href":"https:\/\/legacymexicanart.com\/en_en\/wp-json\/wp\/v2\/types\/product"}],"replies":[{"embeddable":true,"href":"https:\/\/legacymexicanart.com\/en_en\/wp-json\/wp\/v2\/comments?post=1789"}],"wp:featuredmedia":[{"embeddable":true,"href":"https:\/\/legacymexicanart.com\/en_en\/wp-json\/wp\/v2\/media\/1791"}],"wp:attachment":[{"href":"https:\/\/legacymexicanart.com\/en_en\/wp-json\/wp\/v2\/media?parent=1789"}],"wp:term":[{"taxonomy":"product_cat","embeddable":true,"href":"https:\/\/legacymexicanart.com\/en_en\/wp-json\/wp\/v2\/product_cat?post=1789"},{"taxonomy":"product_tag","embeddable":true,"href":"https:\/\/legacymexicanart.com\/en_en\/wp-json\/wp\/v2\/product_tag?post=1789"}],"curies":[{"name":"wp","href":"https:\/\/api.w.org\/{rel}","templated":true}]}}