{"id":1794,"date":"2022-10-12T23:50:15","date_gmt":"2022-10-12T17:50:15","guid":{"rendered":"https:\/\/legacymexicanart.com\/?post_type=product&#038;p=1794"},"modified":"2025-07-03T09:32:44","modified_gmt":"2025-07-03T03:32:44","slug":"estrella-purepecha","status":"publish","type":"product","link":"https:\/\/legacymexicanart.com\/en_en\/product\/estrella-purepecha\/","title":{"rendered":"Estrella Pur\u00e9pecha"},"content":{"rendered":"<p>La Estrella Pur\u00e9pecha es una pieza \u00fanica tejida a mano con fibras naturales del popotillo de trigo dando hermosas formas org\u00e1nicas irrepetibles, gracias a las h\u00e1biles manos del artesano Antonio.<\/p>\n<p>Decora cualquier espacio con la originalidad que brindan los elementos naturales.<\/p>\n<p>Artesano: Antonio<\/p>\n<p>Di\u00e1m. 150 cm<\/p>\n<p><em>Shipping included to all of Mexico.<\/em><\/p>","protected":false},"excerpt":{"rendered":"<p><a href=\"mailto:contact@legacymexicanart.com?Subject=Mas%20info%20sku%TZNAC004%20\" target=\"_blank\" rel=\"noopener\"><br \/>\n<img decoding=\"async\" src=\"https:\/\/legacymexicanart.com\/wp-content\/uploads\/2021\/10\/email-Design.svg\" \/> More product information<br \/>\n<\/a><\/p>\n<p><em><strong>Shipping included to all of Mexico.<\/strong><\/em><\/p>","protected":false},"featured_media":1795,"comment_status":"open","ping_status":"closed","template":"","meta":[],"product_cat":[18,191],"product_tag":[406,404,401,402,403,177,129,405],"yoast_head":"<!-- This site is optimized with the Yoast SEO plugin v22.6 - https:\/\/yoast.com\/wordpress\/plugins\/seo\/ -->\n<title>Estrella Pur\u00e9pecha &#187;<\/title>\n<meta name=\"description\" content=\"La Estrella Pur\u00e9pecha es una pieza \u00fanica tejida a mano con fibras naturales del popotillo de trigo dando hermosas formas org\u00e1nicas.\" \/>\n<meta name=\"robots\" content=\"index, follow, max-snippet:-1, max-image-preview:large, max-video-preview:-1\" \/>\n<link rel=\"canonical\" href=\"https:\/\/legacymexicanart.com\/en_en\/product\/estrella-purepecha\/\" \/>\n<meta property=\"og:locale\" content=\"en_US\" \/>\n<meta property=\"og:type\" content=\"article\" \/>\n<meta property=\"og:title\" content=\"Estrella Pur\u00e9pecha &#187;\" \/>\n<meta property=\"og:description\" content=\"La Estrella Pur\u00e9pecha es una pieza \u00fanica tejida a mano con fibras naturales del popotillo de trigo dando hermosas formas org\u00e1nicas.\" \/>\n<meta property=\"og:url\" content=\"https:\/\/legacymexicanart.com\/en_en\/product\/estrella-purepecha\/\" \/>\n<meta property=\"article:modified_time\" content=\"2025-07-03T03:32:44+00:00\" \/>\n<meta property=\"og:image\" content=\"https:\/\/legacymexicanart.com\/wp-content\/uploads\/2022\/10\/281791352_5153091128145347_5867518239044811201_n.jpg\" \/>\n\t<meta property=\"og:image:width\" content=\"599\" \/>\n\t<meta property=\"og:image:height\" content=\"638\" \/>\n\t<meta property=\"og:image:type\" content=\"image\/jpeg\" \/>\n<meta name=\"twitter:card\" content=\"summary_large_image\" \/>\n<meta name=\"twitter:label1\" content=\"Est. reading time\" \/>\n\t<meta name=\"twitter:data1\" content=\"1 minute\" \/>\n<script type=\"application\/ld+json\" class=\"yoast-schema-graph\">{\"@context\":\"https:\/\/schema.org\",\"@graph\":[{\"@type\":\"WebPage\",\"@id\":\"https:\/\/legacymexicanart.com\/product\/estrella-purepecha\/\",\"url\":\"https:\/\/legacymexicanart.com\/product\/estrella-purepecha\/\",\"name\":\"Estrella Pur\u00e9pecha &#187;\",\"isPartOf\":{\"@id\":\"https:\/\/legacymexicanart.com\/#website\"},\"primaryImageOfPage\":{\"@id\":\"https:\/\/legacymexicanart.com\/product\/estrella-purepecha\/#primaryimage\"},\"image\":{\"@id\":\"https:\/\/legacymexicanart.com\/product\/estrella-purepecha\/#primaryimage\"},\"thumbnailUrl\":\"https:\/\/legacymexicanart.com\/wp-content\/uploads\/2022\/10\/281791352_5153091128145347_5867518239044811201_n.jpg\",\"datePublished\":\"2022-10-12T17:50:15+00:00\",\"dateModified\":\"2025-07-03T03:32:44+00:00\",\"description\":\"La Estrella Pur\u00e9pecha es una pieza \u00fanica tejida a mano con fibras naturales del popotillo de trigo dando hermosas formas org\u00e1nicas.\",\"breadcrumb\":{\"@id\":\"https:\/\/legacymexicanart.com\/product\/estrella-purepecha\/#breadcrumb\"},\"inLanguage\":\"en-US\",\"potentialAction\":[{\"@type\":\"ReadAction\",\"target\":[\"https:\/\/legacymexicanart.com\/product\/estrella-purepecha\/\"]}]},{\"@type\":\"ImageObject\",\"inLanguage\":\"en-US\",\"@id\":\"https:\/\/legacymexicanart.com\/product\/estrella-purepecha\/#primaryimage\",\"url\":\"https:\/\/legacymexicanart.com\/wp-content\/uploads\/2022\/10\/281791352_5153091128145347_5867518239044811201_n.jpg\",\"contentUrl\":\"https:\/\/legacymexicanart.com\/wp-content\/uploads\/2022\/10\/281791352_5153091128145347_5867518239044811201_n.jpg\",\"width\":599,\"height\":638,\"caption\":\"Estrellapurepecha_LegacyMexicanArt\"},{\"@type\":\"BreadcrumbList\",\"@id\":\"https:\/\/legacymexicanart.com\/product\/estrella-purepecha\/#breadcrumb\",\"itemListElement\":[{\"@type\":\"ListItem\",\"position\":1,\"name\":\"Portada\",\"item\":\"https:\/\/legacymexicanart.com\/\"},{\"@type\":\"ListItem\",\"position\":2,\"name\":\"Shop\",\"item\":\"https:\/\/legacymexicanart.com\/es_es\/shop\/\"},{\"@type\":\"ListItem\",\"position\":3,\"name\":\"Estrella Pur\u00e9pecha\"}]},{\"@type\":\"WebSite\",\"@id\":\"https:\/\/legacymexicanart.com\/#website\",\"url\":\"https:\/\/legacymexicanart.com\/\",\"name\":\"\",\"description\":\"Legacy Mexican Art\",\"publisher\":{\"@id\":\"https:\/\/legacymexicanart.com\/#organization\"},\"potentialAction\":[{\"@type\":\"SearchAction\",\"target\":{\"@type\":\"EntryPoint\",\"urlTemplate\":\"https:\/\/legacymexicanart.com\/?s={search_term_string}\"},\"query-input\":\"required name=search_term_string\"}],\"inLanguage\":\"en-US\"},{\"@type\":\"Organization\",\"@id\":\"https:\/\/legacymexicanart.com\/#organization\",\"name\":\"Legacy Mexican Art\",\"url\":\"https:\/\/legacymexicanart.com\/\",\"logo\":{\"@type\":\"ImageObject\",\"inLanguage\":\"en-US\",\"@id\":\"https:\/\/legacymexicanart.com\/#\/schema\/logo\/image\/\",\"url\":\"\",\"contentUrl\":\"\",\"caption\":\"Legacy Mexican Art\"},\"image\":{\"@id\":\"https:\/\/legacymexicanart.com\/#\/schema\/logo\/image\/\"}}]}<\/script>\n<!-- \/ Yoast SEO plugin. -->","yoast_head_json":{"title":"Estrella Pur\u00e9pecha &#187;","description":"La Estrella Pur\u00e9pecha es una pieza \u00fanica tejida a mano con fibras naturales del popotillo de trigo dando hermosas formas org\u00e1nicas.","robots":{"index":"index","follow":"follow","max-snippet":"max-snippet:-1","max-image-preview":"max-image-preview:large","max-video-preview":"max-video-preview:-1"},"canonical":"https:\/\/legacymexicanart.com\/en_en\/product\/estrella-purepecha\/","og_locale":"en_US","og_type":"article","og_title":"Estrella Pur\u00e9pecha &#187;","og_description":"La Estrella Pur\u00e9pecha es una pieza \u00fanica tejida a mano con fibras naturales del popotillo de trigo dando hermosas formas org\u00e1nicas.","og_url":"https:\/\/legacymexicanart.com\/en_en\/product\/estrella-purepecha\/","article_modified_time":"2025-07-03T03:32:44+00:00","og_image":[{"width":599,"height":638,"url":"https:\/\/legacymexicanart.com\/wp-content\/uploads\/2022\/10\/281791352_5153091128145347_5867518239044811201_n.jpg","type":"image\/jpeg"}],"twitter_card":"summary_large_image","twitter_misc":{"Est. reading time":"1 minute"},"schema":{"@context":"https:\/\/schema.org","@graph":[{"@type":"WebPage","@id":"https:\/\/legacymexicanart.com\/product\/estrella-purepecha\/","url":"https:\/\/legacymexicanart.com\/product\/estrella-purepecha\/","name":"Estrella Pur\u00e9pecha &#187;","isPartOf":{"@id":"https:\/\/legacymexicanart.com\/#website"},"primaryImageOfPage":{"@id":"https:\/\/legacymexicanart.com\/product\/estrella-purepecha\/#primaryimage"},"image":{"@id":"https:\/\/legacymexicanart.com\/product\/estrella-purepecha\/#primaryimage"},"thumbnailUrl":"https:\/\/legacymexicanart.com\/wp-content\/uploads\/2022\/10\/281791352_5153091128145347_5867518239044811201_n.jpg","datePublished":"2022-10-12T17:50:15+00:00","dateModified":"2025-07-03T03:32:44+00:00","description":"La Estrella Pur\u00e9pecha es una pieza \u00fanica tejida a mano con fibras naturales del popotillo de trigo dando hermosas formas org\u00e1nicas.","breadcrumb":{"@id":"https:\/\/legacymexicanart.com\/product\/estrella-purepecha\/#breadcrumb"},"inLanguage":"en-US","potentialAction":[{"@type":"ReadAction","target":["https:\/\/legacymexicanart.com\/product\/estrella-purepecha\/"]}]},{"@type":"ImageObject","inLanguage":"en-US","@id":"https:\/\/legacymexicanart.com\/product\/estrella-purepecha\/#primaryimage","url":"https:\/\/legacymexicanart.com\/wp-content\/uploads\/2022\/10\/281791352_5153091128145347_5867518239044811201_n.jpg","contentUrl":"https:\/\/legacymexicanart.com\/wp-content\/uploads\/2022\/10\/281791352_5153091128145347_5867518239044811201_n.jpg","width":599,"height":638,"caption":"Estrellapurepecha_LegacyMexicanArt"},{"@type":"BreadcrumbList","@id":"https:\/\/legacymexicanart.com\/product\/estrella-purepecha\/#breadcrumb","itemListElement":[{"@type":"ListItem","position":1,"name":"Portada","item":"https:\/\/legacymexicanart.com\/"},{"@type":"ListItem","position":2,"name":"Shop","item":"https:\/\/legacymexicanart.com\/es_es\/shop\/"},{"@type":"ListItem","position":3,"name":"Estrella Pur\u00e9pecha"}]},{"@type":"WebSite","@id":"https:\/\/legacymexicanart.com\/#website","url":"https:\/\/legacymexicanart.com\/","name":"","description":"Legacy Mexican Art","publisher":{"@id":"https:\/\/legacymexicanart.com\/#organization"},"potentialAction":[{"@type":"SearchAction","target":{"@type":"EntryPoint","urlTemplate":"https:\/\/legacymexicanart.com\/?s={search_term_string}"},"query-input":"required name=search_term_string"}],"inLanguage":"en-US"},{"@type":"Organization","@id":"https:\/\/legacymexicanart.com\/#organization","name":"Legacy Mexican Art","url":"https:\/\/legacymexicanart.com\/","logo":{"@type":"ImageObject","inLanguage":"en-US","@id":"https:\/\/legacymexicanart.com\/#\/schema\/logo\/image\/","url":"","contentUrl":"","caption":"Legacy Mexican Art"},"image":{"@id":"https:\/\/legacymexicanart.com\/#\/schema\/logo\/image\/"}}]}},"_links":{"self":[{"href":"https:\/\/legacymexicanart.com\/en_en\/wp-json\/wp\/v2\/product\/1794"}],"collection":[{"href":"https:\/\/legacymexicanart.com\/en_en\/wp-json\/wp\/v2\/product"}],"about":[{"href":"https:\/\/legacymexicanart.com\/en_en\/wp-json\/wp\/v2\/types\/product"}],"replies":[{"embeddable":true,"href":"https:\/\/legacymexicanart.com\/en_en\/wp-json\/wp\/v2\/comments?post=1794"}],"wp:featuredmedia":[{"embeddable":true,"href":"https:\/\/legacymexicanart.com\/en_en\/wp-json\/wp\/v2\/media\/1795"}],"wp:attachment":[{"href":"https:\/\/legacymexicanart.com\/en_en\/wp-json\/wp\/v2\/media?parent=1794"}],"wp:term":[{"taxonomy":"product_cat","embeddable":true,"href":"https:\/\/legacymexicanart.com\/en_en\/wp-json\/wp\/v2\/product_cat?post=1794"},{"taxonomy":"product_tag","embeddable":true,"href":"https:\/\/legacymexicanart.com\/en_en\/wp-json\/wp\/v2\/product_tag?post=1794"}],"curies":[{"name":"wp","href":"https:\/\/api.w.org\/{rel}","templated":true}]}}