{"id":1813,"date":"2023-01-22T06:21:05","date_gmt":"2023-01-22T00:21:05","guid":{"rendered":"https:\/\/legacymexicanart.com\/?post_type=product&#038;p=1813"},"modified":"2025-07-02T04:47:33","modified_gmt":"2025-07-01T22:47:33","slug":"alebrije-elefante","status":"publish","type":"product","link":"https:\/\/legacymexicanart.com\/en_en\/product\/alebrije-elefante\/","title":{"rendered":"Elephant Alebrije"},"content":{"rendered":"<p>The Elephant alebrije is a powerful piece that symbolizes intelligence and strength.<\/p>\n<p>Enjoy its beautiful colors, hand-painted with the delicacy and skill of the artisan Gerardo Linares, grandson of Pedro Linares, the authentic creator of the alebrijes in Mexico.<\/p>\n<p>For Legacy Mexican Art it is very important introduce our the legacy of our<br \/>\nMexican artists and artisans, since authentic alebrijes are made with the papier-m\u00e2ch\u00e9 technique, also known as cartoner\u00eda.<\/p>\n<p>Dimensions: 8.66\" x 8.66\" x 5.9\"<\/p>\n<p>Shipping included to all of Mexico.<\/p>\n<p><em>Legacy of the Alebrijes<\/em><\/p>\n<p>It all goes back to when Pedro Linares fell ill unconscious and in his hallucinations he dreamed of all these surreal animals called Alebrijes.<\/p>\n<p>In 1975, a documentary about Pedro Linares by Judith Bronowski made the Alebrijes known internationally.<\/p>\n<p>Currently his son David and his grandson Gerardo proudly carry on the family legacy.<\/p>\n<p>Respecting the legacy of the Linares family with the creation and name of the ALEBRIJES, from now on in Legacy Mexican Art we will refer to the pieces from the city of Oaxaca as wood carvings, Tonas or Nahuales.<\/p>\n<p>&nbsp;<\/p>\n<p><a href=\"https:\/\/www.instagram.com\/p\/Cn2Y3X5vkTB\/?img_index=1\">https:\/\/www.instagram.com\/p\/Cn2Y3X5vkTB\/?img_index=1<\/a><\/p>\n<p><a href=\"https:\/\/legacymexicanart.com\/en_en\/product-category\/decoracion\/alebrijes\/\">https:\/\/legacymexicanart.com\/es_es\/product-category\/decoracion\/alebrijes\/<\/a><\/p>","protected":false},"excerpt":{"rendered":"<p><a href=\"mailto:contact@legacymexicanart.com?Subject=Mas%20info%20sku%20GLIN0100%20\" target=\"_blank\" rel=\"noopener\"><br \/>\n<img decoding=\"async\" src=\"https:\/\/legacymexicanart.com\/wp-content\/uploads\/2021\/10\/email-Design.svg\" \/> More product information<br \/>\n<\/a><\/p>\n<p><em><strong>Shipping included to all of Mexico.<\/strong><\/em><\/p>","protected":false},"featured_media":1905,"comment_status":"open","ping_status":"closed","template":"","meta":[],"product_cat":[18,192],"product_tag":[218,410,94,414,413,409,277,121,95,411,412],"yoast_head":"<!-- This site is optimized with the Yoast SEO plugin v22.6 - https:\/\/yoast.com\/wordpress\/plugins\/seo\/ -->\n<title>Alebrije Elefante &#187;<\/title>\n<meta name=\"description\" content=\"El alebrije Elefante es una pieza poderosa que simboliza la inteligencia y fortaleza. Hecho en papel mache por la familia Linares.\" \/>\n<meta name=\"robots\" content=\"index, follow, max-snippet:-1, max-image-preview:large, max-video-preview:-1\" \/>\n<link rel=\"canonical\" href=\"https:\/\/legacymexicanart.com\/en_en\/product\/alebrije-elefante\/\" \/>\n<meta property=\"og:locale\" content=\"en_US\" \/>\n<meta property=\"og:type\" content=\"article\" \/>\n<meta property=\"og:title\" content=\"Alebrije Elefante &#187;\" \/>\n<meta property=\"og:description\" content=\"El alebrije Elefante es una pieza poderosa que simboliza la inteligencia y fortaleza. Hecho en papel mache por la familia Linares.\" \/>\n<meta property=\"og:url\" content=\"https:\/\/legacymexicanart.com\/en_en\/product\/alebrije-elefante\/\" \/>\n<meta property=\"article:modified_time\" content=\"2025-07-01T22:47:33+00:00\" \/>\n<meta property=\"og:image\" content=\"https:\/\/legacymexicanart.com\/wp-content\/uploads\/2023\/01\/PhotoRoom-20230302_170823.jpg\" \/>\n\t<meta property=\"og:image:width\" content=\"1500\" \/>\n\t<meta property=\"og:image:height\" content=\"1829\" \/>\n\t<meta property=\"og:image:type\" content=\"image\/jpeg\" \/>\n<meta name=\"twitter:card\" content=\"summary_large_image\" \/>\n<meta name=\"twitter:label1\" content=\"Est. reading time\" \/>\n\t<meta name=\"twitter:data1\" content=\"2 minutes\" \/>\n<script type=\"application\/ld+json\" class=\"yoast-schema-graph\">{\"@context\":\"https:\/\/schema.org\",\"@graph\":[{\"@type\":\"WebPage\",\"@id\":\"https:\/\/legacymexicanart.com\/product\/alebrije-elefante\/\",\"url\":\"https:\/\/legacymexicanart.com\/product\/alebrije-elefante\/\",\"name\":\"Alebrije Elefante &#187;\",\"isPartOf\":{\"@id\":\"https:\/\/legacymexicanart.com\/#website\"},\"primaryImageOfPage\":{\"@id\":\"https:\/\/legacymexicanart.com\/product\/alebrije-elefante\/#primaryimage\"},\"image\":{\"@id\":\"https:\/\/legacymexicanart.com\/product\/alebrije-elefante\/#primaryimage\"},\"thumbnailUrl\":\"https:\/\/legacymexicanart.com\/wp-content\/uploads\/2023\/01\/PhotoRoom-20230302_170823.jpg\",\"datePublished\":\"2023-01-22T00:21:05+00:00\",\"dateModified\":\"2025-07-01T22:47:33+00:00\",\"description\":\"El alebrije Elefante es una pieza poderosa que simboliza la inteligencia y fortaleza. Hecho en papel mache por la familia Linares.\",\"breadcrumb\":{\"@id\":\"https:\/\/legacymexicanart.com\/product\/alebrije-elefante\/#breadcrumb\"},\"inLanguage\":\"en-US\",\"potentialAction\":[{\"@type\":\"ReadAction\",\"target\":[\"https:\/\/legacymexicanart.com\/product\/alebrije-elefante\/\"]}]},{\"@type\":\"ImageObject\",\"inLanguage\":\"en-US\",\"@id\":\"https:\/\/legacymexicanart.com\/product\/alebrije-elefante\/#primaryimage\",\"url\":\"https:\/\/legacymexicanart.com\/wp-content\/uploads\/2023\/01\/PhotoRoom-20230302_170823.jpg\",\"contentUrl\":\"https:\/\/legacymexicanart.com\/wp-content\/uploads\/2023\/01\/PhotoRoom-20230302_170823.jpg\",\"width\":1500,\"height\":1829,\"caption\":\"Alebrije Elefante LMA\"},{\"@type\":\"BreadcrumbList\",\"@id\":\"https:\/\/legacymexicanart.com\/product\/alebrije-elefante\/#breadcrumb\",\"itemListElement\":[{\"@type\":\"ListItem\",\"position\":1,\"name\":\"Portada\",\"item\":\"https:\/\/legacymexicanart.com\/\"},{\"@type\":\"ListItem\",\"position\":2,\"name\":\"Shop\",\"item\":\"https:\/\/legacymexicanart.com\/es_es\/shop\/\"},{\"@type\":\"ListItem\",\"position\":3,\"name\":\"Alebrije Elefante\"}]},{\"@type\":\"WebSite\",\"@id\":\"https:\/\/legacymexicanart.com\/#website\",\"url\":\"https:\/\/legacymexicanart.com\/\",\"name\":\"\",\"description\":\"Legacy Mexican Art\",\"publisher\":{\"@id\":\"https:\/\/legacymexicanart.com\/#organization\"},\"potentialAction\":[{\"@type\":\"SearchAction\",\"target\":{\"@type\":\"EntryPoint\",\"urlTemplate\":\"https:\/\/legacymexicanart.com\/?s={search_term_string}\"},\"query-input\":\"required name=search_term_string\"}],\"inLanguage\":\"en-US\"},{\"@type\":\"Organization\",\"@id\":\"https:\/\/legacymexicanart.com\/#organization\",\"name\":\"Legacy Mexican Art\",\"url\":\"https:\/\/legacymexicanart.com\/\",\"logo\":{\"@type\":\"ImageObject\",\"inLanguage\":\"en-US\",\"@id\":\"https:\/\/legacymexicanart.com\/#\/schema\/logo\/image\/\",\"url\":\"\",\"contentUrl\":\"\",\"caption\":\"Legacy Mexican Art\"},\"image\":{\"@id\":\"https:\/\/legacymexicanart.com\/#\/schema\/logo\/image\/\"}}]}<\/script>\n<!-- \/ Yoast SEO plugin. -->","yoast_head_json":{"title":"Alebrije Elefante &#187;","description":"El alebrije Elefante es una pieza poderosa que simboliza la inteligencia y fortaleza. Hecho en papel mache por la familia Linares.","robots":{"index":"index","follow":"follow","max-snippet":"max-snippet:-1","max-image-preview":"max-image-preview:large","max-video-preview":"max-video-preview:-1"},"canonical":"https:\/\/legacymexicanart.com\/en_en\/product\/alebrije-elefante\/","og_locale":"en_US","og_type":"article","og_title":"Alebrije Elefante &#187;","og_description":"El alebrije Elefante es una pieza poderosa que simboliza la inteligencia y fortaleza. Hecho en papel mache por la familia Linares.","og_url":"https:\/\/legacymexicanart.com\/en_en\/product\/alebrije-elefante\/","article_modified_time":"2025-07-01T22:47:33+00:00","og_image":[{"width":1500,"height":1829,"url":"https:\/\/legacymexicanart.com\/wp-content\/uploads\/2023\/01\/PhotoRoom-20230302_170823.jpg","type":"image\/jpeg"}],"twitter_card":"summary_large_image","twitter_misc":{"Est. reading time":"2 minutes"},"schema":{"@context":"https:\/\/schema.org","@graph":[{"@type":"WebPage","@id":"https:\/\/legacymexicanart.com\/product\/alebrije-elefante\/","url":"https:\/\/legacymexicanart.com\/product\/alebrije-elefante\/","name":"Alebrije Elefante &#187;","isPartOf":{"@id":"https:\/\/legacymexicanart.com\/#website"},"primaryImageOfPage":{"@id":"https:\/\/legacymexicanart.com\/product\/alebrije-elefante\/#primaryimage"},"image":{"@id":"https:\/\/legacymexicanart.com\/product\/alebrije-elefante\/#primaryimage"},"thumbnailUrl":"https:\/\/legacymexicanart.com\/wp-content\/uploads\/2023\/01\/PhotoRoom-20230302_170823.jpg","datePublished":"2023-01-22T00:21:05+00:00","dateModified":"2025-07-01T22:47:33+00:00","description":"El alebrije Elefante es una pieza poderosa que simboliza la inteligencia y fortaleza. Hecho en papel mache por la familia Linares.","breadcrumb":{"@id":"https:\/\/legacymexicanart.com\/product\/alebrije-elefante\/#breadcrumb"},"inLanguage":"en-US","potentialAction":[{"@type":"ReadAction","target":["https:\/\/legacymexicanart.com\/product\/alebrije-elefante\/"]}]},{"@type":"ImageObject","inLanguage":"en-US","@id":"https:\/\/legacymexicanart.com\/product\/alebrije-elefante\/#primaryimage","url":"https:\/\/legacymexicanart.com\/wp-content\/uploads\/2023\/01\/PhotoRoom-20230302_170823.jpg","contentUrl":"https:\/\/legacymexicanart.com\/wp-content\/uploads\/2023\/01\/PhotoRoom-20230302_170823.jpg","width":1500,"height":1829,"caption":"Alebrije Elefante LMA"},{"@type":"BreadcrumbList","@id":"https:\/\/legacymexicanart.com\/product\/alebrije-elefante\/#breadcrumb","itemListElement":[{"@type":"ListItem","position":1,"name":"Portada","item":"https:\/\/legacymexicanart.com\/"},{"@type":"ListItem","position":2,"name":"Shop","item":"https:\/\/legacymexicanart.com\/es_es\/shop\/"},{"@type":"ListItem","position":3,"name":"Alebrije Elefante"}]},{"@type":"WebSite","@id":"https:\/\/legacymexicanart.com\/#website","url":"https:\/\/legacymexicanart.com\/","name":"","description":"Legacy Mexican Art","publisher":{"@id":"https:\/\/legacymexicanart.com\/#organization"},"potentialAction":[{"@type":"SearchAction","target":{"@type":"EntryPoint","urlTemplate":"https:\/\/legacymexicanart.com\/?s={search_term_string}"},"query-input":"required name=search_term_string"}],"inLanguage":"en-US"},{"@type":"Organization","@id":"https:\/\/legacymexicanart.com\/#organization","name":"Legacy Mexican Art","url":"https:\/\/legacymexicanart.com\/","logo":{"@type":"ImageObject","inLanguage":"en-US","@id":"https:\/\/legacymexicanart.com\/#\/schema\/logo\/image\/","url":"","contentUrl":"","caption":"Legacy Mexican Art"},"image":{"@id":"https:\/\/legacymexicanart.com\/#\/schema\/logo\/image\/"}}]}},"_links":{"self":[{"href":"https:\/\/legacymexicanart.com\/en_en\/wp-json\/wp\/v2\/product\/1813"}],"collection":[{"href":"https:\/\/legacymexicanart.com\/en_en\/wp-json\/wp\/v2\/product"}],"about":[{"href":"https:\/\/legacymexicanart.com\/en_en\/wp-json\/wp\/v2\/types\/product"}],"replies":[{"embeddable":true,"href":"https:\/\/legacymexicanart.com\/en_en\/wp-json\/wp\/v2\/comments?post=1813"}],"wp:featuredmedia":[{"embeddable":true,"href":"https:\/\/legacymexicanart.com\/en_en\/wp-json\/wp\/v2\/media\/1905"}],"wp:attachment":[{"href":"https:\/\/legacymexicanart.com\/en_en\/wp-json\/wp\/v2\/media?parent=1813"}],"wp:term":[{"taxonomy":"product_cat","embeddable":true,"href":"https:\/\/legacymexicanart.com\/en_en\/wp-json\/wp\/v2\/product_cat?post=1813"},{"taxonomy":"product_tag","embeddable":true,"href":"https:\/\/legacymexicanart.com\/en_en\/wp-json\/wp\/v2\/product_tag?post=1813"}],"curies":[{"name":"wp","href":"https:\/\/api.w.org\/{rel}","templated":true}]}}