{"id":1826,"date":"2023-03-03T05:01:58","date_gmt":"2023-03-02T23:01:58","guid":{"rendered":"https:\/\/legacymexicanart.com\/?post_type=product&#038;p=1826"},"modified":"2025-03-20T08:10:11","modified_gmt":"2025-03-20T02:10:11","slug":"alebrije-personalizado","status":"publish","type":"product","link":"https:\/\/legacymexicanart.com\/en_en\/product\/alebrije-personalizado\/","title":{"rendered":"Customized Alebrije 6\""},"content":{"rendered":"<p>customize your alebrije!!<\/p>\n<p>Do you have an idea or you want to have an alebrije of a specific animal or a mixture of several as well as the concept and colors, write to us at\u00a0<a href=\"mailto:costume@legacymexicanart.com\" target=\"_blank\" rel=\"noreferrer noopener\">contact@legacymexicanart.com<\/a>\u00a0and send us the idea of \u200b\u200byour personalized alebrije and the artisan will take care of the rest with his creativity and style!!<\/p>\n<p>This section applies to the personalized design of alebrijes made in papier-m\u00e2ch\u00e9 with a height of approx. of 6\"<\/p>\n<p>The alebrije can be on the floor or to hang on the wall.<\/p>\n<p>It is delivered signed by the artist and with its certificate of authenticity.<\/p>\n<p>Production time is 8 weeks, regardless of shipping time.<\/p>\n<p>&nbsp;<\/p>","protected":false},"excerpt":{"rendered":"<p><a href=\"mailto:contact@legacymexicanart.com?Subject=Mas%20info%20sku%20GLIN0101%20\" target=\"_blank\" rel=\"noopener\"><br \/>\n<img decoding=\"async\" src=\"https:\/\/legacymexicanart.com\/wp-content\/uploads\/2021\/10\/email-Design.svg\" \/> More product information<br \/>\n<\/a><\/p>\n<p>&nbsp;<\/p>","protected":false},"featured_media":1971,"comment_status":"open","ping_status":"closed","template":"","meta":[],"product_cat":[18,192],"product_tag":[],"yoast_head":"<!-- This site is optimized with the Yoast SEO plugin v22.6 - https:\/\/yoast.com\/wordpress\/plugins\/seo\/ -->\n<title>Alebrije Personalizado 15 cm &#187;<\/title>\n<meta name=\"description\" content=\"Deseas tener un alebrije personalizado de alg\u00fan animal en espec\u00edfico o bien la mezcla de varios, m\u00e1ndanos la idea para hacerlo realidad!!\" \/>\n<meta name=\"robots\" content=\"index, follow, max-snippet:-1, max-image-preview:large, max-video-preview:-1\" \/>\n<link rel=\"canonical\" href=\"https:\/\/legacymexicanart.com\/en_en\/product\/alebrije-personalizado\/\" \/>\n<meta property=\"og:locale\" content=\"en_US\" \/>\n<meta property=\"og:type\" content=\"article\" \/>\n<meta property=\"og:title\" content=\"Alebrije Personalizado 15 cm &#187;\" \/>\n<meta property=\"og:description\" content=\"Deseas tener un alebrije personalizado de alg\u00fan animal en espec\u00edfico o bien la mezcla de varios, m\u00e1ndanos la idea para hacerlo realidad!!\" \/>\n<meta property=\"og:url\" content=\"https:\/\/legacymexicanart.com\/en_en\/product\/alebrije-personalizado\/\" \/>\n<meta property=\"article:modified_time\" content=\"2025-03-20T02:10:11+00:00\" \/>\n<meta property=\"og:image\" content=\"https:\/\/legacymexicanart.com\/wp-content\/uploads\/2023\/03\/COSTUMIZE-15.jpg\" \/>\n\t<meta property=\"og:image:width\" content=\"1080\" \/>\n\t<meta property=\"og:image:height\" content=\"1920\" \/>\n\t<meta property=\"og:image:type\" content=\"image\/jpeg\" \/>\n<meta name=\"twitter:card\" content=\"summary_large_image\" \/>\n<meta name=\"twitter:label1\" content=\"Est. reading time\" \/>\n\t<meta name=\"twitter:data1\" content=\"1 minute\" \/>\n<script type=\"application\/ld+json\" class=\"yoast-schema-graph\">{\"@context\":\"https:\/\/schema.org\",\"@graph\":[{\"@type\":\"WebPage\",\"@id\":\"https:\/\/legacymexicanart.com\/product\/alebrije-personalizado\/\",\"url\":\"https:\/\/legacymexicanart.com\/product\/alebrije-personalizado\/\",\"name\":\"Alebrije Personalizado 15 cm &#187;\",\"isPartOf\":{\"@id\":\"https:\/\/legacymexicanart.com\/#website\"},\"primaryImageOfPage\":{\"@id\":\"https:\/\/legacymexicanart.com\/product\/alebrije-personalizado\/#primaryimage\"},\"image\":{\"@id\":\"https:\/\/legacymexicanart.com\/product\/alebrije-personalizado\/#primaryimage\"},\"thumbnailUrl\":\"https:\/\/legacymexicanart.com\/wp-content\/uploads\/2023\/03\/COSTUMIZE-15.jpg\",\"datePublished\":\"2023-03-02T23:01:58+00:00\",\"dateModified\":\"2025-03-20T02:10:11+00:00\",\"description\":\"Deseas tener un alebrije personalizado de alg\u00fan animal en espec\u00edfico o bien la mezcla de varios, m\u00e1ndanos la idea para hacerlo realidad!!\",\"breadcrumb\":{\"@id\":\"https:\/\/legacymexicanart.com\/product\/alebrije-personalizado\/#breadcrumb\"},\"inLanguage\":\"en-US\",\"potentialAction\":[{\"@type\":\"ReadAction\",\"target\":[\"https:\/\/legacymexicanart.com\/product\/alebrije-personalizado\/\"]}]},{\"@type\":\"ImageObject\",\"inLanguage\":\"en-US\",\"@id\":\"https:\/\/legacymexicanart.com\/product\/alebrije-personalizado\/#primaryimage\",\"url\":\"https:\/\/legacymexicanart.com\/wp-content\/uploads\/2023\/03\/COSTUMIZE-15.jpg\",\"contentUrl\":\"https:\/\/legacymexicanart.com\/wp-content\/uploads\/2023\/03\/COSTUMIZE-15.jpg\",\"width\":1080,\"height\":1920},{\"@type\":\"BreadcrumbList\",\"@id\":\"https:\/\/legacymexicanart.com\/product\/alebrije-personalizado\/#breadcrumb\",\"itemListElement\":[{\"@type\":\"ListItem\",\"position\":1,\"name\":\"Portada\",\"item\":\"https:\/\/legacymexicanart.com\/\"},{\"@type\":\"ListItem\",\"position\":2,\"name\":\"Shop\",\"item\":\"https:\/\/legacymexicanart.com\/es_es\/shop\/\"},{\"@type\":\"ListItem\",\"position\":3,\"name\":\"Alebrije Personalizado 15 cm\"}]},{\"@type\":\"WebSite\",\"@id\":\"https:\/\/legacymexicanart.com\/#website\",\"url\":\"https:\/\/legacymexicanart.com\/\",\"name\":\"\",\"description\":\"Legacy Mexican Art\",\"publisher\":{\"@id\":\"https:\/\/legacymexicanart.com\/#organization\"},\"potentialAction\":[{\"@type\":\"SearchAction\",\"target\":{\"@type\":\"EntryPoint\",\"urlTemplate\":\"https:\/\/legacymexicanart.com\/?s={search_term_string}\"},\"query-input\":\"required name=search_term_string\"}],\"inLanguage\":\"en-US\"},{\"@type\":\"Organization\",\"@id\":\"https:\/\/legacymexicanart.com\/#organization\",\"name\":\"Legacy Mexican Art\",\"url\":\"https:\/\/legacymexicanart.com\/\",\"logo\":{\"@type\":\"ImageObject\",\"inLanguage\":\"en-US\",\"@id\":\"https:\/\/legacymexicanart.com\/#\/schema\/logo\/image\/\",\"url\":\"\",\"contentUrl\":\"\",\"caption\":\"Legacy Mexican Art\"},\"image\":{\"@id\":\"https:\/\/legacymexicanart.com\/#\/schema\/logo\/image\/\"}}]}<\/script>\n<!-- \/ Yoast SEO plugin. -->","yoast_head_json":{"title":"Alebrije Personalizado 15 cm &#187;","description":"Deseas tener un alebrije personalizado de alg\u00fan animal en espec\u00edfico o bien la mezcla de varios, m\u00e1ndanos la idea para hacerlo realidad!!","robots":{"index":"index","follow":"follow","max-snippet":"max-snippet:-1","max-image-preview":"max-image-preview:large","max-video-preview":"max-video-preview:-1"},"canonical":"https:\/\/legacymexicanart.com\/en_en\/product\/alebrije-personalizado\/","og_locale":"en_US","og_type":"article","og_title":"Alebrije Personalizado 15 cm &#187;","og_description":"Deseas tener un alebrije personalizado de alg\u00fan animal en espec\u00edfico o bien la mezcla de varios, m\u00e1ndanos la idea para hacerlo realidad!!","og_url":"https:\/\/legacymexicanart.com\/en_en\/product\/alebrije-personalizado\/","article_modified_time":"2025-03-20T02:10:11+00:00","og_image":[{"width":1080,"height":1920,"url":"https:\/\/legacymexicanart.com\/wp-content\/uploads\/2023\/03\/COSTUMIZE-15.jpg","type":"image\/jpeg"}],"twitter_card":"summary_large_image","twitter_misc":{"Est. reading time":"1 minute"},"schema":{"@context":"https:\/\/schema.org","@graph":[{"@type":"WebPage","@id":"https:\/\/legacymexicanart.com\/product\/alebrije-personalizado\/","url":"https:\/\/legacymexicanart.com\/product\/alebrije-personalizado\/","name":"Alebrije Personalizado 15 cm &#187;","isPartOf":{"@id":"https:\/\/legacymexicanart.com\/#website"},"primaryImageOfPage":{"@id":"https:\/\/legacymexicanart.com\/product\/alebrije-personalizado\/#primaryimage"},"image":{"@id":"https:\/\/legacymexicanart.com\/product\/alebrije-personalizado\/#primaryimage"},"thumbnailUrl":"https:\/\/legacymexicanart.com\/wp-content\/uploads\/2023\/03\/COSTUMIZE-15.jpg","datePublished":"2023-03-02T23:01:58+00:00","dateModified":"2025-03-20T02:10:11+00:00","description":"Deseas tener un alebrije personalizado de alg\u00fan animal en espec\u00edfico o bien la mezcla de varios, m\u00e1ndanos la idea para hacerlo realidad!!","breadcrumb":{"@id":"https:\/\/legacymexicanart.com\/product\/alebrije-personalizado\/#breadcrumb"},"inLanguage":"en-US","potentialAction":[{"@type":"ReadAction","target":["https:\/\/legacymexicanart.com\/product\/alebrije-personalizado\/"]}]},{"@type":"ImageObject","inLanguage":"en-US","@id":"https:\/\/legacymexicanart.com\/product\/alebrije-personalizado\/#primaryimage","url":"https:\/\/legacymexicanart.com\/wp-content\/uploads\/2023\/03\/COSTUMIZE-15.jpg","contentUrl":"https:\/\/legacymexicanart.com\/wp-content\/uploads\/2023\/03\/COSTUMIZE-15.jpg","width":1080,"height":1920},{"@type":"BreadcrumbList","@id":"https:\/\/legacymexicanart.com\/product\/alebrije-personalizado\/#breadcrumb","itemListElement":[{"@type":"ListItem","position":1,"name":"Portada","item":"https:\/\/legacymexicanart.com\/"},{"@type":"ListItem","position":2,"name":"Shop","item":"https:\/\/legacymexicanart.com\/es_es\/shop\/"},{"@type":"ListItem","position":3,"name":"Alebrije Personalizado 15 cm"}]},{"@type":"WebSite","@id":"https:\/\/legacymexicanart.com\/#website","url":"https:\/\/legacymexicanart.com\/","name":"","description":"Legacy Mexican Art","publisher":{"@id":"https:\/\/legacymexicanart.com\/#organization"},"potentialAction":[{"@type":"SearchAction","target":{"@type":"EntryPoint","urlTemplate":"https:\/\/legacymexicanart.com\/?s={search_term_string}"},"query-input":"required name=search_term_string"}],"inLanguage":"en-US"},{"@type":"Organization","@id":"https:\/\/legacymexicanart.com\/#organization","name":"Legacy Mexican Art","url":"https:\/\/legacymexicanart.com\/","logo":{"@type":"ImageObject","inLanguage":"en-US","@id":"https:\/\/legacymexicanart.com\/#\/schema\/logo\/image\/","url":"","contentUrl":"","caption":"Legacy Mexican Art"},"image":{"@id":"https:\/\/legacymexicanart.com\/#\/schema\/logo\/image\/"}}]}},"_links":{"self":[{"href":"https:\/\/legacymexicanart.com\/en_en\/wp-json\/wp\/v2\/product\/1826"}],"collection":[{"href":"https:\/\/legacymexicanart.com\/en_en\/wp-json\/wp\/v2\/product"}],"about":[{"href":"https:\/\/legacymexicanart.com\/en_en\/wp-json\/wp\/v2\/types\/product"}],"replies":[{"embeddable":true,"href":"https:\/\/legacymexicanart.com\/en_en\/wp-json\/wp\/v2\/comments?post=1826"}],"wp:featuredmedia":[{"embeddable":true,"href":"https:\/\/legacymexicanart.com\/en_en\/wp-json\/wp\/v2\/media\/1971"}],"wp:attachment":[{"href":"https:\/\/legacymexicanart.com\/en_en\/wp-json\/wp\/v2\/media?parent=1826"}],"wp:term":[{"taxonomy":"product_cat","embeddable":true,"href":"https:\/\/legacymexicanart.com\/en_en\/wp-json\/wp\/v2\/product_cat?post=1826"},{"taxonomy":"product_tag","embeddable":true,"href":"https:\/\/legacymexicanart.com\/en_en\/wp-json\/wp\/v2\/product_tag?post=1826"}],"curies":[{"name":"wp","href":"https:\/\/api.w.org\/{rel}","templated":true}]}}