{"id":1897,"date":"2023-05-16T05:21:11","date_gmt":"2023-05-15T23:21:11","guid":{"rendered":"https:\/\/legacymexicanart.com\/?post_type=product&#038;p=1897"},"modified":"2024-01-31T07:02:52","modified_gmt":"2024-01-31T01:02:52","slug":"xoloitzcuintle","status":"publish","type":"product","link":"https:\/\/legacymexicanart.com\/en_en\/product\/xoloitzcuintle\/","title":{"rendered":"Xoloitzcuintle"},"content":{"rendered":"<p>The Xoloitzcuintle alebrije represents the belief in pre-Hispanic times that these beautiful dogs were guardians of the spirits and guided the souls of the dead through the difficult path of Mictl\u00e1n, the city of the dead.<\/p>\n<p>The most important function that the Xoloitzcuintles were believed to fulfill was to help souls pass through a deep and mighty river that crosses the land of the dead.<\/p>\n<p>With the inspiration of the underworld is how this alebrije represented by the Mexican dog Xoloitzcuintle has been made by hand<\/p>\n<p>Enjoy its beautiful colors, hand-painted with the delicacy and skill of the artisan Gerardo Linares, grandson of Pedro Linares, the authentic creator of the alebrijes in Mexico.<\/p>\n<p>For Legacy Mexican Art it is very important introduce our the legacy of our<br \/>\nMexican artists and artisans, since authentic alebrijes are made with the papier-m\u00e2ch\u00e9 technique, also known as cartoner\u00eda.<\/p>\n<p>Dimensions: Height approx. 30cm<\/p>\n<p>The alebrije is delivered with a certificate of authenticity and is signed by the artist.<\/p>\n<p>Shipping included to all of Mexico.<\/p>\n<p><em>Legacy of the Alebrijes<\/em><\/p>\n<p>Respecting the legacy of the Linares family with the creation and name of the ALEBRIJES, from now on in Legacy Mexican Art we will refer to the pieces from the city of Oaxaca as wood carvings, Tonas or Nahuales.<\/p>","protected":false},"excerpt":{"rendered":"<p><a href=\"mailto:contact@legacymexicanart.com?Subject=Mas%20info%20sku%20GLIN0103%20\" target=\"_blank\" rel=\"noopener\"><br \/>\n<img decoding=\"async\" src=\"https:\/\/legacymexicanart.com\/wp-content\/uploads\/2021\/10\/email-Design.svg\" \/> More product information<br \/>\n<\/a><\/p>\n<p><em><strong>Shipping included to all of Mexico.<\/strong><\/em><\/p>","protected":false},"featured_media":1898,"comment_status":"open","ping_status":"closed","template":"","meta":[],"product_cat":[18,192],"product_tag":[218,413,177,421,412,420],"yoast_head":"<!-- This site is optimized with the Yoast SEO plugin v22.6 - https:\/\/yoast.com\/wordpress\/plugins\/seo\/ -->\n<title>Xoloitzcuintle &#187;<\/title>\n<meta name=\"description\" content=\"El alebrije Xoloitzcuincle representa la creencia en tiempos prehisp\u00e1nicos, que estos perros guiaban a las almas de los muertos al Mictl\u00e1n.\" \/>\n<meta name=\"robots\" content=\"index, follow, max-snippet:-1, max-image-preview:large, max-video-preview:-1\" \/>\n<link rel=\"canonical\" href=\"https:\/\/legacymexicanart.com\/en_en\/product\/xoloitzcuintle\/\" \/>\n<meta property=\"og:locale\" content=\"en_US\" \/>\n<meta property=\"og:type\" content=\"article\" \/>\n<meta property=\"og:title\" content=\"Xoloitzcuintle &#187;\" \/>\n<meta property=\"og:description\" content=\"El alebrije Xoloitzcuincle representa la creencia en tiempos prehisp\u00e1nicos, que estos perros guiaban a las almas de los muertos al Mictl\u00e1n.\" \/>\n<meta property=\"og:url\" content=\"https:\/\/legacymexicanart.com\/en_en\/product\/xoloitzcuintle\/\" \/>\n<meta property=\"article:modified_time\" content=\"2024-01-31T01:02:52+00:00\" \/>\n<meta property=\"og:image\" content=\"https:\/\/legacymexicanart.com\/wp-content\/uploads\/2023\/05\/Alebrije-Xolo.jpg\" \/>\n\t<meta property=\"og:image:width\" content=\"1153\" \/>\n\t<meta property=\"og:image:height\" content=\"1225\" \/>\n\t<meta property=\"og:image:type\" content=\"image\/jpeg\" \/>\n<meta name=\"twitter:card\" content=\"summary_large_image\" \/>\n<meta name=\"twitter:label1\" content=\"Est. reading time\" \/>\n\t<meta name=\"twitter:data1\" content=\"2 minutes\" \/>\n<script type=\"application\/ld+json\" class=\"yoast-schema-graph\">{\"@context\":\"https:\/\/schema.org\",\"@graph\":[{\"@type\":\"WebPage\",\"@id\":\"https:\/\/legacymexicanart.com\/product\/xoloitzcuintle\/\",\"url\":\"https:\/\/legacymexicanart.com\/product\/xoloitzcuintle\/\",\"name\":\"Xoloitzcuintle &#187;\",\"isPartOf\":{\"@id\":\"https:\/\/legacymexicanart.com\/#website\"},\"primaryImageOfPage\":{\"@id\":\"https:\/\/legacymexicanart.com\/product\/xoloitzcuintle\/#primaryimage\"},\"image\":{\"@id\":\"https:\/\/legacymexicanart.com\/product\/xoloitzcuintle\/#primaryimage\"},\"thumbnailUrl\":\"https:\/\/legacymexicanart.com\/wp-content\/uploads\/2023\/05\/Alebrije-Xolo.jpg\",\"datePublished\":\"2023-05-15T23:21:11+00:00\",\"dateModified\":\"2024-01-31T01:02:52+00:00\",\"description\":\"El alebrije Xoloitzcuincle representa la creencia en tiempos prehisp\u00e1nicos, que estos perros guiaban a las almas de los muertos al Mictl\u00e1n.\",\"breadcrumb\":{\"@id\":\"https:\/\/legacymexicanart.com\/product\/xoloitzcuintle\/#breadcrumb\"},\"inLanguage\":\"en-US\",\"potentialAction\":[{\"@type\":\"ReadAction\",\"target\":[\"https:\/\/legacymexicanart.com\/product\/xoloitzcuintle\/\"]}]},{\"@type\":\"ImageObject\",\"inLanguage\":\"en-US\",\"@id\":\"https:\/\/legacymexicanart.com\/product\/xoloitzcuintle\/#primaryimage\",\"url\":\"https:\/\/legacymexicanart.com\/wp-content\/uploads\/2023\/05\/Alebrije-Xolo.jpg\",\"contentUrl\":\"https:\/\/legacymexicanart.com\/wp-content\/uploads\/2023\/05\/Alebrije-Xolo.jpg\",\"width\":1153,\"height\":1225},{\"@type\":\"BreadcrumbList\",\"@id\":\"https:\/\/legacymexicanart.com\/product\/xoloitzcuintle\/#breadcrumb\",\"itemListElement\":[{\"@type\":\"ListItem\",\"position\":1,\"name\":\"Portada\",\"item\":\"https:\/\/legacymexicanart.com\/\"},{\"@type\":\"ListItem\",\"position\":2,\"name\":\"Shop\",\"item\":\"https:\/\/legacymexicanart.com\/es_es\/shop\/\"},{\"@type\":\"ListItem\",\"position\":3,\"name\":\"Xoloitzcuintle\"}]},{\"@type\":\"WebSite\",\"@id\":\"https:\/\/legacymexicanart.com\/#website\",\"url\":\"https:\/\/legacymexicanart.com\/\",\"name\":\"\",\"description\":\"Legacy Mexican Art\",\"publisher\":{\"@id\":\"https:\/\/legacymexicanart.com\/#organization\"},\"potentialAction\":[{\"@type\":\"SearchAction\",\"target\":{\"@type\":\"EntryPoint\",\"urlTemplate\":\"https:\/\/legacymexicanart.com\/?s={search_term_string}\"},\"query-input\":\"required name=search_term_string\"}],\"inLanguage\":\"en-US\"},{\"@type\":\"Organization\",\"@id\":\"https:\/\/legacymexicanart.com\/#organization\",\"name\":\"Legacy Mexican Art\",\"url\":\"https:\/\/legacymexicanart.com\/\",\"logo\":{\"@type\":\"ImageObject\",\"inLanguage\":\"en-US\",\"@id\":\"https:\/\/legacymexicanart.com\/#\/schema\/logo\/image\/\",\"url\":\"\",\"contentUrl\":\"\",\"caption\":\"Legacy Mexican Art\"},\"image\":{\"@id\":\"https:\/\/legacymexicanart.com\/#\/schema\/logo\/image\/\"}}]}<\/script>\n<!-- \/ Yoast SEO plugin. -->","yoast_head_json":{"title":"Xoloitzcuintle &#187;","description":"El alebrije Xoloitzcuincle representa la creencia en tiempos prehisp\u00e1nicos, que estos perros guiaban a las almas de los muertos al Mictl\u00e1n.","robots":{"index":"index","follow":"follow","max-snippet":"max-snippet:-1","max-image-preview":"max-image-preview:large","max-video-preview":"max-video-preview:-1"},"canonical":"https:\/\/legacymexicanart.com\/en_en\/product\/xoloitzcuintle\/","og_locale":"en_US","og_type":"article","og_title":"Xoloitzcuintle &#187;","og_description":"El alebrije Xoloitzcuincle representa la creencia en tiempos prehisp\u00e1nicos, que estos perros guiaban a las almas de los muertos al Mictl\u00e1n.","og_url":"https:\/\/legacymexicanart.com\/en_en\/product\/xoloitzcuintle\/","article_modified_time":"2024-01-31T01:02:52+00:00","og_image":[{"width":1153,"height":1225,"url":"https:\/\/legacymexicanart.com\/wp-content\/uploads\/2023\/05\/Alebrije-Xolo.jpg","type":"image\/jpeg"}],"twitter_card":"summary_large_image","twitter_misc":{"Est. reading time":"2 minutes"},"schema":{"@context":"https:\/\/schema.org","@graph":[{"@type":"WebPage","@id":"https:\/\/legacymexicanart.com\/product\/xoloitzcuintle\/","url":"https:\/\/legacymexicanart.com\/product\/xoloitzcuintle\/","name":"Xoloitzcuintle &#187;","isPartOf":{"@id":"https:\/\/legacymexicanart.com\/#website"},"primaryImageOfPage":{"@id":"https:\/\/legacymexicanart.com\/product\/xoloitzcuintle\/#primaryimage"},"image":{"@id":"https:\/\/legacymexicanart.com\/product\/xoloitzcuintle\/#primaryimage"},"thumbnailUrl":"https:\/\/legacymexicanart.com\/wp-content\/uploads\/2023\/05\/Alebrije-Xolo.jpg","datePublished":"2023-05-15T23:21:11+00:00","dateModified":"2024-01-31T01:02:52+00:00","description":"El alebrije Xoloitzcuincle representa la creencia en tiempos prehisp\u00e1nicos, que estos perros guiaban a las almas de los muertos al Mictl\u00e1n.","breadcrumb":{"@id":"https:\/\/legacymexicanart.com\/product\/xoloitzcuintle\/#breadcrumb"},"inLanguage":"en-US","potentialAction":[{"@type":"ReadAction","target":["https:\/\/legacymexicanart.com\/product\/xoloitzcuintle\/"]}]},{"@type":"ImageObject","inLanguage":"en-US","@id":"https:\/\/legacymexicanart.com\/product\/xoloitzcuintle\/#primaryimage","url":"https:\/\/legacymexicanart.com\/wp-content\/uploads\/2023\/05\/Alebrije-Xolo.jpg","contentUrl":"https:\/\/legacymexicanart.com\/wp-content\/uploads\/2023\/05\/Alebrije-Xolo.jpg","width":1153,"height":1225},{"@type":"BreadcrumbList","@id":"https:\/\/legacymexicanart.com\/product\/xoloitzcuintle\/#breadcrumb","itemListElement":[{"@type":"ListItem","position":1,"name":"Portada","item":"https:\/\/legacymexicanart.com\/"},{"@type":"ListItem","position":2,"name":"Shop","item":"https:\/\/legacymexicanart.com\/es_es\/shop\/"},{"@type":"ListItem","position":3,"name":"Xoloitzcuintle"}]},{"@type":"WebSite","@id":"https:\/\/legacymexicanart.com\/#website","url":"https:\/\/legacymexicanart.com\/","name":"","description":"Legacy Mexican Art","publisher":{"@id":"https:\/\/legacymexicanart.com\/#organization"},"potentialAction":[{"@type":"SearchAction","target":{"@type":"EntryPoint","urlTemplate":"https:\/\/legacymexicanart.com\/?s={search_term_string}"},"query-input":"required name=search_term_string"}],"inLanguage":"en-US"},{"@type":"Organization","@id":"https:\/\/legacymexicanart.com\/#organization","name":"Legacy Mexican Art","url":"https:\/\/legacymexicanart.com\/","logo":{"@type":"ImageObject","inLanguage":"en-US","@id":"https:\/\/legacymexicanart.com\/#\/schema\/logo\/image\/","url":"","contentUrl":"","caption":"Legacy Mexican Art"},"image":{"@id":"https:\/\/legacymexicanart.com\/#\/schema\/logo\/image\/"}}]}},"_links":{"self":[{"href":"https:\/\/legacymexicanart.com\/en_en\/wp-json\/wp\/v2\/product\/1897"}],"collection":[{"href":"https:\/\/legacymexicanart.com\/en_en\/wp-json\/wp\/v2\/product"}],"about":[{"href":"https:\/\/legacymexicanart.com\/en_en\/wp-json\/wp\/v2\/types\/product"}],"replies":[{"embeddable":true,"href":"https:\/\/legacymexicanart.com\/en_en\/wp-json\/wp\/v2\/comments?post=1897"}],"wp:featuredmedia":[{"embeddable":true,"href":"https:\/\/legacymexicanart.com\/en_en\/wp-json\/wp\/v2\/media\/1898"}],"wp:attachment":[{"href":"https:\/\/legacymexicanart.com\/en_en\/wp-json\/wp\/v2\/media?parent=1897"}],"wp:term":[{"taxonomy":"product_cat","embeddable":true,"href":"https:\/\/legacymexicanart.com\/en_en\/wp-json\/wp\/v2\/product_cat?post=1897"},{"taxonomy":"product_tag","embeddable":true,"href":"https:\/\/legacymexicanart.com\/en_en\/wp-json\/wp\/v2\/product_tag?post=1897"}],"curies":[{"name":"wp","href":"https:\/\/api.w.org\/{rel}","templated":true}]}}