{"id":1940,"date":"2023-06-23T06:13:11","date_gmt":"2023-06-23T00:13:11","guid":{"rendered":"https:\/\/legacymexicanart.com\/?post_type=product&#038;p=1940"},"modified":"2025-01-25T06:12:38","modified_gmt":"2025-01-25T00:12:38","slug":"alebrije-lagarto-volador","status":"publish","type":"product","link":"https:\/\/legacymexicanart.com\/en_en\/product\/alebrije-lagarto-volador\/","title":{"rendered":"Frill Lizard Alebrije"},"content":{"rendered":"<p>The Frill Lizard alebrije is an innovative way of displaying the alebrije in a painting, as well as decorating the wall since it gives the impression that the alebrije is emerging from it.<\/p>\n<p>Enjoy the fusion of animals and insects, as well as its beautiful colors painted by hand with the delicacy and skill of the artisan David Linares, son of Pedro Linares, the authentic creator of the alebrijes in Mexico.<\/p>\n<p>For Legacy Mexican Art it is very important introduce our the legacy of our<br \/>\nMexican artists and artisans, since the original alebrijes are made with the papier-m\u00e2ch\u00e9 technique, also known as cartoner\u00eda.<\/p>\n<p>Dimensions: 6.29\" x 7.87\" x 7.87\"<\/p>\n<p>Shipping included to all of Mexico.<\/p>\n<p><em>Legacy of the Alebrijes<\/em><\/p>\n<p>It all goes back to when Pedro Linares fell ill unconscious and in his hallucinations he dreamed of all these surreal animals called Alebrijes.<\/p>\n<p>In 1975, a documentary about Pedro Linares by Judith Bronowski made the Alebrijes known internationally.<\/p>\n<p>Currently his son David and his grandson Gerardo proudly carry on the family legacy.<\/p>\n<p>Respecting the legacy of the Linares family with the creation and name of the ALEBRIJES, from now on in Legacy Mexican Art we will refer to the pieces from the city of Oaxaca as wood carvings, Tonas or Nahuales.<\/p>\n<p><a href=\"https:\/\/www.facebook.com\/photo?fbid=745521057576566&amp;set=pcb.745520904243248\">https:\/\/www.facebook.com\/photo?fbid=745521057576566&amp;set=pcb.745520904243248<\/a><\/p>\n<p><a href=\"https:\/\/legacymexicanart.com\/en_en\/product-category\/decoracion\/alebrijes\/\">https:\/\/legacymexicanart.com\/es_es\/product-category\/decoracion\/alebrijes\/<\/a><\/p>","protected":false},"excerpt":{"rendered":"<p><a href=\"mailto:contact@legacymexicanart.com?Subject=Mas%20info%20sku%GLIN0104%20\" target=\"_blank\" rel=\"noopener\"><br \/>\n<img decoding=\"async\" src=\"https:\/\/legacymexicanart.com\/wp-content\/uploads\/2021\/10\/email-Design.svg\" \/> More product information<br \/>\n<\/a><\/p>\n<p><em><strong>Shipping included to all of Mexico.<\/strong><\/em><\/p>","protected":false},"featured_media":2026,"comment_status":"open","ping_status":"closed","template":"","meta":[],"product_cat":[18,192],"product_tag":[218,277,429,430,224,445,421,412],"yoast_head":"<!-- This site is optimized with the Yoast SEO plugin v22.6 - https:\/\/yoast.com\/wordpress\/plugins\/seo\/ -->\n<title>Alebrije Lagarto Volador &#187;<\/title>\n<meta name=\"description\" content=\"El alebrije lagarto volador est\u00e1 pensado para decorar la pared, ya que es un cuadro que da la impresi\u00f3n de que el alebrije sale de la pared.\" \/>\n<meta name=\"robots\" content=\"index, follow, max-snippet:-1, max-image-preview:large, max-video-preview:-1\" \/>\n<link rel=\"canonical\" href=\"https:\/\/legacymexicanart.com\/en_en\/product\/alebrije-lagarto-volador\/\" \/>\n<meta property=\"og:locale\" content=\"en_US\" \/>\n<meta property=\"og:type\" content=\"article\" \/>\n<meta property=\"og:title\" content=\"Alebrije Lagarto Volador &#187;\" \/>\n<meta property=\"og:description\" content=\"El alebrije lagarto volador est\u00e1 pensado para decorar la pared, ya que es un cuadro que da la impresi\u00f3n de que el alebrije sale de la pared.\" \/>\n<meta property=\"og:url\" content=\"https:\/\/legacymexicanart.com\/en_en\/product\/alebrije-lagarto-volador\/\" \/>\n<meta property=\"article:modified_time\" content=\"2025-01-25T00:12:38+00:00\" \/>\n<meta property=\"og:image\" content=\"https:\/\/legacymexicanart.com\/wp-content\/uploads\/2023\/06\/Lagarto-Volador-Frontal_LMA.jpg\" \/>\n\t<meta property=\"og:image:width\" content=\"1032\" \/>\n\t<meta property=\"og:image:height\" content=\"791\" \/>\n\t<meta property=\"og:image:type\" content=\"image\/jpeg\" \/>\n<meta name=\"twitter:card\" content=\"summary_large_image\" \/>\n<meta name=\"twitter:label1\" content=\"Est. reading time\" \/>\n\t<meta name=\"twitter:data1\" content=\"2 minutes\" \/>\n<script type=\"application\/ld+json\" class=\"yoast-schema-graph\">{\"@context\":\"https:\/\/schema.org\",\"@graph\":[{\"@type\":\"WebPage\",\"@id\":\"https:\/\/legacymexicanart.com\/product\/alebrije-lagarto-volador\/\",\"url\":\"https:\/\/legacymexicanart.com\/product\/alebrije-lagarto-volador\/\",\"name\":\"Alebrije Lagarto Volador &#187;\",\"isPartOf\":{\"@id\":\"https:\/\/legacymexicanart.com\/#website\"},\"primaryImageOfPage\":{\"@id\":\"https:\/\/legacymexicanart.com\/product\/alebrije-lagarto-volador\/#primaryimage\"},\"image\":{\"@id\":\"https:\/\/legacymexicanart.com\/product\/alebrije-lagarto-volador\/#primaryimage\"},\"thumbnailUrl\":\"https:\/\/legacymexicanart.com\/wp-content\/uploads\/2023\/06\/Lagarto-Volador-Frontal_LMA.jpg\",\"datePublished\":\"2023-06-23T00:13:11+00:00\",\"dateModified\":\"2025-01-25T00:12:38+00:00\",\"description\":\"El alebrije lagarto volador est\u00e1 pensado para decorar la pared, ya que es un cuadro que da la impresi\u00f3n de que el alebrije sale de la pared.\",\"breadcrumb\":{\"@id\":\"https:\/\/legacymexicanart.com\/product\/alebrije-lagarto-volador\/#breadcrumb\"},\"inLanguage\":\"en-US\",\"potentialAction\":[{\"@type\":\"ReadAction\",\"target\":[\"https:\/\/legacymexicanart.com\/product\/alebrije-lagarto-volador\/\"]}]},{\"@type\":\"ImageObject\",\"inLanguage\":\"en-US\",\"@id\":\"https:\/\/legacymexicanart.com\/product\/alebrije-lagarto-volador\/#primaryimage\",\"url\":\"https:\/\/legacymexicanart.com\/wp-content\/uploads\/2023\/06\/Lagarto-Volador-Frontal_LMA.jpg\",\"contentUrl\":\"https:\/\/legacymexicanart.com\/wp-content\/uploads\/2023\/06\/Lagarto-Volador-Frontal_LMA.jpg\",\"width\":1032,\"height\":791},{\"@type\":\"BreadcrumbList\",\"@id\":\"https:\/\/legacymexicanart.com\/product\/alebrije-lagarto-volador\/#breadcrumb\",\"itemListElement\":[{\"@type\":\"ListItem\",\"position\":1,\"name\":\"Portada\",\"item\":\"https:\/\/legacymexicanart.com\/\"},{\"@type\":\"ListItem\",\"position\":2,\"name\":\"Shop\",\"item\":\"https:\/\/legacymexicanart.com\/es_es\/shop\/\"},{\"@type\":\"ListItem\",\"position\":3,\"name\":\"Alebrije Lagarto Volador\"}]},{\"@type\":\"WebSite\",\"@id\":\"https:\/\/legacymexicanart.com\/#website\",\"url\":\"https:\/\/legacymexicanart.com\/\",\"name\":\"\",\"description\":\"Legacy Mexican Art\",\"publisher\":{\"@id\":\"https:\/\/legacymexicanart.com\/#organization\"},\"potentialAction\":[{\"@type\":\"SearchAction\",\"target\":{\"@type\":\"EntryPoint\",\"urlTemplate\":\"https:\/\/legacymexicanart.com\/?s={search_term_string}\"},\"query-input\":\"required name=search_term_string\"}],\"inLanguage\":\"en-US\"},{\"@type\":\"Organization\",\"@id\":\"https:\/\/legacymexicanart.com\/#organization\",\"name\":\"Legacy Mexican Art\",\"url\":\"https:\/\/legacymexicanart.com\/\",\"logo\":{\"@type\":\"ImageObject\",\"inLanguage\":\"en-US\",\"@id\":\"https:\/\/legacymexicanart.com\/#\/schema\/logo\/image\/\",\"url\":\"\",\"contentUrl\":\"\",\"caption\":\"Legacy Mexican Art\"},\"image\":{\"@id\":\"https:\/\/legacymexicanart.com\/#\/schema\/logo\/image\/\"}}]}<\/script>\n<!-- \/ Yoast SEO plugin. -->","yoast_head_json":{"title":"Alebrije Lagarto Volador &#187;","description":"El alebrije lagarto volador est\u00e1 pensado para decorar la pared, ya que es un cuadro que da la impresi\u00f3n de que el alebrije sale de la pared.","robots":{"index":"index","follow":"follow","max-snippet":"max-snippet:-1","max-image-preview":"max-image-preview:large","max-video-preview":"max-video-preview:-1"},"canonical":"https:\/\/legacymexicanart.com\/en_en\/product\/alebrije-lagarto-volador\/","og_locale":"en_US","og_type":"article","og_title":"Alebrije Lagarto Volador &#187;","og_description":"El alebrije lagarto volador est\u00e1 pensado para decorar la pared, ya que es un cuadro que da la impresi\u00f3n de que el alebrije sale de la pared.","og_url":"https:\/\/legacymexicanart.com\/en_en\/product\/alebrije-lagarto-volador\/","article_modified_time":"2025-01-25T00:12:38+00:00","og_image":[{"width":1032,"height":791,"url":"https:\/\/legacymexicanart.com\/wp-content\/uploads\/2023\/06\/Lagarto-Volador-Frontal_LMA.jpg","type":"image\/jpeg"}],"twitter_card":"summary_large_image","twitter_misc":{"Est. reading time":"2 minutes"},"schema":{"@context":"https:\/\/schema.org","@graph":[{"@type":"WebPage","@id":"https:\/\/legacymexicanart.com\/product\/alebrije-lagarto-volador\/","url":"https:\/\/legacymexicanart.com\/product\/alebrije-lagarto-volador\/","name":"Alebrije Lagarto Volador &#187;","isPartOf":{"@id":"https:\/\/legacymexicanart.com\/#website"},"primaryImageOfPage":{"@id":"https:\/\/legacymexicanart.com\/product\/alebrije-lagarto-volador\/#primaryimage"},"image":{"@id":"https:\/\/legacymexicanart.com\/product\/alebrije-lagarto-volador\/#primaryimage"},"thumbnailUrl":"https:\/\/legacymexicanart.com\/wp-content\/uploads\/2023\/06\/Lagarto-Volador-Frontal_LMA.jpg","datePublished":"2023-06-23T00:13:11+00:00","dateModified":"2025-01-25T00:12:38+00:00","description":"El alebrije lagarto volador est\u00e1 pensado para decorar la pared, ya que es un cuadro que da la impresi\u00f3n de que el alebrije sale de la pared.","breadcrumb":{"@id":"https:\/\/legacymexicanart.com\/product\/alebrije-lagarto-volador\/#breadcrumb"},"inLanguage":"en-US","potentialAction":[{"@type":"ReadAction","target":["https:\/\/legacymexicanart.com\/product\/alebrije-lagarto-volador\/"]}]},{"@type":"ImageObject","inLanguage":"en-US","@id":"https:\/\/legacymexicanart.com\/product\/alebrije-lagarto-volador\/#primaryimage","url":"https:\/\/legacymexicanart.com\/wp-content\/uploads\/2023\/06\/Lagarto-Volador-Frontal_LMA.jpg","contentUrl":"https:\/\/legacymexicanart.com\/wp-content\/uploads\/2023\/06\/Lagarto-Volador-Frontal_LMA.jpg","width":1032,"height":791},{"@type":"BreadcrumbList","@id":"https:\/\/legacymexicanart.com\/product\/alebrije-lagarto-volador\/#breadcrumb","itemListElement":[{"@type":"ListItem","position":1,"name":"Portada","item":"https:\/\/legacymexicanart.com\/"},{"@type":"ListItem","position":2,"name":"Shop","item":"https:\/\/legacymexicanart.com\/es_es\/shop\/"},{"@type":"ListItem","position":3,"name":"Alebrije Lagarto Volador"}]},{"@type":"WebSite","@id":"https:\/\/legacymexicanart.com\/#website","url":"https:\/\/legacymexicanart.com\/","name":"","description":"Legacy Mexican Art","publisher":{"@id":"https:\/\/legacymexicanart.com\/#organization"},"potentialAction":[{"@type":"SearchAction","target":{"@type":"EntryPoint","urlTemplate":"https:\/\/legacymexicanart.com\/?s={search_term_string}"},"query-input":"required name=search_term_string"}],"inLanguage":"en-US"},{"@type":"Organization","@id":"https:\/\/legacymexicanart.com\/#organization","name":"Legacy Mexican Art","url":"https:\/\/legacymexicanart.com\/","logo":{"@type":"ImageObject","inLanguage":"en-US","@id":"https:\/\/legacymexicanart.com\/#\/schema\/logo\/image\/","url":"","contentUrl":"","caption":"Legacy Mexican Art"},"image":{"@id":"https:\/\/legacymexicanart.com\/#\/schema\/logo\/image\/"}}]}},"_links":{"self":[{"href":"https:\/\/legacymexicanart.com\/en_en\/wp-json\/wp\/v2\/product\/1940"}],"collection":[{"href":"https:\/\/legacymexicanart.com\/en_en\/wp-json\/wp\/v2\/product"}],"about":[{"href":"https:\/\/legacymexicanart.com\/en_en\/wp-json\/wp\/v2\/types\/product"}],"replies":[{"embeddable":true,"href":"https:\/\/legacymexicanart.com\/en_en\/wp-json\/wp\/v2\/comments?post=1940"}],"wp:featuredmedia":[{"embeddable":true,"href":"https:\/\/legacymexicanart.com\/en_en\/wp-json\/wp\/v2\/media\/2026"}],"wp:attachment":[{"href":"https:\/\/legacymexicanart.com\/en_en\/wp-json\/wp\/v2\/media?parent=1940"}],"wp:term":[{"taxonomy":"product_cat","embeddable":true,"href":"https:\/\/legacymexicanart.com\/en_en\/wp-json\/wp\/v2\/product_cat?post=1940"},{"taxonomy":"product_tag","embeddable":true,"href":"https:\/\/legacymexicanart.com\/en_en\/wp-json\/wp\/v2\/product_tag?post=1940"}],"curies":[{"name":"wp","href":"https:\/\/api.w.org\/{rel}","templated":true}]}}