{"id":1952,"date":"2023-07-07T08:30:47","date_gmt":"2023-07-07T02:30:47","guid":{"rendered":"https:\/\/legacymexicanart.com\/?post_type=product&#038;p=1952"},"modified":"2023-07-16T03:30:55","modified_gmt":"2023-07-15T21:30:55","slug":"set-portavelas","status":"publish","type":"product","link":"https:\/\/legacymexicanart.com\/en_en\/product\/set-portavelas\/","title":{"rendered":"Set Portavelas"},"content":{"rendered":"<p>El set Portavelas est\u00e1 elaborado en cobre martillado a mano.<\/p>\n<p>Ilumina tus espacios con este original set de portavelas hecho por manos mexicanas.<\/p>\n<p>Env\u00edo incluido en todo M\u00e9xico.<\/p>\n<p>Di\u00e1m. 3 x 6.5 x H. 16.5 cm.<\/p>\n<p>Craftsman: Ismael Garc\u00eda y Legacy Mexican Art<\/p>\n<p>Santa Clara del Cobre Legacy:<\/p>\n<p>With the arrival of the Franciscans approximately in 1525, in this place the teachings of Don Vasco de Quiroga, the first bishop of Michoac\u00e1n, can be appreciated.<\/p>\n<p>He was who fused pre-Hispanic craft knowledge with Spanish techniques such as chiseling.<\/p>\n<p>Since colonial times, this picturesque town has been the cradle of master craftsmen who create true works of art with their hands. Following a tradition that goes from generation to generation.<\/p>","protected":false},"excerpt":{"rendered":"<p>El set Portavelas est\u00e1 elaborado en cobre martillado a mano. Ilumina tus espacios con este original set de portavelas hecho por manos mexicanas. Env\u00edo incluido en todo M\u00e9xico. Di\u00e1m. 3 x 6.5 x H. 16.5 cm. Artesano: Ismael Garc\u00eda y Legacy Mexican Art Legado de Santa Clara del Cobre: Con la llegada de los Franciscanos &hellip;<\/p>\n<p class=\"read-more\"> <a class=\"\" href=\"https:\/\/legacymexicanart.com\/en_en\/product\/set-portavelas\/\"> <span class=\"screen-reader-text\">Set Portavelas<\/span> Read More &raquo;<\/a><\/p>","protected":false},"featured_media":1954,"comment_status":"open","ping_status":"closed","template":"","meta":[],"product_cat":[18,190],"product_tag":[443,437,234,177,442,444],"yoast_head":"<!-- This site is optimized with the Yoast SEO plugin v22.6 - https:\/\/yoast.com\/wordpress\/plugins\/seo\/ -->\n<title>Set Portavelas &#187;<\/title>\n<meta name=\"description\" content=\"El set Portavelas est\u00e1 elaborado en cobre martillado a mano. Ilumina tus espacios con este original set de portavelas.\" \/>\n<meta name=\"robots\" content=\"index, follow, max-snippet:-1, max-image-preview:large, max-video-preview:-1\" \/>\n<link rel=\"canonical\" href=\"https:\/\/legacymexicanart.com\/en_en\/product\/set-portavelas\/\" \/>\n<meta property=\"og:locale\" content=\"en_US\" \/>\n<meta property=\"og:type\" content=\"article\" \/>\n<meta property=\"og:title\" content=\"Set Portavelas &#187;\" \/>\n<meta property=\"og:description\" content=\"El set Portavelas est\u00e1 elaborado en cobre martillado a mano. Ilumina tus espacios con este original set de portavelas.\" \/>\n<meta property=\"og:url\" content=\"https:\/\/legacymexicanart.com\/en_en\/product\/set-portavelas\/\" \/>\n<meta property=\"article:modified_time\" content=\"2023-07-15T21:30:55+00:00\" \/>\n<meta property=\"og:image\" content=\"https:\/\/legacymexicanart.com\/wp-content\/uploads\/2023\/07\/Portavelas-de-Cobre.jpg\" \/>\n\t<meta property=\"og:image:width\" content=\"1072\" \/>\n\t<meta property=\"og:image:height\" content=\"1181\" \/>\n\t<meta property=\"og:image:type\" content=\"image\/jpeg\" \/>\n<meta name=\"twitter:card\" content=\"summary_large_image\" \/>\n<meta name=\"twitter:label1\" content=\"Est. reading time\" \/>\n\t<meta name=\"twitter:data1\" content=\"1 minute\" \/>\n<script type=\"application\/ld+json\" class=\"yoast-schema-graph\">{\"@context\":\"https:\/\/schema.org\",\"@graph\":[{\"@type\":\"WebPage\",\"@id\":\"https:\/\/legacymexicanart.com\/product\/set-portavelas\/\",\"url\":\"https:\/\/legacymexicanart.com\/product\/set-portavelas\/\",\"name\":\"Set Portavelas &#187;\",\"isPartOf\":{\"@id\":\"https:\/\/legacymexicanart.com\/#website\"},\"primaryImageOfPage\":{\"@id\":\"https:\/\/legacymexicanart.com\/product\/set-portavelas\/#primaryimage\"},\"image\":{\"@id\":\"https:\/\/legacymexicanart.com\/product\/set-portavelas\/#primaryimage\"},\"thumbnailUrl\":\"https:\/\/legacymexicanart.com\/wp-content\/uploads\/2023\/07\/Portavelas-de-Cobre.jpg\",\"datePublished\":\"2023-07-07T02:30:47+00:00\",\"dateModified\":\"2023-07-15T21:30:55+00:00\",\"description\":\"El set Portavelas est\u00e1 elaborado en cobre martillado a mano. Ilumina tus espacios con este original set de portavelas.\",\"breadcrumb\":{\"@id\":\"https:\/\/legacymexicanart.com\/product\/set-portavelas\/#breadcrumb\"},\"inLanguage\":\"en-US\",\"potentialAction\":[{\"@type\":\"ReadAction\",\"target\":[\"https:\/\/legacymexicanart.com\/product\/set-portavelas\/\"]}]},{\"@type\":\"ImageObject\",\"inLanguage\":\"en-US\",\"@id\":\"https:\/\/legacymexicanart.com\/product\/set-portavelas\/#primaryimage\",\"url\":\"https:\/\/legacymexicanart.com\/wp-content\/uploads\/2023\/07\/Portavelas-de-Cobre.jpg\",\"contentUrl\":\"https:\/\/legacymexicanart.com\/wp-content\/uploads\/2023\/07\/Portavelas-de-Cobre.jpg\",\"width\":1072,\"height\":1181},{\"@type\":\"BreadcrumbList\",\"@id\":\"https:\/\/legacymexicanart.com\/product\/set-portavelas\/#breadcrumb\",\"itemListElement\":[{\"@type\":\"ListItem\",\"position\":1,\"name\":\"Portada\",\"item\":\"https:\/\/legacymexicanart.com\/\"},{\"@type\":\"ListItem\",\"position\":2,\"name\":\"Shop\",\"item\":\"https:\/\/legacymexicanart.com\/es_es\/shop\/\"},{\"@type\":\"ListItem\",\"position\":3,\"name\":\"Set Portavelas\"}]},{\"@type\":\"WebSite\",\"@id\":\"https:\/\/legacymexicanart.com\/#website\",\"url\":\"https:\/\/legacymexicanart.com\/\",\"name\":\"\",\"description\":\"Legacy Mexican Art\",\"publisher\":{\"@id\":\"https:\/\/legacymexicanart.com\/#organization\"},\"potentialAction\":[{\"@type\":\"SearchAction\",\"target\":{\"@type\":\"EntryPoint\",\"urlTemplate\":\"https:\/\/legacymexicanart.com\/?s={search_term_string}\"},\"query-input\":\"required name=search_term_string\"}],\"inLanguage\":\"en-US\"},{\"@type\":\"Organization\",\"@id\":\"https:\/\/legacymexicanart.com\/#organization\",\"name\":\"Legacy Mexican Art\",\"url\":\"https:\/\/legacymexicanart.com\/\",\"logo\":{\"@type\":\"ImageObject\",\"inLanguage\":\"en-US\",\"@id\":\"https:\/\/legacymexicanart.com\/#\/schema\/logo\/image\/\",\"url\":\"\",\"contentUrl\":\"\",\"caption\":\"Legacy Mexican Art\"},\"image\":{\"@id\":\"https:\/\/legacymexicanart.com\/#\/schema\/logo\/image\/\"}}]}<\/script>\n<!-- \/ Yoast SEO plugin. -->","yoast_head_json":{"title":"Set Portavelas &#187;","description":"El set Portavelas est\u00e1 elaborado en cobre martillado a mano. Ilumina tus espacios con este original set de portavelas.","robots":{"index":"index","follow":"follow","max-snippet":"max-snippet:-1","max-image-preview":"max-image-preview:large","max-video-preview":"max-video-preview:-1"},"canonical":"https:\/\/legacymexicanart.com\/en_en\/product\/set-portavelas\/","og_locale":"en_US","og_type":"article","og_title":"Set Portavelas &#187;","og_description":"El set Portavelas est\u00e1 elaborado en cobre martillado a mano. Ilumina tus espacios con este original set de portavelas.","og_url":"https:\/\/legacymexicanart.com\/en_en\/product\/set-portavelas\/","article_modified_time":"2023-07-15T21:30:55+00:00","og_image":[{"width":1072,"height":1181,"url":"https:\/\/legacymexicanart.com\/wp-content\/uploads\/2023\/07\/Portavelas-de-Cobre.jpg","type":"image\/jpeg"}],"twitter_card":"summary_large_image","twitter_misc":{"Est. reading time":"1 minute"},"schema":{"@context":"https:\/\/schema.org","@graph":[{"@type":"WebPage","@id":"https:\/\/legacymexicanart.com\/product\/set-portavelas\/","url":"https:\/\/legacymexicanart.com\/product\/set-portavelas\/","name":"Set Portavelas &#187;","isPartOf":{"@id":"https:\/\/legacymexicanart.com\/#website"},"primaryImageOfPage":{"@id":"https:\/\/legacymexicanart.com\/product\/set-portavelas\/#primaryimage"},"image":{"@id":"https:\/\/legacymexicanart.com\/product\/set-portavelas\/#primaryimage"},"thumbnailUrl":"https:\/\/legacymexicanart.com\/wp-content\/uploads\/2023\/07\/Portavelas-de-Cobre.jpg","datePublished":"2023-07-07T02:30:47+00:00","dateModified":"2023-07-15T21:30:55+00:00","description":"El set Portavelas est\u00e1 elaborado en cobre martillado a mano. Ilumina tus espacios con este original set de portavelas.","breadcrumb":{"@id":"https:\/\/legacymexicanart.com\/product\/set-portavelas\/#breadcrumb"},"inLanguage":"en-US","potentialAction":[{"@type":"ReadAction","target":["https:\/\/legacymexicanart.com\/product\/set-portavelas\/"]}]},{"@type":"ImageObject","inLanguage":"en-US","@id":"https:\/\/legacymexicanart.com\/product\/set-portavelas\/#primaryimage","url":"https:\/\/legacymexicanart.com\/wp-content\/uploads\/2023\/07\/Portavelas-de-Cobre.jpg","contentUrl":"https:\/\/legacymexicanart.com\/wp-content\/uploads\/2023\/07\/Portavelas-de-Cobre.jpg","width":1072,"height":1181},{"@type":"BreadcrumbList","@id":"https:\/\/legacymexicanart.com\/product\/set-portavelas\/#breadcrumb","itemListElement":[{"@type":"ListItem","position":1,"name":"Portada","item":"https:\/\/legacymexicanart.com\/"},{"@type":"ListItem","position":2,"name":"Shop","item":"https:\/\/legacymexicanart.com\/es_es\/shop\/"},{"@type":"ListItem","position":3,"name":"Set Portavelas"}]},{"@type":"WebSite","@id":"https:\/\/legacymexicanart.com\/#website","url":"https:\/\/legacymexicanart.com\/","name":"","description":"Legacy Mexican Art","publisher":{"@id":"https:\/\/legacymexicanart.com\/#organization"},"potentialAction":[{"@type":"SearchAction","target":{"@type":"EntryPoint","urlTemplate":"https:\/\/legacymexicanart.com\/?s={search_term_string}"},"query-input":"required name=search_term_string"}],"inLanguage":"en-US"},{"@type":"Organization","@id":"https:\/\/legacymexicanart.com\/#organization","name":"Legacy Mexican Art","url":"https:\/\/legacymexicanart.com\/","logo":{"@type":"ImageObject","inLanguage":"en-US","@id":"https:\/\/legacymexicanart.com\/#\/schema\/logo\/image\/","url":"","contentUrl":"","caption":"Legacy Mexican Art"},"image":{"@id":"https:\/\/legacymexicanart.com\/#\/schema\/logo\/image\/"}}]}},"_links":{"self":[{"href":"https:\/\/legacymexicanart.com\/en_en\/wp-json\/wp\/v2\/product\/1952"}],"collection":[{"href":"https:\/\/legacymexicanart.com\/en_en\/wp-json\/wp\/v2\/product"}],"about":[{"href":"https:\/\/legacymexicanart.com\/en_en\/wp-json\/wp\/v2\/types\/product"}],"replies":[{"embeddable":true,"href":"https:\/\/legacymexicanart.com\/en_en\/wp-json\/wp\/v2\/comments?post=1952"}],"wp:featuredmedia":[{"embeddable":true,"href":"https:\/\/legacymexicanart.com\/en_en\/wp-json\/wp\/v2\/media\/1954"}],"wp:attachment":[{"href":"https:\/\/legacymexicanart.com\/en_en\/wp-json\/wp\/v2\/media?parent=1952"}],"wp:term":[{"taxonomy":"product_cat","embeddable":true,"href":"https:\/\/legacymexicanart.com\/en_en\/wp-json\/wp\/v2\/product_cat?post=1952"},{"taxonomy":"product_tag","embeddable":true,"href":"https:\/\/legacymexicanart.com\/en_en\/wp-json\/wp\/v2\/product_tag?post=1952"}],"curies":[{"name":"wp","href":"https:\/\/api.w.org\/{rel}","templated":true}]}}