{"id":1983,"date":"2023-08-04T03:06:37","date_gmt":"2023-08-03T21:06:37","guid":{"rendered":"https:\/\/legacymexicanart.com\/?post_type=product&#038;p=1983"},"modified":"2025-03-19T08:19:12","modified_gmt":"2025-03-19T02:19:12","slug":"funda-donaji","status":"publish","type":"product","link":"https:\/\/legacymexicanart.com\/en_en\/product\/funda-donaji\/","title":{"rendered":"Cushion Cover Donaji"},"content":{"rendered":"<p>Funda Donaj\u00ed para coj\u00edn en formato cuadrado de algod\u00f3n 100% artesanal hecho en telar de pedal con pompones color negro y blanco.<\/p>\n<p>The cushions are made by Oaxacan artisans with themes from the central valleys of Oaxaca.<\/p>\n<p>Dimension:<strong>\u00a050 x 50 cm.<\/strong><\/p>\n<p><em><strong>Shipping included to all of Mexico.<\/strong><\/em><\/p>\n<p>Made by a community of artisans in Teotitl\u00e1n del Valle.<\/p>\n<p>At Legacy Mexican Art we appreciate the valuable legacy of our Mexican roots and culture by collaborating with artisans who love their work and pay special attention to detail, which is why we promote fair and local trade with the indigenous and artisan communities of our country.<\/p>\n<p><em>Oaxaca Legacy<\/em><\/p>\n<div dir=\"auto\">The artisans of Teotitl\u00e1n del Valle have dedicated themselves to making pieces of wool and cotton through the old pedal looms. With these rudimentary techniques and a bit of creativity, they have managed to create new models that adapt perfectly to spaces with a modern style.<\/div>\n<div dir=\"auto\">In addition to the manual weaving, the dyeing of the pieces is completely natural.<\/div>\n<div dir=\"auto\">The Teotitl\u00e1n cushion cover can be perfect as the final decorative touch in a living room, in the bedroom or in any armchair or space that you want to decorate.<\/div>\n<div dir=\"auto\">The cushion cover comes with a convenient zip<\/div>\n<div dir=\"auto\"><\/div>\n<p><em>Cleaning and care:<\/em><\/p>\n<p>The Teotitl\u00e1n cover can be machine washed as a delicate garment or by hand without squeeze and drying in the outdoor air.<\/p>","protected":false},"excerpt":{"rendered":"<p>Funda Donaj\u00ed para coj\u00edn en formato cuadrado de algod\u00f3n 100% artesanal hecho en telar de pedal con pompones color negro y blanco. Los cojines son hechos por artesanas Oaxaque\u00f1as con temas de los valles centrales de Oaxaca. Formato de\u00a050 x 50 cm. Env\u00edo incluido a todo M\u00e9xico. Hechos por una comunidad de artesanas en Teotitl\u00e1n &hellip;<\/p>\n<p class=\"read-more\"> <a class=\"\" href=\"https:\/\/legacymexicanart.com\/en_en\/product\/funda-donaji\/\"> <span class=\"screen-reader-text\">Cushion Cover Donaji<\/span> Read More &raquo;<\/a><\/p>","protected":false},"featured_media":1984,"comment_status":"open","ping_status":"closed","template":"","meta":[],"product_cat":[18,188,17,193],"product_tag":[],"yoast_head":"<!-- This site is optimized with the Yoast SEO plugin v22.6 - https:\/\/yoast.com\/wordpress\/plugins\/seo\/ -->\n<title>Funda Donaj\u00ed &#187;<\/title>\n<meta name=\"description\" content=\"Funda Donaj\u00ed para coj\u00edn en formato cuadrado de algod\u00f3n 100% artesanal hecho en telar de pedal con pompones color negro y blanco.\" \/>\n<meta name=\"robots\" content=\"index, follow, max-snippet:-1, max-image-preview:large, max-video-preview:-1\" \/>\n<link rel=\"canonical\" href=\"https:\/\/legacymexicanart.com\/en_en\/product\/funda-donaji\/\" \/>\n<meta property=\"og:locale\" content=\"en_US\" \/>\n<meta property=\"og:type\" content=\"article\" \/>\n<meta property=\"og:title\" content=\"Funda Donaj\u00ed &#187;\" \/>\n<meta property=\"og:description\" content=\"Funda Donaj\u00ed para coj\u00edn en formato cuadrado de algod\u00f3n 100% artesanal hecho en telar de pedal con pompones color negro y blanco.\" \/>\n<meta property=\"og:url\" content=\"https:\/\/legacymexicanart.com\/en_en\/product\/funda-donaji\/\" \/>\n<meta property=\"article:modified_time\" content=\"2025-03-19T02:19:12+00:00\" \/>\n<meta property=\"og:image\" content=\"https:\/\/legacymexicanart.com\/wp-content\/uploads\/2023\/08\/Cojin-Donaji_LegacyMexicanArt.jpg\" \/>\n\t<meta property=\"og:image:width\" content=\"917\" \/>\n\t<meta property=\"og:image:height\" content=\"902\" \/>\n\t<meta property=\"og:image:type\" content=\"image\/jpeg\" \/>\n<meta name=\"twitter:card\" content=\"summary_large_image\" \/>\n<meta name=\"twitter:label1\" content=\"Est. reading time\" \/>\n\t<meta name=\"twitter:data1\" content=\"2 minutes\" \/>\n<script type=\"application\/ld+json\" class=\"yoast-schema-graph\">{\"@context\":\"https:\/\/schema.org\",\"@graph\":[{\"@type\":\"WebPage\",\"@id\":\"https:\/\/legacymexicanart.com\/product\/funda-donaji\/\",\"url\":\"https:\/\/legacymexicanart.com\/product\/funda-donaji\/\",\"name\":\"Funda Donaj\u00ed &#187;\",\"isPartOf\":{\"@id\":\"https:\/\/legacymexicanart.com\/#website\"},\"primaryImageOfPage\":{\"@id\":\"https:\/\/legacymexicanart.com\/product\/funda-donaji\/#primaryimage\"},\"image\":{\"@id\":\"https:\/\/legacymexicanart.com\/product\/funda-donaji\/#primaryimage\"},\"thumbnailUrl\":\"https:\/\/legacymexicanart.com\/wp-content\/uploads\/2023\/08\/Cojin-Donaji_LegacyMexicanArt.jpg\",\"datePublished\":\"2023-08-03T21:06:37+00:00\",\"dateModified\":\"2025-03-19T02:19:12+00:00\",\"description\":\"Funda Donaj\u00ed para coj\u00edn en formato cuadrado de algod\u00f3n 100% artesanal hecho en telar de pedal con pompones color negro y blanco.\",\"breadcrumb\":{\"@id\":\"https:\/\/legacymexicanart.com\/product\/funda-donaji\/#breadcrumb\"},\"inLanguage\":\"en-US\",\"potentialAction\":[{\"@type\":\"ReadAction\",\"target\":[\"https:\/\/legacymexicanart.com\/product\/funda-donaji\/\"]}]},{\"@type\":\"ImageObject\",\"inLanguage\":\"en-US\",\"@id\":\"https:\/\/legacymexicanart.com\/product\/funda-donaji\/#primaryimage\",\"url\":\"https:\/\/legacymexicanart.com\/wp-content\/uploads\/2023\/08\/Cojin-Donaji_LegacyMexicanArt.jpg\",\"contentUrl\":\"https:\/\/legacymexicanart.com\/wp-content\/uploads\/2023\/08\/Cojin-Donaji_LegacyMexicanArt.jpg\",\"width\":917,\"height\":902},{\"@type\":\"BreadcrumbList\",\"@id\":\"https:\/\/legacymexicanart.com\/product\/funda-donaji\/#breadcrumb\",\"itemListElement\":[{\"@type\":\"ListItem\",\"position\":1,\"name\":\"Portada\",\"item\":\"https:\/\/legacymexicanart.com\/\"},{\"@type\":\"ListItem\",\"position\":2,\"name\":\"Shop\",\"item\":\"https:\/\/legacymexicanart.com\/es_es\/shop\/\"},{\"@type\":\"ListItem\",\"position\":3,\"name\":\"Funda Donaj\u00ed\"}]},{\"@type\":\"WebSite\",\"@id\":\"https:\/\/legacymexicanart.com\/#website\",\"url\":\"https:\/\/legacymexicanart.com\/\",\"name\":\"\",\"description\":\"Legacy Mexican Art\",\"publisher\":{\"@id\":\"https:\/\/legacymexicanart.com\/#organization\"},\"potentialAction\":[{\"@type\":\"SearchAction\",\"target\":{\"@type\":\"EntryPoint\",\"urlTemplate\":\"https:\/\/legacymexicanart.com\/?s={search_term_string}\"},\"query-input\":\"required name=search_term_string\"}],\"inLanguage\":\"en-US\"},{\"@type\":\"Organization\",\"@id\":\"https:\/\/legacymexicanart.com\/#organization\",\"name\":\"Legacy Mexican Art\",\"url\":\"https:\/\/legacymexicanart.com\/\",\"logo\":{\"@type\":\"ImageObject\",\"inLanguage\":\"en-US\",\"@id\":\"https:\/\/legacymexicanart.com\/#\/schema\/logo\/image\/\",\"url\":\"\",\"contentUrl\":\"\",\"caption\":\"Legacy Mexican Art\"},\"image\":{\"@id\":\"https:\/\/legacymexicanart.com\/#\/schema\/logo\/image\/\"}}]}<\/script>\n<!-- \/ Yoast SEO plugin. -->","yoast_head_json":{"title":"Funda Donaj\u00ed &#187;","description":"Funda Donaj\u00ed para coj\u00edn en formato cuadrado de algod\u00f3n 100% artesanal hecho en telar de pedal con pompones color negro y blanco.","robots":{"index":"index","follow":"follow","max-snippet":"max-snippet:-1","max-image-preview":"max-image-preview:large","max-video-preview":"max-video-preview:-1"},"canonical":"https:\/\/legacymexicanart.com\/en_en\/product\/funda-donaji\/","og_locale":"en_US","og_type":"article","og_title":"Funda Donaj\u00ed &#187;","og_description":"Funda Donaj\u00ed para coj\u00edn en formato cuadrado de algod\u00f3n 100% artesanal hecho en telar de pedal con pompones color negro y blanco.","og_url":"https:\/\/legacymexicanart.com\/en_en\/product\/funda-donaji\/","article_modified_time":"2025-03-19T02:19:12+00:00","og_image":[{"width":917,"height":902,"url":"https:\/\/legacymexicanart.com\/wp-content\/uploads\/2023\/08\/Cojin-Donaji_LegacyMexicanArt.jpg","type":"image\/jpeg"}],"twitter_card":"summary_large_image","twitter_misc":{"Est. reading time":"2 minutes"},"schema":{"@context":"https:\/\/schema.org","@graph":[{"@type":"WebPage","@id":"https:\/\/legacymexicanart.com\/product\/funda-donaji\/","url":"https:\/\/legacymexicanart.com\/product\/funda-donaji\/","name":"Funda Donaj\u00ed &#187;","isPartOf":{"@id":"https:\/\/legacymexicanart.com\/#website"},"primaryImageOfPage":{"@id":"https:\/\/legacymexicanart.com\/product\/funda-donaji\/#primaryimage"},"image":{"@id":"https:\/\/legacymexicanart.com\/product\/funda-donaji\/#primaryimage"},"thumbnailUrl":"https:\/\/legacymexicanart.com\/wp-content\/uploads\/2023\/08\/Cojin-Donaji_LegacyMexicanArt.jpg","datePublished":"2023-08-03T21:06:37+00:00","dateModified":"2025-03-19T02:19:12+00:00","description":"Funda Donaj\u00ed para coj\u00edn en formato cuadrado de algod\u00f3n 100% artesanal hecho en telar de pedal con pompones color negro y blanco.","breadcrumb":{"@id":"https:\/\/legacymexicanart.com\/product\/funda-donaji\/#breadcrumb"},"inLanguage":"en-US","potentialAction":[{"@type":"ReadAction","target":["https:\/\/legacymexicanart.com\/product\/funda-donaji\/"]}]},{"@type":"ImageObject","inLanguage":"en-US","@id":"https:\/\/legacymexicanart.com\/product\/funda-donaji\/#primaryimage","url":"https:\/\/legacymexicanart.com\/wp-content\/uploads\/2023\/08\/Cojin-Donaji_LegacyMexicanArt.jpg","contentUrl":"https:\/\/legacymexicanart.com\/wp-content\/uploads\/2023\/08\/Cojin-Donaji_LegacyMexicanArt.jpg","width":917,"height":902},{"@type":"BreadcrumbList","@id":"https:\/\/legacymexicanart.com\/product\/funda-donaji\/#breadcrumb","itemListElement":[{"@type":"ListItem","position":1,"name":"Portada","item":"https:\/\/legacymexicanart.com\/"},{"@type":"ListItem","position":2,"name":"Shop","item":"https:\/\/legacymexicanart.com\/es_es\/shop\/"},{"@type":"ListItem","position":3,"name":"Funda Donaj\u00ed"}]},{"@type":"WebSite","@id":"https:\/\/legacymexicanart.com\/#website","url":"https:\/\/legacymexicanart.com\/","name":"","description":"Legacy Mexican Art","publisher":{"@id":"https:\/\/legacymexicanart.com\/#organization"},"potentialAction":[{"@type":"SearchAction","target":{"@type":"EntryPoint","urlTemplate":"https:\/\/legacymexicanart.com\/?s={search_term_string}"},"query-input":"required name=search_term_string"}],"inLanguage":"en-US"},{"@type":"Organization","@id":"https:\/\/legacymexicanart.com\/#organization","name":"Legacy Mexican Art","url":"https:\/\/legacymexicanart.com\/","logo":{"@type":"ImageObject","inLanguage":"en-US","@id":"https:\/\/legacymexicanart.com\/#\/schema\/logo\/image\/","url":"","contentUrl":"","caption":"Legacy Mexican Art"},"image":{"@id":"https:\/\/legacymexicanart.com\/#\/schema\/logo\/image\/"}}]}},"_links":{"self":[{"href":"https:\/\/legacymexicanart.com\/en_en\/wp-json\/wp\/v2\/product\/1983"}],"collection":[{"href":"https:\/\/legacymexicanart.com\/en_en\/wp-json\/wp\/v2\/product"}],"about":[{"href":"https:\/\/legacymexicanart.com\/en_en\/wp-json\/wp\/v2\/types\/product"}],"replies":[{"embeddable":true,"href":"https:\/\/legacymexicanart.com\/en_en\/wp-json\/wp\/v2\/comments?post=1983"}],"wp:featuredmedia":[{"embeddable":true,"href":"https:\/\/legacymexicanart.com\/en_en\/wp-json\/wp\/v2\/media\/1984"}],"wp:attachment":[{"href":"https:\/\/legacymexicanart.com\/en_en\/wp-json\/wp\/v2\/media?parent=1983"}],"wp:term":[{"taxonomy":"product_cat","embeddable":true,"href":"https:\/\/legacymexicanart.com\/en_en\/wp-json\/wp\/v2\/product_cat?post=1983"},{"taxonomy":"product_tag","embeddable":true,"href":"https:\/\/legacymexicanart.com\/en_en\/wp-json\/wp\/v2\/product_tag?post=1983"}],"curies":[{"name":"wp","href":"https:\/\/api.w.org\/{rel}","templated":true}]}}