{"id":2064,"date":"2023-12-01T04:52:29","date_gmt":"2023-11-30T22:52:29","guid":{"rendered":"https:\/\/legacymexicanart.com\/?post_type=product&#038;p=2064"},"modified":"2025-03-19T08:15:52","modified_gmt":"2025-03-19T02:15:52","slug":"plato-ovalado-pez","status":"publish","type":"product","link":"https:\/\/legacymexicanart.com\/en_en\/product\/plato-ovalado-pez\/","title":{"rendered":"Oval Fish Plate"},"content":{"rendered":"<p>The Oval Fish Plate is made of high-temperature ceramic, drawn freehand with themes about the beautiful Lake of P\u00e1tzcuaro in Michoac\u00e1n and hand painted with a beautiful shade of blue.<\/p>\n<p>This piece is a safe option to decorate or use in the home and kitchen, since the materials used are lead-free.<\/p>\n<p>Dim: 7.67\" X 6.10\" X H 1.77\"<\/p>\n<p><strong><em>Shipping included to all of Mexico.<\/em><\/strong><\/p>\n<p>Michoacan Legacy<\/p>\n<p>Innovating artisanal processes, artisan Carmen uses high-temperature ceramics instead of clay, which is what is commonly used in the Michoac\u00e1n region.<\/p>","protected":false},"excerpt":{"rendered":"<p><a href=\"mailto:contact@legacymexicanart.com?Subject=Mas%20info%20sku%20CUITZN1003%20\" target=\"_blank\" rel=\"noopener\"><br \/>\n<img decoding=\"async\" src=\"https:\/\/legacymexicanart.com\/wp-content\/uploads\/2021\/10\/email-Design.svg\" \/> More product information<br \/>\n<\/a><\/p>\n<p><em><strong>Shipping included to all of Mexico.<\/strong><\/em><\/p>","protected":false},"featured_media":2068,"comment_status":"open","ping_status":"closed","template":"","meta":[],"product_cat":[18,187],"product_tag":[469,302,72,467,260,468,445,421,274],"yoast_head":"<!-- This site is optimized with the Yoast SEO plugin v22.6 - https:\/\/yoast.com\/wordpress\/plugins\/seo\/ -->\n<title>Plato Ovalado Pez &#187;<\/title>\n<meta name=\"description\" content=\"El Plato Ovalado Pez est\u00e1 realizado en cer\u00e1mica de alta temperatura, dibujado a mano alzada con temas sobre el hermoso lago de P\u00e1tzcuaro en Michoac\u00e1n\" \/>\n<meta name=\"robots\" content=\"index, follow, max-snippet:-1, max-image-preview:large, max-video-preview:-1\" \/>\n<link rel=\"canonical\" href=\"https:\/\/legacymexicanart.com\/en_en\/product\/plato-ovalado-pez\/\" \/>\n<meta property=\"og:locale\" content=\"en_US\" \/>\n<meta property=\"og:type\" content=\"article\" \/>\n<meta property=\"og:title\" content=\"Plato Ovalado Pez &#187;\" \/>\n<meta property=\"og:description\" content=\"El Plato Ovalado Pez est\u00e1 realizado en cer\u00e1mica de alta temperatura, dibujado a mano alzada con temas sobre el hermoso lago de P\u00e1tzcuaro en Michoac\u00e1n\" \/>\n<meta property=\"og:url\" content=\"https:\/\/legacymexicanart.com\/en_en\/product\/plato-ovalado-pez\/\" \/>\n<meta property=\"article:modified_time\" content=\"2025-03-19T02:15:52+00:00\" \/>\n<meta property=\"og:image\" content=\"https:\/\/legacymexicanart.com\/wp-content\/uploads\/2023\/12\/Plato-Ovalado-Pez_Legacy-Mexican-Art.jpeg\" \/>\n\t<meta property=\"og:image:width\" content=\"1472\" \/>\n\t<meta property=\"og:image:height\" content=\"1049\" \/>\n\t<meta property=\"og:image:type\" content=\"image\/jpeg\" \/>\n<meta name=\"twitter:card\" content=\"summary_large_image\" \/>\n<meta name=\"twitter:label1\" content=\"Est. reading time\" \/>\n\t<meta name=\"twitter:data1\" content=\"1 minute\" \/>\n<script type=\"application\/ld+json\" class=\"yoast-schema-graph\">{\"@context\":\"https:\/\/schema.org\",\"@graph\":[{\"@type\":\"WebPage\",\"@id\":\"https:\/\/legacymexicanart.com\/product\/plato-ovalado-pez\/\",\"url\":\"https:\/\/legacymexicanart.com\/product\/plato-ovalado-pez\/\",\"name\":\"Plato Ovalado Pez &#187;\",\"isPartOf\":{\"@id\":\"https:\/\/legacymexicanart.com\/#website\"},\"primaryImageOfPage\":{\"@id\":\"https:\/\/legacymexicanart.com\/product\/plato-ovalado-pez\/#primaryimage\"},\"image\":{\"@id\":\"https:\/\/legacymexicanart.com\/product\/plato-ovalado-pez\/#primaryimage\"},\"thumbnailUrl\":\"https:\/\/legacymexicanart.com\/wp-content\/uploads\/2023\/12\/Plato-Ovalado-Pez_Legacy-Mexican-Art.jpeg\",\"datePublished\":\"2023-11-30T22:52:29+00:00\",\"dateModified\":\"2025-03-19T02:15:52+00:00\",\"description\":\"El Plato Ovalado Pez est\u00e1 realizado en cer\u00e1mica de alta temperatura, dibujado a mano alzada con temas sobre el hermoso lago de P\u00e1tzcuaro en Michoac\u00e1n\",\"breadcrumb\":{\"@id\":\"https:\/\/legacymexicanart.com\/product\/plato-ovalado-pez\/#breadcrumb\"},\"inLanguage\":\"en-US\",\"potentialAction\":[{\"@type\":\"ReadAction\",\"target\":[\"https:\/\/legacymexicanart.com\/product\/plato-ovalado-pez\/\"]}]},{\"@type\":\"ImageObject\",\"inLanguage\":\"en-US\",\"@id\":\"https:\/\/legacymexicanart.com\/product\/plato-ovalado-pez\/#primaryimage\",\"url\":\"https:\/\/legacymexicanart.com\/wp-content\/uploads\/2023\/12\/Plato-Ovalado-Pez_Legacy-Mexican-Art.jpeg\",\"contentUrl\":\"https:\/\/legacymexicanart.com\/wp-content\/uploads\/2023\/12\/Plato-Ovalado-Pez_Legacy-Mexican-Art.jpeg\",\"width\":1472,\"height\":1049},{\"@type\":\"BreadcrumbList\",\"@id\":\"https:\/\/legacymexicanart.com\/product\/plato-ovalado-pez\/#breadcrumb\",\"itemListElement\":[{\"@type\":\"ListItem\",\"position\":1,\"name\":\"Portada\",\"item\":\"https:\/\/legacymexicanart.com\/\"},{\"@type\":\"ListItem\",\"position\":2,\"name\":\"Shop\",\"item\":\"https:\/\/legacymexicanart.com\/es_es\/shop\/\"},{\"@type\":\"ListItem\",\"position\":3,\"name\":\"Plato Ovalado Pez\"}]},{\"@type\":\"WebSite\",\"@id\":\"https:\/\/legacymexicanart.com\/#website\",\"url\":\"https:\/\/legacymexicanart.com\/\",\"name\":\"\",\"description\":\"Legacy Mexican Art\",\"publisher\":{\"@id\":\"https:\/\/legacymexicanart.com\/#organization\"},\"potentialAction\":[{\"@type\":\"SearchAction\",\"target\":{\"@type\":\"EntryPoint\",\"urlTemplate\":\"https:\/\/legacymexicanart.com\/?s={search_term_string}\"},\"query-input\":\"required name=search_term_string\"}],\"inLanguage\":\"en-US\"},{\"@type\":\"Organization\",\"@id\":\"https:\/\/legacymexicanart.com\/#organization\",\"name\":\"Legacy Mexican Art\",\"url\":\"https:\/\/legacymexicanart.com\/\",\"logo\":{\"@type\":\"ImageObject\",\"inLanguage\":\"en-US\",\"@id\":\"https:\/\/legacymexicanart.com\/#\/schema\/logo\/image\/\",\"url\":\"\",\"contentUrl\":\"\",\"caption\":\"Legacy Mexican Art\"},\"image\":{\"@id\":\"https:\/\/legacymexicanart.com\/#\/schema\/logo\/image\/\"}}]}<\/script>\n<!-- \/ Yoast SEO plugin. -->","yoast_head_json":{"title":"Plato Ovalado Pez &#187;","description":"El Plato Ovalado Pez est\u00e1 realizado en cer\u00e1mica de alta temperatura, dibujado a mano alzada con temas sobre el hermoso lago de P\u00e1tzcuaro en Michoac\u00e1n","robots":{"index":"index","follow":"follow","max-snippet":"max-snippet:-1","max-image-preview":"max-image-preview:large","max-video-preview":"max-video-preview:-1"},"canonical":"https:\/\/legacymexicanart.com\/en_en\/product\/plato-ovalado-pez\/","og_locale":"en_US","og_type":"article","og_title":"Plato Ovalado Pez &#187;","og_description":"El Plato Ovalado Pez est\u00e1 realizado en cer\u00e1mica de alta temperatura, dibujado a mano alzada con temas sobre el hermoso lago de P\u00e1tzcuaro en Michoac\u00e1n","og_url":"https:\/\/legacymexicanart.com\/en_en\/product\/plato-ovalado-pez\/","article_modified_time":"2025-03-19T02:15:52+00:00","og_image":[{"width":1472,"height":1049,"url":"https:\/\/legacymexicanart.com\/wp-content\/uploads\/2023\/12\/Plato-Ovalado-Pez_Legacy-Mexican-Art.jpeg","type":"image\/jpeg"}],"twitter_card":"summary_large_image","twitter_misc":{"Est. reading time":"1 minute"},"schema":{"@context":"https:\/\/schema.org","@graph":[{"@type":"WebPage","@id":"https:\/\/legacymexicanart.com\/product\/plato-ovalado-pez\/","url":"https:\/\/legacymexicanart.com\/product\/plato-ovalado-pez\/","name":"Plato Ovalado Pez &#187;","isPartOf":{"@id":"https:\/\/legacymexicanart.com\/#website"},"primaryImageOfPage":{"@id":"https:\/\/legacymexicanart.com\/product\/plato-ovalado-pez\/#primaryimage"},"image":{"@id":"https:\/\/legacymexicanart.com\/product\/plato-ovalado-pez\/#primaryimage"},"thumbnailUrl":"https:\/\/legacymexicanart.com\/wp-content\/uploads\/2023\/12\/Plato-Ovalado-Pez_Legacy-Mexican-Art.jpeg","datePublished":"2023-11-30T22:52:29+00:00","dateModified":"2025-03-19T02:15:52+00:00","description":"El Plato Ovalado Pez est\u00e1 realizado en cer\u00e1mica de alta temperatura, dibujado a mano alzada con temas sobre el hermoso lago de P\u00e1tzcuaro en Michoac\u00e1n","breadcrumb":{"@id":"https:\/\/legacymexicanart.com\/product\/plato-ovalado-pez\/#breadcrumb"},"inLanguage":"en-US","potentialAction":[{"@type":"ReadAction","target":["https:\/\/legacymexicanart.com\/product\/plato-ovalado-pez\/"]}]},{"@type":"ImageObject","inLanguage":"en-US","@id":"https:\/\/legacymexicanart.com\/product\/plato-ovalado-pez\/#primaryimage","url":"https:\/\/legacymexicanart.com\/wp-content\/uploads\/2023\/12\/Plato-Ovalado-Pez_Legacy-Mexican-Art.jpeg","contentUrl":"https:\/\/legacymexicanart.com\/wp-content\/uploads\/2023\/12\/Plato-Ovalado-Pez_Legacy-Mexican-Art.jpeg","width":1472,"height":1049},{"@type":"BreadcrumbList","@id":"https:\/\/legacymexicanart.com\/product\/plato-ovalado-pez\/#breadcrumb","itemListElement":[{"@type":"ListItem","position":1,"name":"Portada","item":"https:\/\/legacymexicanart.com\/"},{"@type":"ListItem","position":2,"name":"Shop","item":"https:\/\/legacymexicanart.com\/es_es\/shop\/"},{"@type":"ListItem","position":3,"name":"Plato Ovalado Pez"}]},{"@type":"WebSite","@id":"https:\/\/legacymexicanart.com\/#website","url":"https:\/\/legacymexicanart.com\/","name":"","description":"Legacy Mexican Art","publisher":{"@id":"https:\/\/legacymexicanart.com\/#organization"},"potentialAction":[{"@type":"SearchAction","target":{"@type":"EntryPoint","urlTemplate":"https:\/\/legacymexicanart.com\/?s={search_term_string}"},"query-input":"required name=search_term_string"}],"inLanguage":"en-US"},{"@type":"Organization","@id":"https:\/\/legacymexicanart.com\/#organization","name":"Legacy Mexican Art","url":"https:\/\/legacymexicanart.com\/","logo":{"@type":"ImageObject","inLanguage":"en-US","@id":"https:\/\/legacymexicanart.com\/#\/schema\/logo\/image\/","url":"","contentUrl":"","caption":"Legacy Mexican Art"},"image":{"@id":"https:\/\/legacymexicanart.com\/#\/schema\/logo\/image\/"}}]}},"_links":{"self":[{"href":"https:\/\/legacymexicanart.com\/en_en\/wp-json\/wp\/v2\/product\/2064"}],"collection":[{"href":"https:\/\/legacymexicanart.com\/en_en\/wp-json\/wp\/v2\/product"}],"about":[{"href":"https:\/\/legacymexicanart.com\/en_en\/wp-json\/wp\/v2\/types\/product"}],"replies":[{"embeddable":true,"href":"https:\/\/legacymexicanart.com\/en_en\/wp-json\/wp\/v2\/comments?post=2064"}],"wp:featuredmedia":[{"embeddable":true,"href":"https:\/\/legacymexicanart.com\/en_en\/wp-json\/wp\/v2\/media\/2068"}],"wp:attachment":[{"href":"https:\/\/legacymexicanart.com\/en_en\/wp-json\/wp\/v2\/media?parent=2064"}],"wp:term":[{"taxonomy":"product_cat","embeddable":true,"href":"https:\/\/legacymexicanart.com\/en_en\/wp-json\/wp\/v2\/product_cat?post=2064"},{"taxonomy":"product_tag","embeddable":true,"href":"https:\/\/legacymexicanart.com\/en_en\/wp-json\/wp\/v2\/product_tag?post=2064"}],"curies":[{"name":"wp","href":"https:\/\/api.w.org\/{rel}","templated":true}]}}