{"id":2076,"date":"2024-01-31T06:50:01","date_gmt":"2024-01-31T00:50:01","guid":{"rendered":"https:\/\/legacymexicanart.com\/?post_type=product&#038;p=2076"},"modified":"2025-07-02T04:49:00","modified_gmt":"2025-07-01T22:49:00","slug":"alebrije-ajolote","status":"publish","type":"product","link":"https:\/\/legacymexicanart.com\/en_en\/product\/alebrije-ajolote\/","title":{"rendered":"Ajolote Alebrije"},"content":{"rendered":"<p>The Ajolote alebrije represents the amphibian endemic to Mexico that currently lives in Lake Xochimilco.<\/p>\n<p>Enjoy its beautiful colors, hand-painted with the delicacy and skill of the artisan Gerardo Linares, grandson of Pedro Linares, the authentic creator of the alebrijes in Mexico.<\/p>\n<p>For Legacy Mexican Art it is very important introduce our the legacy of our<br \/>\nMexican artists and artisans, since authentic alebrijes are made with the papier-m\u00e2ch\u00e9 technique, also known as cartoner\u00eda.<\/p>\n<p>Dimensions: 13.77\" x 7.87\" x H 9.44\"<\/p>\n<p>The Ajolote alebrije comes signed by the artist.<\/p>\n<p>Shipping included to all of Mexico.<\/p>\n<p><em>Legacy of the Alebrijes<\/em><\/p>\n<p>It all goes back to when Pedro Linares fell ill unconscious and in his hallucinations he dreamed of all these surreal animals called Alebrijes.<\/p>\n<p>In 1975, a documentary about Pedro Linares by Judith Bronowski made the Alebrijes known internationally.<\/p>\n<p>Currently his son David and his grandson Gerardo proudly carry on the family legacy.<\/p>\n<p>Respecting the legacy of the Linares family with the creation and name of the ALEBRIJES, from now on in Legacy Mexican Art we will refer to the wood carvings from Oaxaca as Tonas or Nahuales.<\/p>","protected":false},"excerpt":{"rendered":"<p><a href=\"mailto:contact@legacymexicanart.com?Subject=Mas%20info%20sku%20GLIN0106%20\" target=\"_blank\" rel=\"noopener\"><br \/>\n<img decoding=\"async\" src=\"https:\/\/legacymexicanart.com\/wp-content\/uploads\/2021\/10\/email-Design.svg\" \/> More product information<br \/>\n<\/a><\/p>\n<p><em><strong>Shipping included to all of Mexico.<\/strong><\/em><\/p>","protected":false},"featured_media":2077,"comment_status":"open","ping_status":"closed","template":"","meta":[],"product_cat":[18,192],"product_tag":[477,218,478,480,479,413,177,179,412],"yoast_head":"<!-- This site is optimized with the Yoast SEO plugin v22.6 - https:\/\/yoast.com\/wordpress\/plugins\/seo\/ -->\n<title>Alebrije Ajolote &#187;<\/title>\n<meta name=\"description\" content=\"El alebrije Ajolote representa al anfibio end\u00e9mico de M\u00e9xico que actualmente habita en el lago de Xochimilco. Disfruta de sus bellos colores pintados a mano\" \/>\n<meta name=\"robots\" content=\"index, follow, max-snippet:-1, max-image-preview:large, max-video-preview:-1\" \/>\n<link rel=\"canonical\" href=\"https:\/\/legacymexicanart.com\/en_en\/product\/alebrije-ajolote\/\" \/>\n<meta property=\"og:locale\" content=\"en_US\" \/>\n<meta property=\"og:type\" content=\"article\" \/>\n<meta property=\"og:title\" content=\"Alebrije Ajolote &#187;\" \/>\n<meta property=\"og:description\" content=\"El alebrije Ajolote representa al anfibio end\u00e9mico de M\u00e9xico que actualmente habita en el lago de Xochimilco. Disfruta de sus bellos colores pintados a mano\" \/>\n<meta property=\"og:url\" content=\"https:\/\/legacymexicanart.com\/en_en\/product\/alebrije-ajolote\/\" \/>\n<meta property=\"article:modified_time\" content=\"2025-07-01T22:49:00+00:00\" \/>\n<meta property=\"og:image\" content=\"https:\/\/legacymexicanart.com\/wp-content\/uploads\/2024\/01\/Alebrije-Ajolote_Legacy-Mexican-Art.jpg\" \/>\n\t<meta property=\"og:image:width\" content=\"1483\" \/>\n\t<meta property=\"og:image:height\" content=\"1732\" \/>\n\t<meta property=\"og:image:type\" content=\"image\/jpeg\" \/>\n<meta name=\"twitter:card\" content=\"summary_large_image\" \/>\n<meta name=\"twitter:label1\" content=\"Est. reading time\" \/>\n\t<meta name=\"twitter:data1\" content=\"2 minutes\" \/>\n<script type=\"application\/ld+json\" class=\"yoast-schema-graph\">{\"@context\":\"https:\/\/schema.org\",\"@graph\":[{\"@type\":\"WebPage\",\"@id\":\"https:\/\/legacymexicanart.com\/product\/alebrije-ajolote\/\",\"url\":\"https:\/\/legacymexicanart.com\/product\/alebrije-ajolote\/\",\"name\":\"Alebrije Ajolote &#187;\",\"isPartOf\":{\"@id\":\"https:\/\/legacymexicanart.com\/#website\"},\"primaryImageOfPage\":{\"@id\":\"https:\/\/legacymexicanart.com\/product\/alebrije-ajolote\/#primaryimage\"},\"image\":{\"@id\":\"https:\/\/legacymexicanart.com\/product\/alebrije-ajolote\/#primaryimage\"},\"thumbnailUrl\":\"https:\/\/legacymexicanart.com\/wp-content\/uploads\/2024\/01\/Alebrije-Ajolote_Legacy-Mexican-Art.jpg\",\"datePublished\":\"2024-01-31T00:50:01+00:00\",\"dateModified\":\"2025-07-01T22:49:00+00:00\",\"description\":\"El alebrije Ajolote representa al anfibio end\u00e9mico de M\u00e9xico que actualmente habita en el lago de Xochimilco. Disfruta de sus bellos colores pintados a mano\",\"breadcrumb\":{\"@id\":\"https:\/\/legacymexicanart.com\/product\/alebrije-ajolote\/#breadcrumb\"},\"inLanguage\":\"en-US\",\"potentialAction\":[{\"@type\":\"ReadAction\",\"target\":[\"https:\/\/legacymexicanart.com\/product\/alebrije-ajolote\/\"]}]},{\"@type\":\"ImageObject\",\"inLanguage\":\"en-US\",\"@id\":\"https:\/\/legacymexicanart.com\/product\/alebrije-ajolote\/#primaryimage\",\"url\":\"https:\/\/legacymexicanart.com\/wp-content\/uploads\/2024\/01\/Alebrije-Ajolote_Legacy-Mexican-Art.jpg\",\"contentUrl\":\"https:\/\/legacymexicanart.com\/wp-content\/uploads\/2024\/01\/Alebrije-Ajolote_Legacy-Mexican-Art.jpg\",\"width\":1483,\"height\":1732},{\"@type\":\"BreadcrumbList\",\"@id\":\"https:\/\/legacymexicanart.com\/product\/alebrije-ajolote\/#breadcrumb\",\"itemListElement\":[{\"@type\":\"ListItem\",\"position\":1,\"name\":\"Portada\",\"item\":\"https:\/\/legacymexicanart.com\/\"},{\"@type\":\"ListItem\",\"position\":2,\"name\":\"Shop\",\"item\":\"https:\/\/legacymexicanart.com\/es_es\/shop\/\"},{\"@type\":\"ListItem\",\"position\":3,\"name\":\"Alebrije Ajolote\"}]},{\"@type\":\"WebSite\",\"@id\":\"https:\/\/legacymexicanart.com\/#website\",\"url\":\"https:\/\/legacymexicanart.com\/\",\"name\":\"\",\"description\":\"Legacy Mexican Art\",\"publisher\":{\"@id\":\"https:\/\/legacymexicanart.com\/#organization\"},\"potentialAction\":[{\"@type\":\"SearchAction\",\"target\":{\"@type\":\"EntryPoint\",\"urlTemplate\":\"https:\/\/legacymexicanart.com\/?s={search_term_string}\"},\"query-input\":\"required name=search_term_string\"}],\"inLanguage\":\"en-US\"},{\"@type\":\"Organization\",\"@id\":\"https:\/\/legacymexicanart.com\/#organization\",\"name\":\"Legacy Mexican Art\",\"url\":\"https:\/\/legacymexicanart.com\/\",\"logo\":{\"@type\":\"ImageObject\",\"inLanguage\":\"en-US\",\"@id\":\"https:\/\/legacymexicanart.com\/#\/schema\/logo\/image\/\",\"url\":\"\",\"contentUrl\":\"\",\"caption\":\"Legacy Mexican Art\"},\"image\":{\"@id\":\"https:\/\/legacymexicanart.com\/#\/schema\/logo\/image\/\"}}]}<\/script>\n<!-- \/ Yoast SEO plugin. -->","yoast_head_json":{"title":"Alebrije Ajolote &#187;","description":"El alebrije Ajolote representa al anfibio end\u00e9mico de M\u00e9xico que actualmente habita en el lago de Xochimilco. Disfruta de sus bellos colores pintados a mano","robots":{"index":"index","follow":"follow","max-snippet":"max-snippet:-1","max-image-preview":"max-image-preview:large","max-video-preview":"max-video-preview:-1"},"canonical":"https:\/\/legacymexicanart.com\/en_en\/product\/alebrije-ajolote\/","og_locale":"en_US","og_type":"article","og_title":"Alebrije Ajolote &#187;","og_description":"El alebrije Ajolote representa al anfibio end\u00e9mico de M\u00e9xico que actualmente habita en el lago de Xochimilco. Disfruta de sus bellos colores pintados a mano","og_url":"https:\/\/legacymexicanart.com\/en_en\/product\/alebrije-ajolote\/","article_modified_time":"2025-07-01T22:49:00+00:00","og_image":[{"width":1483,"height":1732,"url":"https:\/\/legacymexicanart.com\/wp-content\/uploads\/2024\/01\/Alebrije-Ajolote_Legacy-Mexican-Art.jpg","type":"image\/jpeg"}],"twitter_card":"summary_large_image","twitter_misc":{"Est. reading time":"2 minutes"},"schema":{"@context":"https:\/\/schema.org","@graph":[{"@type":"WebPage","@id":"https:\/\/legacymexicanart.com\/product\/alebrije-ajolote\/","url":"https:\/\/legacymexicanart.com\/product\/alebrije-ajolote\/","name":"Alebrije Ajolote &#187;","isPartOf":{"@id":"https:\/\/legacymexicanart.com\/#website"},"primaryImageOfPage":{"@id":"https:\/\/legacymexicanart.com\/product\/alebrije-ajolote\/#primaryimage"},"image":{"@id":"https:\/\/legacymexicanart.com\/product\/alebrije-ajolote\/#primaryimage"},"thumbnailUrl":"https:\/\/legacymexicanart.com\/wp-content\/uploads\/2024\/01\/Alebrije-Ajolote_Legacy-Mexican-Art.jpg","datePublished":"2024-01-31T00:50:01+00:00","dateModified":"2025-07-01T22:49:00+00:00","description":"El alebrije Ajolote representa al anfibio end\u00e9mico de M\u00e9xico que actualmente habita en el lago de Xochimilco. Disfruta de sus bellos colores pintados a mano","breadcrumb":{"@id":"https:\/\/legacymexicanart.com\/product\/alebrije-ajolote\/#breadcrumb"},"inLanguage":"en-US","potentialAction":[{"@type":"ReadAction","target":["https:\/\/legacymexicanart.com\/product\/alebrije-ajolote\/"]}]},{"@type":"ImageObject","inLanguage":"en-US","@id":"https:\/\/legacymexicanart.com\/product\/alebrije-ajolote\/#primaryimage","url":"https:\/\/legacymexicanart.com\/wp-content\/uploads\/2024\/01\/Alebrije-Ajolote_Legacy-Mexican-Art.jpg","contentUrl":"https:\/\/legacymexicanart.com\/wp-content\/uploads\/2024\/01\/Alebrije-Ajolote_Legacy-Mexican-Art.jpg","width":1483,"height":1732},{"@type":"BreadcrumbList","@id":"https:\/\/legacymexicanart.com\/product\/alebrije-ajolote\/#breadcrumb","itemListElement":[{"@type":"ListItem","position":1,"name":"Portada","item":"https:\/\/legacymexicanart.com\/"},{"@type":"ListItem","position":2,"name":"Shop","item":"https:\/\/legacymexicanart.com\/es_es\/shop\/"},{"@type":"ListItem","position":3,"name":"Alebrije Ajolote"}]},{"@type":"WebSite","@id":"https:\/\/legacymexicanart.com\/#website","url":"https:\/\/legacymexicanart.com\/","name":"","description":"Legacy Mexican Art","publisher":{"@id":"https:\/\/legacymexicanart.com\/#organization"},"potentialAction":[{"@type":"SearchAction","target":{"@type":"EntryPoint","urlTemplate":"https:\/\/legacymexicanart.com\/?s={search_term_string}"},"query-input":"required name=search_term_string"}],"inLanguage":"en-US"},{"@type":"Organization","@id":"https:\/\/legacymexicanart.com\/#organization","name":"Legacy Mexican Art","url":"https:\/\/legacymexicanart.com\/","logo":{"@type":"ImageObject","inLanguage":"en-US","@id":"https:\/\/legacymexicanart.com\/#\/schema\/logo\/image\/","url":"","contentUrl":"","caption":"Legacy Mexican Art"},"image":{"@id":"https:\/\/legacymexicanart.com\/#\/schema\/logo\/image\/"}}]}},"_links":{"self":[{"href":"https:\/\/legacymexicanart.com\/en_en\/wp-json\/wp\/v2\/product\/2076"}],"collection":[{"href":"https:\/\/legacymexicanart.com\/en_en\/wp-json\/wp\/v2\/product"}],"about":[{"href":"https:\/\/legacymexicanart.com\/en_en\/wp-json\/wp\/v2\/types\/product"}],"replies":[{"embeddable":true,"href":"https:\/\/legacymexicanart.com\/en_en\/wp-json\/wp\/v2\/comments?post=2076"}],"wp:featuredmedia":[{"embeddable":true,"href":"https:\/\/legacymexicanart.com\/en_en\/wp-json\/wp\/v2\/media\/2077"}],"wp:attachment":[{"href":"https:\/\/legacymexicanart.com\/en_en\/wp-json\/wp\/v2\/media?parent=2076"}],"wp:term":[{"taxonomy":"product_cat","embeddable":true,"href":"https:\/\/legacymexicanart.com\/en_en\/wp-json\/wp\/v2\/product_cat?post=2076"},{"taxonomy":"product_tag","embeddable":true,"href":"https:\/\/legacymexicanart.com\/en_en\/wp-json\/wp\/v2\/product_tag?post=2076"}],"curies":[{"name":"wp","href":"https:\/\/api.w.org\/{rel}","templated":true}]}}