{"id":119,"date":"2020-08-20T10:02:41","date_gmt":"2020-08-20T10:02:41","guid":{"rendered":"https:\/\/legacymexicanart.com\/?page_id=119"},"modified":"2023-04-14T03:01:50","modified_gmt":"2023-04-13T21:01:50","slug":"nosotros","status":"publish","type":"page","link":"https:\/\/legacymexicanart.com\/es_es\/nosotros\/","title":{"rendered":"Nosotros"},"content":{"rendered":"\n<div class=\"wp-block-cover alignfull has-background-dim-100 has-background-dim has-background-gradient\" style=\"min-height:476px\"><span aria-hidden=\"true\" class=\"wp-block-cover__gradient-background\" style=\"background:linear-gradient(180deg,rgb(255,255,255) 0%,rgba(239,248,250,0.45) 52%)\"><\/span><img decoding=\"async\" class=\"wp-block-cover__image-background wp-image-254\" alt=\"\" src=\"https:\/\/legacymexicanart.com\/wp-content\/uploads\/2021\/03\/aboutusLMA.jpg\" style=\"object-position:18% 68%\" data-object-fit=\"cover\" data-object-position=\"18% 68%\"\/><div class=\"wp-block-cover__inner-container is-layout-flow wp-block-cover-is-layout-flow\">\n<h1 class=\"has-text-color wp-block-heading\" style=\"color:#2b2f38\">Nosotros<\/h1>\n<\/div><\/div>\n\n\n\n<div class=\"wp-block-group alignfull has-white-background-color has-background is-layout-flow wp-block-group-is-layout-flow\"><div class=\"wp-block-group__inner-container\">\n<div class=\"wp-block-columns is-layout-flex wp-container-4 wp-block-columns-is-layout-flex\">\n<div class=\"wp-block-column is-layout-flow wp-block-column-is-layout-flow\" style=\"flex-basis:33.33%\">\n<h4 class=\"has-text-align-right has-text-color wp-block-heading\" style=\"color:#01ae9b\">Trabajamos para acercarte las artesan\u00edas de M\u00e9xico.<\/h4>\n\n\n\n<p><\/p>\n<\/div>\n\n\n\n<div class=\"wp-block-column is-layout-flow wp-block-column-is-layout-flow\" style=\"flex-basis:66.66%\">\n<h3 class=\"wp-block-heading\">LEGACY MEXICAN ART, nace con la idea de crear un espacio en donde convergen el dise\u00f1o y arte mexicanos enamorados por las piezas hechas a mano.<\/h3>\n<\/div>\n<\/div>\n<\/div><\/div>\n\n\n\n<div class=\"wp-block-group alignfull has-background is-layout-flow wp-block-group-is-layout-flow\" style=\"background-color:#f9f9f9\"><div class=\"wp-block-group__inner-container\">\n<div class=\"wp-block-columns alignfull is-layout-flex wp-container-10 wp-block-columns-is-layout-flex\">\n<div class=\"wp-block-column is-layout-flow wp-block-column-is-layout-flow\">\n<div class=\"wp-block-columns is-layout-flex wp-container-7 wp-block-columns-is-layout-flex\">\n<div class=\"wp-block-column is-layout-flow wp-block-column-is-layout-flow\">\n<figure class=\"wp-block-image size-large is-style-rounded\"><img decoding=\"async\" loading=\"lazy\" width=\"1024\" height=\"1024\" src=\"https:\/\/legacymexicanart.com\/wp-content\/uploads\/2021\/03\/NOSOTROS_PORTADA_LMA-1024x1024.jpg\" alt=\"MISI\u00d3N\" class=\"wp-image-461\" srcset=\"https:\/\/legacymexicanart.com\/wp-content\/uploads\/2021\/03\/NOSOTROS_PORTADA_LMA-1024x1024.jpg 1024w, https:\/\/legacymexicanart.com\/wp-content\/uploads\/2021\/03\/NOSOTROS_PORTADA_LMA-300x300.jpg 300w, https:\/\/legacymexicanart.com\/wp-content\/uploads\/2021\/03\/NOSOTROS_PORTADA_LMA-150x150.jpg 150w, https:\/\/legacymexicanart.com\/wp-content\/uploads\/2021\/03\/NOSOTROS_PORTADA_LMA-768x768.jpg 768w, https:\/\/legacymexicanart.com\/wp-content\/uploads\/2021\/03\/NOSOTROS_PORTADA_LMA-1536x1536.jpg 1536w, https:\/\/legacymexicanart.com\/wp-content\/uploads\/2021\/03\/NOSOTROS_PORTADA_LMA-2048x2048.jpg 2048w, https:\/\/legacymexicanart.com\/wp-content\/uploads\/2021\/03\/NOSOTROS_PORTADA_LMA-600x600.jpg 600w, https:\/\/legacymexicanart.com\/wp-content\/uploads\/2021\/03\/NOSOTROS_PORTADA_LMA-100x100.jpg 100w\" sizes=\"(max-width: 1024px) 100vw, 1024px\" \/><\/figure>\n<\/div>\n<\/div>\n<\/div>\n\n\n\n<div class=\"wp-block-column is-layout-flow wp-block-column-is-layout-flow\">\n<h2 class=\"has-text-align-center wp-block-heading\">Misi\u00f3n<\/h2>\n\n\n\n<p class=\"has-text-align-center has-medium-font-size\">Mantener vigente el legado de las artesan\u00edas y bordados mexicanos, que sean dados a conocer en cada rinc\u00f3n del mundo con reconocimiento al artista.<\/p>\n\n\n\n<p><\/p>\n\n\n\n<p><\/p>\n\n\n\n<hr class=\"wp-block-separator is-style-dots\"\/>\n\n\n\n<h2 class=\"has-text-align-center wp-block-heading\">Nuestros valores<\/h2>\n\n\n\n<p class=\"has-text-align-center has-medium-font-size\">Respetamos y valoramos el esfuerzo y la originalidad de cada pieza hecha a mano.<\/p>\n<\/div>\n<\/div>\n<\/div><\/div>\n\n\n\n<div class=\"wp-block-group alignfull has-white-background-color has-background is-layout-flow wp-block-group-is-layout-flow\"><div class=\"wp-block-group__inner-container\">\n<h2 class=\"has-text-align-center wp-block-heading\">Legacy Mexican Art<\/h2>\n\n\n\n<div class=\"wp-block-columns is-layout-flex wp-container-15 wp-block-columns-is-layout-flex\">\n<div class=\"wp-block-column is-layout-flow wp-block-column-is-layout-flow\" style=\"flex-basis:100%\">\n<div class=\"wp-block-columns are-vertically-aligned-center is-layout-flex wp-container-13 wp-block-columns-is-layout-flex\">\n<div class=\"wp-block-column is-vertically-aligned-center is-layout-flow wp-block-column-is-layout-flow\">\n<p class=\"has-text-align-center\">Nace con la idea de su fundadora Karen, nacida en la ciudad de Oaxaca y que gran parte de su infancia vivi\u00f3 en Ocotl\u00e1n de Morelos una provincia muy cercana a la ciudad de Oaxaca.<\/p>\n\n\n\n<p class=\"has-text-align-center\">Karen disfrutaba de los paseos de fin de semana con sus padres que consist\u00eda en visitar lugares aleda\u00f1os, tales como San Mart\u00edn Tilcajete, San Bartolo Coyotepec, Mitla, entre muchas m\u00e1s.<\/p>\n\n\n\n<p class=\"has-text-align-center\">As\u00ed fue como naci\u00f3 su gusto por el barro negro, los alebrijes, los textiles, los bordados y todas las artesan\u00edas que la rodeaban.<\/p>\n\n\n\n<p class=\"has-text-align-center\">Este gusto por el dise\u00f1o y la decoraci\u00f3n la llev\u00f3 a estudiar Dise\u00f1o de interiores.<\/p>\n\n\n\n<p class=\"has-text-align-center\">Muchos a\u00f1os trabaj\u00f3 para una firma de dise\u00f1o dan\u00e9s, la cu\u00e1l le ayud\u00f3 en apreciar el estilo escandinavo y buscar una conjunci\u00f3n entre lo \u00e9tnico y minimalista.<\/p>\n\n\n\n<p class=\"has-text-align-center\">Esta combinaci\u00f3n es el resultado del cat\u00e1logo de Legacy Mexican Art.<\/p>\n<\/div>\n<\/div>\n<\/div>\n<\/div>\n<\/div><\/div>\n\n\n\n<div class=\"wp-block-cover alignfull has-white-background-color\" style=\"min-height:650px\"><img decoding=\"async\" class=\"wp-block-cover__image-background wp-image-242\" alt=\"\" src=\"https:\/\/legacymexicanart.com\/wp-content\/uploads\/2021\/03\/portada_jarron_lma.jpg\" style=\"object-position:50% 34%\" data-object-fit=\"cover\" data-object-position=\"50% 34%\"\/><div class=\"wp-block-cover__inner-container is-layout-flow wp-block-cover-is-layout-flow\">\n<h2 class=\"has-text-align-center has-text-color wp-block-heading\" style=\"color:#2b2f38\">Conoce nuestra tienda<\/h2>\n\n\n\n<p class=\"has-text-align-center has-text-color\" style=\"color:#2b2f38\">Cada pieza est\u00e1 dise\u00f1ada con arte e inspiraci\u00f3n de artistas mexicanos. Creemos en la originalidad de lo hecho a mano por eso todos nuestros dise\u00f1os son aut\u00e9nticos siguiendo los procesos artesanales de cada entidad.<\/p>\n\n\n\n<div class=\"wp-block-buttons is-content-justification-center is-layout-flex wp-block-buttons-is-layout-flex\">\n<div class=\"wp-block-button\"><a class=\"wp-block-button__link has-pale-pink-background-color has-background\" href=\"https:\/\/legacymexicanart.com\/catalogo\/\">Ir a LA TIENDA<\/a><\/div>\n<\/div>\n\n\n\n<div style=\"height:150px\" aria-hidden=\"true\" class=\"wp-block-spacer\"><\/div>\n<\/div><\/div>\n\n\n\n<p><\/p>\n","protected":false},"excerpt":{"rendered":"<p>Trabajamos para acercarte las artesan\u00edas de M\u00e9xico. LEGACY MEXICAN ART, nace con la idea de crear un espacio en donde convergen el dise\u00f1o y arte mexicanos enamorados por las piezas hechas a mano. Misi\u00f3n Mantener vigente el legado de las artesan\u00edas y bordados mexicanos, que sean dados a conocer en cada rinc\u00f3n del mundo con &hellip;<\/p>\n<p class=\"read-more\"> <a class=\"\" href=\"https:\/\/legacymexicanart.com\/es_es\/nosotros\/\"> <span class=\"screen-reader-text\">Nosotros<\/span> Leer m\u00e1s &raquo;<\/a><\/p>\n","protected":false},"author":1,"featured_media":0,"parent":0,"menu_order":0,"comment_status":"closed","ping_status":"closed","template":"","meta":{"footnotes":""},"yoast_head":"<!-- This site is optimized with the Yoast SEO plugin v22.6 - https:\/\/yoast.com\/wordpress\/plugins\/seo\/ -->\n<title>Nosotros &#187; Legacy Mexican Art<\/title>\n<meta name=\"description\" content=\"Somos una empresa 100% mexicana que trabaja mano a mano con talleres artesanos de M\u00e9xico.\" \/>\n<meta name=\"robots\" content=\"index, follow, max-snippet:-1, max-image-preview:large, max-video-preview:-1\" \/>\n<link rel=\"canonical\" href=\"https:\/\/legacymexicanart.com\/es_es\/nosotros\/\" \/>\n<meta property=\"og:locale\" content=\"es_ES\" \/>\n<meta property=\"og:type\" content=\"article\" \/>\n<meta property=\"og:title\" content=\"Nosotros &#187; Legacy Mexican Art\" \/>\n<meta property=\"og:description\" content=\"Somos una empresa 100% mexicana que trabaja mano a mano con talleres artesanos de M\u00e9xico.\" \/>\n<meta property=\"og:url\" content=\"https:\/\/legacymexicanart.com\/es_es\/nosotros\/\" \/>\n<meta property=\"article:modified_time\" content=\"2023-04-13T21:01:50+00:00\" \/>\n<meta property=\"og:image\" content=\"https:\/\/legacymexicanart.com\/wp-content\/uploads\/2021\/03\/aboutusLMA.jpg\" \/>\n\t<meta property=\"og:image:width\" content=\"1\" \/>\n\t<meta property=\"og:image:height\" content=\"1\" \/>\n\t<meta property=\"og:image:type\" content=\"image\/jpeg\" \/>\n<meta name=\"twitter:card\" content=\"summary_large_image\" \/>\n<meta name=\"twitter:title\" content=\"Nosotros &#187; Legacy Mexican Art\" \/>\n<meta name=\"twitter:description\" content=\"Somos una empresa 100% mexicana que trabaja mano a mano con talleres artesanos de M\u00e9xico.\" \/>\n<meta name=\"twitter:image\" content=\"https:\/\/legacymexicanart.com\/wp-content\/uploads\/2021\/03\/aboutusLMA.jpg\" \/>\n<meta name=\"twitter:label1\" content=\"Tiempo de lectura\" \/>\n\t<meta name=\"twitter:data1\" content=\"2 minutos\" \/>\n<script type=\"application\/ld+json\" class=\"yoast-schema-graph\">{\"@context\":\"https:\/\/schema.org\",\"@graph\":[{\"@type\":[\"WebPage\",\"AboutPage\"],\"@id\":\"https:\/\/legacymexicanart.com\/nosotros\/\",\"url\":\"https:\/\/legacymexicanart.com\/nosotros\/\",\"name\":\"Nosotros &#187; Legacy Mexican Art\",\"isPartOf\":{\"@id\":\"https:\/\/legacymexicanart.com\/#website\"},\"primaryImageOfPage\":{\"@id\":\"https:\/\/legacymexicanart.com\/nosotros\/#primaryimage\"},\"image\":{\"@id\":\"https:\/\/legacymexicanart.com\/nosotros\/#primaryimage\"},\"thumbnailUrl\":\"https:\/\/legacymexicanart.com\/wp-content\/uploads\/2021\/03\/aboutusLMA.jpg\",\"datePublished\":\"2020-08-20T10:02:41+00:00\",\"dateModified\":\"2023-04-13T21:01:50+00:00\",\"description\":\"Somos una empresa 100% mexicana que trabaja mano a mano con talleres artesanos de M\u00e9xico.\",\"breadcrumb\":{\"@id\":\"https:\/\/legacymexicanart.com\/nosotros\/#breadcrumb\"},\"inLanguage\":\"es\",\"potentialAction\":[{\"@type\":\"ReadAction\",\"target\":[\"https:\/\/legacymexicanart.com\/nosotros\/\"]}]},{\"@type\":\"ImageObject\",\"inLanguage\":\"es\",\"@id\":\"https:\/\/legacymexicanart.com\/nosotros\/#primaryimage\",\"url\":\"https:\/\/legacymexicanart.com\/wp-content\/uploads\/2021\/03\/aboutusLMA.jpg\",\"contentUrl\":\"https:\/\/legacymexicanart.com\/wp-content\/uploads\/2021\/03\/aboutusLMA.jpg\"},{\"@type\":\"BreadcrumbList\",\"@id\":\"https:\/\/legacymexicanart.com\/nosotros\/#breadcrumb\",\"itemListElement\":[{\"@type\":\"ListItem\",\"position\":1,\"name\":\"Portada\",\"item\":\"https:\/\/legacymexicanart.com\/\"},{\"@type\":\"ListItem\",\"position\":2,\"name\":\"Nosotros\"}]},{\"@type\":\"WebSite\",\"@id\":\"https:\/\/legacymexicanart.com\/#website\",\"url\":\"https:\/\/legacymexicanart.com\/\",\"name\":\"\",\"description\":\"Legacy Mexican Art\",\"publisher\":{\"@id\":\"https:\/\/legacymexicanart.com\/#organization\"},\"potentialAction\":[{\"@type\":\"SearchAction\",\"target\":{\"@type\":\"EntryPoint\",\"urlTemplate\":\"https:\/\/legacymexicanart.com\/?s={search_term_string}\"},\"query-input\":\"required name=search_term_string\"}],\"inLanguage\":\"es\"},{\"@type\":\"Organization\",\"@id\":\"https:\/\/legacymexicanart.com\/#organization\",\"name\":\"Legacy Mexican Art\",\"url\":\"https:\/\/legacymexicanart.com\/\",\"logo\":{\"@type\":\"ImageObject\",\"inLanguage\":\"es\",\"@id\":\"https:\/\/legacymexicanart.com\/#\/schema\/logo\/image\/\",\"url\":\"\",\"contentUrl\":\"\",\"caption\":\"Legacy Mexican Art\"},\"image\":{\"@id\":\"https:\/\/legacymexicanart.com\/#\/schema\/logo\/image\/\"}}]}<\/script>\n<!-- \/ Yoast SEO plugin. -->","yoast_head_json":{"title":"Nosotros &#187; Legacy Mexican Art","description":"Somos una empresa 100% mexicana que trabaja mano a mano con talleres artesanos de M\u00e9xico.","robots":{"index":"index","follow":"follow","max-snippet":"max-snippet:-1","max-image-preview":"max-image-preview:large","max-video-preview":"max-video-preview:-1"},"canonical":"https:\/\/legacymexicanart.com\/es_es\/nosotros\/","og_locale":"es_ES","og_type":"article","og_title":"Nosotros &#187; Legacy Mexican Art","og_description":"Somos una empresa 100% mexicana que trabaja mano a mano con talleres artesanos de M\u00e9xico.","og_url":"https:\/\/legacymexicanart.com\/es_es\/nosotros\/","article_modified_time":"2023-04-13T21:01:50+00:00","og_image":[{"url":"https:\/\/legacymexicanart.com\/wp-content\/uploads\/2021\/03\/aboutusLMA.jpg","width":1,"height":1,"type":"image\/jpeg"}],"twitter_card":"summary_large_image","twitter_title":"Nosotros &#187; Legacy Mexican Art","twitter_description":"Somos una empresa 100% mexicana que trabaja mano a mano con talleres artesanos de M\u00e9xico.","twitter_image":"https:\/\/legacymexicanart.com\/wp-content\/uploads\/2021\/03\/aboutusLMA.jpg","twitter_misc":{"Tiempo de lectura":"2 minutos"},"schema":{"@context":"https:\/\/schema.org","@graph":[{"@type":["WebPage","AboutPage"],"@id":"https:\/\/legacymexicanart.com\/nosotros\/","url":"https:\/\/legacymexicanart.com\/nosotros\/","name":"Nosotros &#187; Legacy Mexican Art","isPartOf":{"@id":"https:\/\/legacymexicanart.com\/#website"},"primaryImageOfPage":{"@id":"https:\/\/legacymexicanart.com\/nosotros\/#primaryimage"},"image":{"@id":"https:\/\/legacymexicanart.com\/nosotros\/#primaryimage"},"thumbnailUrl":"https:\/\/legacymexicanart.com\/wp-content\/uploads\/2021\/03\/aboutusLMA.jpg","datePublished":"2020-08-20T10:02:41+00:00","dateModified":"2023-04-13T21:01:50+00:00","description":"Somos una empresa 100% mexicana que trabaja mano a mano con talleres artesanos de M\u00e9xico.","breadcrumb":{"@id":"https:\/\/legacymexicanart.com\/nosotros\/#breadcrumb"},"inLanguage":"es","potentialAction":[{"@type":"ReadAction","target":["https:\/\/legacymexicanart.com\/nosotros\/"]}]},{"@type":"ImageObject","inLanguage":"es","@id":"https:\/\/legacymexicanart.com\/nosotros\/#primaryimage","url":"https:\/\/legacymexicanart.com\/wp-content\/uploads\/2021\/03\/aboutusLMA.jpg","contentUrl":"https:\/\/legacymexicanart.com\/wp-content\/uploads\/2021\/03\/aboutusLMA.jpg"},{"@type":"BreadcrumbList","@id":"https:\/\/legacymexicanart.com\/nosotros\/#breadcrumb","itemListElement":[{"@type":"ListItem","position":1,"name":"Portada","item":"https:\/\/legacymexicanart.com\/"},{"@type":"ListItem","position":2,"name":"Nosotros"}]},{"@type":"WebSite","@id":"https:\/\/legacymexicanart.com\/#website","url":"https:\/\/legacymexicanart.com\/","name":"","description":"Legacy Mexican Art","publisher":{"@id":"https:\/\/legacymexicanart.com\/#organization"},"potentialAction":[{"@type":"SearchAction","target":{"@type":"EntryPoint","urlTemplate":"https:\/\/legacymexicanart.com\/?s={search_term_string}"},"query-input":"required name=search_term_string"}],"inLanguage":"es"},{"@type":"Organization","@id":"https:\/\/legacymexicanart.com\/#organization","name":"Legacy Mexican Art","url":"https:\/\/legacymexicanart.com\/","logo":{"@type":"ImageObject","inLanguage":"es","@id":"https:\/\/legacymexicanart.com\/#\/schema\/logo\/image\/","url":"","contentUrl":"","caption":"Legacy Mexican Art"},"image":{"@id":"https:\/\/legacymexicanart.com\/#\/schema\/logo\/image\/"}}]}},"_links":{"self":[{"href":"https:\/\/legacymexicanart.com\/es_es\/wp-json\/wp\/v2\/pages\/119"}],"collection":[{"href":"https:\/\/legacymexicanart.com\/es_es\/wp-json\/wp\/v2\/pages"}],"about":[{"href":"https:\/\/legacymexicanart.com\/es_es\/wp-json\/wp\/v2\/types\/page"}],"author":[{"embeddable":true,"href":"https:\/\/legacymexicanart.com\/es_es\/wp-json\/wp\/v2\/users\/1"}],"replies":[{"embeddable":true,"href":"https:\/\/legacymexicanart.com\/es_es\/wp-json\/wp\/v2\/comments?post=119"}],"version-history":[{"count":31,"href":"https:\/\/legacymexicanart.com\/es_es\/wp-json\/wp\/v2\/pages\/119\/revisions"}],"predecessor-version":[{"id":1844,"href":"https:\/\/legacymexicanart.com\/es_es\/wp-json\/wp\/v2\/pages\/119\/revisions\/1844"}],"wp:attachment":[{"href":"https:\/\/legacymexicanart.com\/es_es\/wp-json\/wp\/v2\/media?parent=119"}],"curies":[{"name":"wp","href":"https:\/\/api.w.org\/{rel}","templated":true}]}}