{"id":469,"date":"2021-03-30T05:32:36","date_gmt":"2021-03-29T23:32:36","guid":{"rendered":"https:\/\/legacymexicanart.com\/?page_id=469"},"modified":"2021-05-19T01:26:57","modified_gmt":"2021-05-18T19:26:57","slug":"preguntasfrecuentes","status":"publish","type":"page","link":"https:\/\/legacymexicanart.com\/es_es\/preguntasfrecuentes\/","title":{"rendered":"FAQ"},"content":{"rendered":"\n<div class=\"wp-block-cover has-background-dim-100 has-background-dim has-background-gradient alignfull\" style=\"min-height:476px\"><span aria-hidden=\"true\" class=\"wp-block-cover__gradient-background\" style=\"background:linear-gradient(180deg,rgb(255,255,255) 0%,rgba(239,248,250,0.45) 52%)\"><\/span><img decoding=\"async\" class=\"wp-block-cover__image-background wp-image-480\" alt=\"\" src=\"https:\/\/legacymexicanart.com\/wp-content\/uploads\/2021\/03\/FAQ_LMA.jpg\" style=\"object-position:10% 85%\" data-object-fit=\"cover\" data-object-position=\"10% 85%\"\/><div class=\"wp-block-cover__inner-container is-layout-flow wp-block-cover-is-layout-flow\">\n<h1 class=\"has-text-color wp-block-heading\" style=\"color:#2b2f38\">FAQ<\/h1>\n<\/div><\/div>\n\n\n\n<div class=\"wp-block-columns is-layout-flex wp-container-5 wp-block-columns-is-layout-flex\">\n<div class=\"wp-block-column is-vertically-aligned-justify is-layout-flow wp-block-column-is-layout-flow\" style=\"flex-basis:100%\">\n<div class=\"wp-block-columns is-layout-flex wp-container-3 wp-block-columns-is-layout-flex\">\n<div class=\"wp-block-column is-layout-flow wp-block-column-is-layout-flow\" style=\"flex-basis:100%\"><\/div>\n<\/div>\n<\/div>\n<\/div>\n\n\n\n<h3 class=\"wp-block-heading\">\u00bfQu\u00e9 m\u00e9todos de pago reciben?<\/h3>\n\n\n\n<p class=\"has-text-align-left has-text-align-justify\">LEGACY MEXICAN ART acepta pagos con tarjeta de cr\u00e9dito o debito (Visa, MasterCard, American Express) en l\u00ednea a trav\u00e9s de nuestro servidor seguro, o bien, dep\u00f3sito a cuenta bancaria. Toda compra que se tenga que enviar fuera de M\u00e9xico, el pago de impuestos estar\u00e1 a cargo del ordenante de la compra.<\/p>\n\n\n\n<h3 class=\"wp-block-heading\">\u00bfC\u00f3mo son los env\u00edos?<\/h3>\n\n\n\n<p>Aseg\u00farese de indicar la direcci\u00f3n de env\u00edo completa y correcta cuando realice su pedido. LEGACY MEXICAN ART no se hace responsable de los art\u00edculos que no se hayan recibido debido a una direcci\u00f3n incorrecta o cambio de direcci\u00f3n. Si no ha recibido su pedido y desea verificar el estado, comun\u00edquese con nuestro Departamento de Servicio al Cliente al correo <a href=\"mailto:contact@legacymexicanart.com\" target=\"_blank\" rel=\"noreferrer noopener\">contact@legacymexicanart.com<\/a>. <\/p>\n\n\n\n<p>Aseg\u00farese de proporcionar en el correo su n\u00fam. De orden, nombre y correo electr\u00f3nico.<\/p>\n\n\n\n<p>En caso de env\u00edo al extranjero se deber\u00e1 cotizar antes el env\u00edo y los impuestos que se generen los deber\u00e1 pagar el cliente al recibir<\/p>\n\n\n\n<h3 class=\"wp-block-heading\">\u00bfRealizan devoluciones?<\/h3>\n\n\n\n<p>Si por alg\u00fan motivo se desea devolver el producto comunicarse a nuestro departamento de servicio al cliente o al correo <a href=\"mailto:contact@legacymexicanart.com\" target=\"_blank\" rel=\"noreferrer noopener\">contact@legacymexicanart.com<\/a>&nbsp; Y cada vez que se haya evaluado la situaci\u00f3n la devoluci\u00f3n se puede realizar dentro de los primeros 14 d\u00edas de realizada la compra. Una vez que recibamos el producto de vuelta en perfecto estado se realizar\u00e1 la devoluci\u00f3n. El costo del env\u00edo por devoluci\u00f3n corre por parte del cliente. No habr\u00e1 reembolsos disponibles despu\u00e9s de que expire el per\u00edodo de devoluci\u00f3n de 14 d\u00edas.<\/p>\n\n\n\n<p>NOTA IMPORTANTE: No se emitir\u00e1n reembolsos si los productos devueltos han sido da\u00f1ados o alterados de alguna manera al ser recibidos por nosotros.<\/p>\n\n\n\n<p>No hay reembolsos ni devoluciones en pedidos personalizados.<\/p>\n\n\n\n<p>No se reembolsan gastos de env\u00edos.<\/p>\n\n\n\n<h3 class=\"wp-block-heading\">\u00bfFacturan?<\/h3>\n\n\n\n<p>En cada caso la facturaci\u00f3n se solicitar\u00e1 directamente al artesano.<\/p>\n\n\n\n<figure class=\"wp-block-image alignfull size-large is-style-default\"><img decoding=\"async\" loading=\"lazy\" width=\"1024\" height=\"160\" src=\"https:\/\/legacymexicanart.com\/wp-content\/uploads\/2021\/03\/FAQ_4_LINE-1024x160.png\" alt=\"\" class=\"wp-image-513\" srcset=\"https:\/\/legacymexicanart.com\/wp-content\/uploads\/2021\/03\/FAQ_4_LINE-1024x160.png 1024w, https:\/\/legacymexicanart.com\/wp-content\/uploads\/2021\/03\/FAQ_4_LINE-300x47.png 300w, https:\/\/legacymexicanart.com\/wp-content\/uploads\/2021\/03\/FAQ_4_LINE-768x120.png 768w, https:\/\/legacymexicanart.com\/wp-content\/uploads\/2021\/03\/FAQ_4_LINE-1536x240.png 1536w, https:\/\/legacymexicanart.com\/wp-content\/uploads\/2021\/03\/FAQ_4_LINE-2048x320.png 2048w, https:\/\/legacymexicanart.com\/wp-content\/uploads\/2021\/03\/FAQ_4_LINE-600x94.png 600w\" sizes=\"(max-width: 1024px) 100vw, 1024px\" \/><\/figure>\n","protected":false},"excerpt":{"rendered":"<p>\u00bfQu\u00e9 m\u00e9todos de pago reciben? LEGACY MEXICAN ART acepta pagos con tarjeta de cr\u00e9dito o debito (Visa, MasterCard, American Express) en l\u00ednea a trav\u00e9s de nuestro servidor seguro, o bien, dep\u00f3sito a cuenta bancaria. Toda compra que se tenga que enviar fuera de M\u00e9xico, el pago de impuestos estar\u00e1 a cargo del ordenante de la &hellip;<\/p>\n<p class=\"read-more\"> <a class=\"\" href=\"https:\/\/legacymexicanart.com\/es_es\/preguntasfrecuentes\/\"> <span class=\"screen-reader-text\">FAQ<\/span> Leer m\u00e1s &raquo;<\/a><\/p>\n","protected":false},"author":1,"featured_media":0,"parent":0,"menu_order":0,"comment_status":"closed","ping_status":"closed","template":"","meta":{"footnotes":""},"yoast_head":"<!-- This site is optimized with the Yoast SEO plugin v22.6 - https:\/\/yoast.com\/wordpress\/plugins\/seo\/ -->\n<title>FAQ &#187; Legacy Mexican Art<\/title>\n<meta name=\"description\" content=\"Conoce las preguntas o dudas m\u00e1s frecuentes sobre los productos de Legacy Mexican Art.\" \/>\n<meta name=\"robots\" content=\"noindex, follow\" \/>\n<meta property=\"og:locale\" content=\"es_ES\" \/>\n<meta property=\"og:type\" content=\"article\" \/>\n<meta property=\"og:title\" content=\"FAQ &#187; Legacy Mexican Art.\" \/>\n<meta property=\"og:description\" content=\"Conoce las preguntas o dudas m\u00e1s frecuentes sobre los productos de Legacy Mexican Art.\" \/>\n<meta property=\"og:url\" content=\"https:\/\/legacymexicanart.com\/es_es\/preguntasfrecuentes\/\" \/>\n<meta property=\"article:modified_time\" content=\"2021-05-18T19:26:57+00:00\" \/>\n<meta property=\"og:image\" content=\"https:\/\/legacymexicanart.com\/wp-content\/uploads\/2021\/03\/NOSOTROS_PORTADA_LMA-scaled.jpg\" \/>\n\t<meta property=\"og:image:width\" content=\"2560\" \/>\n\t<meta property=\"og:image:height\" content=\"2560\" \/>\n\t<meta property=\"og:image:type\" content=\"image\/jpeg\" \/>\n<meta name=\"twitter:card\" content=\"summary_large_image\" \/>\n<meta name=\"twitter:title\" content=\"FAQ &#187; Legacy Mexican Art.\" \/>\n<meta name=\"twitter:description\" content=\"Conoce las preguntas o dudas m\u00e1s frecuentes sobre los productos de Legacy Mexican Art.\" \/>\n<meta name=\"twitter:image\" content=\"https:\/\/legacymexicanart.com\/wp-content\/uploads\/2021\/03\/NOSOTROS_PORTADA_LMA-scaled.jpg\" \/>\n<meta name=\"twitter:label1\" content=\"Tiempo de lectura\" \/>\n\t<meta name=\"twitter:data1\" content=\"2 minutos\" \/>\n<script type=\"application\/ld+json\" class=\"yoast-schema-graph\">{\"@context\":\"https:\/\/schema.org\",\"@graph\":[{\"@type\":[\"WebPage\",\"FAQPage\"],\"@id\":\"https:\/\/legacymexicanart.com\/en_en\/preguntasfrecuentes\/\",\"url\":\"https:\/\/legacymexicanart.com\/en_en\/preguntasfrecuentes\/\",\"name\":\"FAQ &#187; Legacy Mexican Art\",\"isPartOf\":{\"@id\":\"https:\/\/legacymexicanart.com\/#website\"},\"primaryImageOfPage\":{\"@id\":\"https:\/\/legacymexicanart.com\/en_en\/preguntasfrecuentes\/#primaryimage\"},\"image\":{\"@id\":\"https:\/\/legacymexicanart.com\/en_en\/preguntasfrecuentes\/#primaryimage\"},\"thumbnailUrl\":\"https:\/\/legacymexicanart.com\/wp-content\/uploads\/2021\/03\/FAQ_LMA.jpg\",\"datePublished\":\"2021-03-29T23:32:36+00:00\",\"dateModified\":\"2021-05-18T19:26:57+00:00\",\"description\":\"Conoce las preguntas o dudas m\u00e1s frecuentes sobre los productos de Legacy Mexican Art.\",\"breadcrumb\":{\"@id\":\"https:\/\/legacymexicanart.com\/en_en\/preguntasfrecuentes\/#breadcrumb\"},\"inLanguage\":\"es\",\"potentialAction\":[{\"@type\":\"ReadAction\",\"target\":[\"https:\/\/legacymexicanart.com\/en_en\/preguntasfrecuentes\/\"]}]},{\"@type\":\"ImageObject\",\"inLanguage\":\"es\",\"@id\":\"https:\/\/legacymexicanart.com\/en_en\/preguntasfrecuentes\/#primaryimage\",\"url\":\"https:\/\/legacymexicanart.com\/wp-content\/uploads\/2021\/03\/FAQ_LMA.jpg\",\"contentUrl\":\"https:\/\/legacymexicanart.com\/wp-content\/uploads\/2021\/03\/FAQ_LMA.jpg\"},{\"@type\":\"BreadcrumbList\",\"@id\":\"https:\/\/legacymexicanart.com\/en_en\/preguntasfrecuentes\/#breadcrumb\",\"itemListElement\":[{\"@type\":\"ListItem\",\"position\":1,\"name\":\"Portada\",\"item\":\"https:\/\/legacymexicanart.com\/\"},{\"@type\":\"ListItem\",\"position\":2,\"name\":\"FAQ\"}]},{\"@type\":\"WebSite\",\"@id\":\"https:\/\/legacymexicanart.com\/#website\",\"url\":\"https:\/\/legacymexicanart.com\/\",\"name\":\"\",\"description\":\"Legacy Mexican Art\",\"publisher\":{\"@id\":\"https:\/\/legacymexicanart.com\/#organization\"},\"potentialAction\":[{\"@type\":\"SearchAction\",\"target\":{\"@type\":\"EntryPoint\",\"urlTemplate\":\"https:\/\/legacymexicanart.com\/?s={search_term_string}\"},\"query-input\":\"required name=search_term_string\"}],\"inLanguage\":\"es\"},{\"@type\":\"Organization\",\"@id\":\"https:\/\/legacymexicanart.com\/#organization\",\"name\":\"Legacy Mexican Art\",\"url\":\"https:\/\/legacymexicanart.com\/\",\"logo\":{\"@type\":\"ImageObject\",\"inLanguage\":\"es\",\"@id\":\"https:\/\/legacymexicanart.com\/#\/schema\/logo\/image\/\",\"url\":\"\",\"contentUrl\":\"\",\"caption\":\"Legacy Mexican Art\"},\"image\":{\"@id\":\"https:\/\/legacymexicanart.com\/#\/schema\/logo\/image\/\"}}]}<\/script>\n<!-- \/ Yoast SEO plugin. -->","yoast_head_json":{"title":"FAQ &#187; Legacy Mexican Art","description":"Conoce las preguntas o dudas m\u00e1s frecuentes sobre los productos de Legacy Mexican Art.","robots":{"index":"noindex","follow":"follow"},"og_locale":"es_ES","og_type":"article","og_title":"FAQ &#187; Legacy Mexican Art.","og_description":"Conoce las preguntas o dudas m\u00e1s frecuentes sobre los productos de Legacy Mexican Art.","og_url":"https:\/\/legacymexicanart.com\/es_es\/preguntasfrecuentes\/","article_modified_time":"2021-05-18T19:26:57+00:00","og_image":[{"width":2560,"height":2560,"url":"https:\/\/legacymexicanart.com\/wp-content\/uploads\/2021\/03\/NOSOTROS_PORTADA_LMA-scaled.jpg","type":"image\/jpeg"}],"twitter_card":"summary_large_image","twitter_title":"FAQ &#187; Legacy Mexican Art.","twitter_description":"Conoce las preguntas o dudas m\u00e1s frecuentes sobre los productos de Legacy Mexican Art.","twitter_image":"https:\/\/legacymexicanart.com\/wp-content\/uploads\/2021\/03\/NOSOTROS_PORTADA_LMA-scaled.jpg","twitter_misc":{"Tiempo de lectura":"2 minutos"},"schema":{"@context":"https:\/\/schema.org","@graph":[{"@type":["WebPage","FAQPage"],"@id":"https:\/\/legacymexicanart.com\/en_en\/preguntasfrecuentes\/","url":"https:\/\/legacymexicanart.com\/en_en\/preguntasfrecuentes\/","name":"FAQ &#187; Legacy Mexican Art","isPartOf":{"@id":"https:\/\/legacymexicanart.com\/#website"},"primaryImageOfPage":{"@id":"https:\/\/legacymexicanart.com\/en_en\/preguntasfrecuentes\/#primaryimage"},"image":{"@id":"https:\/\/legacymexicanart.com\/en_en\/preguntasfrecuentes\/#primaryimage"},"thumbnailUrl":"https:\/\/legacymexicanart.com\/wp-content\/uploads\/2021\/03\/FAQ_LMA.jpg","datePublished":"2021-03-29T23:32:36+00:00","dateModified":"2021-05-18T19:26:57+00:00","description":"Conoce las preguntas o dudas m\u00e1s frecuentes sobre los productos de Legacy Mexican Art.","breadcrumb":{"@id":"https:\/\/legacymexicanart.com\/en_en\/preguntasfrecuentes\/#breadcrumb"},"inLanguage":"es","potentialAction":[{"@type":"ReadAction","target":["https:\/\/legacymexicanart.com\/en_en\/preguntasfrecuentes\/"]}]},{"@type":"ImageObject","inLanguage":"es","@id":"https:\/\/legacymexicanart.com\/en_en\/preguntasfrecuentes\/#primaryimage","url":"https:\/\/legacymexicanart.com\/wp-content\/uploads\/2021\/03\/FAQ_LMA.jpg","contentUrl":"https:\/\/legacymexicanart.com\/wp-content\/uploads\/2021\/03\/FAQ_LMA.jpg"},{"@type":"BreadcrumbList","@id":"https:\/\/legacymexicanart.com\/en_en\/preguntasfrecuentes\/#breadcrumb","itemListElement":[{"@type":"ListItem","position":1,"name":"Portada","item":"https:\/\/legacymexicanart.com\/"},{"@type":"ListItem","position":2,"name":"FAQ"}]},{"@type":"WebSite","@id":"https:\/\/legacymexicanart.com\/#website","url":"https:\/\/legacymexicanart.com\/","name":"","description":"Legacy Mexican Art","publisher":{"@id":"https:\/\/legacymexicanart.com\/#organization"},"potentialAction":[{"@type":"SearchAction","target":{"@type":"EntryPoint","urlTemplate":"https:\/\/legacymexicanart.com\/?s={search_term_string}"},"query-input":"required name=search_term_string"}],"inLanguage":"es"},{"@type":"Organization","@id":"https:\/\/legacymexicanart.com\/#organization","name":"Legacy Mexican Art","url":"https:\/\/legacymexicanart.com\/","logo":{"@type":"ImageObject","inLanguage":"es","@id":"https:\/\/legacymexicanart.com\/#\/schema\/logo\/image\/","url":"","contentUrl":"","caption":"Legacy Mexican Art"},"image":{"@id":"https:\/\/legacymexicanart.com\/#\/schema\/logo\/image\/"}}]}},"_links":{"self":[{"href":"https:\/\/legacymexicanart.com\/es_es\/wp-json\/wp\/v2\/pages\/469"}],"collection":[{"href":"https:\/\/legacymexicanart.com\/es_es\/wp-json\/wp\/v2\/pages"}],"about":[{"href":"https:\/\/legacymexicanart.com\/es_es\/wp-json\/wp\/v2\/types\/page"}],"author":[{"embeddable":true,"href":"https:\/\/legacymexicanart.com\/es_es\/wp-json\/wp\/v2\/users\/1"}],"replies":[{"embeddable":true,"href":"https:\/\/legacymexicanart.com\/es_es\/wp-json\/wp\/v2\/comments?post=469"}],"version-history":[{"count":36,"href":"https:\/\/legacymexicanart.com\/es_es\/wp-json\/wp\/v2\/pages\/469\/revisions"}],"predecessor-version":[{"id":926,"href":"https:\/\/legacymexicanart.com\/es_es\/wp-json\/wp\/v2\/pages\/469\/revisions\/926"}],"wp:attachment":[{"href":"https:\/\/legacymexicanart.com\/es_es\/wp-json\/wp\/v2\/media?parent=469"}],"curies":[{"name":"wp","href":"https:\/\/api.w.org\/{rel}","templated":true}]}}