{"id":725,"date":"2021-04-20T00:37:12","date_gmt":"2021-04-19T18:37:12","guid":{"rendered":"https:\/\/legacymexicanart.com\/?page_id=725"},"modified":"2021-05-19T01:04:33","modified_gmt":"2021-05-18T19:04:33","slug":"terminos-y-condiciones","status":"publish","type":"page","link":"https:\/\/legacymexicanart.com\/es_es\/terminos-y-condiciones\/","title":{"rendered":"T\u00e9rminos y Condiciones"},"content":{"rendered":"\n<h3 class=\"wp-block-heading\">Devoluciones<\/h3>\n\n\n\n<p>Si por alg\u00fan motivo se desea devolver el producto comunicarse a nuestro departamento de servicio al cliente o al correo contact@legacymexicanart.com. Y cada vez que se haya evaluado la situaci\u00f3n la devoluci\u00f3n se puede realizar dentro de los primeros 14 d\u00edas de realizada la compra. Una vez que recibamos el producto de vuelta en perfecto estado se realizar\u00e1 la devoluci\u00f3n. El costo del env\u00edo por devoluci\u00f3n corre por parte del cliente.<br>No habr\u00e1 reembolsos disponibles despu\u00e9s de que expire el per\u00edodo de devoluci\u00f3n de 14 d\u00edas.<\/p>\n\n\n\n<p><em>NOTA IMPORTANTE<\/em>: No se emitir\u00e1n reembolsos si los productos devueltos han sido da\u00f1ados o alterados de alguna manera al ser recibidos por nosotros.<br>No hay reembolsos ni devoluciones en pedidos personalizados.<\/p>\n\n\n\n<h3 class=\"wp-block-heading\">M\u00e9todo de pago<\/h3>\n\n\n\n<p><strong>LEGACY MEXICAN ART<\/strong> acepta pagos con tarjeta de cr\u00e9dito o debito (Visa, MasterCard, American Express) en l\u00ednea a trav\u00e9s de nuestro servidor seguro.<br>O bien dep\u00f3sito a cuenta bancaria.<br>Toda compra que se tenga que enviar fuera de M\u00e9xico, el pago de impuestos estar\u00e1 a cargo del ordenante de la compra.<\/p>\n\n\n\n<h3 class=\"wp-block-heading\">Facturaci\u00f3n<\/h3>\n\n\n\n<p>En cada caso la facturaci\u00f3n se solicitar\u00e1 directamente al artesano.<\/p>\n\n\n\n<h3 class=\"wp-block-heading\">Contacto<\/h3>\n\n\n\n<p>contact@legacymexicanart.com<br>+52 55 1834 6130<br>+55 55 6237 8707<br>Horario Lun a Vie 09:00 am a 17:00 pm<\/p>\n\n\n\n<h3 class=\"wp-block-heading\">Env\u00edos<\/h3>\n\n\n\n<p>Aseg\u00farese de indicar la direcci\u00f3n de env\u00edo completa y correcta cuando realice su pedido.<strong> LEGACY MEXICAN ART<\/strong> no se hace responsable de los art\u00edculos que no se hayan recibido debido a una direcci\u00f3n incorrecta o cambio de direcci\u00f3n. Si no ha recibido su pedido y desea verificar el estado, comun\u00edquese con nuestro Departamento de Servicio al Cliente al correo contact@legacymexicanart.com.<br>Aseg\u00farese de proporcionar en el correo su n\u00fam. De orden, nombre y correo electr\u00f3nico.<\/p>\n\n\n\n<p>En caso de env\u00edo al extranjero se deber\u00e1 cotizar antes el env\u00edo y los impuestos que se generen los deber\u00e1 pagar el cliente al recibir.<\/p>\n","protected":false},"excerpt":{"rendered":"<p>Devoluciones Si por alg\u00fan motivo se desea devolver el producto comunicarse a nuestro departamento de servicio al cliente o al correo contact@legacymexicanart.com. Y cada vez que se haya evaluado la situaci\u00f3n la devoluci\u00f3n se puede realizar dentro de los primeros 14 d\u00edas de realizada la compra. Una vez que recibamos el producto de vuelta en &hellip;<\/p>\n<p class=\"read-more\"> <a class=\"\" href=\"https:\/\/legacymexicanart.com\/es_es\/terminos-y-condiciones\/\"> <span class=\"screen-reader-text\">T\u00e9rminos y Condiciones<\/span> Leer m\u00e1s &raquo;<\/a><\/p>\n","protected":false},"author":1,"featured_media":0,"parent":0,"menu_order":0,"comment_status":"closed","ping_status":"closed","template":"","meta":{"footnotes":""},"yoast_head":"<!-- This site is optimized with the Yoast SEO plugin v22.6 - https:\/\/yoast.com\/wordpress\/plugins\/seo\/ -->\n<title>T\u00e9rminos y Condiciones &#187; Legacy Mexican Art<\/title>\n<meta name=\"robots\" content=\"index, follow, max-snippet:-1, max-image-preview:large, max-video-preview:-1\" \/>\n<link rel=\"canonical\" href=\"https:\/\/legacymexicanart.com\/es_es\/terminos-y-condiciones\/\" \/>\n<meta property=\"og:locale\" content=\"es_ES\" \/>\n<meta property=\"og:type\" content=\"article\" \/>\n<meta property=\"og:title\" content=\"T\u00e9rminos y Condiciones &#187; Legacy Mexican Art\" \/>\n<meta property=\"og:description\" content=\"Devoluciones Si por alg\u00fan motivo se desea devolver el producto comunicarse a nuestro departamento de servicio al cliente o al correo contact@legacymexicanart.com. Y cada vez que se haya evaluado la situaci\u00f3n la devoluci\u00f3n se puede realizar dentro de los primeros 14 d\u00edas de realizada la compra. Una vez que recibamos el producto de vuelta en &hellip; T\u00e9rminos y Condiciones Leer m\u00e1s &raquo;\" \/>\n<meta property=\"og:url\" content=\"https:\/\/legacymexicanart.com\/es_es\/terminos-y-condiciones\/\" \/>\n<meta property=\"article:modified_time\" content=\"2021-05-18T19:04:33+00:00\" \/>\n<meta name=\"twitter:card\" content=\"summary_large_image\" \/>\n<meta name=\"twitter:label1\" content=\"Tiempo de lectura\" \/>\n\t<meta name=\"twitter:data1\" content=\"2 minutos\" \/>\n<script type=\"application\/ld+json\" class=\"yoast-schema-graph\">{\"@context\":\"https:\/\/schema.org\",\"@graph\":[{\"@type\":\"WebPage\",\"@id\":\"https:\/\/legacymexicanart.com\/en_en\/terminos-y-condiciones\/\",\"url\":\"https:\/\/legacymexicanart.com\/en_en\/terminos-y-condiciones\/\",\"name\":\"T\u00e9rminos y Condiciones &#187; Legacy Mexican Art\",\"isPartOf\":{\"@id\":\"https:\/\/legacymexicanart.com\/#website\"},\"datePublished\":\"2021-04-19T18:37:12+00:00\",\"dateModified\":\"2021-05-18T19:04:33+00:00\",\"breadcrumb\":{\"@id\":\"https:\/\/legacymexicanart.com\/en_en\/terminos-y-condiciones\/#breadcrumb\"},\"inLanguage\":\"es\",\"potentialAction\":[{\"@type\":\"ReadAction\",\"target\":[\"https:\/\/legacymexicanart.com\/en_en\/terminos-y-condiciones\/\"]}]},{\"@type\":\"BreadcrumbList\",\"@id\":\"https:\/\/legacymexicanart.com\/en_en\/terminos-y-condiciones\/#breadcrumb\",\"itemListElement\":[{\"@type\":\"ListItem\",\"position\":1,\"name\":\"Portada\",\"item\":\"https:\/\/legacymexicanart.com\/\"},{\"@type\":\"ListItem\",\"position\":2,\"name\":\"T\u00e9rminos y Condiciones\"}]},{\"@type\":\"WebSite\",\"@id\":\"https:\/\/legacymexicanart.com\/#website\",\"url\":\"https:\/\/legacymexicanart.com\/\",\"name\":\"\",\"description\":\"Legacy Mexican Art\",\"publisher\":{\"@id\":\"https:\/\/legacymexicanart.com\/#organization\"},\"potentialAction\":[{\"@type\":\"SearchAction\",\"target\":{\"@type\":\"EntryPoint\",\"urlTemplate\":\"https:\/\/legacymexicanart.com\/?s={search_term_string}\"},\"query-input\":\"required name=search_term_string\"}],\"inLanguage\":\"es\"},{\"@type\":\"Organization\",\"@id\":\"https:\/\/legacymexicanart.com\/#organization\",\"name\":\"Legacy Mexican Art\",\"url\":\"https:\/\/legacymexicanart.com\/\",\"logo\":{\"@type\":\"ImageObject\",\"inLanguage\":\"es\",\"@id\":\"https:\/\/legacymexicanart.com\/#\/schema\/logo\/image\/\",\"url\":\"\",\"contentUrl\":\"\",\"caption\":\"Legacy Mexican Art\"},\"image\":{\"@id\":\"https:\/\/legacymexicanart.com\/#\/schema\/logo\/image\/\"}}]}<\/script>\n<!-- \/ Yoast SEO plugin. -->","yoast_head_json":{"title":"T\u00e9rminos y Condiciones &#187; Legacy Mexican Art","robots":{"index":"index","follow":"follow","max-snippet":"max-snippet:-1","max-image-preview":"max-image-preview:large","max-video-preview":"max-video-preview:-1"},"canonical":"https:\/\/legacymexicanart.com\/es_es\/terminos-y-condiciones\/","og_locale":"es_ES","og_type":"article","og_title":"T\u00e9rminos y Condiciones &#187; Legacy Mexican Art","og_description":"Devoluciones Si por alg\u00fan motivo se desea devolver el producto comunicarse a nuestro departamento de servicio al cliente o al correo contact@legacymexicanart.com. Y cada vez que se haya evaluado la situaci\u00f3n la devoluci\u00f3n se puede realizar dentro de los primeros 14 d\u00edas de realizada la compra. Una vez que recibamos el producto de vuelta en &hellip; T\u00e9rminos y Condiciones Leer m\u00e1s &raquo;","og_url":"https:\/\/legacymexicanart.com\/es_es\/terminos-y-condiciones\/","article_modified_time":"2021-05-18T19:04:33+00:00","twitter_card":"summary_large_image","twitter_misc":{"Tiempo de lectura":"2 minutos"},"schema":{"@context":"https:\/\/schema.org","@graph":[{"@type":"WebPage","@id":"https:\/\/legacymexicanart.com\/en_en\/terminos-y-condiciones\/","url":"https:\/\/legacymexicanart.com\/en_en\/terminos-y-condiciones\/","name":"T\u00e9rminos y Condiciones &#187; Legacy Mexican Art","isPartOf":{"@id":"https:\/\/legacymexicanart.com\/#website"},"datePublished":"2021-04-19T18:37:12+00:00","dateModified":"2021-05-18T19:04:33+00:00","breadcrumb":{"@id":"https:\/\/legacymexicanart.com\/en_en\/terminos-y-condiciones\/#breadcrumb"},"inLanguage":"es","potentialAction":[{"@type":"ReadAction","target":["https:\/\/legacymexicanart.com\/en_en\/terminos-y-condiciones\/"]}]},{"@type":"BreadcrumbList","@id":"https:\/\/legacymexicanart.com\/en_en\/terminos-y-condiciones\/#breadcrumb","itemListElement":[{"@type":"ListItem","position":1,"name":"Portada","item":"https:\/\/legacymexicanart.com\/"},{"@type":"ListItem","position":2,"name":"T\u00e9rminos y Condiciones"}]},{"@type":"WebSite","@id":"https:\/\/legacymexicanart.com\/#website","url":"https:\/\/legacymexicanart.com\/","name":"","description":"Legacy Mexican Art","publisher":{"@id":"https:\/\/legacymexicanart.com\/#organization"},"potentialAction":[{"@type":"SearchAction","target":{"@type":"EntryPoint","urlTemplate":"https:\/\/legacymexicanart.com\/?s={search_term_string}"},"query-input":"required name=search_term_string"}],"inLanguage":"es"},{"@type":"Organization","@id":"https:\/\/legacymexicanart.com\/#organization","name":"Legacy Mexican Art","url":"https:\/\/legacymexicanart.com\/","logo":{"@type":"ImageObject","inLanguage":"es","@id":"https:\/\/legacymexicanart.com\/#\/schema\/logo\/image\/","url":"","contentUrl":"","caption":"Legacy Mexican Art"},"image":{"@id":"https:\/\/legacymexicanart.com\/#\/schema\/logo\/image\/"}}]}},"_links":{"self":[{"href":"https:\/\/legacymexicanart.com\/es_es\/wp-json\/wp\/v2\/pages\/725"}],"collection":[{"href":"https:\/\/legacymexicanart.com\/es_es\/wp-json\/wp\/v2\/pages"}],"about":[{"href":"https:\/\/legacymexicanart.com\/es_es\/wp-json\/wp\/v2\/types\/page"}],"author":[{"embeddable":true,"href":"https:\/\/legacymexicanart.com\/es_es\/wp-json\/wp\/v2\/users\/1"}],"replies":[{"embeddable":true,"href":"https:\/\/legacymexicanart.com\/es_es\/wp-json\/wp\/v2\/comments?post=725"}],"version-history":[{"count":3,"href":"https:\/\/legacymexicanart.com\/es_es\/wp-json\/wp\/v2\/pages\/725\/revisions"}],"predecessor-version":[{"id":730,"href":"https:\/\/legacymexicanart.com\/es_es\/wp-json\/wp\/v2\/pages\/725\/revisions\/730"}],"wp:attachment":[{"href":"https:\/\/legacymexicanart.com\/es_es\/wp-json\/wp\/v2\/media?parent=725"}],"curies":[{"name":"wp","href":"https:\/\/api.w.org\/{rel}","templated":true}]}}