{"id":1009,"date":"2021-09-04T01:03:12","date_gmt":"2021-09-03T19:03:12","guid":{"rendered":"https:\/\/legacymexicanart.com\/?post_type=product&#038;p=1009"},"modified":"2026-04-01T09:36:04","modified_gmt":"2026-04-01T03:36:04","slug":"taza-chocolatera","status":"publish","type":"product","link":"https:\/\/legacymexicanart.com\/es_es\/product\/taza-chocolatera\/","title":{"rendered":"Taza Chocolatera"},"content":{"rendered":"<p>Taza chocolatera, elaborada en cer\u00e1mica de alta temperatura, pintada a mano con la t\u00e9cnica del Capulineado. Los materiales utilizados son libres de plomo, por lo que es seguro utilizar esta pieza en el uso del hogar y cocina.<\/p>\n<p>Di\u00e1m: 11. 5 x H. 9 cm<\/p>\n<p><em>Env\u00edo incluido a todo M\u00e9xico.<\/em><\/p>\n<p>Legado de Michoac\u00e1n<\/p>\n<p>Innovando los procesos artesanales, el artesano Iv\u00e1n Gonz\u00e1lez utiliza cer\u00e1mica de alta temperatura en lugar de barro, que es lo que com\u00fanmente se utiliza en la regi\u00f3n.<\/p>\n<p>Artesano: Iv\u00e1n Gonz\u00e1lez<\/p>\n<p>&nbsp;<\/p>\n<p><a href=\"https:\/\/www.instagram.com\/p\/CaqeevaNKCV\/\">https:\/\/www.instagram.com\/p\/CaqeevaNKCV\/<\/a><\/p>\n<p><a href=\"https:\/\/legacymexicanart.com\/es_es\/product-category\/decoracion\/ceramica\/\">https:\/\/legacymexicanart.com\/es_es\/product-category\/decoracion\/ceramica\/<\/a><\/p>\n<p>&nbsp;<\/p>\n","protected":false},"excerpt":{"rendered":"<p><a href=\"mailto:contact@legacymexicanart.com?Subject=Mas%20info%20sku%20CAPUIG009%20\" target=\"_blank\" rel=\"noopener\"><br \/>\n<img decoding=\"async\" src=\"https:\/\/legacymexicanart.com\/wp-content\/uploads\/2021\/10\/email-Design.svg\" \/> M\u00e1s informaci\u00f3n del producto<br \/>\n<\/a><\/p>\n<p><strong><em>Env\u00edo incluido a todo M\u00e9xico.<\/em><\/strong><\/p>\n","protected":false},"featured_media":1010,"comment_status":"open","ping_status":"closed","template":"","meta":[],"product_cat":[18,187,17,198,197],"product_tag":[83,73,302,72,301,236,259,121,71],"yoast_head":"<!-- This site is optimized with the Yoast SEO plugin v22.6 - https:\/\/yoast.com\/wordpress\/plugins\/seo\/ -->\n<title>Taza Chocolatera &#187;<\/title>\n<meta name=\"description\" content=\"Taza chocolatera, elaborada en cer\u00e1mica de alta temperatura, pintada a mano con la t\u00e9cnica del Capulineado.\" \/>\n<meta name=\"robots\" content=\"index, follow, max-snippet:-1, max-image-preview:large, max-video-preview:-1\" \/>\n<link rel=\"canonical\" href=\"https:\/\/legacymexicanart.com\/es_es\/product\/taza-chocolatera\/\" \/>\n<meta property=\"og:locale\" content=\"es_ES\" \/>\n<meta property=\"og:type\" content=\"article\" \/>\n<meta property=\"og:title\" content=\"Taza Chocolatera &#187;\" \/>\n<meta property=\"og:description\" content=\"Taza chocolatera, elaborada en cer\u00e1mica de alta temperatura, pintada a mano con la t\u00e9cnica del Capulineado.\" \/>\n<meta property=\"og:url\" content=\"https:\/\/legacymexicanart.com\/es_es\/product\/taza-chocolatera\/\" \/>\n<meta property=\"article:modified_time\" content=\"2026-04-01T03:36:04+00:00\" \/>\n<meta property=\"og:image\" content=\"https:\/\/legacymexicanart.com\/wp-content\/uploads\/2021\/09\/PhotoRoom-20210903_003351.png\" \/>\n\t<meta property=\"og:image:width\" content=\"1060\" \/>\n\t<meta property=\"og:image:height\" content=\"973\" \/>\n\t<meta property=\"og:image:type\" content=\"image\/png\" \/>\n<meta name=\"twitter:card\" content=\"summary_large_image\" \/>\n<meta name=\"twitter:label1\" content=\"Tiempo de lectura\" \/>\n\t<meta name=\"twitter:data1\" content=\"1 minuto\" \/>\n<script type=\"application\/ld+json\" class=\"yoast-schema-graph\">{\"@context\":\"https:\/\/schema.org\",\"@graph\":[{\"@type\":\"WebPage\",\"@id\":\"https:\/\/legacymexicanart.com\/product\/taza-chocolatera\/\",\"url\":\"https:\/\/legacymexicanart.com\/product\/taza-chocolatera\/\",\"name\":\"Taza Chocolatera &#187;\",\"isPartOf\":{\"@id\":\"https:\/\/legacymexicanart.com\/#website\"},\"primaryImageOfPage\":{\"@id\":\"https:\/\/legacymexicanart.com\/product\/taza-chocolatera\/#primaryimage\"},\"image\":{\"@id\":\"https:\/\/legacymexicanart.com\/product\/taza-chocolatera\/#primaryimage\"},\"thumbnailUrl\":\"https:\/\/legacymexicanart.com\/wp-content\/uploads\/2021\/09\/PhotoRoom-20210903_003351.png\",\"datePublished\":\"2021-09-03T19:03:12+00:00\",\"dateModified\":\"2026-04-01T03:36:04+00:00\",\"description\":\"Taza chocolatera, elaborada en cer\u00e1mica de alta temperatura, pintada a mano con la t\u00e9cnica del Capulineado.\",\"breadcrumb\":{\"@id\":\"https:\/\/legacymexicanart.com\/product\/taza-chocolatera\/#breadcrumb\"},\"inLanguage\":\"es\",\"potentialAction\":[{\"@type\":\"ReadAction\",\"target\":[\"https:\/\/legacymexicanart.com\/product\/taza-chocolatera\/\"]}]},{\"@type\":\"ImageObject\",\"inLanguage\":\"es\",\"@id\":\"https:\/\/legacymexicanart.com\/product\/taza-chocolatera\/#primaryimage\",\"url\":\"https:\/\/legacymexicanart.com\/wp-content\/uploads\/2021\/09\/PhotoRoom-20210903_003351.png\",\"contentUrl\":\"https:\/\/legacymexicanart.com\/wp-content\/uploads\/2021\/09\/PhotoRoom-20210903_003351.png\",\"width\":1060,\"height\":973},{\"@type\":\"BreadcrumbList\",\"@id\":\"https:\/\/legacymexicanart.com\/product\/taza-chocolatera\/#breadcrumb\",\"itemListElement\":[{\"@type\":\"ListItem\",\"position\":1,\"name\":\"Portada\",\"item\":\"https:\/\/legacymexicanart.com\/\"},{\"@type\":\"ListItem\",\"position\":2,\"name\":\"Shop\",\"item\":\"https:\/\/legacymexicanart.com\/es_es\/shop\/\"},{\"@type\":\"ListItem\",\"position\":3,\"name\":\"Taza Chocolatera\"}]},{\"@type\":\"WebSite\",\"@id\":\"https:\/\/legacymexicanart.com\/#website\",\"url\":\"https:\/\/legacymexicanart.com\/\",\"name\":\"\",\"description\":\"Legacy Mexican Art\",\"publisher\":{\"@id\":\"https:\/\/legacymexicanart.com\/#organization\"},\"potentialAction\":[{\"@type\":\"SearchAction\",\"target\":{\"@type\":\"EntryPoint\",\"urlTemplate\":\"https:\/\/legacymexicanart.com\/?s={search_term_string}\"},\"query-input\":\"required name=search_term_string\"}],\"inLanguage\":\"es\"},{\"@type\":\"Organization\",\"@id\":\"https:\/\/legacymexicanart.com\/#organization\",\"name\":\"Legacy Mexican Art\",\"url\":\"https:\/\/legacymexicanart.com\/\",\"logo\":{\"@type\":\"ImageObject\",\"inLanguage\":\"es\",\"@id\":\"https:\/\/legacymexicanart.com\/#\/schema\/logo\/image\/\",\"url\":\"\",\"contentUrl\":\"\",\"caption\":\"Legacy Mexican Art\"},\"image\":{\"@id\":\"https:\/\/legacymexicanart.com\/#\/schema\/logo\/image\/\"}}]}<\/script>\n<!-- \/ Yoast SEO plugin. -->","yoast_head_json":{"title":"Taza Chocolatera &#187;","description":"Taza chocolatera, elaborada en cer\u00e1mica de alta temperatura, pintada a mano con la t\u00e9cnica del Capulineado.","robots":{"index":"index","follow":"follow","max-snippet":"max-snippet:-1","max-image-preview":"max-image-preview:large","max-video-preview":"max-video-preview:-1"},"canonical":"https:\/\/legacymexicanart.com\/es_es\/product\/taza-chocolatera\/","og_locale":"es_ES","og_type":"article","og_title":"Taza Chocolatera &#187;","og_description":"Taza chocolatera, elaborada en cer\u00e1mica de alta temperatura, pintada a mano con la t\u00e9cnica del Capulineado.","og_url":"https:\/\/legacymexicanart.com\/es_es\/product\/taza-chocolatera\/","article_modified_time":"2026-04-01T03:36:04+00:00","og_image":[{"width":1060,"height":973,"url":"https:\/\/legacymexicanart.com\/wp-content\/uploads\/2021\/09\/PhotoRoom-20210903_003351.png","type":"image\/png"}],"twitter_card":"summary_large_image","twitter_misc":{"Tiempo de lectura":"1 minuto"},"schema":{"@context":"https:\/\/schema.org","@graph":[{"@type":"WebPage","@id":"https:\/\/legacymexicanart.com\/product\/taza-chocolatera\/","url":"https:\/\/legacymexicanart.com\/product\/taza-chocolatera\/","name":"Taza Chocolatera &#187;","isPartOf":{"@id":"https:\/\/legacymexicanart.com\/#website"},"primaryImageOfPage":{"@id":"https:\/\/legacymexicanart.com\/product\/taza-chocolatera\/#primaryimage"},"image":{"@id":"https:\/\/legacymexicanart.com\/product\/taza-chocolatera\/#primaryimage"},"thumbnailUrl":"https:\/\/legacymexicanart.com\/wp-content\/uploads\/2021\/09\/PhotoRoom-20210903_003351.png","datePublished":"2021-09-03T19:03:12+00:00","dateModified":"2026-04-01T03:36:04+00:00","description":"Taza chocolatera, elaborada en cer\u00e1mica de alta temperatura, pintada a mano con la t\u00e9cnica del Capulineado.","breadcrumb":{"@id":"https:\/\/legacymexicanart.com\/product\/taza-chocolatera\/#breadcrumb"},"inLanguage":"es","potentialAction":[{"@type":"ReadAction","target":["https:\/\/legacymexicanart.com\/product\/taza-chocolatera\/"]}]},{"@type":"ImageObject","inLanguage":"es","@id":"https:\/\/legacymexicanart.com\/product\/taza-chocolatera\/#primaryimage","url":"https:\/\/legacymexicanart.com\/wp-content\/uploads\/2021\/09\/PhotoRoom-20210903_003351.png","contentUrl":"https:\/\/legacymexicanart.com\/wp-content\/uploads\/2021\/09\/PhotoRoom-20210903_003351.png","width":1060,"height":973},{"@type":"BreadcrumbList","@id":"https:\/\/legacymexicanart.com\/product\/taza-chocolatera\/#breadcrumb","itemListElement":[{"@type":"ListItem","position":1,"name":"Portada","item":"https:\/\/legacymexicanart.com\/"},{"@type":"ListItem","position":2,"name":"Shop","item":"https:\/\/legacymexicanart.com\/es_es\/shop\/"},{"@type":"ListItem","position":3,"name":"Taza Chocolatera"}]},{"@type":"WebSite","@id":"https:\/\/legacymexicanart.com\/#website","url":"https:\/\/legacymexicanart.com\/","name":"","description":"Legacy Mexican Art","publisher":{"@id":"https:\/\/legacymexicanart.com\/#organization"},"potentialAction":[{"@type":"SearchAction","target":{"@type":"EntryPoint","urlTemplate":"https:\/\/legacymexicanart.com\/?s={search_term_string}"},"query-input":"required name=search_term_string"}],"inLanguage":"es"},{"@type":"Organization","@id":"https:\/\/legacymexicanart.com\/#organization","name":"Legacy Mexican Art","url":"https:\/\/legacymexicanart.com\/","logo":{"@type":"ImageObject","inLanguage":"es","@id":"https:\/\/legacymexicanart.com\/#\/schema\/logo\/image\/","url":"","contentUrl":"","caption":"Legacy Mexican Art"},"image":{"@id":"https:\/\/legacymexicanart.com\/#\/schema\/logo\/image\/"}}]}},"_links":{"self":[{"href":"https:\/\/legacymexicanart.com\/es_es\/wp-json\/wp\/v2\/product\/1009"}],"collection":[{"href":"https:\/\/legacymexicanart.com\/es_es\/wp-json\/wp\/v2\/product"}],"about":[{"href":"https:\/\/legacymexicanart.com\/es_es\/wp-json\/wp\/v2\/types\/product"}],"replies":[{"embeddable":true,"href":"https:\/\/legacymexicanart.com\/es_es\/wp-json\/wp\/v2\/comments?post=1009"}],"wp:featuredmedia":[{"embeddable":true,"href":"https:\/\/legacymexicanart.com\/es_es\/wp-json\/wp\/v2\/media\/1010"}],"wp:attachment":[{"href":"https:\/\/legacymexicanart.com\/es_es\/wp-json\/wp\/v2\/media?parent=1009"}],"wp:term":[{"taxonomy":"product_cat","embeddable":true,"href":"https:\/\/legacymexicanart.com\/es_es\/wp-json\/wp\/v2\/product_cat?post=1009"},{"taxonomy":"product_tag","embeddable":true,"href":"https:\/\/legacymexicanart.com\/es_es\/wp-json\/wp\/v2\/product_tag?post=1009"}],"curies":[{"name":"wp","href":"https:\/\/api.w.org\/{rel}","templated":true}]}}