{"id":1013,"date":"2021-09-04T01:19:58","date_gmt":"2021-09-03T19:19:58","guid":{"rendered":"https:\/\/legacymexicanart.com\/?post_type=product&#038;p=1013"},"modified":"2025-03-20T07:47:21","modified_gmt":"2025-03-20T01:47:21","slug":"botella-licorera-ceramica-de-alta-temperatura-pintado-a-mano","status":"publish","type":"product","link":"https:\/\/legacymexicanart.com\/es_es\/product\/botella-licorera-ceramica-de-alta-temperatura-pintado-a-mano\/","title":{"rendered":"Botella Capulineada"},"content":{"rendered":"<p>Botella Capulineada, elaborada en cer\u00e1mica de alta temperatura, pintada a mano con la t\u00e9cnica del Capulineado. Los materiales utilizados son libres de plomo, por lo que es seguro utilizar esta pieza en el uso del hogar y cocina.<\/p>\n<p>Di\u00e1m. 7.5 x H. 26 cm<\/p>\n<p><em>Env\u00edo incluido a todo M\u00e9xico.<\/em><\/p>\n<p>Artesano: Iv\u00e1n Gonz\u00e1lez<\/p>\n<p>Legado de Michoac\u00e1n<\/p>\n<p>Innovando los procesos artesanales, el artesano Iv\u00e1n Gonz\u00e1lez utiliza cer\u00e1mica de alta temperatura en lugar de barro, que es lo que com\u00fanmente se utiliza en la regi\u00f3n.<\/p>\n<p>&nbsp;<\/p>\n<p>&nbsp;<\/p>\n","protected":false},"excerpt":{"rendered":"<p><a href=\"mailto:contact@legacymexicanart.com?Subject=Mas%20info%20sku%20CAPUIG010%20\" target=\"_blank\" rel=\"noopener\"><br \/>\n<img decoding=\"async\" src=\"https:\/\/legacymexicanart.com\/wp-content\/uploads\/2021\/10\/email-Design.svg\" \/> M\u00e1s informaci\u00f3n del producto<br \/>\n<\/a><br \/>\n<strong><em>Env\u00edo incluido a todo M\u00e9xico.<\/em><\/strong><\/p>\n","protected":false},"featured_media":1015,"comment_status":"open","ping_status":"closed","template":"","meta":[],"product_cat":[18,187,17,198,197],"product_tag":[74,303,73,72,304,236,259,75],"yoast_head":"<!-- This site is optimized with the Yoast SEO plugin v22.6 - https:\/\/yoast.com\/wordpress\/plugins\/seo\/ -->\n<title>Botella Capulineada &#187;<\/title>\n<meta name=\"description\" content=\"Botella Capulineada, elaborada en cer\u00e1mica de alta temperatura, pintada a mano con la t\u00e9cnica del Capulineado.\" \/>\n<meta name=\"robots\" content=\"index, follow, max-snippet:-1, max-image-preview:large, max-video-preview:-1\" \/>\n<link rel=\"canonical\" href=\"https:\/\/legacymexicanart.com\/es_es\/product\/botella-licorera-ceramica-de-alta-temperatura-pintado-a-mano\/\" \/>\n<meta property=\"og:locale\" content=\"es_ES\" \/>\n<meta property=\"og:type\" content=\"article\" \/>\n<meta property=\"og:title\" content=\"Botella Capulineada &#187;\" \/>\n<meta property=\"og:description\" content=\"Botella Capulineada, elaborada en cer\u00e1mica de alta temperatura, pintada a mano con la t\u00e9cnica del Capulineado.\" \/>\n<meta property=\"og:url\" content=\"https:\/\/legacymexicanart.com\/es_es\/product\/botella-licorera-ceramica-de-alta-temperatura-pintado-a-mano\/\" \/>\n<meta property=\"article:modified_time\" content=\"2025-03-20T01:47:21+00:00\" \/>\n<meta property=\"og:image\" content=\"https:\/\/legacymexicanart.com\/wp-content\/uploads\/2021\/09\/PhotoRoom-20210903_005207.png\" \/>\n\t<meta property=\"og:image:width\" content=\"1070\" \/>\n\t<meta property=\"og:image:height\" content=\"1002\" \/>\n\t<meta property=\"og:image:type\" content=\"image\/png\" \/>\n<meta name=\"twitter:card\" content=\"summary_large_image\" \/>\n<meta name=\"twitter:label1\" content=\"Tiempo de lectura\" \/>\n\t<meta name=\"twitter:data1\" content=\"1 minuto\" \/>\n<script type=\"application\/ld+json\" class=\"yoast-schema-graph\">{\"@context\":\"https:\/\/schema.org\",\"@graph\":[{\"@type\":\"WebPage\",\"@id\":\"https:\/\/legacymexicanart.com\/product\/botella-licorera-ceramica-de-alta-temperatura-pintado-a-mano\/\",\"url\":\"https:\/\/legacymexicanart.com\/product\/botella-licorera-ceramica-de-alta-temperatura-pintado-a-mano\/\",\"name\":\"Botella Capulineada &#187;\",\"isPartOf\":{\"@id\":\"https:\/\/legacymexicanart.com\/#website\"},\"primaryImageOfPage\":{\"@id\":\"https:\/\/legacymexicanart.com\/product\/botella-licorera-ceramica-de-alta-temperatura-pintado-a-mano\/#primaryimage\"},\"image\":{\"@id\":\"https:\/\/legacymexicanart.com\/product\/botella-licorera-ceramica-de-alta-temperatura-pintado-a-mano\/#primaryimage\"},\"thumbnailUrl\":\"https:\/\/legacymexicanart.com\/wp-content\/uploads\/2021\/09\/PhotoRoom-20210903_005207.png\",\"datePublished\":\"2021-09-03T19:19:58+00:00\",\"dateModified\":\"2025-03-20T01:47:21+00:00\",\"description\":\"Botella Capulineada, elaborada en cer\u00e1mica de alta temperatura, pintada a mano con la t\u00e9cnica del Capulineado.\",\"breadcrumb\":{\"@id\":\"https:\/\/legacymexicanart.com\/product\/botella-licorera-ceramica-de-alta-temperatura-pintado-a-mano\/#breadcrumb\"},\"inLanguage\":\"es\",\"potentialAction\":[{\"@type\":\"ReadAction\",\"target\":[\"https:\/\/legacymexicanart.com\/product\/botella-licorera-ceramica-de-alta-temperatura-pintado-a-mano\/\"]}]},{\"@type\":\"ImageObject\",\"inLanguage\":\"es\",\"@id\":\"https:\/\/legacymexicanart.com\/product\/botella-licorera-ceramica-de-alta-temperatura-pintado-a-mano\/#primaryimage\",\"url\":\"https:\/\/legacymexicanart.com\/wp-content\/uploads\/2021\/09\/PhotoRoom-20210903_005207.png\",\"contentUrl\":\"https:\/\/legacymexicanart.com\/wp-content\/uploads\/2021\/09\/PhotoRoom-20210903_005207.png\",\"width\":1070,\"height\":1002},{\"@type\":\"BreadcrumbList\",\"@id\":\"https:\/\/legacymexicanart.com\/product\/botella-licorera-ceramica-de-alta-temperatura-pintado-a-mano\/#breadcrumb\",\"itemListElement\":[{\"@type\":\"ListItem\",\"position\":1,\"name\":\"Portada\",\"item\":\"https:\/\/legacymexicanart.com\/\"},{\"@type\":\"ListItem\",\"position\":2,\"name\":\"Shop\",\"item\":\"https:\/\/legacymexicanart.com\/es_es\/shop\/\"},{\"@type\":\"ListItem\",\"position\":3,\"name\":\"Botella Capulineada\"}]},{\"@type\":\"WebSite\",\"@id\":\"https:\/\/legacymexicanart.com\/#website\",\"url\":\"https:\/\/legacymexicanart.com\/\",\"name\":\"\",\"description\":\"Legacy Mexican Art\",\"publisher\":{\"@id\":\"https:\/\/legacymexicanart.com\/#organization\"},\"potentialAction\":[{\"@type\":\"SearchAction\",\"target\":{\"@type\":\"EntryPoint\",\"urlTemplate\":\"https:\/\/legacymexicanart.com\/?s={search_term_string}\"},\"query-input\":\"required name=search_term_string\"}],\"inLanguage\":\"es\"},{\"@type\":\"Organization\",\"@id\":\"https:\/\/legacymexicanart.com\/#organization\",\"name\":\"Legacy Mexican Art\",\"url\":\"https:\/\/legacymexicanart.com\/\",\"logo\":{\"@type\":\"ImageObject\",\"inLanguage\":\"es\",\"@id\":\"https:\/\/legacymexicanart.com\/#\/schema\/logo\/image\/\",\"url\":\"\",\"contentUrl\":\"\",\"caption\":\"Legacy Mexican Art\"},\"image\":{\"@id\":\"https:\/\/legacymexicanart.com\/#\/schema\/logo\/image\/\"}}]}<\/script>\n<!-- \/ Yoast SEO plugin. -->","yoast_head_json":{"title":"Botella Capulineada &#187;","description":"Botella Capulineada, elaborada en cer\u00e1mica de alta temperatura, pintada a mano con la t\u00e9cnica del Capulineado.","robots":{"index":"index","follow":"follow","max-snippet":"max-snippet:-1","max-image-preview":"max-image-preview:large","max-video-preview":"max-video-preview:-1"},"canonical":"https:\/\/legacymexicanart.com\/es_es\/product\/botella-licorera-ceramica-de-alta-temperatura-pintado-a-mano\/","og_locale":"es_ES","og_type":"article","og_title":"Botella Capulineada &#187;","og_description":"Botella Capulineada, elaborada en cer\u00e1mica de alta temperatura, pintada a mano con la t\u00e9cnica del Capulineado.","og_url":"https:\/\/legacymexicanart.com\/es_es\/product\/botella-licorera-ceramica-de-alta-temperatura-pintado-a-mano\/","article_modified_time":"2025-03-20T01:47:21+00:00","og_image":[{"width":1070,"height":1002,"url":"https:\/\/legacymexicanart.com\/wp-content\/uploads\/2021\/09\/PhotoRoom-20210903_005207.png","type":"image\/png"}],"twitter_card":"summary_large_image","twitter_misc":{"Tiempo de lectura":"1 minuto"},"schema":{"@context":"https:\/\/schema.org","@graph":[{"@type":"WebPage","@id":"https:\/\/legacymexicanart.com\/product\/botella-licorera-ceramica-de-alta-temperatura-pintado-a-mano\/","url":"https:\/\/legacymexicanart.com\/product\/botella-licorera-ceramica-de-alta-temperatura-pintado-a-mano\/","name":"Botella Capulineada &#187;","isPartOf":{"@id":"https:\/\/legacymexicanart.com\/#website"},"primaryImageOfPage":{"@id":"https:\/\/legacymexicanart.com\/product\/botella-licorera-ceramica-de-alta-temperatura-pintado-a-mano\/#primaryimage"},"image":{"@id":"https:\/\/legacymexicanart.com\/product\/botella-licorera-ceramica-de-alta-temperatura-pintado-a-mano\/#primaryimage"},"thumbnailUrl":"https:\/\/legacymexicanart.com\/wp-content\/uploads\/2021\/09\/PhotoRoom-20210903_005207.png","datePublished":"2021-09-03T19:19:58+00:00","dateModified":"2025-03-20T01:47:21+00:00","description":"Botella Capulineada, elaborada en cer\u00e1mica de alta temperatura, pintada a mano con la t\u00e9cnica del Capulineado.","breadcrumb":{"@id":"https:\/\/legacymexicanart.com\/product\/botella-licorera-ceramica-de-alta-temperatura-pintado-a-mano\/#breadcrumb"},"inLanguage":"es","potentialAction":[{"@type":"ReadAction","target":["https:\/\/legacymexicanart.com\/product\/botella-licorera-ceramica-de-alta-temperatura-pintado-a-mano\/"]}]},{"@type":"ImageObject","inLanguage":"es","@id":"https:\/\/legacymexicanart.com\/product\/botella-licorera-ceramica-de-alta-temperatura-pintado-a-mano\/#primaryimage","url":"https:\/\/legacymexicanart.com\/wp-content\/uploads\/2021\/09\/PhotoRoom-20210903_005207.png","contentUrl":"https:\/\/legacymexicanart.com\/wp-content\/uploads\/2021\/09\/PhotoRoom-20210903_005207.png","width":1070,"height":1002},{"@type":"BreadcrumbList","@id":"https:\/\/legacymexicanart.com\/product\/botella-licorera-ceramica-de-alta-temperatura-pintado-a-mano\/#breadcrumb","itemListElement":[{"@type":"ListItem","position":1,"name":"Portada","item":"https:\/\/legacymexicanart.com\/"},{"@type":"ListItem","position":2,"name":"Shop","item":"https:\/\/legacymexicanart.com\/es_es\/shop\/"},{"@type":"ListItem","position":3,"name":"Botella Capulineada"}]},{"@type":"WebSite","@id":"https:\/\/legacymexicanart.com\/#website","url":"https:\/\/legacymexicanart.com\/","name":"","description":"Legacy Mexican Art","publisher":{"@id":"https:\/\/legacymexicanart.com\/#organization"},"potentialAction":[{"@type":"SearchAction","target":{"@type":"EntryPoint","urlTemplate":"https:\/\/legacymexicanart.com\/?s={search_term_string}"},"query-input":"required name=search_term_string"}],"inLanguage":"es"},{"@type":"Organization","@id":"https:\/\/legacymexicanart.com\/#organization","name":"Legacy Mexican Art","url":"https:\/\/legacymexicanart.com\/","logo":{"@type":"ImageObject","inLanguage":"es","@id":"https:\/\/legacymexicanart.com\/#\/schema\/logo\/image\/","url":"","contentUrl":"","caption":"Legacy Mexican Art"},"image":{"@id":"https:\/\/legacymexicanart.com\/#\/schema\/logo\/image\/"}}]}},"_links":{"self":[{"href":"https:\/\/legacymexicanart.com\/es_es\/wp-json\/wp\/v2\/product\/1013"}],"collection":[{"href":"https:\/\/legacymexicanart.com\/es_es\/wp-json\/wp\/v2\/product"}],"about":[{"href":"https:\/\/legacymexicanart.com\/es_es\/wp-json\/wp\/v2\/types\/product"}],"replies":[{"embeddable":true,"href":"https:\/\/legacymexicanart.com\/es_es\/wp-json\/wp\/v2\/comments?post=1013"}],"wp:featuredmedia":[{"embeddable":true,"href":"https:\/\/legacymexicanart.com\/es_es\/wp-json\/wp\/v2\/media\/1015"}],"wp:attachment":[{"href":"https:\/\/legacymexicanart.com\/es_es\/wp-json\/wp\/v2\/media?parent=1013"}],"wp:term":[{"taxonomy":"product_cat","embeddable":true,"href":"https:\/\/legacymexicanart.com\/es_es\/wp-json\/wp\/v2\/product_cat?post=1013"},{"taxonomy":"product_tag","embeddable":true,"href":"https:\/\/legacymexicanart.com\/es_es\/wp-json\/wp\/v2\/product_tag?post=1013"}],"curies":[{"name":"wp","href":"https:\/\/api.w.org\/{rel}","templated":true}]}}