{"id":1023,"date":"2021-09-04T02:03:35","date_gmt":"2021-09-03T20:03:35","guid":{"rendered":"https:\/\/legacymexicanart.com\/?post_type=product&#038;p=1023"},"modified":"2026-04-01T09:35:35","modified_gmt":"2026-04-01T03:35:35","slug":"tazon-canela","status":"publish","type":"product","link":"https:\/\/legacymexicanart.com\/es_es\/product\/tazon-canela\/","title":{"rendered":"Taz\u00f3n Canela"},"content":{"rendered":"<p>Taz\u00f3n Canela, Elaborado en cer\u00e1mica de alta temperatura, pintado a mano con la t\u00e9cnica del Capulineado. Los materiales utilizados son libres de plomo, por lo que es seguro utilizar esta pieza en el uso del hogar y cocina.<\/p>\n<p>Di\u00e1m 17 x H. 8 cm.<\/p>\n<p><em>Env\u00edo incluido a todo M\u00e9xico.<\/em><\/p>\n<p>Legado de Michoac\u00e1n<\/p>\n<p>Innovando los procesos artesanales, el artesano Iv\u00e1n Gonz\u00e1lez utiliza cer\u00e1mica en vez de barro.<\/p>\n<p>&nbsp;<\/p>\n<p><a href=\"https:\/\/www.instagram.com\/p\/Ca7quD6uEfn\/\">https:\/\/www.instagram.com\/p\/Ca7quD6uEfn\/<\/a><\/p>\n<p><a href=\"https:\/\/www.facebook.com\/legacymexicanart\/photos\/pcb.4963147540473041\/4963147493806379\">https:\/\/www.facebook.com\/legacymexicanart\/photos\/pcb.4963147540473041\/4963147493806379<\/a><\/p>\n<p><a href=\"https:\/\/legacymexicanart.com\/es_es\/product-category\/decoracion\/ceramica\/\">https:\/\/legacymexicanart.com\/es_es\/product-category\/decoracion\/ceramica\/<\/a><\/p>\n","protected":false},"excerpt":{"rendered":"<p><a href=\"mailto:contact@legacymexicanart.com?Subject=Mas%20info%20sku%20CAPUIG012%20\" target=\"_blank\" rel=\"noopener\"><br \/>\n<img decoding=\"async\" src=\"https:\/\/legacymexicanart.com\/wp-content\/uploads\/2021\/10\/email-Design.svg\" \/> M\u00e1s informaci\u00f3n del producto<br \/>\n<\/a><br \/>\n<em><strong>Env\u00edo incluido a todo M\u00e9xico<\/strong><\/em><\/p>\n","protected":false},"featured_media":1720,"comment_status":"open","ping_status":"closed","template":"","meta":[],"product_cat":[18,187,17,198,197],"product_tag":[83,78,79,81,80,82],"yoast_head":"<!-- This site is optimized with the Yoast SEO plugin v22.6 - https:\/\/yoast.com\/wordpress\/plugins\/seo\/ -->\n<title>Taz\u00f3n Canela &#187;<\/title>\n<meta name=\"description\" content=\"Taz\u00f3n Canela, Elaborado en cer\u00e1mica de alta temperatura, pintado a mano con la t\u00e9cnica del Capulineado. Materiales libres de plomo.\" \/>\n<meta name=\"robots\" content=\"index, follow, max-snippet:-1, max-image-preview:large, max-video-preview:-1\" \/>\n<link rel=\"canonical\" href=\"https:\/\/legacymexicanart.com\/es_es\/product\/tazon-canela\/\" \/>\n<meta property=\"og:locale\" content=\"es_ES\" \/>\n<meta property=\"og:type\" content=\"article\" \/>\n<meta property=\"og:title\" content=\"Taz\u00f3n Canela &#187;\" \/>\n<meta property=\"og:description\" content=\"Taz\u00f3n Canela, Elaborado en cer\u00e1mica de alta temperatura, pintado a mano con la t\u00e9cnica del Capulineado. Materiales libres de plomo.\" \/>\n<meta property=\"og:url\" content=\"https:\/\/legacymexicanart.com\/es_es\/product\/tazon-canela\/\" \/>\n<meta property=\"article:modified_time\" content=\"2026-04-01T03:35:35+00:00\" \/>\n<meta property=\"og:image\" content=\"https:\/\/legacymexicanart.com\/wp-content\/uploads\/2021\/09\/Tazon-Canela_LMA_n.jpg\" \/>\n\t<meta property=\"og:image:width\" content=\"1080\" \/>\n\t<meta property=\"og:image:height\" content=\"1080\" \/>\n\t<meta property=\"og:image:type\" content=\"image\/jpeg\" \/>\n<meta name=\"twitter:card\" content=\"summary_large_image\" \/>\n<meta name=\"twitter:label1\" content=\"Tiempo de lectura\" \/>\n\t<meta name=\"twitter:data1\" content=\"1 minuto\" \/>\n<script type=\"application\/ld+json\" class=\"yoast-schema-graph\">{\"@context\":\"https:\/\/schema.org\",\"@graph\":[{\"@type\":\"WebPage\",\"@id\":\"https:\/\/legacymexicanart.com\/product\/tazon-canela\/\",\"url\":\"https:\/\/legacymexicanart.com\/product\/tazon-canela\/\",\"name\":\"Taz\u00f3n Canela &#187;\",\"isPartOf\":{\"@id\":\"https:\/\/legacymexicanart.com\/#website\"},\"primaryImageOfPage\":{\"@id\":\"https:\/\/legacymexicanart.com\/product\/tazon-canela\/#primaryimage\"},\"image\":{\"@id\":\"https:\/\/legacymexicanart.com\/product\/tazon-canela\/#primaryimage\"},\"thumbnailUrl\":\"https:\/\/legacymexicanart.com\/wp-content\/uploads\/2021\/09\/Tazon-Canela_LMA_n.jpg\",\"datePublished\":\"2021-09-03T20:03:35+00:00\",\"dateModified\":\"2026-04-01T03:35:35+00:00\",\"description\":\"Taz\u00f3n Canela, Elaborado en cer\u00e1mica de alta temperatura, pintado a mano con la t\u00e9cnica del Capulineado. Materiales libres de plomo.\",\"breadcrumb\":{\"@id\":\"https:\/\/legacymexicanart.com\/product\/tazon-canela\/#breadcrumb\"},\"inLanguage\":\"es\",\"potentialAction\":[{\"@type\":\"ReadAction\",\"target\":[\"https:\/\/legacymexicanart.com\/product\/tazon-canela\/\"]}]},{\"@type\":\"ImageObject\",\"inLanguage\":\"es\",\"@id\":\"https:\/\/legacymexicanart.com\/product\/tazon-canela\/#primaryimage\",\"url\":\"https:\/\/legacymexicanart.com\/wp-content\/uploads\/2021\/09\/Tazon-Canela_LMA_n.jpg\",\"contentUrl\":\"https:\/\/legacymexicanart.com\/wp-content\/uploads\/2021\/09\/Tazon-Canela_LMA_n.jpg\",\"width\":1080,\"height\":1080},{\"@type\":\"BreadcrumbList\",\"@id\":\"https:\/\/legacymexicanart.com\/product\/tazon-canela\/#breadcrumb\",\"itemListElement\":[{\"@type\":\"ListItem\",\"position\":1,\"name\":\"Portada\",\"item\":\"https:\/\/legacymexicanart.com\/\"},{\"@type\":\"ListItem\",\"position\":2,\"name\":\"Shop\",\"item\":\"https:\/\/legacymexicanart.com\/es_es\/shop\/\"},{\"@type\":\"ListItem\",\"position\":3,\"name\":\"Taz\u00f3n Canela\"}]},{\"@type\":\"WebSite\",\"@id\":\"https:\/\/legacymexicanart.com\/#website\",\"url\":\"https:\/\/legacymexicanart.com\/\",\"name\":\"\",\"description\":\"Legacy Mexican Art\",\"publisher\":{\"@id\":\"https:\/\/legacymexicanart.com\/#organization\"},\"potentialAction\":[{\"@type\":\"SearchAction\",\"target\":{\"@type\":\"EntryPoint\",\"urlTemplate\":\"https:\/\/legacymexicanart.com\/?s={search_term_string}\"},\"query-input\":\"required name=search_term_string\"}],\"inLanguage\":\"es\"},{\"@type\":\"Organization\",\"@id\":\"https:\/\/legacymexicanart.com\/#organization\",\"name\":\"Legacy Mexican Art\",\"url\":\"https:\/\/legacymexicanart.com\/\",\"logo\":{\"@type\":\"ImageObject\",\"inLanguage\":\"es\",\"@id\":\"https:\/\/legacymexicanart.com\/#\/schema\/logo\/image\/\",\"url\":\"\",\"contentUrl\":\"\",\"caption\":\"Legacy Mexican Art\"},\"image\":{\"@id\":\"https:\/\/legacymexicanart.com\/#\/schema\/logo\/image\/\"}}]}<\/script>\n<!-- \/ Yoast SEO plugin. -->","yoast_head_json":{"title":"Taz\u00f3n Canela &#187;","description":"Taz\u00f3n Canela, Elaborado en cer\u00e1mica de alta temperatura, pintado a mano con la t\u00e9cnica del Capulineado. Materiales libres de plomo.","robots":{"index":"index","follow":"follow","max-snippet":"max-snippet:-1","max-image-preview":"max-image-preview:large","max-video-preview":"max-video-preview:-1"},"canonical":"https:\/\/legacymexicanart.com\/es_es\/product\/tazon-canela\/","og_locale":"es_ES","og_type":"article","og_title":"Taz\u00f3n Canela &#187;","og_description":"Taz\u00f3n Canela, Elaborado en cer\u00e1mica de alta temperatura, pintado a mano con la t\u00e9cnica del Capulineado. Materiales libres de plomo.","og_url":"https:\/\/legacymexicanart.com\/es_es\/product\/tazon-canela\/","article_modified_time":"2026-04-01T03:35:35+00:00","og_image":[{"width":1080,"height":1080,"url":"https:\/\/legacymexicanart.com\/wp-content\/uploads\/2021\/09\/Tazon-Canela_LMA_n.jpg","type":"image\/jpeg"}],"twitter_card":"summary_large_image","twitter_misc":{"Tiempo de lectura":"1 minuto"},"schema":{"@context":"https:\/\/schema.org","@graph":[{"@type":"WebPage","@id":"https:\/\/legacymexicanart.com\/product\/tazon-canela\/","url":"https:\/\/legacymexicanart.com\/product\/tazon-canela\/","name":"Taz\u00f3n Canela &#187;","isPartOf":{"@id":"https:\/\/legacymexicanart.com\/#website"},"primaryImageOfPage":{"@id":"https:\/\/legacymexicanart.com\/product\/tazon-canela\/#primaryimage"},"image":{"@id":"https:\/\/legacymexicanart.com\/product\/tazon-canela\/#primaryimage"},"thumbnailUrl":"https:\/\/legacymexicanart.com\/wp-content\/uploads\/2021\/09\/Tazon-Canela_LMA_n.jpg","datePublished":"2021-09-03T20:03:35+00:00","dateModified":"2026-04-01T03:35:35+00:00","description":"Taz\u00f3n Canela, Elaborado en cer\u00e1mica de alta temperatura, pintado a mano con la t\u00e9cnica del Capulineado. Materiales libres de plomo.","breadcrumb":{"@id":"https:\/\/legacymexicanart.com\/product\/tazon-canela\/#breadcrumb"},"inLanguage":"es","potentialAction":[{"@type":"ReadAction","target":["https:\/\/legacymexicanart.com\/product\/tazon-canela\/"]}]},{"@type":"ImageObject","inLanguage":"es","@id":"https:\/\/legacymexicanart.com\/product\/tazon-canela\/#primaryimage","url":"https:\/\/legacymexicanart.com\/wp-content\/uploads\/2021\/09\/Tazon-Canela_LMA_n.jpg","contentUrl":"https:\/\/legacymexicanart.com\/wp-content\/uploads\/2021\/09\/Tazon-Canela_LMA_n.jpg","width":1080,"height":1080},{"@type":"BreadcrumbList","@id":"https:\/\/legacymexicanart.com\/product\/tazon-canela\/#breadcrumb","itemListElement":[{"@type":"ListItem","position":1,"name":"Portada","item":"https:\/\/legacymexicanart.com\/"},{"@type":"ListItem","position":2,"name":"Shop","item":"https:\/\/legacymexicanart.com\/es_es\/shop\/"},{"@type":"ListItem","position":3,"name":"Taz\u00f3n Canela"}]},{"@type":"WebSite","@id":"https:\/\/legacymexicanart.com\/#website","url":"https:\/\/legacymexicanart.com\/","name":"","description":"Legacy Mexican Art","publisher":{"@id":"https:\/\/legacymexicanart.com\/#organization"},"potentialAction":[{"@type":"SearchAction","target":{"@type":"EntryPoint","urlTemplate":"https:\/\/legacymexicanart.com\/?s={search_term_string}"},"query-input":"required name=search_term_string"}],"inLanguage":"es"},{"@type":"Organization","@id":"https:\/\/legacymexicanart.com\/#organization","name":"Legacy Mexican Art","url":"https:\/\/legacymexicanart.com\/","logo":{"@type":"ImageObject","inLanguage":"es","@id":"https:\/\/legacymexicanart.com\/#\/schema\/logo\/image\/","url":"","contentUrl":"","caption":"Legacy Mexican Art"},"image":{"@id":"https:\/\/legacymexicanart.com\/#\/schema\/logo\/image\/"}}]}},"_links":{"self":[{"href":"https:\/\/legacymexicanart.com\/es_es\/wp-json\/wp\/v2\/product\/1023"}],"collection":[{"href":"https:\/\/legacymexicanart.com\/es_es\/wp-json\/wp\/v2\/product"}],"about":[{"href":"https:\/\/legacymexicanart.com\/es_es\/wp-json\/wp\/v2\/types\/product"}],"replies":[{"embeddable":true,"href":"https:\/\/legacymexicanart.com\/es_es\/wp-json\/wp\/v2\/comments?post=1023"}],"wp:featuredmedia":[{"embeddable":true,"href":"https:\/\/legacymexicanart.com\/es_es\/wp-json\/wp\/v2\/media\/1720"}],"wp:attachment":[{"href":"https:\/\/legacymexicanart.com\/es_es\/wp-json\/wp\/v2\/media?parent=1023"}],"wp:term":[{"taxonomy":"product_cat","embeddable":true,"href":"https:\/\/legacymexicanart.com\/es_es\/wp-json\/wp\/v2\/product_cat?post=1023"},{"taxonomy":"product_tag","embeddable":true,"href":"https:\/\/legacymexicanart.com\/es_es\/wp-json\/wp\/v2\/product_tag?post=1023"}],"curies":[{"name":"wp","href":"https:\/\/api.w.org\/{rel}","templated":true}]}}