{"id":1131,"date":"2021-09-09T23:38:04","date_gmt":"2021-09-09T17:38:04","guid":{"rendered":"https:\/\/legacymexicanart.com\/?post_type=product&#038;p=1131"},"modified":"2026-04-01T09:35:56","modified_gmt":"2026-04-01T03:35:56","slug":"corazon-de-tilcajete","status":"publish","type":"product","link":"https:\/\/legacymexicanart.com\/es_es\/product\/corazon-de-tilcajete\/","title":{"rendered":"Coraz\u00f3n de Tilcajete"},"content":{"rendered":"<p>El Coraz\u00f3n de Tilcajete es un joyero peque\u00f1o tallado en madera de copal y pintado a mano con una gran precisi\u00f3n en los dibujos geom\u00e9tricos.<\/p>\n<p>El Coraz\u00f3n de Tilcajete, es ideal para obsequiar o bien guardar cualquier objeto que desees atesorar.<\/p>\n<p>En Legacy Mexican Art colaboramos con artesanos que tienen una conciencia ecol\u00f3gica por lo que cada vez que cortan un \u00e1rbol, siembran m\u00e1s \u00e1rboles para mantener un equilibrio con el medio ambiente.<\/p>\n<p>Dimensiones: 9 x 9.5 x H 4 cm.<\/p>\n<p><em>Env\u00edo incluido a todo M\u00e9xico.<\/em><\/p>\n<p>Hecho en San Mart\u00edn Tilcajete<\/p>\n<p>&nbsp;<\/p>\n<p><a href=\"https:\/\/legacymexicanart.com\/wp-content\/uploads\/2021\/09\/Corazon-de-Tilcajete_Legacy-Mexican-Art.png\">https:\/\/legacymexicanart.com\/wp-content\/uploads\/2021\/09\/Corazon-de-Tilcajete_Legacy-Mexican-Art.png<\/a><\/p>\n<p><a href=\"https:\/\/www.instagram.com\/p\/CZapw6Lrqsj\/\">https:\/\/www.instagram.com\/p\/CZapw6Lrqsj\/<\/a><\/p>\n","protected":false},"excerpt":{"rendered":"<p><a href=\"mailto:contact@legacymexicanart.com?Subject=Mas%20info%20sku%20SNMTLCJT002%20\" target=\"_blank\" rel=\"noopener\"><br \/>\n<img decoding=\"async\" src=\"https:\/\/legacymexicanart.com\/wp-content\/uploads\/2021\/10\/email-Design.svg\" \/> M\u00e1s informaci\u00f3n del producto<br \/>\n<\/a><\/p>\n<p><em>Env\u00edo incluido a todo M\u00e9xico.<\/em><\/p>\n","protected":false},"featured_media":1686,"comment_status":"open","ping_status":"closed","template":"","meta":[],"product_cat":[199,201],"product_tag":[298,294,259,291,177,293,299,296,300,297,292,295],"yoast_head":"<!-- This site is optimized with the Yoast SEO plugin v22.6 - https:\/\/yoast.com\/wordpress\/plugins\/seo\/ -->\n<title>Coraz\u00f3n de Tilcajete &#187;<\/title>\n<meta name=\"description\" content=\"Coraz\u00f3n de Tilcajete es un joyero peque\u00f1o tallado en madera de copal y pintado a mano con una dedicada precisi\u00f3n en los dibujos geom\u00e9tricos.\" \/>\n<meta name=\"robots\" content=\"index, follow, max-snippet:-1, max-image-preview:large, max-video-preview:-1\" \/>\n<link rel=\"canonical\" href=\"https:\/\/legacymexicanart.com\/es_es\/product\/corazon-de-tilcajete\/\" \/>\n<meta property=\"og:locale\" content=\"es_ES\" \/>\n<meta property=\"og:type\" content=\"article\" \/>\n<meta property=\"og:title\" content=\"Coraz\u00f3n de Tilcajete &#187;\" \/>\n<meta property=\"og:description\" content=\"Coraz\u00f3n de Tilcajete es un joyero peque\u00f1o tallado en madera de copal y pintado a mano con una dedicada precisi\u00f3n en los dibujos geom\u00e9tricos.\" \/>\n<meta property=\"og:url\" content=\"https:\/\/legacymexicanart.com\/es_es\/product\/corazon-de-tilcajete\/\" \/>\n<meta property=\"article:modified_time\" content=\"2026-04-01T03:35:56+00:00\" \/>\n<meta property=\"og:image\" content=\"https:\/\/legacymexicanart.com\/wp-content\/uploads\/2021\/09\/Corazon-Tilcajete-detalle_LegacyMexicanArt.png\" \/>\n\t<meta property=\"og:image:width\" content=\"948\" \/>\n\t<meta property=\"og:image:height\" content=\"842\" \/>\n\t<meta property=\"og:image:type\" content=\"image\/png\" \/>\n<meta name=\"twitter:card\" content=\"summary_large_image\" \/>\n<meta name=\"twitter:label1\" content=\"Tiempo de lectura\" \/>\n\t<meta name=\"twitter:data1\" content=\"1 minuto\" \/>\n<script type=\"application\/ld+json\" class=\"yoast-schema-graph\">{\"@context\":\"https:\/\/schema.org\",\"@graph\":[{\"@type\":\"WebPage\",\"@id\":\"https:\/\/legacymexicanart.com\/product\/corazon-de-tilcajete\/\",\"url\":\"https:\/\/legacymexicanart.com\/product\/corazon-de-tilcajete\/\",\"name\":\"Coraz\u00f3n de Tilcajete &#187;\",\"isPartOf\":{\"@id\":\"https:\/\/legacymexicanart.com\/#website\"},\"primaryImageOfPage\":{\"@id\":\"https:\/\/legacymexicanart.com\/product\/corazon-de-tilcajete\/#primaryimage\"},\"image\":{\"@id\":\"https:\/\/legacymexicanart.com\/product\/corazon-de-tilcajete\/#primaryimage\"},\"thumbnailUrl\":\"https:\/\/legacymexicanart.com\/wp-content\/uploads\/2021\/09\/Corazon-Tilcajete-detalle_LegacyMexicanArt.png\",\"datePublished\":\"2021-09-09T17:38:04+00:00\",\"dateModified\":\"2026-04-01T03:35:56+00:00\",\"description\":\"Coraz\u00f3n de Tilcajete es un joyero peque\u00f1o tallado en madera de copal y pintado a mano con una dedicada precisi\u00f3n en los dibujos geom\u00e9tricos.\",\"breadcrumb\":{\"@id\":\"https:\/\/legacymexicanart.com\/product\/corazon-de-tilcajete\/#breadcrumb\"},\"inLanguage\":\"es\",\"potentialAction\":[{\"@type\":\"ReadAction\",\"target\":[\"https:\/\/legacymexicanart.com\/product\/corazon-de-tilcajete\/\"]}]},{\"@type\":\"ImageObject\",\"inLanguage\":\"es\",\"@id\":\"https:\/\/legacymexicanart.com\/product\/corazon-de-tilcajete\/#primaryimage\",\"url\":\"https:\/\/legacymexicanart.com\/wp-content\/uploads\/2021\/09\/Corazon-Tilcajete-detalle_LegacyMexicanArt.png\",\"contentUrl\":\"https:\/\/legacymexicanart.com\/wp-content\/uploads\/2021\/09\/Corazon-Tilcajete-detalle_LegacyMexicanArt.png\",\"width\":948,\"height\":842},{\"@type\":\"BreadcrumbList\",\"@id\":\"https:\/\/legacymexicanart.com\/product\/corazon-de-tilcajete\/#breadcrumb\",\"itemListElement\":[{\"@type\":\"ListItem\",\"position\":1,\"name\":\"Portada\",\"item\":\"https:\/\/legacymexicanart.com\/\"},{\"@type\":\"ListItem\",\"position\":2,\"name\":\"Shop\",\"item\":\"https:\/\/legacymexicanart.com\/es_es\/shop\/\"},{\"@type\":\"ListItem\",\"position\":3,\"name\":\"Coraz\u00f3n de Tilcajete\"}]},{\"@type\":\"WebSite\",\"@id\":\"https:\/\/legacymexicanart.com\/#website\",\"url\":\"https:\/\/legacymexicanart.com\/\",\"name\":\"\",\"description\":\"Legacy Mexican Art\",\"publisher\":{\"@id\":\"https:\/\/legacymexicanart.com\/#organization\"},\"potentialAction\":[{\"@type\":\"SearchAction\",\"target\":{\"@type\":\"EntryPoint\",\"urlTemplate\":\"https:\/\/legacymexicanart.com\/?s={search_term_string}\"},\"query-input\":\"required name=search_term_string\"}],\"inLanguage\":\"es\"},{\"@type\":\"Organization\",\"@id\":\"https:\/\/legacymexicanart.com\/#organization\",\"name\":\"Legacy Mexican Art\",\"url\":\"https:\/\/legacymexicanart.com\/\",\"logo\":{\"@type\":\"ImageObject\",\"inLanguage\":\"es\",\"@id\":\"https:\/\/legacymexicanart.com\/#\/schema\/logo\/image\/\",\"url\":\"\",\"contentUrl\":\"\",\"caption\":\"Legacy Mexican Art\"},\"image\":{\"@id\":\"https:\/\/legacymexicanart.com\/#\/schema\/logo\/image\/\"}}]}<\/script>\n<!-- \/ Yoast SEO plugin. -->","yoast_head_json":{"title":"Coraz\u00f3n de Tilcajete &#187;","description":"Coraz\u00f3n de Tilcajete es un joyero peque\u00f1o tallado en madera de copal y pintado a mano con una dedicada precisi\u00f3n en los dibujos geom\u00e9tricos.","robots":{"index":"index","follow":"follow","max-snippet":"max-snippet:-1","max-image-preview":"max-image-preview:large","max-video-preview":"max-video-preview:-1"},"canonical":"https:\/\/legacymexicanart.com\/es_es\/product\/corazon-de-tilcajete\/","og_locale":"es_ES","og_type":"article","og_title":"Coraz\u00f3n de Tilcajete &#187;","og_description":"Coraz\u00f3n de Tilcajete es un joyero peque\u00f1o tallado en madera de copal y pintado a mano con una dedicada precisi\u00f3n en los dibujos geom\u00e9tricos.","og_url":"https:\/\/legacymexicanart.com\/es_es\/product\/corazon-de-tilcajete\/","article_modified_time":"2026-04-01T03:35:56+00:00","og_image":[{"width":948,"height":842,"url":"https:\/\/legacymexicanart.com\/wp-content\/uploads\/2021\/09\/Corazon-Tilcajete-detalle_LegacyMexicanArt.png","type":"image\/png"}],"twitter_card":"summary_large_image","twitter_misc":{"Tiempo de lectura":"1 minuto"},"schema":{"@context":"https:\/\/schema.org","@graph":[{"@type":"WebPage","@id":"https:\/\/legacymexicanart.com\/product\/corazon-de-tilcajete\/","url":"https:\/\/legacymexicanart.com\/product\/corazon-de-tilcajete\/","name":"Coraz\u00f3n de Tilcajete &#187;","isPartOf":{"@id":"https:\/\/legacymexicanart.com\/#website"},"primaryImageOfPage":{"@id":"https:\/\/legacymexicanart.com\/product\/corazon-de-tilcajete\/#primaryimage"},"image":{"@id":"https:\/\/legacymexicanart.com\/product\/corazon-de-tilcajete\/#primaryimage"},"thumbnailUrl":"https:\/\/legacymexicanart.com\/wp-content\/uploads\/2021\/09\/Corazon-Tilcajete-detalle_LegacyMexicanArt.png","datePublished":"2021-09-09T17:38:04+00:00","dateModified":"2026-04-01T03:35:56+00:00","description":"Coraz\u00f3n de Tilcajete es un joyero peque\u00f1o tallado en madera de copal y pintado a mano con una dedicada precisi\u00f3n en los dibujos geom\u00e9tricos.","breadcrumb":{"@id":"https:\/\/legacymexicanart.com\/product\/corazon-de-tilcajete\/#breadcrumb"},"inLanguage":"es","potentialAction":[{"@type":"ReadAction","target":["https:\/\/legacymexicanart.com\/product\/corazon-de-tilcajete\/"]}]},{"@type":"ImageObject","inLanguage":"es","@id":"https:\/\/legacymexicanart.com\/product\/corazon-de-tilcajete\/#primaryimage","url":"https:\/\/legacymexicanart.com\/wp-content\/uploads\/2021\/09\/Corazon-Tilcajete-detalle_LegacyMexicanArt.png","contentUrl":"https:\/\/legacymexicanart.com\/wp-content\/uploads\/2021\/09\/Corazon-Tilcajete-detalle_LegacyMexicanArt.png","width":948,"height":842},{"@type":"BreadcrumbList","@id":"https:\/\/legacymexicanart.com\/product\/corazon-de-tilcajete\/#breadcrumb","itemListElement":[{"@type":"ListItem","position":1,"name":"Portada","item":"https:\/\/legacymexicanart.com\/"},{"@type":"ListItem","position":2,"name":"Shop","item":"https:\/\/legacymexicanart.com\/es_es\/shop\/"},{"@type":"ListItem","position":3,"name":"Coraz\u00f3n de Tilcajete"}]},{"@type":"WebSite","@id":"https:\/\/legacymexicanart.com\/#website","url":"https:\/\/legacymexicanart.com\/","name":"","description":"Legacy Mexican Art","publisher":{"@id":"https:\/\/legacymexicanart.com\/#organization"},"potentialAction":[{"@type":"SearchAction","target":{"@type":"EntryPoint","urlTemplate":"https:\/\/legacymexicanart.com\/?s={search_term_string}"},"query-input":"required name=search_term_string"}],"inLanguage":"es"},{"@type":"Organization","@id":"https:\/\/legacymexicanart.com\/#organization","name":"Legacy Mexican Art","url":"https:\/\/legacymexicanart.com\/","logo":{"@type":"ImageObject","inLanguage":"es","@id":"https:\/\/legacymexicanart.com\/#\/schema\/logo\/image\/","url":"","contentUrl":"","caption":"Legacy Mexican Art"},"image":{"@id":"https:\/\/legacymexicanart.com\/#\/schema\/logo\/image\/"}}]}},"_links":{"self":[{"href":"https:\/\/legacymexicanart.com\/es_es\/wp-json\/wp\/v2\/product\/1131"}],"collection":[{"href":"https:\/\/legacymexicanart.com\/es_es\/wp-json\/wp\/v2\/product"}],"about":[{"href":"https:\/\/legacymexicanart.com\/es_es\/wp-json\/wp\/v2\/types\/product"}],"replies":[{"embeddable":true,"href":"https:\/\/legacymexicanart.com\/es_es\/wp-json\/wp\/v2\/comments?post=1131"}],"wp:featuredmedia":[{"embeddable":true,"href":"https:\/\/legacymexicanart.com\/es_es\/wp-json\/wp\/v2\/media\/1686"}],"wp:attachment":[{"href":"https:\/\/legacymexicanart.com\/es_es\/wp-json\/wp\/v2\/media?parent=1131"}],"wp:term":[{"taxonomy":"product_cat","embeddable":true,"href":"https:\/\/legacymexicanart.com\/es_es\/wp-json\/wp\/v2\/product_cat?post=1131"},{"taxonomy":"product_tag","embeddable":true,"href":"https:\/\/legacymexicanart.com\/es_es\/wp-json\/wp\/v2\/product_tag?post=1131"}],"curies":[{"name":"wp","href":"https:\/\/api.w.org\/{rel}","templated":true}]}}