{"id":1182,"date":"2021-09-11T12:34:57","date_gmt":"2021-09-11T06:34:57","guid":{"rendered":"https:\/\/legacymexicanart.com\/?post_type=product&#038;p=1182"},"modified":"2024-01-04T06:48:17","modified_gmt":"2024-01-04T00:48:17","slug":"alpargatas-bordadas-a-mano-en-nudo-de-palestrina","status":"publish","type":"product","link":"https:\/\/legacymexicanart.com\/es_es\/product\/alpargatas-bordadas-a-mano-en-nudo-de-palestrina\/","title":{"rendered":"Alpargatas Bordadas"},"content":{"rendered":"<p>ARTESANA: TE\u00d3FILA SERV\u00cdN<\/p>\n<p>Alpargatas bordadas\u00a0 a mano en nudo de Palestrina.<\/p>\n<table class=\"woocommerce-product-attributes shop_attributes\">\n<tbody>\n<tr class=\"woocommerce-product-attributes-item woocommerce-product-attributes-item--weight\">\n<th class=\"woocommerce-product-attributes-item__label\">Peso<\/th>\n<td class=\"woocommerce-product-attributes-item__value\">1 kg<\/td>\n<\/tr>\n<tr class=\"woocommerce-product-attributes-item woocommerce-product-attributes-item--dimensions\">\n<th class=\"woocommerce-product-attributes-item__label\">Dimensiones<\/th>\n<td class=\"woocommerce-product-attributes-item__value\">24 cm<\/td>\n<\/tr>\n<tr class=\"woocommerce-product-attributes-item woocommerce-product-attributes-item--attribute_tiempo-de-producci%c3%b3n\">\n<th class=\"woocommerce-product-attributes-item__label\">Tiempo de producci\u00f3n<\/th>\n<td class=\"woocommerce-product-attributes-item__value\">HASTA 15 D\u00cdAS<br \/>\nRecuerda que este producto es hecho a mano y los tiempos de producci\u00f3n pueden variar.<br \/>\nSi el art\u00edculo se encuentra disponible el tiempo de entrega es de 5 d\u00edas h\u00e1biles.<\/td>\n<\/tr>\n<\/tbody>\n<\/table>\n","protected":false},"excerpt":{"rendered":"<p><a href=\"mailto:contact@legacymexicanart.com?Subject=Mas%20info%20sku%20SANTS019%20\" target=\"_blank\" rel=\"noopener\"><br \/>\n<img decoding=\"async\" src=\"https:\/\/legacymexicanart.com\/wp-content\/uploads\/2021\/10\/email-Design.svg\" \/> M\u00e1s informaci\u00f3n del producto<br \/>\n<\/a><\/p>\n","protected":false},"featured_media":1183,"comment_status":"open","ping_status":"closed","template":"","meta":[],"product_cat":[199,202],"product_tag":[145,83,88,121,95,92],"yoast_head":"<!-- This site is optimized with the Yoast SEO plugin v22.6 - https:\/\/yoast.com\/wordpress\/plugins\/seo\/ -->\n<title>Alpargatas Bordadas &#187;<\/title>\n<meta name=\"description\" content=\"Alpargatas bordadas en nudo de palestrina\" \/>\n<meta name=\"robots\" content=\"index, follow, max-snippet:-1, max-image-preview:large, max-video-preview:-1\" \/>\n<link rel=\"canonical\" href=\"https:\/\/legacymexicanart.com\/es_es\/product\/alpargatas-bordadas-a-mano-en-nudo-de-palestrina\/\" \/>\n<meta property=\"og:locale\" content=\"es_ES\" \/>\n<meta property=\"og:type\" content=\"article\" \/>\n<meta property=\"og:title\" content=\"Alpargatas Bordadas &#187;\" \/>\n<meta property=\"og:description\" content=\"Alpargatas bordadas en nudo de palestrina\" \/>\n<meta property=\"og:url\" content=\"https:\/\/legacymexicanart.com\/es_es\/product\/alpargatas-bordadas-a-mano-en-nudo-de-palestrina\/\" \/>\n<meta property=\"article:modified_time\" content=\"2024-01-04T00:48:17+00:00\" \/>\n<meta property=\"og:image\" content=\"https:\/\/legacymexicanart.com\/wp-content\/uploads\/2021\/09\/PhotoRoom-20210907_192732.png\" \/>\n\t<meta property=\"og:image:width\" content=\"1497\" \/>\n\t<meta property=\"og:image:height\" content=\"1417\" \/>\n\t<meta property=\"og:image:type\" content=\"image\/png\" \/>\n<meta name=\"twitter:card\" content=\"summary_large_image\" \/>\n<meta name=\"twitter:label1\" content=\"Tiempo de lectura\" \/>\n\t<meta name=\"twitter:data1\" content=\"1 minuto\" \/>\n<script type=\"application\/ld+json\" class=\"yoast-schema-graph\">{\"@context\":\"https:\/\/schema.org\",\"@graph\":[{\"@type\":\"WebPage\",\"@id\":\"https:\/\/legacymexicanart.com\/product\/alpargatas-bordadas-a-mano-en-nudo-de-palestrina\/\",\"url\":\"https:\/\/legacymexicanart.com\/product\/alpargatas-bordadas-a-mano-en-nudo-de-palestrina\/\",\"name\":\"Alpargatas Bordadas &#187;\",\"isPartOf\":{\"@id\":\"https:\/\/legacymexicanart.com\/#website\"},\"primaryImageOfPage\":{\"@id\":\"https:\/\/legacymexicanart.com\/product\/alpargatas-bordadas-a-mano-en-nudo-de-palestrina\/#primaryimage\"},\"image\":{\"@id\":\"https:\/\/legacymexicanart.com\/product\/alpargatas-bordadas-a-mano-en-nudo-de-palestrina\/#primaryimage\"},\"thumbnailUrl\":\"https:\/\/legacymexicanart.com\/wp-content\/uploads\/2021\/09\/PhotoRoom-20210907_192732.png\",\"datePublished\":\"2021-09-11T06:34:57+00:00\",\"dateModified\":\"2024-01-04T00:48:17+00:00\",\"description\":\"Alpargatas bordadas en nudo de palestrina\",\"breadcrumb\":{\"@id\":\"https:\/\/legacymexicanart.com\/product\/alpargatas-bordadas-a-mano-en-nudo-de-palestrina\/#breadcrumb\"},\"inLanguage\":\"es\",\"potentialAction\":[{\"@type\":\"ReadAction\",\"target\":[\"https:\/\/legacymexicanart.com\/product\/alpargatas-bordadas-a-mano-en-nudo-de-palestrina\/\"]}]},{\"@type\":\"ImageObject\",\"inLanguage\":\"es\",\"@id\":\"https:\/\/legacymexicanart.com\/product\/alpargatas-bordadas-a-mano-en-nudo-de-palestrina\/#primaryimage\",\"url\":\"https:\/\/legacymexicanart.com\/wp-content\/uploads\/2021\/09\/PhotoRoom-20210907_192732.png\",\"contentUrl\":\"https:\/\/legacymexicanart.com\/wp-content\/uploads\/2021\/09\/PhotoRoom-20210907_192732.png\",\"width\":1497,\"height\":1417},{\"@type\":\"BreadcrumbList\",\"@id\":\"https:\/\/legacymexicanart.com\/product\/alpargatas-bordadas-a-mano-en-nudo-de-palestrina\/#breadcrumb\",\"itemListElement\":[{\"@type\":\"ListItem\",\"position\":1,\"name\":\"Portada\",\"item\":\"https:\/\/legacymexicanart.com\/\"},{\"@type\":\"ListItem\",\"position\":2,\"name\":\"Shop\",\"item\":\"https:\/\/legacymexicanart.com\/es_es\/shop\/\"},{\"@type\":\"ListItem\",\"position\":3,\"name\":\"Alpargatas Bordadas\"}]},{\"@type\":\"WebSite\",\"@id\":\"https:\/\/legacymexicanart.com\/#website\",\"url\":\"https:\/\/legacymexicanart.com\/\",\"name\":\"\",\"description\":\"Legacy Mexican Art\",\"publisher\":{\"@id\":\"https:\/\/legacymexicanart.com\/#organization\"},\"potentialAction\":[{\"@type\":\"SearchAction\",\"target\":{\"@type\":\"EntryPoint\",\"urlTemplate\":\"https:\/\/legacymexicanart.com\/?s={search_term_string}\"},\"query-input\":\"required name=search_term_string\"}],\"inLanguage\":\"es\"},{\"@type\":\"Organization\",\"@id\":\"https:\/\/legacymexicanart.com\/#organization\",\"name\":\"Legacy Mexican Art\",\"url\":\"https:\/\/legacymexicanart.com\/\",\"logo\":{\"@type\":\"ImageObject\",\"inLanguage\":\"es\",\"@id\":\"https:\/\/legacymexicanart.com\/#\/schema\/logo\/image\/\",\"url\":\"\",\"contentUrl\":\"\",\"caption\":\"Legacy Mexican Art\"},\"image\":{\"@id\":\"https:\/\/legacymexicanart.com\/#\/schema\/logo\/image\/\"}}]}<\/script>\n<!-- \/ Yoast SEO plugin. -->","yoast_head_json":{"title":"Alpargatas Bordadas &#187;","description":"Alpargatas bordadas en nudo de palestrina","robots":{"index":"index","follow":"follow","max-snippet":"max-snippet:-1","max-image-preview":"max-image-preview:large","max-video-preview":"max-video-preview:-1"},"canonical":"https:\/\/legacymexicanart.com\/es_es\/product\/alpargatas-bordadas-a-mano-en-nudo-de-palestrina\/","og_locale":"es_ES","og_type":"article","og_title":"Alpargatas Bordadas &#187;","og_description":"Alpargatas bordadas en nudo de palestrina","og_url":"https:\/\/legacymexicanart.com\/es_es\/product\/alpargatas-bordadas-a-mano-en-nudo-de-palestrina\/","article_modified_time":"2024-01-04T00:48:17+00:00","og_image":[{"width":1497,"height":1417,"url":"https:\/\/legacymexicanart.com\/wp-content\/uploads\/2021\/09\/PhotoRoom-20210907_192732.png","type":"image\/png"}],"twitter_card":"summary_large_image","twitter_misc":{"Tiempo de lectura":"1 minuto"},"schema":{"@context":"https:\/\/schema.org","@graph":[{"@type":"WebPage","@id":"https:\/\/legacymexicanart.com\/product\/alpargatas-bordadas-a-mano-en-nudo-de-palestrina\/","url":"https:\/\/legacymexicanart.com\/product\/alpargatas-bordadas-a-mano-en-nudo-de-palestrina\/","name":"Alpargatas Bordadas &#187;","isPartOf":{"@id":"https:\/\/legacymexicanart.com\/#website"},"primaryImageOfPage":{"@id":"https:\/\/legacymexicanart.com\/product\/alpargatas-bordadas-a-mano-en-nudo-de-palestrina\/#primaryimage"},"image":{"@id":"https:\/\/legacymexicanart.com\/product\/alpargatas-bordadas-a-mano-en-nudo-de-palestrina\/#primaryimage"},"thumbnailUrl":"https:\/\/legacymexicanart.com\/wp-content\/uploads\/2021\/09\/PhotoRoom-20210907_192732.png","datePublished":"2021-09-11T06:34:57+00:00","dateModified":"2024-01-04T00:48:17+00:00","description":"Alpargatas bordadas en nudo de palestrina","breadcrumb":{"@id":"https:\/\/legacymexicanart.com\/product\/alpargatas-bordadas-a-mano-en-nudo-de-palestrina\/#breadcrumb"},"inLanguage":"es","potentialAction":[{"@type":"ReadAction","target":["https:\/\/legacymexicanart.com\/product\/alpargatas-bordadas-a-mano-en-nudo-de-palestrina\/"]}]},{"@type":"ImageObject","inLanguage":"es","@id":"https:\/\/legacymexicanart.com\/product\/alpargatas-bordadas-a-mano-en-nudo-de-palestrina\/#primaryimage","url":"https:\/\/legacymexicanart.com\/wp-content\/uploads\/2021\/09\/PhotoRoom-20210907_192732.png","contentUrl":"https:\/\/legacymexicanart.com\/wp-content\/uploads\/2021\/09\/PhotoRoom-20210907_192732.png","width":1497,"height":1417},{"@type":"BreadcrumbList","@id":"https:\/\/legacymexicanart.com\/product\/alpargatas-bordadas-a-mano-en-nudo-de-palestrina\/#breadcrumb","itemListElement":[{"@type":"ListItem","position":1,"name":"Portada","item":"https:\/\/legacymexicanart.com\/"},{"@type":"ListItem","position":2,"name":"Shop","item":"https:\/\/legacymexicanart.com\/es_es\/shop\/"},{"@type":"ListItem","position":3,"name":"Alpargatas Bordadas"}]},{"@type":"WebSite","@id":"https:\/\/legacymexicanart.com\/#website","url":"https:\/\/legacymexicanart.com\/","name":"","description":"Legacy Mexican Art","publisher":{"@id":"https:\/\/legacymexicanart.com\/#organization"},"potentialAction":[{"@type":"SearchAction","target":{"@type":"EntryPoint","urlTemplate":"https:\/\/legacymexicanart.com\/?s={search_term_string}"},"query-input":"required name=search_term_string"}],"inLanguage":"es"},{"@type":"Organization","@id":"https:\/\/legacymexicanart.com\/#organization","name":"Legacy Mexican Art","url":"https:\/\/legacymexicanart.com\/","logo":{"@type":"ImageObject","inLanguage":"es","@id":"https:\/\/legacymexicanart.com\/#\/schema\/logo\/image\/","url":"","contentUrl":"","caption":"Legacy Mexican Art"},"image":{"@id":"https:\/\/legacymexicanart.com\/#\/schema\/logo\/image\/"}}]}},"_links":{"self":[{"href":"https:\/\/legacymexicanart.com\/es_es\/wp-json\/wp\/v2\/product\/1182"}],"collection":[{"href":"https:\/\/legacymexicanart.com\/es_es\/wp-json\/wp\/v2\/product"}],"about":[{"href":"https:\/\/legacymexicanart.com\/es_es\/wp-json\/wp\/v2\/types\/product"}],"replies":[{"embeddable":true,"href":"https:\/\/legacymexicanart.com\/es_es\/wp-json\/wp\/v2\/comments?post=1182"}],"wp:featuredmedia":[{"embeddable":true,"href":"https:\/\/legacymexicanart.com\/es_es\/wp-json\/wp\/v2\/media\/1183"}],"wp:attachment":[{"href":"https:\/\/legacymexicanart.com\/es_es\/wp-json\/wp\/v2\/media?parent=1182"}],"wp:term":[{"taxonomy":"product_cat","embeddable":true,"href":"https:\/\/legacymexicanart.com\/es_es\/wp-json\/wp\/v2\/product_cat?post=1182"},{"taxonomy":"product_tag","embeddable":true,"href":"https:\/\/legacymexicanart.com\/es_es\/wp-json\/wp\/v2\/product_tag?post=1182"}],"curies":[{"name":"wp","href":"https:\/\/api.w.org\/{rel}","templated":true}]}}