{"id":1220,"date":"2021-09-15T11:02:01","date_gmt":"2021-09-15T05:02:01","guid":{"rendered":"https:\/\/legacymexicanart.com\/?post_type=product&#038;p=1220"},"modified":"2023-07-16T03:37:42","modified_gmt":"2023-07-15T21:37:42","slug":"botella-diamante","status":"publish","type":"product","link":"https:\/\/legacymexicanart.com\/es_es\/product\/botella-diamante\/","title":{"rendered":"Botella Diamante"},"content":{"rendered":"<p>La Botella Diamante est\u00e1 realizada en cobre martillado a mano por artesanos de Santa Clara del cobre Michoac\u00e1n.<\/p>\n<p>Con tapa anti goteo, mant\u00e9n la temperatura de tus bebidas adem\u00e1s de que almacenar agua en la botella de cobre puede brindar muchos beneficios a tu salud.<\/p>\n<p>Env\u00edo incluido a todo M\u00e9xico.<\/p>\n<p>Capacidad <strong>900ML<\/strong><\/p>\n<p>Artesano: Ismael Garc\u00eda<\/p>\n<p>Di\u00e1m. 7 x H. 27 cm.<\/p>\n<p>Artesano: Ismael Garc\u00eda<\/p>\n<p>Cuidados y limpieza:<\/p>\n<p>Para su comodidad nosotros ya nos encargamos de curar la botella cobre. Para empezar a usarla \u00fanicamente lavar por dentro con un detergente lavavajillas, utilizando una esponja suave, enjuaga y seca perfectamente. El cobre puro se puede oxidar con el tiempo, pero no te preocupes esto es normal por la naturaleza del material, para devolverle su aspecto brillante y sin manchas puedes utilizar la crema Brasso para limpiar y posteriormente lavarlo normalmente.<\/p>\n<p>Para los terminados especiales que son turquesa o grafito \u00fanicamente la parte exterior se enjuaga con agua y se seca con un pa\u00f1o seco, no tallar ni utilizar jabones abrasivos para estos acabados.<\/p>\n<p>Legado de Santa Clara del Cobre:<\/p>\n<p>Con la llegada de los Franciscanos aproximadamente en 1525, en este lugar se aprecian las ense\u00f1anzas de Don Vasco de Quiroga primer obispo de Michoac\u00e1n.<\/p>\n<p>Fue \u00e9l qui\u00e9n fusion\u00f3 el conocimiento artesanal prehisp\u00e1nico con las t\u00e9cnicas espa\u00f1olas como es el cincelado.<\/p>\n<p>Desde la \u00e9poca colonial, este pintoresco pueblo es cuna de maestros artesanos que crean con sus manos verdaderas obras de arte. Siguiendo una tradici\u00f3n que va de generaci\u00f3n en generaci\u00f3n.<\/p>\n<p><a href=\"https:\/\/www.instagram.com\/p\/CV1jIE1NykY\/\">https:\/\/www.instagram.com\/p\/CV1jIE1NykY\/<\/a><\/p>\n<p><a href=\"https:\/\/www.instagram.com\/p\/CV1jIE1NykY\/\">https:\/\/www.instagram.com\/p\/CV1jIE1NykY\/<\/a><\/p>\n<p>&nbsp;<\/p>\n<p>&nbsp;<\/p>\n","protected":false},"excerpt":{"rendered":"<p><a href=\"mailto:contact@legacymexicanart.com?Subject=Mas%20info%20sku%20SCCIG003%20\" target=\"_blank\" rel=\"noopener\"><br \/>\n<img decoding=\"async\" src=\"https:\/\/legacymexicanart.com\/wp-content\/uploads\/2021\/10\/email-Design.svg\" \/> M\u00e1s informaci\u00f3n del producto<br \/>\n<\/a><\/p>\n<p><em><strong>Env\u00edo incluido a todo M\u00e9xico.<\/strong><\/em><\/p>\n","protected":false},"featured_media":1605,"comment_status":"open","ping_status":"closed","template":"","meta":[],"product_cat":[18,190,199],"product_tag":[83,74,68,234,255,248,236,121,95],"yoast_head":"<!-- This site is optimized with the Yoast SEO plugin v22.6 - https:\/\/yoast.com\/wordpress\/plugins\/seo\/ -->\n<title>Botella Diamante &#187;<\/title>\n<meta name=\"description\" content=\"Botella cobre martillado a mano en forma de rombos, por artesanos de Santa Clara del cobre Michoac\u00e1n. Con tapa anti goteo\" \/>\n<meta name=\"robots\" content=\"index, follow, max-snippet:-1, max-image-preview:large, max-video-preview:-1\" \/>\n<link rel=\"canonical\" href=\"https:\/\/legacymexicanart.com\/es_es\/product\/botella-diamante\/\" \/>\n<meta property=\"og:locale\" content=\"es_ES\" \/>\n<meta property=\"og:type\" content=\"article\" \/>\n<meta property=\"og:title\" content=\"Botella Diamante &#187;\" \/>\n<meta property=\"og:description\" content=\"Botella cobre martillado a mano en forma de rombos, por artesanos de Santa Clara del cobre Michoac\u00e1n. Con tapa anti goteo\" \/>\n<meta property=\"og:url\" content=\"https:\/\/legacymexicanart.com\/es_es\/product\/botella-diamante\/\" \/>\n<meta property=\"article:modified_time\" content=\"2023-07-15T21:37:42+00:00\" \/>\n<meta property=\"og:image\" content=\"https:\/\/legacymexicanart.com\/wp-content\/uploads\/2021\/09\/Termo-cobre-legacymexicanart.png\" \/>\n\t<meta property=\"og:image:width\" content=\"1072\" \/>\n\t<meta property=\"og:image:height\" content=\"997\" \/>\n\t<meta property=\"og:image:type\" content=\"image\/png\" \/>\n<meta name=\"twitter:card\" content=\"summary_large_image\" \/>\n<meta name=\"twitter:label1\" content=\"Tiempo de lectura\" \/>\n\t<meta name=\"twitter:data1\" content=\"2 minutos\" \/>\n<script type=\"application\/ld+json\" class=\"yoast-schema-graph\">{\"@context\":\"https:\/\/schema.org\",\"@graph\":[{\"@type\":\"WebPage\",\"@id\":\"https:\/\/legacymexicanart.com\/product\/botella-diamante\/\",\"url\":\"https:\/\/legacymexicanart.com\/product\/botella-diamante\/\",\"name\":\"Botella Diamante &#187;\",\"isPartOf\":{\"@id\":\"https:\/\/legacymexicanart.com\/#website\"},\"primaryImageOfPage\":{\"@id\":\"https:\/\/legacymexicanart.com\/product\/botella-diamante\/#primaryimage\"},\"image\":{\"@id\":\"https:\/\/legacymexicanart.com\/product\/botella-diamante\/#primaryimage\"},\"thumbnailUrl\":\"https:\/\/legacymexicanart.com\/wp-content\/uploads\/2021\/09\/Termo-cobre-legacymexicanart.png\",\"datePublished\":\"2021-09-15T05:02:01+00:00\",\"dateModified\":\"2023-07-15T21:37:42+00:00\",\"description\":\"Botella cobre martillado a mano en forma de rombos, por artesanos de Santa Clara del cobre Michoac\u00e1n. Con tapa anti goteo\",\"breadcrumb\":{\"@id\":\"https:\/\/legacymexicanart.com\/product\/botella-diamante\/#breadcrumb\"},\"inLanguage\":\"es\",\"potentialAction\":[{\"@type\":\"ReadAction\",\"target\":[\"https:\/\/legacymexicanart.com\/product\/botella-diamante\/\"]}]},{\"@type\":\"ImageObject\",\"inLanguage\":\"es\",\"@id\":\"https:\/\/legacymexicanart.com\/product\/botella-diamante\/#primaryimage\",\"url\":\"https:\/\/legacymexicanart.com\/wp-content\/uploads\/2021\/09\/Termo-cobre-legacymexicanart.png\",\"contentUrl\":\"https:\/\/legacymexicanart.com\/wp-content\/uploads\/2021\/09\/Termo-cobre-legacymexicanart.png\",\"width\":1072,\"height\":997},{\"@type\":\"BreadcrumbList\",\"@id\":\"https:\/\/legacymexicanart.com\/product\/botella-diamante\/#breadcrumb\",\"itemListElement\":[{\"@type\":\"ListItem\",\"position\":1,\"name\":\"Portada\",\"item\":\"https:\/\/legacymexicanart.com\/\"},{\"@type\":\"ListItem\",\"position\":2,\"name\":\"Shop\",\"item\":\"https:\/\/legacymexicanart.com\/es_es\/shop\/\"},{\"@type\":\"ListItem\",\"position\":3,\"name\":\"Botella Diamante\"}]},{\"@type\":\"WebSite\",\"@id\":\"https:\/\/legacymexicanart.com\/#website\",\"url\":\"https:\/\/legacymexicanart.com\/\",\"name\":\"\",\"description\":\"Legacy Mexican Art\",\"publisher\":{\"@id\":\"https:\/\/legacymexicanart.com\/#organization\"},\"potentialAction\":[{\"@type\":\"SearchAction\",\"target\":{\"@type\":\"EntryPoint\",\"urlTemplate\":\"https:\/\/legacymexicanart.com\/?s={search_term_string}\"},\"query-input\":\"required name=search_term_string\"}],\"inLanguage\":\"es\"},{\"@type\":\"Organization\",\"@id\":\"https:\/\/legacymexicanart.com\/#organization\",\"name\":\"Legacy Mexican Art\",\"url\":\"https:\/\/legacymexicanart.com\/\",\"logo\":{\"@type\":\"ImageObject\",\"inLanguage\":\"es\",\"@id\":\"https:\/\/legacymexicanart.com\/#\/schema\/logo\/image\/\",\"url\":\"\",\"contentUrl\":\"\",\"caption\":\"Legacy Mexican Art\"},\"image\":{\"@id\":\"https:\/\/legacymexicanart.com\/#\/schema\/logo\/image\/\"}}]}<\/script>\n<!-- \/ Yoast SEO plugin. -->","yoast_head_json":{"title":"Botella Diamante &#187;","description":"Botella cobre martillado a mano en forma de rombos, por artesanos de Santa Clara del cobre Michoac\u00e1n. Con tapa anti goteo","robots":{"index":"index","follow":"follow","max-snippet":"max-snippet:-1","max-image-preview":"max-image-preview:large","max-video-preview":"max-video-preview:-1"},"canonical":"https:\/\/legacymexicanart.com\/es_es\/product\/botella-diamante\/","og_locale":"es_ES","og_type":"article","og_title":"Botella Diamante &#187;","og_description":"Botella cobre martillado a mano en forma de rombos, por artesanos de Santa Clara del cobre Michoac\u00e1n. Con tapa anti goteo","og_url":"https:\/\/legacymexicanart.com\/es_es\/product\/botella-diamante\/","article_modified_time":"2023-07-15T21:37:42+00:00","og_image":[{"width":1072,"height":997,"url":"https:\/\/legacymexicanart.com\/wp-content\/uploads\/2021\/09\/Termo-cobre-legacymexicanart.png","type":"image\/png"}],"twitter_card":"summary_large_image","twitter_misc":{"Tiempo de lectura":"2 minutos"},"schema":{"@context":"https:\/\/schema.org","@graph":[{"@type":"WebPage","@id":"https:\/\/legacymexicanart.com\/product\/botella-diamante\/","url":"https:\/\/legacymexicanart.com\/product\/botella-diamante\/","name":"Botella Diamante &#187;","isPartOf":{"@id":"https:\/\/legacymexicanart.com\/#website"},"primaryImageOfPage":{"@id":"https:\/\/legacymexicanart.com\/product\/botella-diamante\/#primaryimage"},"image":{"@id":"https:\/\/legacymexicanart.com\/product\/botella-diamante\/#primaryimage"},"thumbnailUrl":"https:\/\/legacymexicanart.com\/wp-content\/uploads\/2021\/09\/Termo-cobre-legacymexicanart.png","datePublished":"2021-09-15T05:02:01+00:00","dateModified":"2023-07-15T21:37:42+00:00","description":"Botella cobre martillado a mano en forma de rombos, por artesanos de Santa Clara del cobre Michoac\u00e1n. Con tapa anti goteo","breadcrumb":{"@id":"https:\/\/legacymexicanart.com\/product\/botella-diamante\/#breadcrumb"},"inLanguage":"es","potentialAction":[{"@type":"ReadAction","target":["https:\/\/legacymexicanart.com\/product\/botella-diamante\/"]}]},{"@type":"ImageObject","inLanguage":"es","@id":"https:\/\/legacymexicanart.com\/product\/botella-diamante\/#primaryimage","url":"https:\/\/legacymexicanart.com\/wp-content\/uploads\/2021\/09\/Termo-cobre-legacymexicanart.png","contentUrl":"https:\/\/legacymexicanart.com\/wp-content\/uploads\/2021\/09\/Termo-cobre-legacymexicanart.png","width":1072,"height":997},{"@type":"BreadcrumbList","@id":"https:\/\/legacymexicanart.com\/product\/botella-diamante\/#breadcrumb","itemListElement":[{"@type":"ListItem","position":1,"name":"Portada","item":"https:\/\/legacymexicanart.com\/"},{"@type":"ListItem","position":2,"name":"Shop","item":"https:\/\/legacymexicanart.com\/es_es\/shop\/"},{"@type":"ListItem","position":3,"name":"Botella Diamante"}]},{"@type":"WebSite","@id":"https:\/\/legacymexicanart.com\/#website","url":"https:\/\/legacymexicanart.com\/","name":"","description":"Legacy Mexican Art","publisher":{"@id":"https:\/\/legacymexicanart.com\/#organization"},"potentialAction":[{"@type":"SearchAction","target":{"@type":"EntryPoint","urlTemplate":"https:\/\/legacymexicanart.com\/?s={search_term_string}"},"query-input":"required name=search_term_string"}],"inLanguage":"es"},{"@type":"Organization","@id":"https:\/\/legacymexicanart.com\/#organization","name":"Legacy Mexican Art","url":"https:\/\/legacymexicanart.com\/","logo":{"@type":"ImageObject","inLanguage":"es","@id":"https:\/\/legacymexicanart.com\/#\/schema\/logo\/image\/","url":"","contentUrl":"","caption":"Legacy Mexican Art"},"image":{"@id":"https:\/\/legacymexicanart.com\/#\/schema\/logo\/image\/"}}]}},"_links":{"self":[{"href":"https:\/\/legacymexicanart.com\/es_es\/wp-json\/wp\/v2\/product\/1220"}],"collection":[{"href":"https:\/\/legacymexicanart.com\/es_es\/wp-json\/wp\/v2\/product"}],"about":[{"href":"https:\/\/legacymexicanart.com\/es_es\/wp-json\/wp\/v2\/types\/product"}],"replies":[{"embeddable":true,"href":"https:\/\/legacymexicanart.com\/es_es\/wp-json\/wp\/v2\/comments?post=1220"}],"wp:featuredmedia":[{"embeddable":true,"href":"https:\/\/legacymexicanart.com\/es_es\/wp-json\/wp\/v2\/media\/1605"}],"wp:attachment":[{"href":"https:\/\/legacymexicanart.com\/es_es\/wp-json\/wp\/v2\/media?parent=1220"}],"wp:term":[{"taxonomy":"product_cat","embeddable":true,"href":"https:\/\/legacymexicanart.com\/es_es\/wp-json\/wp\/v2\/product_cat?post=1220"},{"taxonomy":"product_tag","embeddable":true,"href":"https:\/\/legacymexicanart.com\/es_es\/wp-json\/wp\/v2\/product_tag?post=1220"}],"curies":[{"name":"wp","href":"https:\/\/api.w.org\/{rel}","templated":true}]}}