{"id":1241,"date":"2021-09-30T00:31:37","date_gmt":"2021-09-29T18:31:37","guid":{"rendered":"https:\/\/legacymexicanart.com\/?post_type=product&#038;p=1241"},"modified":"2026-04-01T09:35:22","modified_gmt":"2026-04-01T03:35:22","slug":"set-janitzio","status":"publish","type":"product","link":"https:\/\/legacymexicanart.com\/es_es\/product\/set-janitzio\/","title":{"rendered":"Set Janitzio"},"content":{"rendered":"<p>Set Janitzio, platos y taza en alfarer\u00eda punteada, pintura sin plomo. Decorado a mano con temas de la flor de Capul\u00edn.<\/p>\n<p>El set consta de 5 piezas que son:<\/p>\n<p>1 Plato trinche di\u00e1m. 27 x h. 2.5 cm; Plato ensalada di\u00e1m. 24 x h. 2.5 cm;\u00a0 Plato sopa di\u00e1m. 17 x h. 5 cm. Taza di\u00e1m. 17 x h. 5 cm. Plato para taza di\u00e1m. 13 x h. 2 cm.<\/p>\n<p>Env\u00edo incluido a todo M\u00e9xico<\/p>\n<p>Artesana: In\u00e9s<\/p>\n<p>Legado de Michoac\u00e1n<\/p>\n<p>Todo inicia con la recolecci\u00f3n de la materia prima, muelen la tierra, se cierne y se crea una mezcla entre dos tierras que son la roja y la blanca para dar firmeza a cada pieza.<\/p>\n<div dir=\"auto\">Despu\u00e9s se moldea la pieza y se perfecciona el dise\u00f1o que se desea crear para finalmente dejar secar al sol hasta que seque por completo el barro y estar\u00e1 lista para la parte final que es el decorado.<\/div>\n<div dir=\"auto\">Con gran paciencia los artesanos van decorando cada pieza con peque\u00f1os puntos dando forma a cualquier figura que su imaginaci\u00f3n desee.<\/div>\n<div dir=\"auto\">Para fijar los dise\u00f1os de sus figuras se mete al horno y el toque final es que se esmalta con un esmalte libre de plomo.<\/div>\n<div dir=\"auto\"><\/div>\n<div dir=\"auto\">El set Janitzio lo puedes utilizar con toda confianza, ya que como mencionamos anteriormente la pintura que se utiliza es libre de plomo.<\/div>\n<div dir=\"auto\">Para su cuidado los puedes lavar con jab\u00f3n para trastes y utilizar una esponja que no raye.<\/div>\n<div dir=\"auto\"><\/div>\n<div dir=\"auto\">En Legacy Mexican Art apreciamos el valioso legado de nuestras ra\u00edces y cultura mexicanas haciendo colaboraciones con artesanos que aman su trabajo y que prestan especial atenci\u00f3n al detalle, es por ello que fomentamos el comercio justo y local con las comunidades ind\u00edgenas y artesanas de nuestro pa\u00eds.<\/div>\n","protected":false},"excerpt":{"rendered":"<p><a href=\"mailto:contact@legacymexicanart.com?Subject=Mas%20info%20sku%20CAPUI009%20\" target=\"_blank\" rel=\"noopener\"><br \/>\n<img decoding=\"async\" src=\"https:\/\/legacymexicanart.com\/wp-content\/uploads\/2021\/10\/email-Design.svg\" \/> M\u00e1s informaci\u00f3n del producto<br \/>\n<\/a><br \/>\n<em><strong>Env\u00edo incluido a todo M\u00e9xico<\/strong><\/em><\/p>\n","protected":false},"featured_media":1242,"comment_status":"open","ping_status":"closed","template":"","meta":[],"product_cat":[18,186,17,198,197],"product_tag":[155,83,121,95,154,111],"yoast_head":"<!-- This site is optimized with the Yoast SEO plugin v22.6 - https:\/\/yoast.com\/wordpress\/plugins\/seo\/ -->\n<title>Set Janitzio &#187;<\/title>\n<meta name=\"description\" content=\"Set Janitzio, platos y taza en alfarer\u00eda punteada, pintura sin plomo. Decorado a mano con temas de la flor de Capul\u00edn.\" \/>\n<meta name=\"robots\" content=\"index, follow, max-snippet:-1, max-image-preview:large, max-video-preview:-1\" \/>\n<link rel=\"canonical\" href=\"https:\/\/legacymexicanart.com\/es_es\/product\/set-janitzio\/\" \/>\n<meta property=\"og:locale\" content=\"es_ES\" \/>\n<meta property=\"og:type\" content=\"article\" \/>\n<meta property=\"og:title\" content=\"Set Janitzio &#187;\" \/>\n<meta property=\"og:description\" content=\"Set Janitzio, platos y taza en alfarer\u00eda punteada, pintura sin plomo. Decorado a mano con temas de la flor de Capul\u00edn.\" \/>\n<meta property=\"og:url\" content=\"https:\/\/legacymexicanart.com\/es_es\/product\/set-janitzio\/\" \/>\n<meta property=\"article:modified_time\" content=\"2026-04-01T03:35:22+00:00\" \/>\n<meta property=\"og:image\" content=\"https:\/\/legacymexicanart.com\/wp-content\/uploads\/2021\/09\/PhotoRoom-20210929_130149.png\" \/>\n\t<meta property=\"og:image:width\" content=\"1065\" \/>\n\t<meta property=\"og:image:height\" content=\"865\" \/>\n\t<meta property=\"og:image:type\" content=\"image\/png\" \/>\n<meta name=\"twitter:card\" content=\"summary_large_image\" \/>\n<meta name=\"twitter:label1\" content=\"Tiempo de lectura\" \/>\n\t<meta name=\"twitter:data1\" content=\"2 minutos\" \/>\n<script type=\"application\/ld+json\" class=\"yoast-schema-graph\">{\"@context\":\"https:\/\/schema.org\",\"@graph\":[{\"@type\":\"WebPage\",\"@id\":\"https:\/\/legacymexicanart.com\/product\/set-janitzio\/\",\"url\":\"https:\/\/legacymexicanart.com\/product\/set-janitzio\/\",\"name\":\"Set Janitzio &#187;\",\"isPartOf\":{\"@id\":\"https:\/\/legacymexicanart.com\/#website\"},\"primaryImageOfPage\":{\"@id\":\"https:\/\/legacymexicanart.com\/product\/set-janitzio\/#primaryimage\"},\"image\":{\"@id\":\"https:\/\/legacymexicanart.com\/product\/set-janitzio\/#primaryimage\"},\"thumbnailUrl\":\"https:\/\/legacymexicanart.com\/wp-content\/uploads\/2021\/09\/PhotoRoom-20210929_130149.png\",\"datePublished\":\"2021-09-29T18:31:37+00:00\",\"dateModified\":\"2026-04-01T03:35:22+00:00\",\"description\":\"Set Janitzio, platos y taza en alfarer\u00eda punteada, pintura sin plomo. Decorado a mano con temas de la flor de Capul\u00edn.\",\"breadcrumb\":{\"@id\":\"https:\/\/legacymexicanart.com\/product\/set-janitzio\/#breadcrumb\"},\"inLanguage\":\"es\",\"potentialAction\":[{\"@type\":\"ReadAction\",\"target\":[\"https:\/\/legacymexicanart.com\/product\/set-janitzio\/\"]}]},{\"@type\":\"ImageObject\",\"inLanguage\":\"es\",\"@id\":\"https:\/\/legacymexicanart.com\/product\/set-janitzio\/#primaryimage\",\"url\":\"https:\/\/legacymexicanart.com\/wp-content\/uploads\/2021\/09\/PhotoRoom-20210929_130149.png\",\"contentUrl\":\"https:\/\/legacymexicanart.com\/wp-content\/uploads\/2021\/09\/PhotoRoom-20210929_130149.png\",\"width\":1065,\"height\":865},{\"@type\":\"BreadcrumbList\",\"@id\":\"https:\/\/legacymexicanart.com\/product\/set-janitzio\/#breadcrumb\",\"itemListElement\":[{\"@type\":\"ListItem\",\"position\":1,\"name\":\"Portada\",\"item\":\"https:\/\/legacymexicanart.com\/\"},{\"@type\":\"ListItem\",\"position\":2,\"name\":\"Shop\",\"item\":\"https:\/\/legacymexicanart.com\/es_es\/shop\/\"},{\"@type\":\"ListItem\",\"position\":3,\"name\":\"Set Janitzio\"}]},{\"@type\":\"WebSite\",\"@id\":\"https:\/\/legacymexicanart.com\/#website\",\"url\":\"https:\/\/legacymexicanart.com\/\",\"name\":\"\",\"description\":\"Legacy Mexican Art\",\"publisher\":{\"@id\":\"https:\/\/legacymexicanart.com\/#organization\"},\"potentialAction\":[{\"@type\":\"SearchAction\",\"target\":{\"@type\":\"EntryPoint\",\"urlTemplate\":\"https:\/\/legacymexicanart.com\/?s={search_term_string}\"},\"query-input\":\"required name=search_term_string\"}],\"inLanguage\":\"es\"},{\"@type\":\"Organization\",\"@id\":\"https:\/\/legacymexicanart.com\/#organization\",\"name\":\"Legacy Mexican Art\",\"url\":\"https:\/\/legacymexicanart.com\/\",\"logo\":{\"@type\":\"ImageObject\",\"inLanguage\":\"es\",\"@id\":\"https:\/\/legacymexicanart.com\/#\/schema\/logo\/image\/\",\"url\":\"\",\"contentUrl\":\"\",\"caption\":\"Legacy Mexican Art\"},\"image\":{\"@id\":\"https:\/\/legacymexicanart.com\/#\/schema\/logo\/image\/\"}}]}<\/script>\n<!-- \/ Yoast SEO plugin. -->","yoast_head_json":{"title":"Set Janitzio &#187;","description":"Set Janitzio, platos y taza en alfarer\u00eda punteada, pintura sin plomo. Decorado a mano con temas de la flor de Capul\u00edn.","robots":{"index":"index","follow":"follow","max-snippet":"max-snippet:-1","max-image-preview":"max-image-preview:large","max-video-preview":"max-video-preview:-1"},"canonical":"https:\/\/legacymexicanart.com\/es_es\/product\/set-janitzio\/","og_locale":"es_ES","og_type":"article","og_title":"Set Janitzio &#187;","og_description":"Set Janitzio, platos y taza en alfarer\u00eda punteada, pintura sin plomo. Decorado a mano con temas de la flor de Capul\u00edn.","og_url":"https:\/\/legacymexicanart.com\/es_es\/product\/set-janitzio\/","article_modified_time":"2026-04-01T03:35:22+00:00","og_image":[{"width":1065,"height":865,"url":"https:\/\/legacymexicanart.com\/wp-content\/uploads\/2021\/09\/PhotoRoom-20210929_130149.png","type":"image\/png"}],"twitter_card":"summary_large_image","twitter_misc":{"Tiempo de lectura":"2 minutos"},"schema":{"@context":"https:\/\/schema.org","@graph":[{"@type":"WebPage","@id":"https:\/\/legacymexicanart.com\/product\/set-janitzio\/","url":"https:\/\/legacymexicanart.com\/product\/set-janitzio\/","name":"Set Janitzio &#187;","isPartOf":{"@id":"https:\/\/legacymexicanart.com\/#website"},"primaryImageOfPage":{"@id":"https:\/\/legacymexicanart.com\/product\/set-janitzio\/#primaryimage"},"image":{"@id":"https:\/\/legacymexicanart.com\/product\/set-janitzio\/#primaryimage"},"thumbnailUrl":"https:\/\/legacymexicanart.com\/wp-content\/uploads\/2021\/09\/PhotoRoom-20210929_130149.png","datePublished":"2021-09-29T18:31:37+00:00","dateModified":"2026-04-01T03:35:22+00:00","description":"Set Janitzio, platos y taza en alfarer\u00eda punteada, pintura sin plomo. Decorado a mano con temas de la flor de Capul\u00edn.","breadcrumb":{"@id":"https:\/\/legacymexicanart.com\/product\/set-janitzio\/#breadcrumb"},"inLanguage":"es","potentialAction":[{"@type":"ReadAction","target":["https:\/\/legacymexicanart.com\/product\/set-janitzio\/"]}]},{"@type":"ImageObject","inLanguage":"es","@id":"https:\/\/legacymexicanart.com\/product\/set-janitzio\/#primaryimage","url":"https:\/\/legacymexicanart.com\/wp-content\/uploads\/2021\/09\/PhotoRoom-20210929_130149.png","contentUrl":"https:\/\/legacymexicanart.com\/wp-content\/uploads\/2021\/09\/PhotoRoom-20210929_130149.png","width":1065,"height":865},{"@type":"BreadcrumbList","@id":"https:\/\/legacymexicanart.com\/product\/set-janitzio\/#breadcrumb","itemListElement":[{"@type":"ListItem","position":1,"name":"Portada","item":"https:\/\/legacymexicanart.com\/"},{"@type":"ListItem","position":2,"name":"Shop","item":"https:\/\/legacymexicanart.com\/es_es\/shop\/"},{"@type":"ListItem","position":3,"name":"Set Janitzio"}]},{"@type":"WebSite","@id":"https:\/\/legacymexicanart.com\/#website","url":"https:\/\/legacymexicanart.com\/","name":"","description":"Legacy Mexican Art","publisher":{"@id":"https:\/\/legacymexicanart.com\/#organization"},"potentialAction":[{"@type":"SearchAction","target":{"@type":"EntryPoint","urlTemplate":"https:\/\/legacymexicanart.com\/?s={search_term_string}"},"query-input":"required name=search_term_string"}],"inLanguage":"es"},{"@type":"Organization","@id":"https:\/\/legacymexicanart.com\/#organization","name":"Legacy Mexican Art","url":"https:\/\/legacymexicanart.com\/","logo":{"@type":"ImageObject","inLanguage":"es","@id":"https:\/\/legacymexicanart.com\/#\/schema\/logo\/image\/","url":"","contentUrl":"","caption":"Legacy Mexican Art"},"image":{"@id":"https:\/\/legacymexicanart.com\/#\/schema\/logo\/image\/"}}]}},"_links":{"self":[{"href":"https:\/\/legacymexicanart.com\/es_es\/wp-json\/wp\/v2\/product\/1241"}],"collection":[{"href":"https:\/\/legacymexicanart.com\/es_es\/wp-json\/wp\/v2\/product"}],"about":[{"href":"https:\/\/legacymexicanart.com\/es_es\/wp-json\/wp\/v2\/types\/product"}],"replies":[{"embeddable":true,"href":"https:\/\/legacymexicanart.com\/es_es\/wp-json\/wp\/v2\/comments?post=1241"}],"wp:featuredmedia":[{"embeddable":true,"href":"https:\/\/legacymexicanart.com\/es_es\/wp-json\/wp\/v2\/media\/1242"}],"wp:attachment":[{"href":"https:\/\/legacymexicanart.com\/es_es\/wp-json\/wp\/v2\/media?parent=1241"}],"wp:term":[{"taxonomy":"product_cat","embeddable":true,"href":"https:\/\/legacymexicanart.com\/es_es\/wp-json\/wp\/v2\/product_cat?post=1241"},{"taxonomy":"product_tag","embeddable":true,"href":"https:\/\/legacymexicanart.com\/es_es\/wp-json\/wp\/v2\/product_tag?post=1241"}],"curies":[{"name":"wp","href":"https:\/\/api.w.org\/{rel}","templated":true}]}}