{"id":1271,"date":"2021-09-30T05:18:27","date_gmt":"2021-09-29T23:18:27","guid":{"rendered":"https:\/\/legacymexicanart.com\/?post_type=product&#038;p=1271"},"modified":"2026-04-01T09:36:59","modified_gmt":"2026-04-01T03:36:59","slug":"salsera-zamora","status":"publish","type":"product","link":"https:\/\/legacymexicanart.com\/es_es\/product\/salsera-zamora\/","title":{"rendered":"Salsera Zamora"},"content":{"rendered":"<p>Salsera Zamora\u00a0de alfarer\u00eda punteada pintada a mano con materiales libres de plomo.<\/p>\n<p>Fondo color verde con detalles en blanco perla y negro.<\/p>\n<p>Di\u00e1m: 8 x 8 x H 6 cm<\/p>\n<p>Env\u00edo incluido a todo M\u00e9xico<\/p>\n<p>Artesana: In\u00e9s<\/p>\n<p>Legado de Michoac\u00e1n<\/p>\n<p>La familia Rosas llevan 45 a\u00f1os trabajando la t\u00e9cnica de alfarer\u00eda punteada en Michoac\u00e1n.<\/p>\n<p>Todo inicia con la recolecci\u00f3n de la materia prima, muelen la tierra, se cierne y se crea una mezcla entre dos tierras que son la roja y la blanca para dar firmeza a cada pieza.<\/p>\n<div dir=\"auto\">Despu\u00e9s se moldea la pieza y se perfecciona el dise\u00f1o que se desea crear para finalmente dejar secar al sol hasta que seque por completo el barro y estar\u00e1 lista para la parte final que es el decorado.<\/div>\n<div dir=\"auto\">Con gran paciencia los artesanos van decorando cada pieza con peque\u00f1os puntos dando forma a cualquier figura que su imaginaci\u00f3n desee.<\/div>\n<div dir=\"auto\">Para fijar los dise\u00f1os de sus figuras se mete al horno y el toque final es que se esmalta con un esmalte libre de plomo.<\/div>\n<div dir=\"auto\"><\/div>\n<div dir=\"auto\">La salsera Capula la puedes utilizar con toda confianza, ya que como mencionamos anteriormente la pintura que se utiliza es libre de plomo.<\/div>\n<div dir=\"auto\">Para su cuidado la puedes lavar con jab\u00f3n para trastes y utilizar una esponja que no raye.<\/div>\n<div dir=\"auto\"><\/div>\n<div dir=\"auto\">En Legacy Mexican Art apreciamos el valioso legado de nuestras ra\u00edces y cultura mexicanas haciendo colaboraciones con artesanos que aman su trabajo y que prestan especial atenci\u00f3n al detalle, es por ello que fomentamos el comercio justo y local con las comunidades ind\u00edgenas y artesanas de nuestro pa\u00eds.<\/div>\n","protected":false},"excerpt":{"rendered":"<p><a href=\"mailto:contact@legacymexicanart.com?Subject=Mas%20info%20sku%20CAPUI011%20\" target=\"_blank\" rel=\"noopener\"><br \/>\n<img decoding=\"async\" src=\"https:\/\/legacymexicanart.com\/wp-content\/uploads\/2021\/10\/email-Design.svg\" \/> M\u00e1s informaci\u00f3n del producto<br \/>\n<\/a><\/p>\n<p><em><strong>Env\u00edo incluido a todo M\u00e9xico<\/strong><\/em><\/p>\n","protected":false},"featured_media":1272,"comment_status":"open","ping_status":"closed","template":"","meta":[],"product_cat":[18,186,17,198,197],"product_tag":[93,160,84,83,121,112,97],"yoast_head":"<!-- This site is optimized with the Yoast SEO plugin v22.6 - https:\/\/yoast.com\/wordpress\/plugins\/seo\/ -->\n<title>Salsera Zamora &#187;<\/title>\n<meta name=\"description\" content=\"Salsera Zamora\u00a0de alfarer\u00eda punteada pintada a mano con materiales libres de plomo. Fondo color verde con detalles en blanco perla y negro.\" \/>\n<meta name=\"robots\" content=\"index, follow, max-snippet:-1, max-image-preview:large, max-video-preview:-1\" \/>\n<link rel=\"canonical\" href=\"https:\/\/legacymexicanart.com\/es_es\/product\/salsera-zamora\/\" \/>\n<meta property=\"og:locale\" content=\"es_ES\" \/>\n<meta property=\"og:type\" content=\"article\" \/>\n<meta property=\"og:title\" content=\"Salsera Zamora &#187;\" \/>\n<meta property=\"og:description\" content=\"Salsera Zamora\u00a0de alfarer\u00eda punteada pintada a mano con materiales libres de plomo. Fondo color verde con detalles en blanco perla y negro.\" \/>\n<meta property=\"og:url\" content=\"https:\/\/legacymexicanart.com\/es_es\/product\/salsera-zamora\/\" \/>\n<meta property=\"article:modified_time\" content=\"2026-04-01T03:36:59+00:00\" \/>\n<meta property=\"og:image\" content=\"https:\/\/legacymexicanart.com\/wp-content\/uploads\/2021\/09\/PhotoRoom-20210929_175551.png\" \/>\n\t<meta property=\"og:image:width\" content=\"744\" \/>\n\t<meta property=\"og:image:height\" content=\"755\" \/>\n\t<meta property=\"og:image:type\" content=\"image\/png\" \/>\n<meta name=\"twitter:card\" content=\"summary_large_image\" \/>\n<meta name=\"twitter:label1\" content=\"Tiempo de lectura\" \/>\n\t<meta name=\"twitter:data1\" content=\"2 minutos\" \/>\n<script type=\"application\/ld+json\" class=\"yoast-schema-graph\">{\"@context\":\"https:\/\/schema.org\",\"@graph\":[{\"@type\":\"WebPage\",\"@id\":\"https:\/\/legacymexicanart.com\/product\/salsera-zamora\/\",\"url\":\"https:\/\/legacymexicanart.com\/product\/salsera-zamora\/\",\"name\":\"Salsera Zamora &#187;\",\"isPartOf\":{\"@id\":\"https:\/\/legacymexicanart.com\/#website\"},\"primaryImageOfPage\":{\"@id\":\"https:\/\/legacymexicanart.com\/product\/salsera-zamora\/#primaryimage\"},\"image\":{\"@id\":\"https:\/\/legacymexicanart.com\/product\/salsera-zamora\/#primaryimage\"},\"thumbnailUrl\":\"https:\/\/legacymexicanart.com\/wp-content\/uploads\/2021\/09\/PhotoRoom-20210929_175551.png\",\"datePublished\":\"2021-09-29T23:18:27+00:00\",\"dateModified\":\"2026-04-01T03:36:59+00:00\",\"description\":\"Salsera Zamora\u00a0de alfarer\u00eda punteada pintada a mano con materiales libres de plomo. Fondo color verde con detalles en blanco perla y negro.\",\"breadcrumb\":{\"@id\":\"https:\/\/legacymexicanart.com\/product\/salsera-zamora\/#breadcrumb\"},\"inLanguage\":\"es\",\"potentialAction\":[{\"@type\":\"ReadAction\",\"target\":[\"https:\/\/legacymexicanart.com\/product\/salsera-zamora\/\"]}]},{\"@type\":\"ImageObject\",\"inLanguage\":\"es\",\"@id\":\"https:\/\/legacymexicanart.com\/product\/salsera-zamora\/#primaryimage\",\"url\":\"https:\/\/legacymexicanart.com\/wp-content\/uploads\/2021\/09\/PhotoRoom-20210929_175551.png\",\"contentUrl\":\"https:\/\/legacymexicanart.com\/wp-content\/uploads\/2021\/09\/PhotoRoom-20210929_175551.png\",\"width\":744,\"height\":755},{\"@type\":\"BreadcrumbList\",\"@id\":\"https:\/\/legacymexicanart.com\/product\/salsera-zamora\/#breadcrumb\",\"itemListElement\":[{\"@type\":\"ListItem\",\"position\":1,\"name\":\"Portada\",\"item\":\"https:\/\/legacymexicanart.com\/\"},{\"@type\":\"ListItem\",\"position\":2,\"name\":\"Shop\",\"item\":\"https:\/\/legacymexicanart.com\/es_es\/shop\/\"},{\"@type\":\"ListItem\",\"position\":3,\"name\":\"Salsera Zamora\"}]},{\"@type\":\"WebSite\",\"@id\":\"https:\/\/legacymexicanart.com\/#website\",\"url\":\"https:\/\/legacymexicanart.com\/\",\"name\":\"\",\"description\":\"Legacy Mexican Art\",\"publisher\":{\"@id\":\"https:\/\/legacymexicanart.com\/#organization\"},\"potentialAction\":[{\"@type\":\"SearchAction\",\"target\":{\"@type\":\"EntryPoint\",\"urlTemplate\":\"https:\/\/legacymexicanart.com\/?s={search_term_string}\"},\"query-input\":\"required name=search_term_string\"}],\"inLanguage\":\"es\"},{\"@type\":\"Organization\",\"@id\":\"https:\/\/legacymexicanart.com\/#organization\",\"name\":\"Legacy Mexican Art\",\"url\":\"https:\/\/legacymexicanart.com\/\",\"logo\":{\"@type\":\"ImageObject\",\"inLanguage\":\"es\",\"@id\":\"https:\/\/legacymexicanart.com\/#\/schema\/logo\/image\/\",\"url\":\"\",\"contentUrl\":\"\",\"caption\":\"Legacy Mexican Art\"},\"image\":{\"@id\":\"https:\/\/legacymexicanart.com\/#\/schema\/logo\/image\/\"}}]}<\/script>\n<!-- \/ Yoast SEO plugin. -->","yoast_head_json":{"title":"Salsera Zamora &#187;","description":"Salsera Zamora\u00a0de alfarer\u00eda punteada pintada a mano con materiales libres de plomo. Fondo color verde con detalles en blanco perla y negro.","robots":{"index":"index","follow":"follow","max-snippet":"max-snippet:-1","max-image-preview":"max-image-preview:large","max-video-preview":"max-video-preview:-1"},"canonical":"https:\/\/legacymexicanart.com\/es_es\/product\/salsera-zamora\/","og_locale":"es_ES","og_type":"article","og_title":"Salsera Zamora &#187;","og_description":"Salsera Zamora\u00a0de alfarer\u00eda punteada pintada a mano con materiales libres de plomo. Fondo color verde con detalles en blanco perla y negro.","og_url":"https:\/\/legacymexicanart.com\/es_es\/product\/salsera-zamora\/","article_modified_time":"2026-04-01T03:36:59+00:00","og_image":[{"width":744,"height":755,"url":"https:\/\/legacymexicanart.com\/wp-content\/uploads\/2021\/09\/PhotoRoom-20210929_175551.png","type":"image\/png"}],"twitter_card":"summary_large_image","twitter_misc":{"Tiempo de lectura":"2 minutos"},"schema":{"@context":"https:\/\/schema.org","@graph":[{"@type":"WebPage","@id":"https:\/\/legacymexicanart.com\/product\/salsera-zamora\/","url":"https:\/\/legacymexicanart.com\/product\/salsera-zamora\/","name":"Salsera Zamora &#187;","isPartOf":{"@id":"https:\/\/legacymexicanart.com\/#website"},"primaryImageOfPage":{"@id":"https:\/\/legacymexicanart.com\/product\/salsera-zamora\/#primaryimage"},"image":{"@id":"https:\/\/legacymexicanart.com\/product\/salsera-zamora\/#primaryimage"},"thumbnailUrl":"https:\/\/legacymexicanart.com\/wp-content\/uploads\/2021\/09\/PhotoRoom-20210929_175551.png","datePublished":"2021-09-29T23:18:27+00:00","dateModified":"2026-04-01T03:36:59+00:00","description":"Salsera Zamora\u00a0de alfarer\u00eda punteada pintada a mano con materiales libres de plomo. Fondo color verde con detalles en blanco perla y negro.","breadcrumb":{"@id":"https:\/\/legacymexicanart.com\/product\/salsera-zamora\/#breadcrumb"},"inLanguage":"es","potentialAction":[{"@type":"ReadAction","target":["https:\/\/legacymexicanart.com\/product\/salsera-zamora\/"]}]},{"@type":"ImageObject","inLanguage":"es","@id":"https:\/\/legacymexicanart.com\/product\/salsera-zamora\/#primaryimage","url":"https:\/\/legacymexicanart.com\/wp-content\/uploads\/2021\/09\/PhotoRoom-20210929_175551.png","contentUrl":"https:\/\/legacymexicanart.com\/wp-content\/uploads\/2021\/09\/PhotoRoom-20210929_175551.png","width":744,"height":755},{"@type":"BreadcrumbList","@id":"https:\/\/legacymexicanart.com\/product\/salsera-zamora\/#breadcrumb","itemListElement":[{"@type":"ListItem","position":1,"name":"Portada","item":"https:\/\/legacymexicanart.com\/"},{"@type":"ListItem","position":2,"name":"Shop","item":"https:\/\/legacymexicanart.com\/es_es\/shop\/"},{"@type":"ListItem","position":3,"name":"Salsera Zamora"}]},{"@type":"WebSite","@id":"https:\/\/legacymexicanart.com\/#website","url":"https:\/\/legacymexicanart.com\/","name":"","description":"Legacy Mexican Art","publisher":{"@id":"https:\/\/legacymexicanart.com\/#organization"},"potentialAction":[{"@type":"SearchAction","target":{"@type":"EntryPoint","urlTemplate":"https:\/\/legacymexicanart.com\/?s={search_term_string}"},"query-input":"required name=search_term_string"}],"inLanguage":"es"},{"@type":"Organization","@id":"https:\/\/legacymexicanart.com\/#organization","name":"Legacy Mexican Art","url":"https:\/\/legacymexicanart.com\/","logo":{"@type":"ImageObject","inLanguage":"es","@id":"https:\/\/legacymexicanart.com\/#\/schema\/logo\/image\/","url":"","contentUrl":"","caption":"Legacy Mexican Art"},"image":{"@id":"https:\/\/legacymexicanart.com\/#\/schema\/logo\/image\/"}}]}},"_links":{"self":[{"href":"https:\/\/legacymexicanart.com\/es_es\/wp-json\/wp\/v2\/product\/1271"}],"collection":[{"href":"https:\/\/legacymexicanart.com\/es_es\/wp-json\/wp\/v2\/product"}],"about":[{"href":"https:\/\/legacymexicanart.com\/es_es\/wp-json\/wp\/v2\/types\/product"}],"replies":[{"embeddable":true,"href":"https:\/\/legacymexicanart.com\/es_es\/wp-json\/wp\/v2\/comments?post=1271"}],"wp:featuredmedia":[{"embeddable":true,"href":"https:\/\/legacymexicanart.com\/es_es\/wp-json\/wp\/v2\/media\/1272"}],"wp:attachment":[{"href":"https:\/\/legacymexicanart.com\/es_es\/wp-json\/wp\/v2\/media?parent=1271"}],"wp:term":[{"taxonomy":"product_cat","embeddable":true,"href":"https:\/\/legacymexicanart.com\/es_es\/wp-json\/wp\/v2\/product_cat?post=1271"},{"taxonomy":"product_tag","embeddable":true,"href":"https:\/\/legacymexicanart.com\/es_es\/wp-json\/wp\/v2\/product_tag?post=1271"}],"curies":[{"name":"wp","href":"https:\/\/api.w.org\/{rel}","templated":true}]}}