{"id":1339,"date":"2021-10-30T00:46:37","date_gmt":"2021-10-29T18:46:37","guid":{"rendered":"https:\/\/legacymexicanart.com\/?post_type=product&#038;p=1339"},"modified":"2025-03-11T12:32:17","modified_gmt":"2025-03-11T06:32:17","slug":"concha-de-abulon-decorativa","status":"publish","type":"product","link":"https:\/\/legacymexicanart.com\/es_es\/product\/concha-de-abulon-decorativa\/","title":{"rendered":"TORTUGA ABUL\u00d3N"},"content":{"rendered":"<p>La Tortuga de Abul\u00f3n es una pieza decorativa, tallada en madera con la forma de una tortuga y como caparaz\u00f3n tiene una aut\u00e9ntica concha de abul\u00f3n pulida.<\/p>\n<p>La tortuga tambi\u00e9n se vincula con la vida y la longevidad. De hecho, en muchas culturas su caparaz\u00f3n es el s\u00edmbolo de la Madre Tierra, relacion\u00e1ndose con la creaci\u00f3n y la maternidad.<\/p>\n<p>Ideal para decorar cualquier espacio y dar un toque original con esta pieza hecha a mano con materiales naturales.<\/p>\n<p>En la compra de este producto recibe de regalo sal ancestral maya.<\/p>\n<p>Dimensiones: 17 x 25 x H 10 cm.<\/p>\n<p><em>Env\u00edo incluido a todo M\u00e9xico.<\/em><\/p>\n<p>Artesano: Jessica Hern\u00e1ndez<\/p>\n","protected":false},"excerpt":{"rendered":"<p><a href=\"mailto:contact@legacymexicanart.com?Subject=Mas%20info%20sku%20ATECO001%20\" target=\"_blank\" rel=\"noopener\"><br \/>\n<img decoding=\"async\" src=\"https:\/\/legacymexicanart.com\/wp-content\/uploads\/2021\/10\/email-Design.svg\" \/> M\u00e1s informaci\u00f3n del producto<br \/>\n<\/a><\/p>\n<p><strong><em>Env\u00edo incluido a todo M\u00e9xico.<\/em><\/strong><\/p>\n","protected":false},"featured_media":1340,"comment_status":"open","ping_status":"closed","template":"","meta":[],"product_cat":[18],"product_tag":[354,162,161,345,349,350,164,236,352,353,163],"yoast_head":"<!-- This site is optimized with the Yoast SEO plugin v22.6 - https:\/\/yoast.com\/wordpress\/plugins\/seo\/ -->\n<title>TORTUGA ABUL\u00d3N &#187;<\/title>\n<meta name=\"description\" content=\"Tortuga de Abul\u00f3n tallada en madera con la forma de una tortuga y como caparaz\u00f3n tiene una aut\u00e9ntica concha de abul\u00f3n.\" \/>\n<meta name=\"robots\" content=\"index, follow, max-snippet:-1, max-image-preview:large, max-video-preview:-1\" \/>\n<link rel=\"canonical\" href=\"https:\/\/legacymexicanart.com\/es_es\/product\/concha-de-abulon-decorativa\/\" \/>\n<meta property=\"og:locale\" content=\"es_ES\" \/>\n<meta property=\"og:type\" content=\"article\" \/>\n<meta property=\"og:title\" content=\"TORTUGA ABUL\u00d3N &#187;\" \/>\n<meta property=\"og:description\" content=\"Tortuga de Abul\u00f3n tallada en madera con la forma de una tortuga y como caparaz\u00f3n tiene una aut\u00e9ntica concha de abul\u00f3n.\" \/>\n<meta property=\"og:url\" content=\"https:\/\/legacymexicanart.com\/es_es\/product\/concha-de-abulon-decorativa\/\" \/>\n<meta property=\"article:modified_time\" content=\"2025-03-11T06:32:17+00:00\" \/>\n<meta property=\"og:image\" content=\"https:\/\/legacymexicanart.com\/wp-content\/uploads\/2021\/10\/PhotoRoom-20211029_131752.png\" \/>\n\t<meta property=\"og:image:width\" content=\"1080\" \/>\n\t<meta property=\"og:image:height\" content=\"876\" \/>\n\t<meta property=\"og:image:type\" content=\"image\/png\" \/>\n<meta name=\"twitter:card\" content=\"summary_large_image\" \/>\n<meta name=\"twitter:label1\" content=\"Tiempo de lectura\" \/>\n\t<meta name=\"twitter:data1\" content=\"1 minuto\" \/>\n<script type=\"application\/ld+json\" class=\"yoast-schema-graph\">{\"@context\":\"https:\/\/schema.org\",\"@graph\":[{\"@type\":\"WebPage\",\"@id\":\"https:\/\/legacymexicanart.com\/product\/concha-de-abulon-decorativa\/\",\"url\":\"https:\/\/legacymexicanart.com\/product\/concha-de-abulon-decorativa\/\",\"name\":\"TORTUGA ABUL\u00d3N &#187;\",\"isPartOf\":{\"@id\":\"https:\/\/legacymexicanart.com\/#website\"},\"primaryImageOfPage\":{\"@id\":\"https:\/\/legacymexicanart.com\/product\/concha-de-abulon-decorativa\/#primaryimage\"},\"image\":{\"@id\":\"https:\/\/legacymexicanart.com\/product\/concha-de-abulon-decorativa\/#primaryimage\"},\"thumbnailUrl\":\"https:\/\/legacymexicanart.com\/wp-content\/uploads\/2021\/10\/PhotoRoom-20211029_131752.png\",\"datePublished\":\"2021-10-29T18:46:37+00:00\",\"dateModified\":\"2025-03-11T06:32:17+00:00\",\"description\":\"Tortuga de Abul\u00f3n tallada en madera con la forma de una tortuga y como caparaz\u00f3n tiene una aut\u00e9ntica concha de abul\u00f3n.\",\"breadcrumb\":{\"@id\":\"https:\/\/legacymexicanart.com\/product\/concha-de-abulon-decorativa\/#breadcrumb\"},\"inLanguage\":\"es\",\"potentialAction\":[{\"@type\":\"ReadAction\",\"target\":[\"https:\/\/legacymexicanart.com\/product\/concha-de-abulon-decorativa\/\"]}]},{\"@type\":\"ImageObject\",\"inLanguage\":\"es\",\"@id\":\"https:\/\/legacymexicanart.com\/product\/concha-de-abulon-decorativa\/#primaryimage\",\"url\":\"https:\/\/legacymexicanart.com\/wp-content\/uploads\/2021\/10\/PhotoRoom-20211029_131752.png\",\"contentUrl\":\"https:\/\/legacymexicanart.com\/wp-content\/uploads\/2021\/10\/PhotoRoom-20211029_131752.png\",\"width\":1080,\"height\":876},{\"@type\":\"BreadcrumbList\",\"@id\":\"https:\/\/legacymexicanart.com\/product\/concha-de-abulon-decorativa\/#breadcrumb\",\"itemListElement\":[{\"@type\":\"ListItem\",\"position\":1,\"name\":\"Portada\",\"item\":\"https:\/\/legacymexicanart.com\/\"},{\"@type\":\"ListItem\",\"position\":2,\"name\":\"Shop\",\"item\":\"https:\/\/legacymexicanart.com\/es_es\/shop\/\"},{\"@type\":\"ListItem\",\"position\":3,\"name\":\"TORTUGA ABUL\u00d3N\"}]},{\"@type\":\"WebSite\",\"@id\":\"https:\/\/legacymexicanart.com\/#website\",\"url\":\"https:\/\/legacymexicanart.com\/\",\"name\":\"\",\"description\":\"Legacy Mexican Art\",\"publisher\":{\"@id\":\"https:\/\/legacymexicanart.com\/#organization\"},\"potentialAction\":[{\"@type\":\"SearchAction\",\"target\":{\"@type\":\"EntryPoint\",\"urlTemplate\":\"https:\/\/legacymexicanart.com\/?s={search_term_string}\"},\"query-input\":\"required name=search_term_string\"}],\"inLanguage\":\"es\"},{\"@type\":\"Organization\",\"@id\":\"https:\/\/legacymexicanart.com\/#organization\",\"name\":\"Legacy Mexican Art\",\"url\":\"https:\/\/legacymexicanart.com\/\",\"logo\":{\"@type\":\"ImageObject\",\"inLanguage\":\"es\",\"@id\":\"https:\/\/legacymexicanart.com\/#\/schema\/logo\/image\/\",\"url\":\"\",\"contentUrl\":\"\",\"caption\":\"Legacy Mexican Art\"},\"image\":{\"@id\":\"https:\/\/legacymexicanart.com\/#\/schema\/logo\/image\/\"}}]}<\/script>\n<!-- \/ Yoast SEO plugin. -->","yoast_head_json":{"title":"TORTUGA ABUL\u00d3N &#187;","description":"Tortuga de Abul\u00f3n tallada en madera con la forma de una tortuga y como caparaz\u00f3n tiene una aut\u00e9ntica concha de abul\u00f3n.","robots":{"index":"index","follow":"follow","max-snippet":"max-snippet:-1","max-image-preview":"max-image-preview:large","max-video-preview":"max-video-preview:-1"},"canonical":"https:\/\/legacymexicanart.com\/es_es\/product\/concha-de-abulon-decorativa\/","og_locale":"es_ES","og_type":"article","og_title":"TORTUGA ABUL\u00d3N &#187;","og_description":"Tortuga de Abul\u00f3n tallada en madera con la forma de una tortuga y como caparaz\u00f3n tiene una aut\u00e9ntica concha de abul\u00f3n.","og_url":"https:\/\/legacymexicanart.com\/es_es\/product\/concha-de-abulon-decorativa\/","article_modified_time":"2025-03-11T06:32:17+00:00","og_image":[{"width":1080,"height":876,"url":"https:\/\/legacymexicanart.com\/wp-content\/uploads\/2021\/10\/PhotoRoom-20211029_131752.png","type":"image\/png"}],"twitter_card":"summary_large_image","twitter_misc":{"Tiempo de lectura":"1 minuto"},"schema":{"@context":"https:\/\/schema.org","@graph":[{"@type":"WebPage","@id":"https:\/\/legacymexicanart.com\/product\/concha-de-abulon-decorativa\/","url":"https:\/\/legacymexicanart.com\/product\/concha-de-abulon-decorativa\/","name":"TORTUGA ABUL\u00d3N &#187;","isPartOf":{"@id":"https:\/\/legacymexicanart.com\/#website"},"primaryImageOfPage":{"@id":"https:\/\/legacymexicanart.com\/product\/concha-de-abulon-decorativa\/#primaryimage"},"image":{"@id":"https:\/\/legacymexicanart.com\/product\/concha-de-abulon-decorativa\/#primaryimage"},"thumbnailUrl":"https:\/\/legacymexicanart.com\/wp-content\/uploads\/2021\/10\/PhotoRoom-20211029_131752.png","datePublished":"2021-10-29T18:46:37+00:00","dateModified":"2025-03-11T06:32:17+00:00","description":"Tortuga de Abul\u00f3n tallada en madera con la forma de una tortuga y como caparaz\u00f3n tiene una aut\u00e9ntica concha de abul\u00f3n.","breadcrumb":{"@id":"https:\/\/legacymexicanart.com\/product\/concha-de-abulon-decorativa\/#breadcrumb"},"inLanguage":"es","potentialAction":[{"@type":"ReadAction","target":["https:\/\/legacymexicanart.com\/product\/concha-de-abulon-decorativa\/"]}]},{"@type":"ImageObject","inLanguage":"es","@id":"https:\/\/legacymexicanart.com\/product\/concha-de-abulon-decorativa\/#primaryimage","url":"https:\/\/legacymexicanart.com\/wp-content\/uploads\/2021\/10\/PhotoRoom-20211029_131752.png","contentUrl":"https:\/\/legacymexicanart.com\/wp-content\/uploads\/2021\/10\/PhotoRoom-20211029_131752.png","width":1080,"height":876},{"@type":"BreadcrumbList","@id":"https:\/\/legacymexicanart.com\/product\/concha-de-abulon-decorativa\/#breadcrumb","itemListElement":[{"@type":"ListItem","position":1,"name":"Portada","item":"https:\/\/legacymexicanart.com\/"},{"@type":"ListItem","position":2,"name":"Shop","item":"https:\/\/legacymexicanart.com\/es_es\/shop\/"},{"@type":"ListItem","position":3,"name":"TORTUGA ABUL\u00d3N"}]},{"@type":"WebSite","@id":"https:\/\/legacymexicanart.com\/#website","url":"https:\/\/legacymexicanart.com\/","name":"","description":"Legacy Mexican Art","publisher":{"@id":"https:\/\/legacymexicanart.com\/#organization"},"potentialAction":[{"@type":"SearchAction","target":{"@type":"EntryPoint","urlTemplate":"https:\/\/legacymexicanart.com\/?s={search_term_string}"},"query-input":"required name=search_term_string"}],"inLanguage":"es"},{"@type":"Organization","@id":"https:\/\/legacymexicanart.com\/#organization","name":"Legacy Mexican Art","url":"https:\/\/legacymexicanart.com\/","logo":{"@type":"ImageObject","inLanguage":"es","@id":"https:\/\/legacymexicanart.com\/#\/schema\/logo\/image\/","url":"","contentUrl":"","caption":"Legacy Mexican Art"},"image":{"@id":"https:\/\/legacymexicanart.com\/#\/schema\/logo\/image\/"}}]}},"_links":{"self":[{"href":"https:\/\/legacymexicanart.com\/es_es\/wp-json\/wp\/v2\/product\/1339"}],"collection":[{"href":"https:\/\/legacymexicanart.com\/es_es\/wp-json\/wp\/v2\/product"}],"about":[{"href":"https:\/\/legacymexicanart.com\/es_es\/wp-json\/wp\/v2\/types\/product"}],"replies":[{"embeddable":true,"href":"https:\/\/legacymexicanart.com\/es_es\/wp-json\/wp\/v2\/comments?post=1339"}],"wp:featuredmedia":[{"embeddable":true,"href":"https:\/\/legacymexicanart.com\/es_es\/wp-json\/wp\/v2\/media\/1340"}],"wp:attachment":[{"href":"https:\/\/legacymexicanart.com\/es_es\/wp-json\/wp\/v2\/media?parent=1339"}],"wp:term":[{"taxonomy":"product_cat","embeddable":true,"href":"https:\/\/legacymexicanart.com\/es_es\/wp-json\/wp\/v2\/product_cat?post=1339"},{"taxonomy":"product_tag","embeddable":true,"href":"https:\/\/legacymexicanart.com\/es_es\/wp-json\/wp\/v2\/product_tag?post=1339"}],"curies":[{"name":"wp","href":"https:\/\/api.w.org\/{rel}","templated":true}]}}