{"id":1439,"date":"2021-12-02T07:47:38","date_gmt":"2021-12-02T01:47:38","guid":{"rendered":"https:\/\/legacymexicanart.com\/?post_type=product&#038;p=1439"},"modified":"2025-03-20T07:51:03","modified_gmt":"2025-03-20T01:51:03","slug":"funda-mixteca","status":"publish","type":"product","link":"https:\/\/legacymexicanart.com\/es_es\/product\/funda-mixteca\/","title":{"rendered":"Funda Mixteca"},"content":{"rendered":"<p>Funda mixteca, para coj\u00edn tipo ri\u00f1onera, hecho en telar de cintura 100% algod\u00f3n, bordado por artesanas Oaxaque\u00f1as con temas de los valles centrales de Oaxaca. Color negro con blanco.<\/p>\n<p>Formato de <strong>50 x 27.5 cm.<\/strong><\/p>\n<p>Env\u00edo incluido a todo M\u00e9xico.<\/p>\n<p>Hechos por una comunidad de artesanas en Teotitl\u00e1n del Valle.<\/p>\n<p>En Legacy Mexican Art apreciamos el valioso legado de nuestras ra\u00edces y cultura mexicanas haciendo colaboraciones con artesanos que aman su trabajo y que prestan especial atenci\u00f3n al detalle, es por ello que fomentamos el comercio justo y local con las comunidades ind\u00edgenas y artesanas de nuestro pa\u00eds.<\/p>\n<p><em>Legado de Oaxaca<\/em><\/p>\n<div dir=\"auto\">Las artesanas de Teotitl\u00e1n del valle se han dedicado a elaborar piezas de lana y algod\u00f3n a trav\u00e9s de los antiguos telares de pedal. Con estas t\u00e9cnicas rudimentarias y un poco de creatividad, han logrado crear nuevos modelos que se adaptan perfecto a espacios con estilo moderno.<\/div>\n<div dir=\"auto\">Adem\u00e1s del tejido manual, el te\u00f1ido de las piezas es completamente natural.<\/div>\n<div dir=\"auto\">La funda Mixteca puede quedar perfecto como el toque final decorativo en una sala de estar, en la rec\u00e1mara o bien en cualquier sill\u00f3n o espacio que se desee decorar.<\/div>\n<div dir=\"auto\">La funda viene con un c\u00f3modo cierre.<\/div>\n<p>&nbsp;<\/p>\n<p><em>Limpieza y cuidados:<\/em><\/p>\n<p>La funda Mixteca se puede lavar a maquina como prenda delicada o bien a mano sin exprimir y secar al aire libre.<\/p>\n<p><a href=\"https:\/\/www.instagram.com\/p\/CW_4H7igVhB\/\">https:\/\/www.instagram.com\/p\/CW_4H7igVhB\/<\/a><\/p>\n<p><a href=\"https:\/\/legacymexicanart.com\/wp-content\/uploads\/2021\/12\/Funda-Mixteca_LegacyMexican-Art.png\">https:\/\/legacymexicanart.com\/wp-content\/uploads\/2021\/12\/Funda-Mixteca_LegacyMexican-Art.png<\/a><\/p>\n","protected":false},"excerpt":{"rendered":"<p><a href=\"mailto:contact@legacymexicanart.com?Subject=Mas%20info%20sku%20TEOGUE001%20\" target=\"_blank\" rel=\"noopener\"><br \/>\n<img decoding=\"async\" src=\"https:\/\/legacymexicanart.com\/wp-content\/uploads\/2021\/10\/email-Design.svg\" \/> M\u00e1s informaci\u00f3n del producto<br \/>\n<\/a><\/p>\n<p><em><strong>Env\u00edo incluido a todo M\u00e9xico.<\/strong><\/em><\/p>\n","protected":false},"featured_media":1660,"comment_status":"open","ping_status":"closed","template":"","meta":[],"product_cat":[18,188,17,193,196],"product_tag":[178,125,83,270,87,266,245,268,248,236,177,264,124],"yoast_head":"<!-- This site is optimized with the Yoast SEO plugin v22.6 - https:\/\/yoast.com\/wordpress\/plugins\/seo\/ -->\n<title>Funda Mixteca &#187;<\/title>\n<meta name=\"description\" content=\"Funda mixteca, para coj\u00edn tipo ri\u00f1onera, hecho en telar de cintura 100% algod\u00f3n, bordado por artesanas Oaxaque\u00f1as\" \/>\n<meta name=\"robots\" content=\"index, follow, max-snippet:-1, max-image-preview:large, max-video-preview:-1\" \/>\n<link rel=\"canonical\" href=\"https:\/\/legacymexicanart.com\/es_es\/product\/funda-mixteca\/\" \/>\n<meta property=\"og:locale\" content=\"es_ES\" \/>\n<meta property=\"og:type\" content=\"article\" \/>\n<meta property=\"og:title\" content=\"Funda Mixteca &#187;\" \/>\n<meta property=\"og:description\" content=\"Funda mixteca, para coj\u00edn tipo ri\u00f1onera, hecho en telar de cintura 100% algod\u00f3n, bordado por artesanas Oaxaque\u00f1as\" \/>\n<meta property=\"og:url\" content=\"https:\/\/legacymexicanart.com\/es_es\/product\/funda-mixteca\/\" \/>\n<meta property=\"article:modified_time\" content=\"2025-03-20T01:51:03+00:00\" \/>\n<meta property=\"og:image\" content=\"https:\/\/legacymexicanart.com\/wp-content\/uploads\/2021\/12\/Funda-Mixteca_LegacyMexican-Art-e1643243389927.png\" \/>\n\t<meta property=\"og:image:width\" content=\"100\" \/>\n\t<meta property=\"og:image:height\" content=\"56\" \/>\n\t<meta property=\"og:image:type\" content=\"image\/png\" \/>\n<meta name=\"twitter:card\" content=\"summary_large_image\" \/>\n<meta name=\"twitter:label1\" content=\"Tiempo de lectura\" \/>\n\t<meta name=\"twitter:data1\" content=\"2 minutos\" \/>\n<script type=\"application\/ld+json\" class=\"yoast-schema-graph\">{\"@context\":\"https:\/\/schema.org\",\"@graph\":[{\"@type\":\"WebPage\",\"@id\":\"https:\/\/legacymexicanart.com\/product\/funda-mixteca\/\",\"url\":\"https:\/\/legacymexicanart.com\/product\/funda-mixteca\/\",\"name\":\"Funda Mixteca &#187;\",\"isPartOf\":{\"@id\":\"https:\/\/legacymexicanart.com\/#website\"},\"primaryImageOfPage\":{\"@id\":\"https:\/\/legacymexicanart.com\/product\/funda-mixteca\/#primaryimage\"},\"image\":{\"@id\":\"https:\/\/legacymexicanart.com\/product\/funda-mixteca\/#primaryimage\"},\"thumbnailUrl\":\"https:\/\/legacymexicanart.com\/wp-content\/uploads\/2021\/12\/Funda-Mixteca_LegacyMexican-Art-e1643243389927.png\",\"datePublished\":\"2021-12-02T01:47:38+00:00\",\"dateModified\":\"2025-03-20T01:51:03+00:00\",\"description\":\"Funda mixteca, para coj\u00edn tipo ri\u00f1onera, hecho en telar de cintura 100% algod\u00f3n, bordado por artesanas Oaxaque\u00f1as\",\"breadcrumb\":{\"@id\":\"https:\/\/legacymexicanart.com\/product\/funda-mixteca\/#breadcrumb\"},\"inLanguage\":\"es\",\"potentialAction\":[{\"@type\":\"ReadAction\",\"target\":[\"https:\/\/legacymexicanart.com\/product\/funda-mixteca\/\"]}]},{\"@type\":\"ImageObject\",\"inLanguage\":\"es\",\"@id\":\"https:\/\/legacymexicanart.com\/product\/funda-mixteca\/#primaryimage\",\"url\":\"https:\/\/legacymexicanart.com\/wp-content\/uploads\/2021\/12\/Funda-Mixteca_LegacyMexican-Art-e1643243389927.png\",\"contentUrl\":\"https:\/\/legacymexicanart.com\/wp-content\/uploads\/2021\/12\/Funda-Mixteca_LegacyMexican-Art-e1643243389927.png\",\"width\":100,\"height\":56},{\"@type\":\"BreadcrumbList\",\"@id\":\"https:\/\/legacymexicanart.com\/product\/funda-mixteca\/#breadcrumb\",\"itemListElement\":[{\"@type\":\"ListItem\",\"position\":1,\"name\":\"Portada\",\"item\":\"https:\/\/legacymexicanart.com\/\"},{\"@type\":\"ListItem\",\"position\":2,\"name\":\"Shop\",\"item\":\"https:\/\/legacymexicanart.com\/es_es\/shop\/\"},{\"@type\":\"ListItem\",\"position\":3,\"name\":\"Funda Mixteca\"}]},{\"@type\":\"WebSite\",\"@id\":\"https:\/\/legacymexicanart.com\/#website\",\"url\":\"https:\/\/legacymexicanart.com\/\",\"name\":\"\",\"description\":\"Legacy Mexican Art\",\"publisher\":{\"@id\":\"https:\/\/legacymexicanart.com\/#organization\"},\"potentialAction\":[{\"@type\":\"SearchAction\",\"target\":{\"@type\":\"EntryPoint\",\"urlTemplate\":\"https:\/\/legacymexicanart.com\/?s={search_term_string}\"},\"query-input\":\"required name=search_term_string\"}],\"inLanguage\":\"es\"},{\"@type\":\"Organization\",\"@id\":\"https:\/\/legacymexicanart.com\/#organization\",\"name\":\"Legacy Mexican Art\",\"url\":\"https:\/\/legacymexicanart.com\/\",\"logo\":{\"@type\":\"ImageObject\",\"inLanguage\":\"es\",\"@id\":\"https:\/\/legacymexicanart.com\/#\/schema\/logo\/image\/\",\"url\":\"\",\"contentUrl\":\"\",\"caption\":\"Legacy Mexican Art\"},\"image\":{\"@id\":\"https:\/\/legacymexicanart.com\/#\/schema\/logo\/image\/\"}}]}<\/script>\n<!-- \/ Yoast SEO plugin. -->","yoast_head_json":{"title":"Funda Mixteca &#187;","description":"Funda mixteca, para coj\u00edn tipo ri\u00f1onera, hecho en telar de cintura 100% algod\u00f3n, bordado por artesanas Oaxaque\u00f1as","robots":{"index":"index","follow":"follow","max-snippet":"max-snippet:-1","max-image-preview":"max-image-preview:large","max-video-preview":"max-video-preview:-1"},"canonical":"https:\/\/legacymexicanart.com\/es_es\/product\/funda-mixteca\/","og_locale":"es_ES","og_type":"article","og_title":"Funda Mixteca &#187;","og_description":"Funda mixteca, para coj\u00edn tipo ri\u00f1onera, hecho en telar de cintura 100% algod\u00f3n, bordado por artesanas Oaxaque\u00f1as","og_url":"https:\/\/legacymexicanart.com\/es_es\/product\/funda-mixteca\/","article_modified_time":"2025-03-20T01:51:03+00:00","og_image":[{"width":100,"height":56,"url":"https:\/\/legacymexicanart.com\/wp-content\/uploads\/2021\/12\/Funda-Mixteca_LegacyMexican-Art-e1643243389927.png","type":"image\/png"}],"twitter_card":"summary_large_image","twitter_misc":{"Tiempo de lectura":"2 minutos"},"schema":{"@context":"https:\/\/schema.org","@graph":[{"@type":"WebPage","@id":"https:\/\/legacymexicanart.com\/product\/funda-mixteca\/","url":"https:\/\/legacymexicanart.com\/product\/funda-mixteca\/","name":"Funda Mixteca &#187;","isPartOf":{"@id":"https:\/\/legacymexicanart.com\/#website"},"primaryImageOfPage":{"@id":"https:\/\/legacymexicanart.com\/product\/funda-mixteca\/#primaryimage"},"image":{"@id":"https:\/\/legacymexicanart.com\/product\/funda-mixteca\/#primaryimage"},"thumbnailUrl":"https:\/\/legacymexicanart.com\/wp-content\/uploads\/2021\/12\/Funda-Mixteca_LegacyMexican-Art-e1643243389927.png","datePublished":"2021-12-02T01:47:38+00:00","dateModified":"2025-03-20T01:51:03+00:00","description":"Funda mixteca, para coj\u00edn tipo ri\u00f1onera, hecho en telar de cintura 100% algod\u00f3n, bordado por artesanas Oaxaque\u00f1as","breadcrumb":{"@id":"https:\/\/legacymexicanart.com\/product\/funda-mixteca\/#breadcrumb"},"inLanguage":"es","potentialAction":[{"@type":"ReadAction","target":["https:\/\/legacymexicanart.com\/product\/funda-mixteca\/"]}]},{"@type":"ImageObject","inLanguage":"es","@id":"https:\/\/legacymexicanart.com\/product\/funda-mixteca\/#primaryimage","url":"https:\/\/legacymexicanart.com\/wp-content\/uploads\/2021\/12\/Funda-Mixteca_LegacyMexican-Art-e1643243389927.png","contentUrl":"https:\/\/legacymexicanart.com\/wp-content\/uploads\/2021\/12\/Funda-Mixteca_LegacyMexican-Art-e1643243389927.png","width":100,"height":56},{"@type":"BreadcrumbList","@id":"https:\/\/legacymexicanart.com\/product\/funda-mixteca\/#breadcrumb","itemListElement":[{"@type":"ListItem","position":1,"name":"Portada","item":"https:\/\/legacymexicanart.com\/"},{"@type":"ListItem","position":2,"name":"Shop","item":"https:\/\/legacymexicanart.com\/es_es\/shop\/"},{"@type":"ListItem","position":3,"name":"Funda Mixteca"}]},{"@type":"WebSite","@id":"https:\/\/legacymexicanart.com\/#website","url":"https:\/\/legacymexicanart.com\/","name":"","description":"Legacy Mexican Art","publisher":{"@id":"https:\/\/legacymexicanart.com\/#organization"},"potentialAction":[{"@type":"SearchAction","target":{"@type":"EntryPoint","urlTemplate":"https:\/\/legacymexicanart.com\/?s={search_term_string}"},"query-input":"required name=search_term_string"}],"inLanguage":"es"},{"@type":"Organization","@id":"https:\/\/legacymexicanart.com\/#organization","name":"Legacy Mexican Art","url":"https:\/\/legacymexicanart.com\/","logo":{"@type":"ImageObject","inLanguage":"es","@id":"https:\/\/legacymexicanart.com\/#\/schema\/logo\/image\/","url":"","contentUrl":"","caption":"Legacy Mexican Art"},"image":{"@id":"https:\/\/legacymexicanart.com\/#\/schema\/logo\/image\/"}}]}},"_links":{"self":[{"href":"https:\/\/legacymexicanart.com\/es_es\/wp-json\/wp\/v2\/product\/1439"}],"collection":[{"href":"https:\/\/legacymexicanart.com\/es_es\/wp-json\/wp\/v2\/product"}],"about":[{"href":"https:\/\/legacymexicanart.com\/es_es\/wp-json\/wp\/v2\/types\/product"}],"replies":[{"embeddable":true,"href":"https:\/\/legacymexicanart.com\/es_es\/wp-json\/wp\/v2\/comments?post=1439"}],"wp:featuredmedia":[{"embeddable":true,"href":"https:\/\/legacymexicanart.com\/es_es\/wp-json\/wp\/v2\/media\/1660"}],"wp:attachment":[{"href":"https:\/\/legacymexicanart.com\/es_es\/wp-json\/wp\/v2\/media?parent=1439"}],"wp:term":[{"taxonomy":"product_cat","embeddable":true,"href":"https:\/\/legacymexicanart.com\/es_es\/wp-json\/wp\/v2\/product_cat?post=1439"},{"taxonomy":"product_tag","embeddable":true,"href":"https:\/\/legacymexicanart.com\/es_es\/wp-json\/wp\/v2\/product_tag?post=1439"}],"curies":[{"name":"wp","href":"https:\/\/api.w.org\/{rel}","templated":true}]}}