{"id":1448,"date":"2021-12-02T08:13:59","date_gmt":"2021-12-02T02:13:59","guid":{"rendered":"https:\/\/legacymexicanart.com\/?post_type=product&#038;p=1448"},"modified":"2023-11-11T00:25:21","modified_gmt":"2023-11-10T18:25:21","slug":"funda-oaxaca","status":"publish","type":"product","link":"https:\/\/legacymexicanart.com\/es_es\/product\/funda-oaxaca\/","title":{"rendered":"Funda Oaxaca"},"content":{"rendered":"<p>Funda Oaxaca, para coj\u00edn en formato cuadrado de algod\u00f3n 100% artesanal hecho en telar de pedal con pompones. Color blanco crudo con negro. Los cojines son hechos por artesanas Oaxaque\u00f1as con temas de los valles centrales de Oaxaca.<\/p>\n<p>Formato de<strong> 50 x 50 cm.<\/strong><\/p>\n<p>Env\u00edo incluido a todo M\u00e9xico.<\/p>\n<p>Hechos por una comunidad de artesanas en Teotitl\u00e1n del Valle.<\/p>\n<p>En Legacy Mexican Art apreciamos el valioso legado de nuestras ra\u00edces y cultura mexicanas haciendo colaboraciones con artesanos que aman su trabajo y que prestan especial atenci\u00f3n al detalle, es por ello que fomentamos el comercio justo y local con las comunidades ind\u00edgenas y artesanas de nuestro pa\u00eds.<\/p>\n<p><em>Legado de Oaxaca<\/em><\/p>\n<div dir=\"auto\">Las artesanas de Teotitl\u00e1n del valle se han dedicado a elaborar piezas de lana y algod\u00f3n a trav\u00e9s de los antiguos telares de pedal. Con estas t\u00e9cnicas rudimentarias y un poco de creatividad, han logrado crear nuevos modelos que se adaptan perfecto a espacios con estilo moderno.<\/div>\n<div dir=\"auto\">Adem\u00e1s del tejido manual, el te\u00f1ido de las piezas es completamente natural.<\/div>\n<div dir=\"auto\">La funda Oaxaca puede quedar perfecto como el toque final decorativo en una sala de estar, en la rec\u00e1mara o bien en cualquier sill\u00f3n o espacio que se desee decorar.<\/div>\n<div dir=\"auto\">La funda viene con un c\u00f3modo cierre.<\/div>\n<p>&nbsp;<\/p>\n<p><em>Limpieza y cuidados:<\/em><\/p>\n<p>La funda Oaxaca se puede lavar a maquina como prenda delicada o bien a mano sin exprimir y secar al aire libre.<\/p>\n<p><a href=\"https:\/\/legacymexicanart.com\/wp-content\/uploads\/2021\/12\/Cojin-cuadrado-blanco-y-negro_Legacy-Mexican-art-scaled.jpg\">https:\/\/legacymexicanart.com\/wp-content\/uploads\/2021\/12\/Cojin-cuadrado-blanco-y-negro_Legacy-Mexican-art-scaled.jpg<\/a><\/p>\n<p><a href=\"https:\/\/www.instagram.com\/p\/CXMvREMg396\/\">https:\/\/www.instagram.com\/p\/CXMvREMg396\/<\/a><\/p>\n<p>&nbsp;<\/p>\n","protected":false},"excerpt":{"rendered":"<p><a href=\"mailto:contact@legacymexicanart.com?Subject=Mas%20info%20sku%20TEOGUE003%20\" target=\"_blank\" rel=\"noopener\"><br \/>\n<img decoding=\"async\" src=\"https:\/\/legacymexicanart.com\/wp-content\/uploads\/2021\/10\/email-Design.svg\" \/> M\u00e1s informaci\u00f3n del producto<br \/>\n<\/a><\/p>\n<p><em><strong>Env\u00edo incluido a todo M\u00e9xico.<\/strong><\/em><\/p>\n","protected":false},"featured_media":1642,"comment_status":"open","ping_status":"closed","template":"","meta":[],"product_cat":[18,188,17,193,196],"product_tag":[178,83,87,266,245,265,248,179,264,262,263,124],"yoast_head":"<!-- This site is optimized with the Yoast SEO plugin v22.6 - https:\/\/yoast.com\/wordpress\/plugins\/seo\/ -->\n<title>Funda Oaxaca &#187;<\/title>\n<meta name=\"description\" content=\"Funda Oaxaca, para coj\u00edn cuadrado de algod\u00f3n 100% hecho en telar de pedal con pompones. Color blanco crudo con negro.\" \/>\n<meta name=\"robots\" content=\"index, follow, max-snippet:-1, max-image-preview:large, max-video-preview:-1\" \/>\n<link rel=\"canonical\" href=\"https:\/\/legacymexicanart.com\/es_es\/product\/funda-oaxaca\/\" \/>\n<meta property=\"og:locale\" content=\"es_ES\" \/>\n<meta property=\"og:type\" content=\"article\" \/>\n<meta property=\"og:title\" content=\"Funda Oaxaca &#187;\" \/>\n<meta property=\"og:description\" content=\"Funda Oaxaca, para coj\u00edn cuadrado de algod\u00f3n 100% hecho en telar de pedal con pompones. Color blanco crudo con negro.\" \/>\n<meta property=\"og:url\" content=\"https:\/\/legacymexicanart.com\/es_es\/product\/funda-oaxaca\/\" \/>\n<meta property=\"article:modified_time\" content=\"2023-11-10T18:25:21+00:00\" \/>\n<meta property=\"og:image\" content=\"https:\/\/legacymexicanart.com\/wp-content\/uploads\/2021\/12\/Funda-Oaxaca_Legacy-Mexican-art-scaled.jpg\" \/>\n\t<meta property=\"og:image:width\" content=\"2560\" \/>\n\t<meta property=\"og:image:height\" content=\"1920\" \/>\n\t<meta property=\"og:image:type\" content=\"image\/jpeg\" \/>\n<meta name=\"twitter:card\" content=\"summary_large_image\" \/>\n<meta name=\"twitter:label1\" content=\"Tiempo de lectura\" \/>\n\t<meta name=\"twitter:data1\" content=\"2 minutos\" \/>\n<script type=\"application\/ld+json\" class=\"yoast-schema-graph\">{\"@context\":\"https:\/\/schema.org\",\"@graph\":[{\"@type\":\"WebPage\",\"@id\":\"https:\/\/legacymexicanart.com\/product\/funda-oaxaca\/\",\"url\":\"https:\/\/legacymexicanart.com\/product\/funda-oaxaca\/\",\"name\":\"Funda Oaxaca &#187;\",\"isPartOf\":{\"@id\":\"https:\/\/legacymexicanart.com\/#website\"},\"primaryImageOfPage\":{\"@id\":\"https:\/\/legacymexicanart.com\/product\/funda-oaxaca\/#primaryimage\"},\"image\":{\"@id\":\"https:\/\/legacymexicanart.com\/product\/funda-oaxaca\/#primaryimage\"},\"thumbnailUrl\":\"https:\/\/legacymexicanart.com\/wp-content\/uploads\/2021\/12\/Funda-Oaxaca_Legacy-Mexican-art-scaled.jpg\",\"datePublished\":\"2021-12-02T02:13:59+00:00\",\"dateModified\":\"2023-11-10T18:25:21+00:00\",\"description\":\"Funda Oaxaca, para coj\u00edn cuadrado de algod\u00f3n 100% hecho en telar de pedal con pompones. Color blanco crudo con negro.\",\"breadcrumb\":{\"@id\":\"https:\/\/legacymexicanart.com\/product\/funda-oaxaca\/#breadcrumb\"},\"inLanguage\":\"es\",\"potentialAction\":[{\"@type\":\"ReadAction\",\"target\":[\"https:\/\/legacymexicanart.com\/product\/funda-oaxaca\/\"]}]},{\"@type\":\"ImageObject\",\"inLanguage\":\"es\",\"@id\":\"https:\/\/legacymexicanart.com\/product\/funda-oaxaca\/#primaryimage\",\"url\":\"https:\/\/legacymexicanart.com\/wp-content\/uploads\/2021\/12\/Funda-Oaxaca_Legacy-Mexican-art-scaled.jpg\",\"contentUrl\":\"https:\/\/legacymexicanart.com\/wp-content\/uploads\/2021\/12\/Funda-Oaxaca_Legacy-Mexican-art-scaled.jpg\",\"width\":2560,\"height\":1920},{\"@type\":\"BreadcrumbList\",\"@id\":\"https:\/\/legacymexicanart.com\/product\/funda-oaxaca\/#breadcrumb\",\"itemListElement\":[{\"@type\":\"ListItem\",\"position\":1,\"name\":\"Portada\",\"item\":\"https:\/\/legacymexicanart.com\/\"},{\"@type\":\"ListItem\",\"position\":2,\"name\":\"Shop\",\"item\":\"https:\/\/legacymexicanart.com\/es_es\/shop\/\"},{\"@type\":\"ListItem\",\"position\":3,\"name\":\"Funda Oaxaca\"}]},{\"@type\":\"WebSite\",\"@id\":\"https:\/\/legacymexicanart.com\/#website\",\"url\":\"https:\/\/legacymexicanart.com\/\",\"name\":\"\",\"description\":\"Legacy Mexican Art\",\"publisher\":{\"@id\":\"https:\/\/legacymexicanart.com\/#organization\"},\"potentialAction\":[{\"@type\":\"SearchAction\",\"target\":{\"@type\":\"EntryPoint\",\"urlTemplate\":\"https:\/\/legacymexicanart.com\/?s={search_term_string}\"},\"query-input\":\"required name=search_term_string\"}],\"inLanguage\":\"es\"},{\"@type\":\"Organization\",\"@id\":\"https:\/\/legacymexicanart.com\/#organization\",\"name\":\"Legacy Mexican Art\",\"url\":\"https:\/\/legacymexicanart.com\/\",\"logo\":{\"@type\":\"ImageObject\",\"inLanguage\":\"es\",\"@id\":\"https:\/\/legacymexicanart.com\/#\/schema\/logo\/image\/\",\"url\":\"\",\"contentUrl\":\"\",\"caption\":\"Legacy Mexican Art\"},\"image\":{\"@id\":\"https:\/\/legacymexicanart.com\/#\/schema\/logo\/image\/\"}}]}<\/script>\n<!-- \/ Yoast SEO plugin. -->","yoast_head_json":{"title":"Funda Oaxaca &#187;","description":"Funda Oaxaca, para coj\u00edn cuadrado de algod\u00f3n 100% hecho en telar de pedal con pompones. Color blanco crudo con negro.","robots":{"index":"index","follow":"follow","max-snippet":"max-snippet:-1","max-image-preview":"max-image-preview:large","max-video-preview":"max-video-preview:-1"},"canonical":"https:\/\/legacymexicanart.com\/es_es\/product\/funda-oaxaca\/","og_locale":"es_ES","og_type":"article","og_title":"Funda Oaxaca &#187;","og_description":"Funda Oaxaca, para coj\u00edn cuadrado de algod\u00f3n 100% hecho en telar de pedal con pompones. Color blanco crudo con negro.","og_url":"https:\/\/legacymexicanart.com\/es_es\/product\/funda-oaxaca\/","article_modified_time":"2023-11-10T18:25:21+00:00","og_image":[{"width":2560,"height":1920,"url":"https:\/\/legacymexicanart.com\/wp-content\/uploads\/2021\/12\/Funda-Oaxaca_Legacy-Mexican-art-scaled.jpg","type":"image\/jpeg"}],"twitter_card":"summary_large_image","twitter_misc":{"Tiempo de lectura":"2 minutos"},"schema":{"@context":"https:\/\/schema.org","@graph":[{"@type":"WebPage","@id":"https:\/\/legacymexicanart.com\/product\/funda-oaxaca\/","url":"https:\/\/legacymexicanart.com\/product\/funda-oaxaca\/","name":"Funda Oaxaca &#187;","isPartOf":{"@id":"https:\/\/legacymexicanart.com\/#website"},"primaryImageOfPage":{"@id":"https:\/\/legacymexicanart.com\/product\/funda-oaxaca\/#primaryimage"},"image":{"@id":"https:\/\/legacymexicanart.com\/product\/funda-oaxaca\/#primaryimage"},"thumbnailUrl":"https:\/\/legacymexicanart.com\/wp-content\/uploads\/2021\/12\/Funda-Oaxaca_Legacy-Mexican-art-scaled.jpg","datePublished":"2021-12-02T02:13:59+00:00","dateModified":"2023-11-10T18:25:21+00:00","description":"Funda Oaxaca, para coj\u00edn cuadrado de algod\u00f3n 100% hecho en telar de pedal con pompones. Color blanco crudo con negro.","breadcrumb":{"@id":"https:\/\/legacymexicanart.com\/product\/funda-oaxaca\/#breadcrumb"},"inLanguage":"es","potentialAction":[{"@type":"ReadAction","target":["https:\/\/legacymexicanart.com\/product\/funda-oaxaca\/"]}]},{"@type":"ImageObject","inLanguage":"es","@id":"https:\/\/legacymexicanart.com\/product\/funda-oaxaca\/#primaryimage","url":"https:\/\/legacymexicanart.com\/wp-content\/uploads\/2021\/12\/Funda-Oaxaca_Legacy-Mexican-art-scaled.jpg","contentUrl":"https:\/\/legacymexicanart.com\/wp-content\/uploads\/2021\/12\/Funda-Oaxaca_Legacy-Mexican-art-scaled.jpg","width":2560,"height":1920},{"@type":"BreadcrumbList","@id":"https:\/\/legacymexicanart.com\/product\/funda-oaxaca\/#breadcrumb","itemListElement":[{"@type":"ListItem","position":1,"name":"Portada","item":"https:\/\/legacymexicanart.com\/"},{"@type":"ListItem","position":2,"name":"Shop","item":"https:\/\/legacymexicanart.com\/es_es\/shop\/"},{"@type":"ListItem","position":3,"name":"Funda Oaxaca"}]},{"@type":"WebSite","@id":"https:\/\/legacymexicanart.com\/#website","url":"https:\/\/legacymexicanart.com\/","name":"","description":"Legacy Mexican Art","publisher":{"@id":"https:\/\/legacymexicanart.com\/#organization"},"potentialAction":[{"@type":"SearchAction","target":{"@type":"EntryPoint","urlTemplate":"https:\/\/legacymexicanart.com\/?s={search_term_string}"},"query-input":"required name=search_term_string"}],"inLanguage":"es"},{"@type":"Organization","@id":"https:\/\/legacymexicanart.com\/#organization","name":"Legacy Mexican Art","url":"https:\/\/legacymexicanart.com\/","logo":{"@type":"ImageObject","inLanguage":"es","@id":"https:\/\/legacymexicanart.com\/#\/schema\/logo\/image\/","url":"","contentUrl":"","caption":"Legacy Mexican Art"},"image":{"@id":"https:\/\/legacymexicanart.com\/#\/schema\/logo\/image\/"}}]}},"_links":{"self":[{"href":"https:\/\/legacymexicanart.com\/es_es\/wp-json\/wp\/v2\/product\/1448"}],"collection":[{"href":"https:\/\/legacymexicanart.com\/es_es\/wp-json\/wp\/v2\/product"}],"about":[{"href":"https:\/\/legacymexicanart.com\/es_es\/wp-json\/wp\/v2\/types\/product"}],"replies":[{"embeddable":true,"href":"https:\/\/legacymexicanart.com\/es_es\/wp-json\/wp\/v2\/comments?post=1448"}],"wp:featuredmedia":[{"embeddable":true,"href":"https:\/\/legacymexicanart.com\/es_es\/wp-json\/wp\/v2\/media\/1642"}],"wp:attachment":[{"href":"https:\/\/legacymexicanart.com\/es_es\/wp-json\/wp\/v2\/media?parent=1448"}],"wp:term":[{"taxonomy":"product_cat","embeddable":true,"href":"https:\/\/legacymexicanart.com\/es_es\/wp-json\/wp\/v2\/product_cat?post=1448"},{"taxonomy":"product_tag","embeddable":true,"href":"https:\/\/legacymexicanart.com\/es_es\/wp-json\/wp\/v2\/product_tag?post=1448"}],"curies":[{"name":"wp","href":"https:\/\/api.w.org\/{rel}","templated":true}]}}