{"id":1501,"date":"2021-12-08T05:54:43","date_gmt":"2021-12-07T23:54:43","guid":{"rendered":"https:\/\/legacymexicanart.com\/?post_type=product&#038;p=1501"},"modified":"2025-02-18T06:37:28","modified_gmt":"2025-02-18T00:37:28","slug":"escultura-barro-negro-nigua","status":"publish","type":"product","link":"https:\/\/legacymexicanart.com\/es_es\/product\/escultura-barro-negro-nigua\/","title":{"rendered":"Escultura Barro Negro Nigua"},"content":{"rendered":"<p>La escultura barro negro nigua boca ancha es calado y moldeado a mano por artesanos de San Bartolo Coyotepec, Oaxaca.<\/p>\n<p>Incluye base.<\/p>\n<p>Di\u00e1m. 23 cm. Boca 15.5 x H. 20 cm.<\/p>\n<p><em>Env\u00edo incluido a todo M\u00e9xico.<\/em><\/p>\n<p>Artesano: Lorenzo Gal\u00e1n<\/p>\n<p><em>El Proceso<\/em><\/p>\n<div dir=\"auto\">Seguramente has o\u00eddo hablar de la arcilla negra de San Bartolo Coyotepec, te contar\u00e9 un poco sobre el proceso.<\/div>\n<div dir=\"auto\">Para realizar la escultura en barro negro nigua, se requiere una enorme habilidad por parte del artesano. Primero se amasa la arcilla hasta que quede lisa y luego se moldea en la forma que tomar\u00e1 la pieza. Una vez moldeado, se seca a la luz del sol durante cuatro d\u00edas, tras los cuales si no es necesario corte, si la pieza es brillante y si no hay manchas, la obra se considera completa. En caso de que la pieza necesite un corte, esto se hace a mano, ya que es un trabajo muy preciso. El efecto brillante se logra puliendo la pieza tambi\u00e9n a mano con cristales de cuarzo. Despu\u00e9s de ser raspado, se deja secar al sol otros d\u00edas. Despu\u00e9s de este tiempo, la pieza se coloca en el horno de le\u00f1a durante un d\u00eda. Es durante este proceso que la cer\u00e1mica negra adquiere su color distintivo. Esta es una forma \u00fanica de adquirir esa coloraci\u00f3n negra, y solo se realiza en San Bartolo Coyotepec, Oaxaca.<\/div>\n<div dir=\"auto\"><\/div>\n<div dir=\"auto\"><em>Legado de Oaxaca<\/em><\/div>\n<div dir=\"auto\">La existencia del Barro Negro es milenaria pues desde \u00e9pocas prehisp\u00e1nicas era utilizado para la elaboraci\u00f3n de piezas como jarrones, platos y jarras. Adem\u00e1s, su uso iba m\u00e1s all\u00e1 del utilitario, ya que guardaba un sentido ritual y sagrado. En algunas ceremonias era ofrecido a los dioses o a los emperadores como un regalo divino.<\/div>\n","protected":false},"excerpt":{"rendered":"<p><a href=\"mailto:contact@legacymexicanart.com?Subject=Mas%20info%20sku%20SBCLG003%20\" target=\"_blank\" rel=\"noopener\"><br \/>\n<img decoding=\"async\" src=\"https:\/\/legacymexicanart.com\/wp-content\/uploads\/2021\/10\/email-Design.svg\" \/> M\u00e1s informaci\u00f3n del producto<br \/>\n<\/a><\/p>\n<p><strong><em>Env\u00edo incluido a todo M\u00e9xico.<\/em><\/strong><\/p>\n","protected":false},"featured_media":1502,"comment_status":"open","ping_status":"closed","template":"","meta":[],"product_cat":[18,185],"product_tag":[208,212,177,214,210,209],"yoast_head":"<!-- This site is optimized with the Yoast SEO plugin v22.6 - https:\/\/yoast.com\/wordpress\/plugins\/seo\/ -->\n<title>Escultura Barro Negro Nigua &#187;<\/title>\n<meta name=\"description\" content=\"La Escultura en barro negro nigua es calado y moldeado a mano por artesanos de San Bartolo Coyotepec, Oaxaca\" \/>\n<meta name=\"robots\" content=\"index, follow, max-snippet:-1, max-image-preview:large, max-video-preview:-1\" \/>\n<link rel=\"canonical\" href=\"https:\/\/legacymexicanart.com\/es_es\/product\/escultura-barro-negro-nigua\/\" \/>\n<meta property=\"og:locale\" content=\"es_ES\" \/>\n<meta property=\"og:type\" content=\"article\" \/>\n<meta property=\"og:title\" content=\"Escultura Barro Negro Nigua &#187;\" \/>\n<meta property=\"og:description\" content=\"La Escultura en barro negro nigua es calado y moldeado a mano por artesanos de San Bartolo Coyotepec, Oaxaca\" \/>\n<meta property=\"og:url\" content=\"https:\/\/legacymexicanart.com\/es_es\/product\/escultura-barro-negro-nigua\/\" \/>\n<meta property=\"article:modified_time\" content=\"2025-02-18T00:37:28+00:00\" \/>\n<meta property=\"og:image\" content=\"https:\/\/legacymexicanart.com\/wp-content\/uploads\/2021\/12\/Nigua-con-base-barro-negro_Legacy-Mexican-Art-scaled.jpg\" \/>\n\t<meta property=\"og:image:width\" content=\"1921\" \/>\n\t<meta property=\"og:image:height\" content=\"2560\" \/>\n\t<meta property=\"og:image:type\" content=\"image\/jpeg\" \/>\n<meta name=\"twitter:card\" content=\"summary_large_image\" \/>\n<meta name=\"twitter:label1\" content=\"Tiempo de lectura\" \/>\n\t<meta name=\"twitter:data1\" content=\"2 minutos\" \/>\n<script type=\"application\/ld+json\" class=\"yoast-schema-graph\">{\"@context\":\"https:\/\/schema.org\",\"@graph\":[{\"@type\":\"WebPage\",\"@id\":\"https:\/\/legacymexicanart.com\/product\/escultura-barro-negro-nigua\/\",\"url\":\"https:\/\/legacymexicanart.com\/product\/escultura-barro-negro-nigua\/\",\"name\":\"Escultura Barro Negro Nigua &#187;\",\"isPartOf\":{\"@id\":\"https:\/\/legacymexicanart.com\/#website\"},\"primaryImageOfPage\":{\"@id\":\"https:\/\/legacymexicanart.com\/product\/escultura-barro-negro-nigua\/#primaryimage\"},\"image\":{\"@id\":\"https:\/\/legacymexicanart.com\/product\/escultura-barro-negro-nigua\/#primaryimage\"},\"thumbnailUrl\":\"https:\/\/legacymexicanart.com\/wp-content\/uploads\/2021\/12\/Nigua-con-base-barro-negro_Legacy-Mexican-Art-scaled.jpg\",\"datePublished\":\"2021-12-07T23:54:43+00:00\",\"dateModified\":\"2025-02-18T00:37:28+00:00\",\"description\":\"La Escultura en barro negro nigua es calado y moldeado a mano por artesanos de San Bartolo Coyotepec, Oaxaca\",\"breadcrumb\":{\"@id\":\"https:\/\/legacymexicanart.com\/product\/escultura-barro-negro-nigua\/#breadcrumb\"},\"inLanguage\":\"es\",\"potentialAction\":[{\"@type\":\"ReadAction\",\"target\":[\"https:\/\/legacymexicanart.com\/product\/escultura-barro-negro-nigua\/\"]}]},{\"@type\":\"ImageObject\",\"inLanguage\":\"es\",\"@id\":\"https:\/\/legacymexicanart.com\/product\/escultura-barro-negro-nigua\/#primaryimage\",\"url\":\"https:\/\/legacymexicanart.com\/wp-content\/uploads\/2021\/12\/Nigua-con-base-barro-negro_Legacy-Mexican-Art-scaled.jpg\",\"contentUrl\":\"https:\/\/legacymexicanart.com\/wp-content\/uploads\/2021\/12\/Nigua-con-base-barro-negro_Legacy-Mexican-Art-scaled.jpg\",\"width\":1921,\"height\":2560},{\"@type\":\"BreadcrumbList\",\"@id\":\"https:\/\/legacymexicanart.com\/product\/escultura-barro-negro-nigua\/#breadcrumb\",\"itemListElement\":[{\"@type\":\"ListItem\",\"position\":1,\"name\":\"Portada\",\"item\":\"https:\/\/legacymexicanart.com\/\"},{\"@type\":\"ListItem\",\"position\":2,\"name\":\"Shop\",\"item\":\"https:\/\/legacymexicanart.com\/es_es\/shop\/\"},{\"@type\":\"ListItem\",\"position\":3,\"name\":\"Escultura Barro Negro Nigua\"}]},{\"@type\":\"WebSite\",\"@id\":\"https:\/\/legacymexicanart.com\/#website\",\"url\":\"https:\/\/legacymexicanart.com\/\",\"name\":\"\",\"description\":\"Legacy Mexican Art\",\"publisher\":{\"@id\":\"https:\/\/legacymexicanart.com\/#organization\"},\"potentialAction\":[{\"@type\":\"SearchAction\",\"target\":{\"@type\":\"EntryPoint\",\"urlTemplate\":\"https:\/\/legacymexicanart.com\/?s={search_term_string}\"},\"query-input\":\"required name=search_term_string\"}],\"inLanguage\":\"es\"},{\"@type\":\"Organization\",\"@id\":\"https:\/\/legacymexicanart.com\/#organization\",\"name\":\"Legacy Mexican Art\",\"url\":\"https:\/\/legacymexicanart.com\/\",\"logo\":{\"@type\":\"ImageObject\",\"inLanguage\":\"es\",\"@id\":\"https:\/\/legacymexicanart.com\/#\/schema\/logo\/image\/\",\"url\":\"\",\"contentUrl\":\"\",\"caption\":\"Legacy Mexican Art\"},\"image\":{\"@id\":\"https:\/\/legacymexicanart.com\/#\/schema\/logo\/image\/\"}}]}<\/script>\n<!-- \/ Yoast SEO plugin. -->","yoast_head_json":{"title":"Escultura Barro Negro Nigua &#187;","description":"La Escultura en barro negro nigua es calado y moldeado a mano por artesanos de San Bartolo Coyotepec, Oaxaca","robots":{"index":"index","follow":"follow","max-snippet":"max-snippet:-1","max-image-preview":"max-image-preview:large","max-video-preview":"max-video-preview:-1"},"canonical":"https:\/\/legacymexicanart.com\/es_es\/product\/escultura-barro-negro-nigua\/","og_locale":"es_ES","og_type":"article","og_title":"Escultura Barro Negro Nigua &#187;","og_description":"La Escultura en barro negro nigua es calado y moldeado a mano por artesanos de San Bartolo Coyotepec, Oaxaca","og_url":"https:\/\/legacymexicanart.com\/es_es\/product\/escultura-barro-negro-nigua\/","article_modified_time":"2025-02-18T00:37:28+00:00","og_image":[{"width":1921,"height":2560,"url":"https:\/\/legacymexicanart.com\/wp-content\/uploads\/2021\/12\/Nigua-con-base-barro-negro_Legacy-Mexican-Art-scaled.jpg","type":"image\/jpeg"}],"twitter_card":"summary_large_image","twitter_misc":{"Tiempo de lectura":"2 minutos"},"schema":{"@context":"https:\/\/schema.org","@graph":[{"@type":"WebPage","@id":"https:\/\/legacymexicanart.com\/product\/escultura-barro-negro-nigua\/","url":"https:\/\/legacymexicanart.com\/product\/escultura-barro-negro-nigua\/","name":"Escultura Barro Negro Nigua &#187;","isPartOf":{"@id":"https:\/\/legacymexicanart.com\/#website"},"primaryImageOfPage":{"@id":"https:\/\/legacymexicanart.com\/product\/escultura-barro-negro-nigua\/#primaryimage"},"image":{"@id":"https:\/\/legacymexicanart.com\/product\/escultura-barro-negro-nigua\/#primaryimage"},"thumbnailUrl":"https:\/\/legacymexicanart.com\/wp-content\/uploads\/2021\/12\/Nigua-con-base-barro-negro_Legacy-Mexican-Art-scaled.jpg","datePublished":"2021-12-07T23:54:43+00:00","dateModified":"2025-02-18T00:37:28+00:00","description":"La Escultura en barro negro nigua es calado y moldeado a mano por artesanos de San Bartolo Coyotepec, Oaxaca","breadcrumb":{"@id":"https:\/\/legacymexicanart.com\/product\/escultura-barro-negro-nigua\/#breadcrumb"},"inLanguage":"es","potentialAction":[{"@type":"ReadAction","target":["https:\/\/legacymexicanart.com\/product\/escultura-barro-negro-nigua\/"]}]},{"@type":"ImageObject","inLanguage":"es","@id":"https:\/\/legacymexicanart.com\/product\/escultura-barro-negro-nigua\/#primaryimage","url":"https:\/\/legacymexicanart.com\/wp-content\/uploads\/2021\/12\/Nigua-con-base-barro-negro_Legacy-Mexican-Art-scaled.jpg","contentUrl":"https:\/\/legacymexicanart.com\/wp-content\/uploads\/2021\/12\/Nigua-con-base-barro-negro_Legacy-Mexican-Art-scaled.jpg","width":1921,"height":2560},{"@type":"BreadcrumbList","@id":"https:\/\/legacymexicanart.com\/product\/escultura-barro-negro-nigua\/#breadcrumb","itemListElement":[{"@type":"ListItem","position":1,"name":"Portada","item":"https:\/\/legacymexicanart.com\/"},{"@type":"ListItem","position":2,"name":"Shop","item":"https:\/\/legacymexicanart.com\/es_es\/shop\/"},{"@type":"ListItem","position":3,"name":"Escultura Barro Negro Nigua"}]},{"@type":"WebSite","@id":"https:\/\/legacymexicanart.com\/#website","url":"https:\/\/legacymexicanart.com\/","name":"","description":"Legacy Mexican Art","publisher":{"@id":"https:\/\/legacymexicanart.com\/#organization"},"potentialAction":[{"@type":"SearchAction","target":{"@type":"EntryPoint","urlTemplate":"https:\/\/legacymexicanart.com\/?s={search_term_string}"},"query-input":"required name=search_term_string"}],"inLanguage":"es"},{"@type":"Organization","@id":"https:\/\/legacymexicanart.com\/#organization","name":"Legacy Mexican Art","url":"https:\/\/legacymexicanart.com\/","logo":{"@type":"ImageObject","inLanguage":"es","@id":"https:\/\/legacymexicanart.com\/#\/schema\/logo\/image\/","url":"","contentUrl":"","caption":"Legacy Mexican Art"},"image":{"@id":"https:\/\/legacymexicanart.com\/#\/schema\/logo\/image\/"}}]}},"_links":{"self":[{"href":"https:\/\/legacymexicanart.com\/es_es\/wp-json\/wp\/v2\/product\/1501"}],"collection":[{"href":"https:\/\/legacymexicanart.com\/es_es\/wp-json\/wp\/v2\/product"}],"about":[{"href":"https:\/\/legacymexicanart.com\/es_es\/wp-json\/wp\/v2\/types\/product"}],"replies":[{"embeddable":true,"href":"https:\/\/legacymexicanart.com\/es_es\/wp-json\/wp\/v2\/comments?post=1501"}],"wp:featuredmedia":[{"embeddable":true,"href":"https:\/\/legacymexicanart.com\/es_es\/wp-json\/wp\/v2\/media\/1502"}],"wp:attachment":[{"href":"https:\/\/legacymexicanart.com\/es_es\/wp-json\/wp\/v2\/media?parent=1501"}],"wp:term":[{"taxonomy":"product_cat","embeddable":true,"href":"https:\/\/legacymexicanart.com\/es_es\/wp-json\/wp\/v2\/product_cat?post=1501"},{"taxonomy":"product_tag","embeddable":true,"href":"https:\/\/legacymexicanart.com\/es_es\/wp-json\/wp\/v2\/product_tag?post=1501"}],"curies":[{"name":"wp","href":"https:\/\/api.w.org\/{rel}","templated":true}]}}