{"id":1506,"date":"2021-12-08T06:08:39","date_gmt":"2021-12-08T00:08:39","guid":{"rendered":"https:\/\/legacymexicanart.com\/?post_type=product&#038;p=1506"},"modified":"2026-04-01T09:36:59","modified_gmt":"2026-04-01T03:36:59","slug":"florero-barro-negro-doble-vista","status":"publish","type":"product","link":"https:\/\/legacymexicanart.com\/es_es\/product\/florero-barro-negro-doble-vista\/","title":{"rendered":"Florero Cartuchero"},"content":{"rendered":"<p>Florero cartuchero en barro negro con doble vista, acabado liso y rayado moldeado a mano por artesanos de San Bartolo Coyotepec, Oaxaca.<\/p>\n<p><em>Env\u00edo incluido a todo M\u00e9xico.<\/em><\/p>\n<p>Di\u00e1m: 15cm. Boca 6.5cm. x H. 43 cm.<\/p>\n<p>Artesano: Lorenzo Gal\u00e1n<\/p>\n<p><em>El Proceso<\/em><\/p>\n<div dir=\"auto\">Seguramente has o\u00eddo hablar de la arcilla negra de San Bartolo Coyotepec, te contar\u00e9 un poco sobre el proceso.<\/div>\n<div dir=\"auto\">Para realizar el florero Cartuchero, se requiere una enorme habilidad por parte del artesano. Primero se amasa la arcilla hasta que quede lisa y luego se moldea en la forma que tomar\u00e1 la pieza. Una vez moldeado, se seca a la luz del sol durante cuatro d\u00edas, tras los cuales si no es necesario corte, si la pieza es brillante y si no hay manchas, la obra se considera completa. En caso de que la pieza necesite un corte, esto se hace a mano, ya que es un trabajo muy preciso. El efecto brillante se logra puliendo la pieza tambi\u00e9n a mano con cristales de cuarzo. Despu\u00e9s de ser raspado, se deja secar al sol otros d\u00edas. Despu\u00e9s de este tiempo, la pieza se coloca en el horno de le\u00f1a durante un d\u00eda. Es durante este proceso que la cer\u00e1mica negra adquiere su color distintivo. Esta es una forma \u00fanica de adquirir esa coloraci\u00f3n negra, y solo se realiza en San Bartolo Coyotepec, Oaxaca.<\/div>\n<div dir=\"auto\"><\/div>\n<div dir=\"auto\"><em>Legado de Oaxaca<\/em><\/div>\n<div dir=\"auto\">La existencia del Barro Negro es milenaria pues desde \u00e9pocas prehisp\u00e1nicas era utilizado para la elaboraci\u00f3n de piezas como jarrones, platos y jarras. Adem\u00e1s, su uso iba m\u00e1s all\u00e1 del utilitario, ya que guardaba un sentido ritual y sagrado. En algunas ceremonias era ofrecido a los dioses o a los emperadores como un regalo divino.<\/div>\n<div dir=\"auto\"><\/div>\n<div dir=\"auto\"><a href=\"https:\/\/www.instagram.com\/stories\/highlights\/17847042332713206\/?hl=es-la\">https:\/\/www.instagram.com\/stories\/highlights\/17847042332713206\/?hl=es-la<\/a><\/div>\n","protected":false},"excerpt":{"rendered":"<p><a href=\"mailto:contact@legacymexicanart.com?Subject=Mas%20info%20sku%20SBCLG004%20\" target=\"_blank\" rel=\"noopener\"><br \/>\n<img decoding=\"async\" src=\"https:\/\/legacymexicanart.com\/wp-content\/uploads\/2021\/10\/email-Design.svg\" \/> M\u00e1s informaci\u00f3n del producto<br \/>\n<\/a><\/p>\n<p><strong><em>Env\u00edo incluido a todo M\u00e9xico.<\/em><\/strong><\/p>\n","protected":false},"featured_media":1507,"comment_status":"open","ping_status":"closed","template":"","meta":[],"product_cat":[18,185],"product_tag":[208,215,67,177,216,210],"yoast_head":"<!-- This site is optimized with the Yoast SEO plugin v22.6 - https:\/\/yoast.com\/wordpress\/plugins\/seo\/ -->\n<title>Florero Cartuchero &#187;<\/title>\n<meta name=\"description\" content=\"Florero cartuchero en barro negro con doble vista, acabado liso y rayado moldeado a mano por artesanos de San Bartolo Coyotepec, Oaxaca.\" \/>\n<meta name=\"robots\" content=\"index, follow, max-snippet:-1, max-image-preview:large, max-video-preview:-1\" \/>\n<link rel=\"canonical\" href=\"https:\/\/legacymexicanart.com\/es_es\/product\/florero-barro-negro-doble-vista\/\" \/>\n<meta property=\"og:locale\" content=\"es_ES\" \/>\n<meta property=\"og:type\" content=\"article\" \/>\n<meta property=\"og:title\" content=\"Florero Cartuchero &#187;\" \/>\n<meta property=\"og:description\" content=\"Florero cartuchero en barro negro con doble vista, acabado liso y rayado moldeado a mano por artesanos de San Bartolo Coyotepec, Oaxaca.\" \/>\n<meta property=\"og:url\" content=\"https:\/\/legacymexicanart.com\/es_es\/product\/florero-barro-negro-doble-vista\/\" \/>\n<meta property=\"article:modified_time\" content=\"2026-04-01T03:36:59+00:00\" \/>\n<meta property=\"og:image\" content=\"https:\/\/legacymexicanart.com\/wp-content\/uploads\/2021\/12\/Florero-cartuchero-barro-negro_Legacy-Mexican-Art.png\" \/>\n\t<meta property=\"og:image:width\" content=\"1064\" \/>\n\t<meta property=\"og:image:height\" content=\"877\" \/>\n\t<meta property=\"og:image:type\" content=\"image\/png\" \/>\n<meta name=\"twitter:card\" content=\"summary_large_image\" \/>\n<meta name=\"twitter:label1\" content=\"Tiempo de lectura\" \/>\n\t<meta name=\"twitter:data1\" content=\"2 minutos\" \/>\n<script type=\"application\/ld+json\" class=\"yoast-schema-graph\">{\"@context\":\"https:\/\/schema.org\",\"@graph\":[{\"@type\":\"WebPage\",\"@id\":\"https:\/\/legacymexicanart.com\/product\/florero-barro-negro-doble-vista\/\",\"url\":\"https:\/\/legacymexicanart.com\/product\/florero-barro-negro-doble-vista\/\",\"name\":\"Florero Cartuchero &#187;\",\"isPartOf\":{\"@id\":\"https:\/\/legacymexicanart.com\/#website\"},\"primaryImageOfPage\":{\"@id\":\"https:\/\/legacymexicanart.com\/product\/florero-barro-negro-doble-vista\/#primaryimage\"},\"image\":{\"@id\":\"https:\/\/legacymexicanart.com\/product\/florero-barro-negro-doble-vista\/#primaryimage\"},\"thumbnailUrl\":\"https:\/\/legacymexicanart.com\/wp-content\/uploads\/2021\/12\/Florero-cartuchero-barro-negro_Legacy-Mexican-Art.png\",\"datePublished\":\"2021-12-08T00:08:39+00:00\",\"dateModified\":\"2026-04-01T03:36:59+00:00\",\"description\":\"Florero cartuchero en barro negro con doble vista, acabado liso y rayado moldeado a mano por artesanos de San Bartolo Coyotepec, Oaxaca.\",\"breadcrumb\":{\"@id\":\"https:\/\/legacymexicanart.com\/product\/florero-barro-negro-doble-vista\/#breadcrumb\"},\"inLanguage\":\"es\",\"potentialAction\":[{\"@type\":\"ReadAction\",\"target\":[\"https:\/\/legacymexicanart.com\/product\/florero-barro-negro-doble-vista\/\"]}]},{\"@type\":\"ImageObject\",\"inLanguage\":\"es\",\"@id\":\"https:\/\/legacymexicanart.com\/product\/florero-barro-negro-doble-vista\/#primaryimage\",\"url\":\"https:\/\/legacymexicanart.com\/wp-content\/uploads\/2021\/12\/Florero-cartuchero-barro-negro_Legacy-Mexican-Art.png\",\"contentUrl\":\"https:\/\/legacymexicanart.com\/wp-content\/uploads\/2021\/12\/Florero-cartuchero-barro-negro_Legacy-Mexican-Art.png\",\"width\":1064,\"height\":877},{\"@type\":\"BreadcrumbList\",\"@id\":\"https:\/\/legacymexicanart.com\/product\/florero-barro-negro-doble-vista\/#breadcrumb\",\"itemListElement\":[{\"@type\":\"ListItem\",\"position\":1,\"name\":\"Portada\",\"item\":\"https:\/\/legacymexicanart.com\/\"},{\"@type\":\"ListItem\",\"position\":2,\"name\":\"Shop\",\"item\":\"https:\/\/legacymexicanart.com\/es_es\/shop\/\"},{\"@type\":\"ListItem\",\"position\":3,\"name\":\"Florero Cartuchero\"}]},{\"@type\":\"WebSite\",\"@id\":\"https:\/\/legacymexicanart.com\/#website\",\"url\":\"https:\/\/legacymexicanart.com\/\",\"name\":\"\",\"description\":\"Legacy Mexican Art\",\"publisher\":{\"@id\":\"https:\/\/legacymexicanart.com\/#organization\"},\"potentialAction\":[{\"@type\":\"SearchAction\",\"target\":{\"@type\":\"EntryPoint\",\"urlTemplate\":\"https:\/\/legacymexicanart.com\/?s={search_term_string}\"},\"query-input\":\"required name=search_term_string\"}],\"inLanguage\":\"es\"},{\"@type\":\"Organization\",\"@id\":\"https:\/\/legacymexicanart.com\/#organization\",\"name\":\"Legacy Mexican Art\",\"url\":\"https:\/\/legacymexicanart.com\/\",\"logo\":{\"@type\":\"ImageObject\",\"inLanguage\":\"es\",\"@id\":\"https:\/\/legacymexicanart.com\/#\/schema\/logo\/image\/\",\"url\":\"\",\"contentUrl\":\"\",\"caption\":\"Legacy Mexican Art\"},\"image\":{\"@id\":\"https:\/\/legacymexicanart.com\/#\/schema\/logo\/image\/\"}}]}<\/script>\n<!-- \/ Yoast SEO plugin. -->","yoast_head_json":{"title":"Florero Cartuchero &#187;","description":"Florero cartuchero en barro negro con doble vista, acabado liso y rayado moldeado a mano por artesanos de San Bartolo Coyotepec, Oaxaca.","robots":{"index":"index","follow":"follow","max-snippet":"max-snippet:-1","max-image-preview":"max-image-preview:large","max-video-preview":"max-video-preview:-1"},"canonical":"https:\/\/legacymexicanart.com\/es_es\/product\/florero-barro-negro-doble-vista\/","og_locale":"es_ES","og_type":"article","og_title":"Florero Cartuchero &#187;","og_description":"Florero cartuchero en barro negro con doble vista, acabado liso y rayado moldeado a mano por artesanos de San Bartolo Coyotepec, Oaxaca.","og_url":"https:\/\/legacymexicanart.com\/es_es\/product\/florero-barro-negro-doble-vista\/","article_modified_time":"2026-04-01T03:36:59+00:00","og_image":[{"width":1064,"height":877,"url":"https:\/\/legacymexicanart.com\/wp-content\/uploads\/2021\/12\/Florero-cartuchero-barro-negro_Legacy-Mexican-Art.png","type":"image\/png"}],"twitter_card":"summary_large_image","twitter_misc":{"Tiempo de lectura":"2 minutos"},"schema":{"@context":"https:\/\/schema.org","@graph":[{"@type":"WebPage","@id":"https:\/\/legacymexicanart.com\/product\/florero-barro-negro-doble-vista\/","url":"https:\/\/legacymexicanart.com\/product\/florero-barro-negro-doble-vista\/","name":"Florero Cartuchero &#187;","isPartOf":{"@id":"https:\/\/legacymexicanart.com\/#website"},"primaryImageOfPage":{"@id":"https:\/\/legacymexicanart.com\/product\/florero-barro-negro-doble-vista\/#primaryimage"},"image":{"@id":"https:\/\/legacymexicanart.com\/product\/florero-barro-negro-doble-vista\/#primaryimage"},"thumbnailUrl":"https:\/\/legacymexicanart.com\/wp-content\/uploads\/2021\/12\/Florero-cartuchero-barro-negro_Legacy-Mexican-Art.png","datePublished":"2021-12-08T00:08:39+00:00","dateModified":"2026-04-01T03:36:59+00:00","description":"Florero cartuchero en barro negro con doble vista, acabado liso y rayado moldeado a mano por artesanos de San Bartolo Coyotepec, Oaxaca.","breadcrumb":{"@id":"https:\/\/legacymexicanart.com\/product\/florero-barro-negro-doble-vista\/#breadcrumb"},"inLanguage":"es","potentialAction":[{"@type":"ReadAction","target":["https:\/\/legacymexicanart.com\/product\/florero-barro-negro-doble-vista\/"]}]},{"@type":"ImageObject","inLanguage":"es","@id":"https:\/\/legacymexicanart.com\/product\/florero-barro-negro-doble-vista\/#primaryimage","url":"https:\/\/legacymexicanart.com\/wp-content\/uploads\/2021\/12\/Florero-cartuchero-barro-negro_Legacy-Mexican-Art.png","contentUrl":"https:\/\/legacymexicanart.com\/wp-content\/uploads\/2021\/12\/Florero-cartuchero-barro-negro_Legacy-Mexican-Art.png","width":1064,"height":877},{"@type":"BreadcrumbList","@id":"https:\/\/legacymexicanart.com\/product\/florero-barro-negro-doble-vista\/#breadcrumb","itemListElement":[{"@type":"ListItem","position":1,"name":"Portada","item":"https:\/\/legacymexicanart.com\/"},{"@type":"ListItem","position":2,"name":"Shop","item":"https:\/\/legacymexicanart.com\/es_es\/shop\/"},{"@type":"ListItem","position":3,"name":"Florero Cartuchero"}]},{"@type":"WebSite","@id":"https:\/\/legacymexicanart.com\/#website","url":"https:\/\/legacymexicanart.com\/","name":"","description":"Legacy Mexican Art","publisher":{"@id":"https:\/\/legacymexicanart.com\/#organization"},"potentialAction":[{"@type":"SearchAction","target":{"@type":"EntryPoint","urlTemplate":"https:\/\/legacymexicanart.com\/?s={search_term_string}"},"query-input":"required name=search_term_string"}],"inLanguage":"es"},{"@type":"Organization","@id":"https:\/\/legacymexicanart.com\/#organization","name":"Legacy Mexican Art","url":"https:\/\/legacymexicanart.com\/","logo":{"@type":"ImageObject","inLanguage":"es","@id":"https:\/\/legacymexicanart.com\/#\/schema\/logo\/image\/","url":"","contentUrl":"","caption":"Legacy Mexican Art"},"image":{"@id":"https:\/\/legacymexicanart.com\/#\/schema\/logo\/image\/"}}]}},"_links":{"self":[{"href":"https:\/\/legacymexicanart.com\/es_es\/wp-json\/wp\/v2\/product\/1506"}],"collection":[{"href":"https:\/\/legacymexicanart.com\/es_es\/wp-json\/wp\/v2\/product"}],"about":[{"href":"https:\/\/legacymexicanart.com\/es_es\/wp-json\/wp\/v2\/types\/product"}],"replies":[{"embeddable":true,"href":"https:\/\/legacymexicanart.com\/es_es\/wp-json\/wp\/v2\/comments?post=1506"}],"wp:featuredmedia":[{"embeddable":true,"href":"https:\/\/legacymexicanart.com\/es_es\/wp-json\/wp\/v2\/media\/1507"}],"wp:attachment":[{"href":"https:\/\/legacymexicanart.com\/es_es\/wp-json\/wp\/v2\/media?parent=1506"}],"wp:term":[{"taxonomy":"product_cat","embeddable":true,"href":"https:\/\/legacymexicanart.com\/es_es\/wp-json\/wp\/v2\/product_cat?post=1506"},{"taxonomy":"product_tag","embeddable":true,"href":"https:\/\/legacymexicanart.com\/es_es\/wp-json\/wp\/v2\/product_tag?post=1506"}],"curies":[{"name":"wp","href":"https:\/\/api.w.org\/{rel}","templated":true}]}}