{"id":1514,"date":"2021-12-08T06:42:21","date_gmt":"2021-12-08T00:42:21","guid":{"rendered":"https:\/\/legacymexicanart.com\/?post_type=product&#038;p=1514"},"modified":"2026-04-01T09:42:51","modified_gmt":"2026-04-01T03:42:51","slug":"escorpion","status":"publish","type":"product","link":"https:\/\/legacymexicanart.com\/es_es\/product\/escorpion\/","title":{"rendered":"Escorpi\u00f3n"},"content":{"rendered":"<p>El Escorpi\u00f3n es una pieza atractiva y poderosa de mucho simbolismo.<\/p>\n<p>Esta hermosa artesan\u00eda est\u00e1 realizado en una sola pieza, tallado a mano en madera de Copal que crece en la regi\u00f3n de Oaxaca.<\/p>\n<p>En Legacy Mexican Art, colaboramos con artesanos que tienen una conciencia ecol\u00f3gica por lo que cada vez que cortan un \u00e1rbol, siembran m\u00e1s \u00e1rboles para mantener un equilibrio con el medio ambiente.<\/p>\n<p>Dimensiones: 24 x 24 x H 23 cm<\/p>\n<p><em>Env\u00edo incluido a todo M\u00e9xico<\/em><\/p>\n<p><em>Legado de Oaxaca<\/em><\/p>\n<p>El Escorpi\u00f3n\u00a0 fue realizado en Antonio Arrazola, Oaxaca y viene firmado por el artista.<\/p>\n<p><em>Legado de Oaxaca<\/em><\/p>\n<p>En Oaxaca, siempre ha existido la tradici\u00f3n de tallar figuras de animales surrealistas en madera, de hecho son conocidos como los Tonas.<\/p>\n<p>Los Tonas o Nahuales son piezas \u00fanicas y surrealistas, dif\u00edcilmente encontrar\u00e1s una pieza igual ya que son figuras provenientes de la inspiraci\u00f3n del artista.<\/p>\n<p>Los Tonas en la cultura zapoteca son esp\u00edritus, que tambi\u00e9n son llamados Nahuales y sirven de gu\u00edas espirituales en la vida de cada persona seg\u00fan su fecha de su nacimiento.<\/p>\n<p><a href=\"https:\/\/www.facebook.com\/legacymexicanart\/photos\/pcb.4858179760969820\/4858159717638491\/\">https:\/\/www.facebook.com\/legacymexicanart\/photos\/pcb.4858179760969820\/4858159717638491\/<\/a><\/p>\n<p><a href=\"https:\/\/pin.it\/39NwBid\">https:\/\/pin.it\/39NwBid<\/a><\/p>\n<p><a href=\"https:\/\/legacymexicanart.com\/es_es\/product\/escorpion\/\">https:\/\/legacymexicanart.com\/es_es\/product\/escorpion\/<\/a><\/p>\n<p>&nbsp;<\/p>\n","protected":false},"excerpt":{"rendered":"<p><a href=\"mailto:contact@legacymexicanart.com?Subject=Mas%20info%20sku%20ARZLCOY001%20\" target=\"_blank\" rel=\"noopener\"><br \/>\n<img decoding=\"async\" src=\"https:\/\/legacymexicanart.com\/wp-content\/uploads\/2021\/10\/email-Design.svg\" \/> M\u00e1s informaci\u00f3n del producto<br \/>\n<\/a><\/p>\n<p><em><strong>Env\u00edo incluido a todo M\u00e9xico<\/strong><\/em><\/p>\n","protected":false},"featured_media":2125,"comment_status":"open","ping_status":"closed","template":"","meta":[],"product_cat":[417,18],"product_tag":[218,222,221,219,220,408,210,112,407],"yoast_head":"<!-- This site is optimized with the Yoast SEO plugin v22.6 - https:\/\/yoast.com\/wordpress\/plugins\/seo\/ -->\n<title>Escorpi\u00f3n &#187;<\/title>\n<meta name=\"description\" content=\"El Escorpi\u00f3n es una pieza atractiva y poderosa de mucho simbolismo.Esta hermosa artesan\u00eda est\u00e1 realizado en una sola pieza\" \/>\n<meta name=\"robots\" content=\"index, follow, max-snippet:-1, max-image-preview:large, max-video-preview:-1\" \/>\n<link rel=\"canonical\" href=\"https:\/\/legacymexicanart.com\/es_es\/product\/escorpion\/\" \/>\n<meta property=\"og:locale\" content=\"es_ES\" \/>\n<meta property=\"og:type\" content=\"article\" \/>\n<meta property=\"og:title\" content=\"Escorpi\u00f3n &#187;\" \/>\n<meta property=\"og:description\" content=\"El Escorpi\u00f3n es una pieza atractiva y poderosa de mucho simbolismo.Esta hermosa artesan\u00eda est\u00e1 realizado en una sola pieza\" \/>\n<meta property=\"og:url\" content=\"https:\/\/legacymexicanart.com\/es_es\/product\/escorpion\/\" \/>\n<meta property=\"article:modified_time\" content=\"2026-04-01T03:42:51+00:00\" \/>\n<meta property=\"og:image\" content=\"https:\/\/legacymexicanart.com\/wp-content\/uploads\/2021\/12\/Alebrije-Escorpion.png\" \/>\n\t<meta property=\"og:image:width\" content=\"1200\" \/>\n\t<meta property=\"og:image:height\" content=\"769\" \/>\n\t<meta property=\"og:image:type\" content=\"image\/png\" \/>\n<meta name=\"twitter:card\" content=\"summary_large_image\" \/>\n<meta name=\"twitter:label1\" content=\"Tiempo de lectura\" \/>\n\t<meta name=\"twitter:data1\" content=\"2 minutos\" \/>\n<script type=\"application\/ld+json\" class=\"yoast-schema-graph\">{\"@context\":\"https:\/\/schema.org\",\"@graph\":[{\"@type\":\"WebPage\",\"@id\":\"https:\/\/legacymexicanart.com\/product\/escorpion\/\",\"url\":\"https:\/\/legacymexicanart.com\/product\/escorpion\/\",\"name\":\"Escorpi\u00f3n &#187;\",\"isPartOf\":{\"@id\":\"https:\/\/legacymexicanart.com\/#website\"},\"primaryImageOfPage\":{\"@id\":\"https:\/\/legacymexicanart.com\/product\/escorpion\/#primaryimage\"},\"image\":{\"@id\":\"https:\/\/legacymexicanart.com\/product\/escorpion\/#primaryimage\"},\"thumbnailUrl\":\"https:\/\/legacymexicanart.com\/wp-content\/uploads\/2021\/12\/Alebrije-Escorpion.png\",\"datePublished\":\"2021-12-08T00:42:21+00:00\",\"dateModified\":\"2026-04-01T03:42:51+00:00\",\"description\":\"El Escorpi\u00f3n es una pieza atractiva y poderosa de mucho simbolismo.Esta hermosa artesan\u00eda est\u00e1 realizado en una sola pieza\",\"breadcrumb\":{\"@id\":\"https:\/\/legacymexicanart.com\/product\/escorpion\/#breadcrumb\"},\"inLanguage\":\"es\",\"potentialAction\":[{\"@type\":\"ReadAction\",\"target\":[\"https:\/\/legacymexicanart.com\/product\/escorpion\/\"]}]},{\"@type\":\"ImageObject\",\"inLanguage\":\"es\",\"@id\":\"https:\/\/legacymexicanart.com\/product\/escorpion\/#primaryimage\",\"url\":\"https:\/\/legacymexicanart.com\/wp-content\/uploads\/2021\/12\/Alebrije-Escorpion.png\",\"contentUrl\":\"https:\/\/legacymexicanart.com\/wp-content\/uploads\/2021\/12\/Alebrije-Escorpion.png\",\"width\":1200,\"height\":769},{\"@type\":\"BreadcrumbList\",\"@id\":\"https:\/\/legacymexicanart.com\/product\/escorpion\/#breadcrumb\",\"itemListElement\":[{\"@type\":\"ListItem\",\"position\":1,\"name\":\"Portada\",\"item\":\"https:\/\/legacymexicanart.com\/\"},{\"@type\":\"ListItem\",\"position\":2,\"name\":\"Shop\",\"item\":\"https:\/\/legacymexicanart.com\/es_es\/shop\/\"},{\"@type\":\"ListItem\",\"position\":3,\"name\":\"Escorpi\u00f3n\"}]},{\"@type\":\"WebSite\",\"@id\":\"https:\/\/legacymexicanart.com\/#website\",\"url\":\"https:\/\/legacymexicanart.com\/\",\"name\":\"\",\"description\":\"Legacy Mexican Art\",\"publisher\":{\"@id\":\"https:\/\/legacymexicanart.com\/#organization\"},\"potentialAction\":[{\"@type\":\"SearchAction\",\"target\":{\"@type\":\"EntryPoint\",\"urlTemplate\":\"https:\/\/legacymexicanart.com\/?s={search_term_string}\"},\"query-input\":\"required name=search_term_string\"}],\"inLanguage\":\"es\"},{\"@type\":\"Organization\",\"@id\":\"https:\/\/legacymexicanart.com\/#organization\",\"name\":\"Legacy Mexican Art\",\"url\":\"https:\/\/legacymexicanart.com\/\",\"logo\":{\"@type\":\"ImageObject\",\"inLanguage\":\"es\",\"@id\":\"https:\/\/legacymexicanart.com\/#\/schema\/logo\/image\/\",\"url\":\"\",\"contentUrl\":\"\",\"caption\":\"Legacy Mexican Art\"},\"image\":{\"@id\":\"https:\/\/legacymexicanart.com\/#\/schema\/logo\/image\/\"}}]}<\/script>\n<!-- \/ Yoast SEO plugin. -->","yoast_head_json":{"title":"Escorpi\u00f3n &#187;","description":"El Escorpi\u00f3n es una pieza atractiva y poderosa de mucho simbolismo.Esta hermosa artesan\u00eda est\u00e1 realizado en una sola pieza","robots":{"index":"index","follow":"follow","max-snippet":"max-snippet:-1","max-image-preview":"max-image-preview:large","max-video-preview":"max-video-preview:-1"},"canonical":"https:\/\/legacymexicanart.com\/es_es\/product\/escorpion\/","og_locale":"es_ES","og_type":"article","og_title":"Escorpi\u00f3n &#187;","og_description":"El Escorpi\u00f3n es una pieza atractiva y poderosa de mucho simbolismo.Esta hermosa artesan\u00eda est\u00e1 realizado en una sola pieza","og_url":"https:\/\/legacymexicanart.com\/es_es\/product\/escorpion\/","article_modified_time":"2026-04-01T03:42:51+00:00","og_image":[{"width":1200,"height":769,"url":"https:\/\/legacymexicanart.com\/wp-content\/uploads\/2021\/12\/Alebrije-Escorpion.png","type":"image\/png"}],"twitter_card":"summary_large_image","twitter_misc":{"Tiempo de lectura":"2 minutos"},"schema":{"@context":"https:\/\/schema.org","@graph":[{"@type":"WebPage","@id":"https:\/\/legacymexicanart.com\/product\/escorpion\/","url":"https:\/\/legacymexicanart.com\/product\/escorpion\/","name":"Escorpi\u00f3n &#187;","isPartOf":{"@id":"https:\/\/legacymexicanart.com\/#website"},"primaryImageOfPage":{"@id":"https:\/\/legacymexicanart.com\/product\/escorpion\/#primaryimage"},"image":{"@id":"https:\/\/legacymexicanart.com\/product\/escorpion\/#primaryimage"},"thumbnailUrl":"https:\/\/legacymexicanart.com\/wp-content\/uploads\/2021\/12\/Alebrije-Escorpion.png","datePublished":"2021-12-08T00:42:21+00:00","dateModified":"2026-04-01T03:42:51+00:00","description":"El Escorpi\u00f3n es una pieza atractiva y poderosa de mucho simbolismo.Esta hermosa artesan\u00eda est\u00e1 realizado en una sola pieza","breadcrumb":{"@id":"https:\/\/legacymexicanart.com\/product\/escorpion\/#breadcrumb"},"inLanguage":"es","potentialAction":[{"@type":"ReadAction","target":["https:\/\/legacymexicanart.com\/product\/escorpion\/"]}]},{"@type":"ImageObject","inLanguage":"es","@id":"https:\/\/legacymexicanart.com\/product\/escorpion\/#primaryimage","url":"https:\/\/legacymexicanart.com\/wp-content\/uploads\/2021\/12\/Alebrije-Escorpion.png","contentUrl":"https:\/\/legacymexicanart.com\/wp-content\/uploads\/2021\/12\/Alebrije-Escorpion.png","width":1200,"height":769},{"@type":"BreadcrumbList","@id":"https:\/\/legacymexicanart.com\/product\/escorpion\/#breadcrumb","itemListElement":[{"@type":"ListItem","position":1,"name":"Portada","item":"https:\/\/legacymexicanart.com\/"},{"@type":"ListItem","position":2,"name":"Shop","item":"https:\/\/legacymexicanart.com\/es_es\/shop\/"},{"@type":"ListItem","position":3,"name":"Escorpi\u00f3n"}]},{"@type":"WebSite","@id":"https:\/\/legacymexicanart.com\/#website","url":"https:\/\/legacymexicanart.com\/","name":"","description":"Legacy Mexican Art","publisher":{"@id":"https:\/\/legacymexicanart.com\/#organization"},"potentialAction":[{"@type":"SearchAction","target":{"@type":"EntryPoint","urlTemplate":"https:\/\/legacymexicanart.com\/?s={search_term_string}"},"query-input":"required name=search_term_string"}],"inLanguage":"es"},{"@type":"Organization","@id":"https:\/\/legacymexicanart.com\/#organization","name":"Legacy Mexican Art","url":"https:\/\/legacymexicanart.com\/","logo":{"@type":"ImageObject","inLanguage":"es","@id":"https:\/\/legacymexicanart.com\/#\/schema\/logo\/image\/","url":"","contentUrl":"","caption":"Legacy Mexican Art"},"image":{"@id":"https:\/\/legacymexicanart.com\/#\/schema\/logo\/image\/"}}]}},"_links":{"self":[{"href":"https:\/\/legacymexicanart.com\/es_es\/wp-json\/wp\/v2\/product\/1514"}],"collection":[{"href":"https:\/\/legacymexicanart.com\/es_es\/wp-json\/wp\/v2\/product"}],"about":[{"href":"https:\/\/legacymexicanart.com\/es_es\/wp-json\/wp\/v2\/types\/product"}],"replies":[{"embeddable":true,"href":"https:\/\/legacymexicanart.com\/es_es\/wp-json\/wp\/v2\/comments?post=1514"}],"wp:featuredmedia":[{"embeddable":true,"href":"https:\/\/legacymexicanart.com\/es_es\/wp-json\/wp\/v2\/media\/2125"}],"wp:attachment":[{"href":"https:\/\/legacymexicanart.com\/es_es\/wp-json\/wp\/v2\/media?parent=1514"}],"wp:term":[{"taxonomy":"product_cat","embeddable":true,"href":"https:\/\/legacymexicanart.com\/es_es\/wp-json\/wp\/v2\/product_cat?post=1514"},{"taxonomy":"product_tag","embeddable":true,"href":"https:\/\/legacymexicanart.com\/es_es\/wp-json\/wp\/v2\/product_tag?post=1514"}],"curies":[{"name":"wp","href":"https:\/\/api.w.org\/{rel}","templated":true}]}}