{"id":1519,"date":"2021-12-08T06:55:35","date_gmt":"2021-12-08T00:55:35","guid":{"rendered":"https:\/\/legacymexicanart.com\/?post_type=product&#038;p=1519"},"modified":"2026-04-01T09:36:59","modified_gmt":"2026-04-01T03:36:59","slug":"mantis-religiosa","status":"publish","type":"product","link":"https:\/\/legacymexicanart.com\/es_es\/product\/mantis-religiosa\/","title":{"rendered":"Mantis Religiosa"},"content":{"rendered":"<p>El Tona Mantis religiosa es una pieza con mucho simbolismo ya que en distintas culturas son una conexi\u00f3n con el mundo de los esp\u00edritus. Su mismo nombre nos indica que el insecto realiza la acci\u00f3n de rezar, ya que sus brazos delanteros hacen parecer que ora.<\/p>\n<p>Tallado en madera de Copal pintado a mano.<\/p>\n<p>En Legacy Mexican Art colaboramos con artesanos que tienen una conciencia ecol\u00f3gica por lo que cada vez que cortan un \u00e1rbol, siembran m\u00e1s \u00e1rboles para mantener un equilibrio con el medio ambiente.<\/p>\n<p>Dimensiones: 31 x 20 x H. 41 cm.<\/p>\n<p><em>Env\u00edo incluido a todo M\u00e9xico.<\/em><\/p>\n<p>Este Tona fue realizado en San Mart\u00edn Tilcajete y viene firmado por el artista.<\/p>\n<p><em>Legado de Oaxaca<\/em><\/p>\n<p>En Oaxaca, siempre ha existido la tradici\u00f3n de tallar figuras de animales surrealistas en madera, de hecho son conocidos como los Tonas.<\/p>\n<p>Los Tonas o Nahuales son piezas \u00fanicas y surrealistas, dif\u00edcilmente encontrar\u00e1s una pieza igual ya que son figuras provenientes de la inspiraci\u00f3n del artista.<\/p>\n<p>Los Tonas en la cultura zapoteca son esp\u00edritus, que tambi\u00e9n son llamados Nahuales y sirven de gu\u00edas espirituales en la vida de cada persona seg\u00fan su fecha de su nacimiento.<\/p>\n","protected":false},"excerpt":{"rendered":"<p><a href=\"mailto:contact@legacymexicanart.com?Subject=Mas%20info%20sku%20ARZLFRAM001%20\" target=\"_blank\" rel=\"noopener\"><br \/>\n<img decoding=\"async\" src=\"https:\/\/legacymexicanart.com\/wp-content\/uploads\/2021\/10\/email-Design.svg\" \/> M\u00e1s informaci\u00f3n del producto<br \/>\n<\/a><\/p>\n<p><strong><em>Env\u00edo incluido a todo M\u00e9xico.<\/em><\/strong><\/p>\n","protected":false},"featured_media":1520,"comment_status":"open","ping_status":"closed","template":"","meta":[],"product_cat":[417,18],"product_tag":[218,225,221,220,224,112,226],"yoast_head":"<!-- This site is optimized with the Yoast SEO plugin v22.6 - https:\/\/yoast.com\/wordpress\/plugins\/seo\/ -->\n<title>Mantis Religiosa &#187;<\/title>\n<meta name=\"description\" content=\"El tona mantis religiosa es una pieza con mucho simbolismo ya que en distintas culturas son una conexi\u00f3n con el mundo de los esp\u00edritus.\" \/>\n<meta name=\"robots\" content=\"index, follow, max-snippet:-1, max-image-preview:large, max-video-preview:-1\" \/>\n<link rel=\"canonical\" href=\"https:\/\/legacymexicanart.com\/es_es\/product\/mantis-religiosa\/\" \/>\n<meta property=\"og:locale\" content=\"es_ES\" \/>\n<meta property=\"og:type\" content=\"article\" \/>\n<meta property=\"og:title\" content=\"Mantis Religiosa &#187;\" \/>\n<meta property=\"og:description\" content=\"El tona mantis religiosa es una pieza con mucho simbolismo ya que en distintas culturas son una conexi\u00f3n con el mundo de los esp\u00edritus.\" \/>\n<meta property=\"og:url\" content=\"https:\/\/legacymexicanart.com\/es_es\/product\/mantis-religiosa\/\" \/>\n<meta property=\"article:modified_time\" content=\"2026-04-01T03:36:59+00:00\" \/>\n<meta property=\"og:image\" content=\"https:\/\/legacymexicanart.com\/wp-content\/uploads\/2021\/12\/Mantis_Legacy-Mexican-art.png\" \/>\n\t<meta property=\"og:image:width\" content=\"1071\" \/>\n\t<meta property=\"og:image:height\" content=\"916\" \/>\n\t<meta property=\"og:image:type\" content=\"image\/png\" \/>\n<meta name=\"twitter:card\" content=\"summary_large_image\" \/>\n<meta name=\"twitter:label1\" content=\"Tiempo de lectura\" \/>\n\t<meta name=\"twitter:data1\" content=\"1 minuto\" \/>\n<script type=\"application\/ld+json\" class=\"yoast-schema-graph\">{\"@context\":\"https:\/\/schema.org\",\"@graph\":[{\"@type\":\"WebPage\",\"@id\":\"https:\/\/legacymexicanart.com\/product\/mantis-religiosa\/\",\"url\":\"https:\/\/legacymexicanart.com\/product\/mantis-religiosa\/\",\"name\":\"Mantis Religiosa &#187;\",\"isPartOf\":{\"@id\":\"https:\/\/legacymexicanart.com\/#website\"},\"primaryImageOfPage\":{\"@id\":\"https:\/\/legacymexicanart.com\/product\/mantis-religiosa\/#primaryimage\"},\"image\":{\"@id\":\"https:\/\/legacymexicanart.com\/product\/mantis-religiosa\/#primaryimage\"},\"thumbnailUrl\":\"https:\/\/legacymexicanart.com\/wp-content\/uploads\/2021\/12\/Mantis_Legacy-Mexican-art.png\",\"datePublished\":\"2021-12-08T00:55:35+00:00\",\"dateModified\":\"2026-04-01T03:36:59+00:00\",\"description\":\"El tona mantis religiosa es una pieza con mucho simbolismo ya que en distintas culturas son una conexi\u00f3n con el mundo de los esp\u00edritus.\",\"breadcrumb\":{\"@id\":\"https:\/\/legacymexicanart.com\/product\/mantis-religiosa\/#breadcrumb\"},\"inLanguage\":\"es\",\"potentialAction\":[{\"@type\":\"ReadAction\",\"target\":[\"https:\/\/legacymexicanart.com\/product\/mantis-religiosa\/\"]}]},{\"@type\":\"ImageObject\",\"inLanguage\":\"es\",\"@id\":\"https:\/\/legacymexicanart.com\/product\/mantis-religiosa\/#primaryimage\",\"url\":\"https:\/\/legacymexicanart.com\/wp-content\/uploads\/2021\/12\/Mantis_Legacy-Mexican-art.png\",\"contentUrl\":\"https:\/\/legacymexicanart.com\/wp-content\/uploads\/2021\/12\/Mantis_Legacy-Mexican-art.png\",\"width\":1071,\"height\":916},{\"@type\":\"BreadcrumbList\",\"@id\":\"https:\/\/legacymexicanart.com\/product\/mantis-religiosa\/#breadcrumb\",\"itemListElement\":[{\"@type\":\"ListItem\",\"position\":1,\"name\":\"Portada\",\"item\":\"https:\/\/legacymexicanart.com\/\"},{\"@type\":\"ListItem\",\"position\":2,\"name\":\"Shop\",\"item\":\"https:\/\/legacymexicanart.com\/es_es\/shop\/\"},{\"@type\":\"ListItem\",\"position\":3,\"name\":\"Mantis Religiosa\"}]},{\"@type\":\"WebSite\",\"@id\":\"https:\/\/legacymexicanart.com\/#website\",\"url\":\"https:\/\/legacymexicanart.com\/\",\"name\":\"\",\"description\":\"Legacy Mexican Art\",\"publisher\":{\"@id\":\"https:\/\/legacymexicanart.com\/#organization\"},\"potentialAction\":[{\"@type\":\"SearchAction\",\"target\":{\"@type\":\"EntryPoint\",\"urlTemplate\":\"https:\/\/legacymexicanart.com\/?s={search_term_string}\"},\"query-input\":\"required name=search_term_string\"}],\"inLanguage\":\"es\"},{\"@type\":\"Organization\",\"@id\":\"https:\/\/legacymexicanart.com\/#organization\",\"name\":\"Legacy Mexican Art\",\"url\":\"https:\/\/legacymexicanart.com\/\",\"logo\":{\"@type\":\"ImageObject\",\"inLanguage\":\"es\",\"@id\":\"https:\/\/legacymexicanart.com\/#\/schema\/logo\/image\/\",\"url\":\"\",\"contentUrl\":\"\",\"caption\":\"Legacy Mexican Art\"},\"image\":{\"@id\":\"https:\/\/legacymexicanart.com\/#\/schema\/logo\/image\/\"}}]}<\/script>\n<!-- \/ Yoast SEO plugin. -->","yoast_head_json":{"title":"Mantis Religiosa &#187;","description":"El tona mantis religiosa es una pieza con mucho simbolismo ya que en distintas culturas son una conexi\u00f3n con el mundo de los esp\u00edritus.","robots":{"index":"index","follow":"follow","max-snippet":"max-snippet:-1","max-image-preview":"max-image-preview:large","max-video-preview":"max-video-preview:-1"},"canonical":"https:\/\/legacymexicanart.com\/es_es\/product\/mantis-religiosa\/","og_locale":"es_ES","og_type":"article","og_title":"Mantis Religiosa &#187;","og_description":"El tona mantis religiosa es una pieza con mucho simbolismo ya que en distintas culturas son una conexi\u00f3n con el mundo de los esp\u00edritus.","og_url":"https:\/\/legacymexicanart.com\/es_es\/product\/mantis-religiosa\/","article_modified_time":"2026-04-01T03:36:59+00:00","og_image":[{"width":1071,"height":916,"url":"https:\/\/legacymexicanart.com\/wp-content\/uploads\/2021\/12\/Mantis_Legacy-Mexican-art.png","type":"image\/png"}],"twitter_card":"summary_large_image","twitter_misc":{"Tiempo de lectura":"1 minuto"},"schema":{"@context":"https:\/\/schema.org","@graph":[{"@type":"WebPage","@id":"https:\/\/legacymexicanart.com\/product\/mantis-religiosa\/","url":"https:\/\/legacymexicanart.com\/product\/mantis-religiosa\/","name":"Mantis Religiosa &#187;","isPartOf":{"@id":"https:\/\/legacymexicanart.com\/#website"},"primaryImageOfPage":{"@id":"https:\/\/legacymexicanart.com\/product\/mantis-religiosa\/#primaryimage"},"image":{"@id":"https:\/\/legacymexicanart.com\/product\/mantis-religiosa\/#primaryimage"},"thumbnailUrl":"https:\/\/legacymexicanart.com\/wp-content\/uploads\/2021\/12\/Mantis_Legacy-Mexican-art.png","datePublished":"2021-12-08T00:55:35+00:00","dateModified":"2026-04-01T03:36:59+00:00","description":"El tona mantis religiosa es una pieza con mucho simbolismo ya que en distintas culturas son una conexi\u00f3n con el mundo de los esp\u00edritus.","breadcrumb":{"@id":"https:\/\/legacymexicanart.com\/product\/mantis-religiosa\/#breadcrumb"},"inLanguage":"es","potentialAction":[{"@type":"ReadAction","target":["https:\/\/legacymexicanart.com\/product\/mantis-religiosa\/"]}]},{"@type":"ImageObject","inLanguage":"es","@id":"https:\/\/legacymexicanart.com\/product\/mantis-religiosa\/#primaryimage","url":"https:\/\/legacymexicanart.com\/wp-content\/uploads\/2021\/12\/Mantis_Legacy-Mexican-art.png","contentUrl":"https:\/\/legacymexicanart.com\/wp-content\/uploads\/2021\/12\/Mantis_Legacy-Mexican-art.png","width":1071,"height":916},{"@type":"BreadcrumbList","@id":"https:\/\/legacymexicanart.com\/product\/mantis-religiosa\/#breadcrumb","itemListElement":[{"@type":"ListItem","position":1,"name":"Portada","item":"https:\/\/legacymexicanart.com\/"},{"@type":"ListItem","position":2,"name":"Shop","item":"https:\/\/legacymexicanart.com\/es_es\/shop\/"},{"@type":"ListItem","position":3,"name":"Mantis Religiosa"}]},{"@type":"WebSite","@id":"https:\/\/legacymexicanart.com\/#website","url":"https:\/\/legacymexicanart.com\/","name":"","description":"Legacy Mexican Art","publisher":{"@id":"https:\/\/legacymexicanart.com\/#organization"},"potentialAction":[{"@type":"SearchAction","target":{"@type":"EntryPoint","urlTemplate":"https:\/\/legacymexicanart.com\/?s={search_term_string}"},"query-input":"required name=search_term_string"}],"inLanguage":"es"},{"@type":"Organization","@id":"https:\/\/legacymexicanart.com\/#organization","name":"Legacy Mexican Art","url":"https:\/\/legacymexicanart.com\/","logo":{"@type":"ImageObject","inLanguage":"es","@id":"https:\/\/legacymexicanart.com\/#\/schema\/logo\/image\/","url":"","contentUrl":"","caption":"Legacy Mexican Art"},"image":{"@id":"https:\/\/legacymexicanart.com\/#\/schema\/logo\/image\/"}}]}},"_links":{"self":[{"href":"https:\/\/legacymexicanart.com\/es_es\/wp-json\/wp\/v2\/product\/1519"}],"collection":[{"href":"https:\/\/legacymexicanart.com\/es_es\/wp-json\/wp\/v2\/product"}],"about":[{"href":"https:\/\/legacymexicanart.com\/es_es\/wp-json\/wp\/v2\/types\/product"}],"replies":[{"embeddable":true,"href":"https:\/\/legacymexicanart.com\/es_es\/wp-json\/wp\/v2\/comments?post=1519"}],"wp:featuredmedia":[{"embeddable":true,"href":"https:\/\/legacymexicanart.com\/es_es\/wp-json\/wp\/v2\/media\/1520"}],"wp:attachment":[{"href":"https:\/\/legacymexicanart.com\/es_es\/wp-json\/wp\/v2\/media?parent=1519"}],"wp:term":[{"taxonomy":"product_cat","embeddable":true,"href":"https:\/\/legacymexicanart.com\/es_es\/wp-json\/wp\/v2\/product_cat?post=1519"},{"taxonomy":"product_tag","embeddable":true,"href":"https:\/\/legacymexicanart.com\/es_es\/wp-json\/wp\/v2\/product_tag?post=1519"}],"curies":[{"name":"wp","href":"https:\/\/api.w.org\/{rel}","templated":true}]}}