{"id":1558,"date":"2021-12-11T03:13:56","date_gmt":"2021-12-10T21:13:56","guid":{"rendered":"https:\/\/legacymexicanart.com\/?post_type=product&#038;p=1558"},"modified":"2023-11-11T00:28:49","modified_gmt":"2023-11-10T18:28:49","slug":"camino-otomi","status":"publish","type":"product","link":"https:\/\/legacymexicanart.com\/es_es\/product\/camino-otomi\/","title":{"rendered":"Camino Otom\u00ed"},"content":{"rendered":"<p>Camino otom\u00ed de mesa o cama 100% algod\u00f3n bordado de Tenangos multicolor con pompones.<\/p>\n<p>Ideal para embellecer cualquier espacio de la casa, dando ese toque alegre y tradicional con sus bordados a mano con hilo de algod\u00f3n.<\/p>\n<p>Con temas de la flora y fauna de la regi\u00f3n Hidalguense.<\/p>\n<p>Dimensiones: 200 cm x 40 cm.<\/p>\n<p><em>Env\u00edo incluido a todo M\u00e9xico.<\/em><\/p>\n<p>Artesana: Alicia Rosales<\/p>\n<p><em>Legado de Hidalgo<\/em><\/p>\n<p>En el estado de Hidalgo se encuentra el municipio de Tenango de Doria que se destaca gracias a su caracter\u00edstico y alegre bordado artesanal.<\/p>\n<p>El bordado Tenango puede simbolizar la importancia de una fecha, el recuerdo de un acontecimiento, o bien la biodiversidad local.<\/p>\n<p>Cada color es utilizado en relaci\u00f3n con el significado a bordar. Los primeros bordados solamente eran hechos con hilos rojos y negros, los cuales simbolizaban el bien y el mal. Ahora en d\u00eda los bordados han tenido una evoluci\u00f3n experimentando con colores que dan simbolismo a la prenda, por ejemplo el color verde representa la vegetaci\u00f3n, el naranja representa el fuego, el azul la luna, el caf\u00e9 la tierra, el rojo el bien y el color negro el mal. El bordado Tenango, originalmente debe estar hecho con hilos de algod\u00f3n sobre un textil de fibra natural como el lino, seda o manta siendo la m\u00e1s utilizada.<\/p>\n<p>En Legacy Mexican Art apreciamos el valioso legado de nuestras ra\u00edces y cultura mexicanas haciendo colaboraciones con artesanos que aman su trabajo y que prestan especial atenci\u00f3n al detalle, es por ello que fomentamos el comercio justo y local con las comunidades ind\u00edgenas y artesanas de nuestro pa\u00eds.<\/p>\n<p><em>Limpieza y cuidados:<\/em><\/p>\n<p>El camino Otom\u00ed se puede lavar a mano y al reverso, con Agua Fr\u00eda y Jab\u00f3n Neutro,\u00a0 no exprimir ni utilizar secadora.<\/p>\n<p><a href=\"https:\/\/www.instagram.com\/p\/CXfKfKDNRcP\/\">https:\/\/www.instagram.com\/p\/CXfKfKDNRcP\/<\/a><\/p>\n<p><a href=\"https:\/\/legacymexicanart.com\/wp-content\/uploads\/2021\/12\/Camino-Otomi_Legacy-Mexican-art.png\">https:\/\/legacymexicanart.com\/wp-content\/uploads\/2021\/12\/Camino-Otomi_Legacy-Mexican-art.png<\/a><\/p>\n<p>&nbsp;<\/p>\n","protected":false},"excerpt":{"rendered":"<p><a href=\"mailto:contact@legacymexicanart.com?Subject=Mas%20info%20sku%20HGOAR001%20\" target=\"_blank\" rel=\"noopener\"><br \/>\n<img decoding=\"async\" src=\"https:\/\/legacymexicanart.com\/wp-content\/uploads\/2021\/10\/email-Design.svg\" \/> M\u00e1s informaci\u00f3n del producto<br \/>\n<\/a><\/p>\n<p><strong><em>Env\u00edo incluido a todo M\u00e9xico.<\/em><\/strong><\/p>\n","protected":false},"featured_media":1724,"comment_status":"open","ping_status":"closed","template":"","meta":[],"product_cat":[18,188,17,194],"product_tag":[83,157,156,121,229],"yoast_head":"<!-- This site is optimized with the Yoast SEO plugin v22.6 - https:\/\/yoast.com\/wordpress\/plugins\/seo\/ -->\n<title>Camino Otom\u00ed &#187;<\/title>\n<meta name=\"description\" content=\"Camino otom\u00ed de mesa o cama algod\u00f3n 100% bordado a mano de Tenango multicolor con pompones. Ideal para embellecer cualquier espacio.\" \/>\n<meta name=\"robots\" content=\"index, follow, max-snippet:-1, max-image-preview:large, max-video-preview:-1\" \/>\n<link rel=\"canonical\" href=\"https:\/\/legacymexicanart.com\/es_es\/product\/camino-otomi\/\" \/>\n<meta property=\"og:locale\" content=\"es_ES\" \/>\n<meta property=\"og:type\" content=\"article\" \/>\n<meta property=\"og:title\" content=\"Camino Otom\u00ed &#187;\" \/>\n<meta property=\"og:description\" content=\"Camino otom\u00ed de mesa o cama algod\u00f3n 100% bordado a mano de Tenango multicolor con pompones. Ideal para embellecer cualquier espacio.\" \/>\n<meta property=\"og:url\" content=\"https:\/\/legacymexicanart.com\/es_es\/product\/camino-otomi\/\" \/>\n<meta property=\"article:modified_time\" content=\"2023-11-10T18:28:49+00:00\" \/>\n<meta property=\"og:image\" content=\"https:\/\/legacymexicanart.com\/wp-content\/uploads\/2021\/12\/Camino-Otomi-Amb_LMA-scaled.jpg\" \/>\n\t<meta property=\"og:image:width\" content=\"2560\" \/>\n\t<meta property=\"og:image:height\" content=\"2182\" \/>\n\t<meta property=\"og:image:type\" content=\"image\/jpeg\" \/>\n<meta name=\"twitter:card\" content=\"summary_large_image\" \/>\n<meta name=\"twitter:label1\" content=\"Tiempo de lectura\" \/>\n\t<meta name=\"twitter:data1\" content=\"2 minutos\" \/>\n<script type=\"application\/ld+json\" class=\"yoast-schema-graph\">{\"@context\":\"https:\/\/schema.org\",\"@graph\":[{\"@type\":\"WebPage\",\"@id\":\"https:\/\/legacymexicanart.com\/product\/camino-otomi\/\",\"url\":\"https:\/\/legacymexicanart.com\/product\/camino-otomi\/\",\"name\":\"Camino Otom\u00ed &#187;\",\"isPartOf\":{\"@id\":\"https:\/\/legacymexicanart.com\/#website\"},\"primaryImageOfPage\":{\"@id\":\"https:\/\/legacymexicanart.com\/product\/camino-otomi\/#primaryimage\"},\"image\":{\"@id\":\"https:\/\/legacymexicanart.com\/product\/camino-otomi\/#primaryimage\"},\"thumbnailUrl\":\"https:\/\/legacymexicanart.com\/wp-content\/uploads\/2021\/12\/Camino-Otomi-Amb_LMA-scaled.jpg\",\"datePublished\":\"2021-12-10T21:13:56+00:00\",\"dateModified\":\"2023-11-10T18:28:49+00:00\",\"description\":\"Camino otom\u00ed de mesa o cama algod\u00f3n 100% bordado a mano de Tenango multicolor con pompones. Ideal para embellecer cualquier espacio.\",\"breadcrumb\":{\"@id\":\"https:\/\/legacymexicanart.com\/product\/camino-otomi\/#breadcrumb\"},\"inLanguage\":\"es\",\"potentialAction\":[{\"@type\":\"ReadAction\",\"target\":[\"https:\/\/legacymexicanart.com\/product\/camino-otomi\/\"]}]},{\"@type\":\"ImageObject\",\"inLanguage\":\"es\",\"@id\":\"https:\/\/legacymexicanart.com\/product\/camino-otomi\/#primaryimage\",\"url\":\"https:\/\/legacymexicanart.com\/wp-content\/uploads\/2021\/12\/Camino-Otomi-Amb_LMA-scaled.jpg\",\"contentUrl\":\"https:\/\/legacymexicanart.com\/wp-content\/uploads\/2021\/12\/Camino-Otomi-Amb_LMA-scaled.jpg\",\"width\":2560,\"height\":2182},{\"@type\":\"BreadcrumbList\",\"@id\":\"https:\/\/legacymexicanart.com\/product\/camino-otomi\/#breadcrumb\",\"itemListElement\":[{\"@type\":\"ListItem\",\"position\":1,\"name\":\"Portada\",\"item\":\"https:\/\/legacymexicanart.com\/\"},{\"@type\":\"ListItem\",\"position\":2,\"name\":\"Shop\",\"item\":\"https:\/\/legacymexicanart.com\/es_es\/shop\/\"},{\"@type\":\"ListItem\",\"position\":3,\"name\":\"Camino Otom\u00ed\"}]},{\"@type\":\"WebSite\",\"@id\":\"https:\/\/legacymexicanart.com\/#website\",\"url\":\"https:\/\/legacymexicanart.com\/\",\"name\":\"\",\"description\":\"Legacy Mexican Art\",\"publisher\":{\"@id\":\"https:\/\/legacymexicanart.com\/#organization\"},\"potentialAction\":[{\"@type\":\"SearchAction\",\"target\":{\"@type\":\"EntryPoint\",\"urlTemplate\":\"https:\/\/legacymexicanart.com\/?s={search_term_string}\"},\"query-input\":\"required name=search_term_string\"}],\"inLanguage\":\"es\"},{\"@type\":\"Organization\",\"@id\":\"https:\/\/legacymexicanart.com\/#organization\",\"name\":\"Legacy Mexican Art\",\"url\":\"https:\/\/legacymexicanart.com\/\",\"logo\":{\"@type\":\"ImageObject\",\"inLanguage\":\"es\",\"@id\":\"https:\/\/legacymexicanart.com\/#\/schema\/logo\/image\/\",\"url\":\"\",\"contentUrl\":\"\",\"caption\":\"Legacy Mexican Art\"},\"image\":{\"@id\":\"https:\/\/legacymexicanart.com\/#\/schema\/logo\/image\/\"}}]}<\/script>\n<!-- \/ Yoast SEO plugin. -->","yoast_head_json":{"title":"Camino Otom\u00ed &#187;","description":"Camino otom\u00ed de mesa o cama algod\u00f3n 100% bordado a mano de Tenango multicolor con pompones. Ideal para embellecer cualquier espacio.","robots":{"index":"index","follow":"follow","max-snippet":"max-snippet:-1","max-image-preview":"max-image-preview:large","max-video-preview":"max-video-preview:-1"},"canonical":"https:\/\/legacymexicanart.com\/es_es\/product\/camino-otomi\/","og_locale":"es_ES","og_type":"article","og_title":"Camino Otom\u00ed &#187;","og_description":"Camino otom\u00ed de mesa o cama algod\u00f3n 100% bordado a mano de Tenango multicolor con pompones. Ideal para embellecer cualquier espacio.","og_url":"https:\/\/legacymexicanart.com\/es_es\/product\/camino-otomi\/","article_modified_time":"2023-11-10T18:28:49+00:00","og_image":[{"width":2560,"height":2182,"url":"https:\/\/legacymexicanart.com\/wp-content\/uploads\/2021\/12\/Camino-Otomi-Amb_LMA-scaled.jpg","type":"image\/jpeg"}],"twitter_card":"summary_large_image","twitter_misc":{"Tiempo de lectura":"2 minutos"},"schema":{"@context":"https:\/\/schema.org","@graph":[{"@type":"WebPage","@id":"https:\/\/legacymexicanart.com\/product\/camino-otomi\/","url":"https:\/\/legacymexicanart.com\/product\/camino-otomi\/","name":"Camino Otom\u00ed &#187;","isPartOf":{"@id":"https:\/\/legacymexicanart.com\/#website"},"primaryImageOfPage":{"@id":"https:\/\/legacymexicanart.com\/product\/camino-otomi\/#primaryimage"},"image":{"@id":"https:\/\/legacymexicanart.com\/product\/camino-otomi\/#primaryimage"},"thumbnailUrl":"https:\/\/legacymexicanart.com\/wp-content\/uploads\/2021\/12\/Camino-Otomi-Amb_LMA-scaled.jpg","datePublished":"2021-12-10T21:13:56+00:00","dateModified":"2023-11-10T18:28:49+00:00","description":"Camino otom\u00ed de mesa o cama algod\u00f3n 100% bordado a mano de Tenango multicolor con pompones. Ideal para embellecer cualquier espacio.","breadcrumb":{"@id":"https:\/\/legacymexicanart.com\/product\/camino-otomi\/#breadcrumb"},"inLanguage":"es","potentialAction":[{"@type":"ReadAction","target":["https:\/\/legacymexicanart.com\/product\/camino-otomi\/"]}]},{"@type":"ImageObject","inLanguage":"es","@id":"https:\/\/legacymexicanart.com\/product\/camino-otomi\/#primaryimage","url":"https:\/\/legacymexicanart.com\/wp-content\/uploads\/2021\/12\/Camino-Otomi-Amb_LMA-scaled.jpg","contentUrl":"https:\/\/legacymexicanart.com\/wp-content\/uploads\/2021\/12\/Camino-Otomi-Amb_LMA-scaled.jpg","width":2560,"height":2182},{"@type":"BreadcrumbList","@id":"https:\/\/legacymexicanart.com\/product\/camino-otomi\/#breadcrumb","itemListElement":[{"@type":"ListItem","position":1,"name":"Portada","item":"https:\/\/legacymexicanart.com\/"},{"@type":"ListItem","position":2,"name":"Shop","item":"https:\/\/legacymexicanart.com\/es_es\/shop\/"},{"@type":"ListItem","position":3,"name":"Camino Otom\u00ed"}]},{"@type":"WebSite","@id":"https:\/\/legacymexicanart.com\/#website","url":"https:\/\/legacymexicanart.com\/","name":"","description":"Legacy Mexican Art","publisher":{"@id":"https:\/\/legacymexicanart.com\/#organization"},"potentialAction":[{"@type":"SearchAction","target":{"@type":"EntryPoint","urlTemplate":"https:\/\/legacymexicanart.com\/?s={search_term_string}"},"query-input":"required name=search_term_string"}],"inLanguage":"es"},{"@type":"Organization","@id":"https:\/\/legacymexicanart.com\/#organization","name":"Legacy Mexican Art","url":"https:\/\/legacymexicanart.com\/","logo":{"@type":"ImageObject","inLanguage":"es","@id":"https:\/\/legacymexicanart.com\/#\/schema\/logo\/image\/","url":"","contentUrl":"","caption":"Legacy Mexican Art"},"image":{"@id":"https:\/\/legacymexicanart.com\/#\/schema\/logo\/image\/"}}]}},"_links":{"self":[{"href":"https:\/\/legacymexicanart.com\/es_es\/wp-json\/wp\/v2\/product\/1558"}],"collection":[{"href":"https:\/\/legacymexicanart.com\/es_es\/wp-json\/wp\/v2\/product"}],"about":[{"href":"https:\/\/legacymexicanart.com\/es_es\/wp-json\/wp\/v2\/types\/product"}],"replies":[{"embeddable":true,"href":"https:\/\/legacymexicanart.com\/es_es\/wp-json\/wp\/v2\/comments?post=1558"}],"wp:featuredmedia":[{"embeddable":true,"href":"https:\/\/legacymexicanart.com\/es_es\/wp-json\/wp\/v2\/media\/1724"}],"wp:attachment":[{"href":"https:\/\/legacymexicanart.com\/es_es\/wp-json\/wp\/v2\/media?parent=1558"}],"wp:term":[{"taxonomy":"product_cat","embeddable":true,"href":"https:\/\/legacymexicanart.com\/es_es\/wp-json\/wp\/v2\/product_cat?post=1558"},{"taxonomy":"product_tag","embeddable":true,"href":"https:\/\/legacymexicanart.com\/es_es\/wp-json\/wp\/v2\/product_tag?post=1558"}],"curies":[{"name":"wp","href":"https:\/\/api.w.org\/{rel}","templated":true}]}}