{"id":1574,"date":"2022-01-08T06:52:43","date_gmt":"2022-01-08T00:52:43","guid":{"rendered":"https:\/\/legacymexicanart.com\/?post_type=product&#038;p=1574"},"modified":"2023-11-11T00:23:57","modified_gmt":"2023-11-10T18:23:57","slug":"funda-azul-indigo","status":"publish","type":"product","link":"https:\/\/legacymexicanart.com\/es_es\/product\/funda-azul-indigo\/","title":{"rendered":"Funda Azul Indigo"},"content":{"rendered":"<p>Funda azul \u00edndigo para coj\u00edn elaborado en telar de pedal lana virgen, con tinte natural a\u00f1il.\u00a0 Pompones decorativos en toda la funda. Diferentes tonalidades de azul combinadas con blanco.<\/p>\n<p>Medidas: 4<strong>0 x 33 cm<\/strong><\/p>\n<p><em>Env\u00edo incluido a todo M\u00e9xico.<\/em><\/p>\n<p>No incluye coj\u00edn o relleno, este se puede cotizar por separado.<\/p>\n<p>Artesano: Julio C\u00e9sar Bautista<\/p>\n<p>En Legacy Mexican Art apreciamos el valioso legado de nuestras ra\u00edces y cultura mexicanas haciendo colaboraciones con artesanos que aman su trabajo y que prestan especial atenci\u00f3n al detalle, es por ello que fomentamos el comercio justo y local con las comunidades ind\u00edgenas y artesanas de nuestro pa\u00eds.<\/p>\n<p><em>Legado de Oaxaca<\/em><\/p>\n<div dir=\"auto\">Las artesanas de Teotitl\u00e1n del valle se han dedicado a elaborar piezas de lana y algod\u00f3n a trav\u00e9s de los antiguos telares de pedal. Con estas t\u00e9cnicas rudimentarias y un poco de creatividad, han logrado crear nuevos modelos que se adaptan perfecto a espacios con estilo moderno.<\/div>\n<div dir=\"auto\">Adem\u00e1s del tejido manual, el te\u00f1ido de las piezas es completamente natural.<\/div>\n<div dir=\"auto\">La funda Oaxaca puede quedar perfecto como el toque final decorativo en una sala de estar, en la rec\u00e1mara o bien en cualquier sill\u00f3n o espacio que se desee decorar.<\/div>\n<div dir=\"auto\">La funda viene con un c\u00f3modo cierre.<\/div>\n<p>&nbsp;<\/p>\n<p><em>Limpieza y cuidados:<\/em><\/p>\n<p>La funda azul \u00edndigo se recomienda su lavado en seco.<\/p>\n<p><a href=\"https:\/\/www.instagram.com\/p\/CY7L577PV8u\/\">https:\/\/www.instagram.com\/p\/CY7L577PV8u\/<\/a><\/p>\n<p>&nbsp;<\/p>\n","protected":false},"excerpt":{"rendered":"<p><a href=\"mailto:contact@legacymexicanart.com?Subject=Mas%20info%20sku%20TEOJC001%20\" target=\"_blank\" rel=\"noopener\"><br \/>\n<img decoding=\"async\" src=\"https:\/\/legacymexicanart.com\/wp-content\/uploads\/2021\/10\/email-Design.svg\" \/> M\u00e1s informaci\u00f3n del producto<br \/>\n<\/a><\/p>\n<p><em><strong>Env\u00edo incluido a todo M\u00e9xico<\/strong><\/em><\/p>\n","protected":false},"featured_media":1575,"comment_status":"open","ping_status":"closed","template":"","meta":[],"product_cat":[18,188,17,193],"product_tag":[240,114,87,272,86,177,238,264,273,124,239,174,271],"yoast_head":"<!-- This site is optimized with the Yoast SEO plugin v22.6 - https:\/\/yoast.com\/wordpress\/plugins\/seo\/ -->\n<title>Funda Azul Indigo &#187;<\/title>\n<meta name=\"description\" content=\"Funda azul \u00edndigo para coj\u00edn elaborado en telar de pedal lana virgen, con tinte natural a\u00f1il.\u00a0 Pompones decorativos en toda la funda.\" \/>\n<meta name=\"robots\" content=\"index, follow, max-snippet:-1, max-image-preview:large, max-video-preview:-1\" \/>\n<link rel=\"canonical\" href=\"https:\/\/legacymexicanart.com\/es_es\/product\/funda-azul-indigo\/\" \/>\n<meta property=\"og:locale\" content=\"es_ES\" \/>\n<meta property=\"og:type\" content=\"article\" \/>\n<meta property=\"og:title\" content=\"Funda Azul Indigo &#187;\" \/>\n<meta property=\"og:description\" content=\"Funda azul \u00edndigo para coj\u00edn elaborado en telar de pedal lana virgen, con tinte natural a\u00f1il.\u00a0 Pompones decorativos en toda la funda.\" \/>\n<meta property=\"og:url\" content=\"https:\/\/legacymexicanart.com\/es_es\/product\/funda-azul-indigo\/\" \/>\n<meta property=\"article:modified_time\" content=\"2023-11-10T18:23:57+00:00\" \/>\n<meta property=\"og:image\" content=\"https:\/\/legacymexicanart.com\/wp-content\/uploads\/2022\/01\/Hilos-de-lana-Tenido-natural-scaled.jpg\" \/>\n\t<meta property=\"og:image:width\" content=\"2560\" \/>\n\t<meta property=\"og:image:height\" content=\"1920\" \/>\n\t<meta property=\"og:image:type\" content=\"image\/jpeg\" \/>\n<meta name=\"twitter:card\" content=\"summary_large_image\" \/>\n<meta name=\"twitter:label1\" content=\"Tiempo de lectura\" \/>\n\t<meta name=\"twitter:data1\" content=\"1 minuto\" \/>\n<script type=\"application\/ld+json\" class=\"yoast-schema-graph\">{\"@context\":\"https:\/\/schema.org\",\"@graph\":[{\"@type\":\"WebPage\",\"@id\":\"https:\/\/legacymexicanart.com\/product\/funda-azul-indigo\/\",\"url\":\"https:\/\/legacymexicanart.com\/product\/funda-azul-indigo\/\",\"name\":\"Funda Azul Indigo &#187;\",\"isPartOf\":{\"@id\":\"https:\/\/legacymexicanart.com\/#website\"},\"primaryImageOfPage\":{\"@id\":\"https:\/\/legacymexicanart.com\/product\/funda-azul-indigo\/#primaryimage\"},\"image\":{\"@id\":\"https:\/\/legacymexicanart.com\/product\/funda-azul-indigo\/#primaryimage\"},\"thumbnailUrl\":\"https:\/\/legacymexicanart.com\/wp-content\/uploads\/2022\/01\/Hilos-de-lana-Tenido-natural-scaled.jpg\",\"datePublished\":\"2022-01-08T00:52:43+00:00\",\"dateModified\":\"2023-11-10T18:23:57+00:00\",\"description\":\"Funda azul \u00edndigo para coj\u00edn elaborado en telar de pedal lana virgen, con tinte natural a\u00f1il.\u00a0 Pompones decorativos en toda la funda.\",\"breadcrumb\":{\"@id\":\"https:\/\/legacymexicanart.com\/product\/funda-azul-indigo\/#breadcrumb\"},\"inLanguage\":\"es\",\"potentialAction\":[{\"@type\":\"ReadAction\",\"target\":[\"https:\/\/legacymexicanart.com\/product\/funda-azul-indigo\/\"]}]},{\"@type\":\"ImageObject\",\"inLanguage\":\"es\",\"@id\":\"https:\/\/legacymexicanart.com\/product\/funda-azul-indigo\/#primaryimage\",\"url\":\"https:\/\/legacymexicanart.com\/wp-content\/uploads\/2022\/01\/Hilos-de-lana-Tenido-natural-scaled.jpg\",\"contentUrl\":\"https:\/\/legacymexicanart.com\/wp-content\/uploads\/2022\/01\/Hilos-de-lana-Tenido-natural-scaled.jpg\",\"width\":2560,\"height\":1920},{\"@type\":\"BreadcrumbList\",\"@id\":\"https:\/\/legacymexicanart.com\/product\/funda-azul-indigo\/#breadcrumb\",\"itemListElement\":[{\"@type\":\"ListItem\",\"position\":1,\"name\":\"Portada\",\"item\":\"https:\/\/legacymexicanart.com\/\"},{\"@type\":\"ListItem\",\"position\":2,\"name\":\"Shop\",\"item\":\"https:\/\/legacymexicanart.com\/es_es\/shop\/\"},{\"@type\":\"ListItem\",\"position\":3,\"name\":\"Funda Azul Indigo\"}]},{\"@type\":\"WebSite\",\"@id\":\"https:\/\/legacymexicanart.com\/#website\",\"url\":\"https:\/\/legacymexicanart.com\/\",\"name\":\"\",\"description\":\"Legacy Mexican Art\",\"publisher\":{\"@id\":\"https:\/\/legacymexicanart.com\/#organization\"},\"potentialAction\":[{\"@type\":\"SearchAction\",\"target\":{\"@type\":\"EntryPoint\",\"urlTemplate\":\"https:\/\/legacymexicanart.com\/?s={search_term_string}\"},\"query-input\":\"required name=search_term_string\"}],\"inLanguage\":\"es\"},{\"@type\":\"Organization\",\"@id\":\"https:\/\/legacymexicanart.com\/#organization\",\"name\":\"Legacy Mexican Art\",\"url\":\"https:\/\/legacymexicanart.com\/\",\"logo\":{\"@type\":\"ImageObject\",\"inLanguage\":\"es\",\"@id\":\"https:\/\/legacymexicanart.com\/#\/schema\/logo\/image\/\",\"url\":\"\",\"contentUrl\":\"\",\"caption\":\"Legacy Mexican Art\"},\"image\":{\"@id\":\"https:\/\/legacymexicanart.com\/#\/schema\/logo\/image\/\"}}]}<\/script>\n<!-- \/ Yoast SEO plugin. -->","yoast_head_json":{"title":"Funda Azul Indigo &#187;","description":"Funda azul \u00edndigo para coj\u00edn elaborado en telar de pedal lana virgen, con tinte natural a\u00f1il.\u00a0 Pompones decorativos en toda la funda.","robots":{"index":"index","follow":"follow","max-snippet":"max-snippet:-1","max-image-preview":"max-image-preview:large","max-video-preview":"max-video-preview:-1"},"canonical":"https:\/\/legacymexicanart.com\/es_es\/product\/funda-azul-indigo\/","og_locale":"es_ES","og_type":"article","og_title":"Funda Azul Indigo &#187;","og_description":"Funda azul \u00edndigo para coj\u00edn elaborado en telar de pedal lana virgen, con tinte natural a\u00f1il.\u00a0 Pompones decorativos en toda la funda.","og_url":"https:\/\/legacymexicanart.com\/es_es\/product\/funda-azul-indigo\/","article_modified_time":"2023-11-10T18:23:57+00:00","og_image":[{"width":2560,"height":1920,"url":"https:\/\/legacymexicanart.com\/wp-content\/uploads\/2022\/01\/Hilos-de-lana-Tenido-natural-scaled.jpg","type":"image\/jpeg"}],"twitter_card":"summary_large_image","twitter_misc":{"Tiempo de lectura":"1 minuto"},"schema":{"@context":"https:\/\/schema.org","@graph":[{"@type":"WebPage","@id":"https:\/\/legacymexicanart.com\/product\/funda-azul-indigo\/","url":"https:\/\/legacymexicanart.com\/product\/funda-azul-indigo\/","name":"Funda Azul Indigo &#187;","isPartOf":{"@id":"https:\/\/legacymexicanart.com\/#website"},"primaryImageOfPage":{"@id":"https:\/\/legacymexicanart.com\/product\/funda-azul-indigo\/#primaryimage"},"image":{"@id":"https:\/\/legacymexicanart.com\/product\/funda-azul-indigo\/#primaryimage"},"thumbnailUrl":"https:\/\/legacymexicanart.com\/wp-content\/uploads\/2022\/01\/Hilos-de-lana-Tenido-natural-scaled.jpg","datePublished":"2022-01-08T00:52:43+00:00","dateModified":"2023-11-10T18:23:57+00:00","description":"Funda azul \u00edndigo para coj\u00edn elaborado en telar de pedal lana virgen, con tinte natural a\u00f1il.\u00a0 Pompones decorativos en toda la funda.","breadcrumb":{"@id":"https:\/\/legacymexicanart.com\/product\/funda-azul-indigo\/#breadcrumb"},"inLanguage":"es","potentialAction":[{"@type":"ReadAction","target":["https:\/\/legacymexicanart.com\/product\/funda-azul-indigo\/"]}]},{"@type":"ImageObject","inLanguage":"es","@id":"https:\/\/legacymexicanart.com\/product\/funda-azul-indigo\/#primaryimage","url":"https:\/\/legacymexicanart.com\/wp-content\/uploads\/2022\/01\/Hilos-de-lana-Tenido-natural-scaled.jpg","contentUrl":"https:\/\/legacymexicanart.com\/wp-content\/uploads\/2022\/01\/Hilos-de-lana-Tenido-natural-scaled.jpg","width":2560,"height":1920},{"@type":"BreadcrumbList","@id":"https:\/\/legacymexicanart.com\/product\/funda-azul-indigo\/#breadcrumb","itemListElement":[{"@type":"ListItem","position":1,"name":"Portada","item":"https:\/\/legacymexicanart.com\/"},{"@type":"ListItem","position":2,"name":"Shop","item":"https:\/\/legacymexicanart.com\/es_es\/shop\/"},{"@type":"ListItem","position":3,"name":"Funda Azul Indigo"}]},{"@type":"WebSite","@id":"https:\/\/legacymexicanart.com\/#website","url":"https:\/\/legacymexicanart.com\/","name":"","description":"Legacy Mexican Art","publisher":{"@id":"https:\/\/legacymexicanart.com\/#organization"},"potentialAction":[{"@type":"SearchAction","target":{"@type":"EntryPoint","urlTemplate":"https:\/\/legacymexicanart.com\/?s={search_term_string}"},"query-input":"required name=search_term_string"}],"inLanguage":"es"},{"@type":"Organization","@id":"https:\/\/legacymexicanart.com\/#organization","name":"Legacy Mexican Art","url":"https:\/\/legacymexicanart.com\/","logo":{"@type":"ImageObject","inLanguage":"es","@id":"https:\/\/legacymexicanart.com\/#\/schema\/logo\/image\/","url":"","contentUrl":"","caption":"Legacy Mexican Art"},"image":{"@id":"https:\/\/legacymexicanart.com\/#\/schema\/logo\/image\/"}}]}},"_links":{"self":[{"href":"https:\/\/legacymexicanart.com\/es_es\/wp-json\/wp\/v2\/product\/1574"}],"collection":[{"href":"https:\/\/legacymexicanart.com\/es_es\/wp-json\/wp\/v2\/product"}],"about":[{"href":"https:\/\/legacymexicanart.com\/es_es\/wp-json\/wp\/v2\/types\/product"}],"replies":[{"embeddable":true,"href":"https:\/\/legacymexicanart.com\/es_es\/wp-json\/wp\/v2\/comments?post=1574"}],"wp:featuredmedia":[{"embeddable":true,"href":"https:\/\/legacymexicanart.com\/es_es\/wp-json\/wp\/v2\/media\/1575"}],"wp:attachment":[{"href":"https:\/\/legacymexicanart.com\/es_es\/wp-json\/wp\/v2\/media?parent=1574"}],"wp:term":[{"taxonomy":"product_cat","embeddable":true,"href":"https:\/\/legacymexicanart.com\/es_es\/wp-json\/wp\/v2\/product_cat?post=1574"},{"taxonomy":"product_tag","embeddable":true,"href":"https:\/\/legacymexicanart.com\/es_es\/wp-json\/wp\/v2\/product_tag?post=1574"}],"curies":[{"name":"wp","href":"https:\/\/api.w.org\/{rel}","templated":true}]}}