{"id":1584,"date":"2022-01-11T07:30:29","date_gmt":"2022-01-11T01:30:29","guid":{"rendered":"https:\/\/legacymexicanart.com\/?post_type=product&#038;p=1584"},"modified":"2026-04-01T10:11:24","modified_gmt":"2026-04-01T04:11:24","slug":"funda-diamante-chiapas","status":"publish","type":"product","link":"https:\/\/legacymexicanart.com\/es_es\/product\/funda-diamante-chiapas\/","title":{"rendered":"Funda Diamante Chiapas"},"content":{"rendered":"<p>Funda diamante Chiapas para coj\u00edn 100% algod\u00f3n bordado en telar de cintura por artesanas de la comunidad Tsotsil en los Altos de Chiapas, la t\u00e9cnica es el brocado con forma de diamantes y temas que simbolizan la cosmovisi\u00f3n Maya, no olvidemos que los Tsotsiles son un grupo Mayense.<\/p>\n<p>En Legacy Mexican Art apreciamos el valioso legado de nuestras ra\u00edces y cultura mexicanas haciendo colaboraciones con artesanos que aman su trabajo y que prestan especial atenci\u00f3n al detalle, es por ello que fomentamos el comercio justo y local con las comunidades ind\u00edgenas y artesanas de nuestro pa\u00eds.<\/p>\n<p><em>Medidas:<\/em> <strong>43 x 41 cm.<\/strong><\/p>\n<p>Env\u00edo incluido a todo M\u00e9xico.<\/p>\n<p>No incluye coj\u00edn o relleno, este se puede cotizar por separado.<\/p>\n<p><em>Legado de Chiapas<\/em><\/p>\n<p>Los tsotsiles son un grupos mayense emparentados entre s\u00ed que, habitan la regi\u00f3n de los Altos de Chiapas y algunos municipios del \u00e1rea colindante.<\/p>\n<p>Las mujeres tejen en telar de cintura una gran variedad de textiles desde trajes t\u00edpicos hasta fundas para cojines, colchas y caminos de mesa con diferentes dise\u00f1os de bordados con hilos naturales.<\/p>\n<p><em>Limpieza y cuidados:<\/em><\/p>\n<p>La funda diamante Chiapas se puede lavar en seco o a mano, sin tallar ni exprimir para su cuidado.<\/p>\n<p><a href=\"https:\/\/www.instagram.com\/p\/CYkmqCRtVOt\/\">https:\/\/www.instagram.com\/p\/CYkmqCRtVOt\/<\/a><\/p>\n<p><a href=\"https:\/\/legacymexicanart.com\/wp-content\/uploads\/2022\/01\/Cojines-Chiapanecos_Legacy-Mexican-Art.png\">https:\/\/legacymexicanart.com\/wp-content\/uploads\/2022\/01\/Cojines-Chiapanecos_Legacy-Mexican-Art.png<\/a><\/p>\n<p><a href=\"https:\/\/www.facebook.com\/legacymexicanart\/photos\/pcb.4790887011032429\/4790885204365943\/\">https:\/\/www.facebook.com\/legacymexicanart\/photos\/pcb.4790887011032429\/4790885204365943\/<\/a><\/p>\n<p>&nbsp;<\/p>\n","protected":false},"excerpt":{"rendered":"<p><a href=\"mailto:contact@legacymexicanart.com?Subject=Mas%20info%20sku%20CHTZ1004%20\" target=\"_blank\" rel=\"noopener\"><br \/>\n<img decoding=\"async\" src=\"https:\/\/legacymexicanart.com\/wp-content\/uploads\/2021\/10\/email-Design.svg\" \/> M\u00e1s informaci\u00f3n del producto<br \/>\n<\/a><\/p>\n<p><em><strong>Env\u00edo incluido a todo M\u00e9xico.<\/strong><\/em><\/p>\n","protected":false},"featured_media":2129,"comment_status":"open","ping_status":"closed","template":"","meta":[],"product_cat":[18,188,17,193,196],"product_tag":[270,157,269,267,268,242,86,246,236,177,235,243,180,70,244],"yoast_head":"<!-- This site is optimized with the Yoast SEO plugin v22.6 - https:\/\/yoast.com\/wordpress\/plugins\/seo\/ -->\n<title>Funda Diamante Chiapas &#187;<\/title>\n<meta name=\"description\" content=\"Funda diamante Chiapas para coj\u00edn bordado en telar de cintura por artesanas de la comunidad Tsotsil en los Altos de Chiapas.\" \/>\n<meta name=\"robots\" content=\"index, follow, max-snippet:-1, max-image-preview:large, max-video-preview:-1\" \/>\n<link rel=\"canonical\" href=\"https:\/\/legacymexicanart.com\/es_es\/product\/funda-diamante-chiapas\/\" \/>\n<meta property=\"og:locale\" content=\"es_ES\" \/>\n<meta property=\"og:type\" content=\"article\" \/>\n<meta property=\"og:title\" content=\"Funda Diamante Chiapas &#187;\" \/>\n<meta property=\"og:description\" content=\"Funda diamante Chiapas para coj\u00edn bordado en telar de cintura por artesanas de la comunidad Tsotsil en los Altos de Chiapas.\" \/>\n<meta property=\"og:url\" content=\"https:\/\/legacymexicanart.com\/es_es\/product\/funda-diamante-chiapas\/\" \/>\n<meta property=\"article:modified_time\" content=\"2026-04-01T04:11:24+00:00\" \/>\n<meta property=\"og:image\" content=\"https:\/\/legacymexicanart.com\/wp-content\/uploads\/2022\/01\/Set-Fundas-Cojin-bordado-Legacy-Mexican-Art-e1775016646817-1024x628.png\" \/>\n\t<meta property=\"og:image:width\" content=\"1024\" \/>\n\t<meta property=\"og:image:height\" content=\"628\" \/>\n\t<meta property=\"og:image:type\" content=\"image\/png\" \/>\n<meta name=\"twitter:card\" content=\"summary_large_image\" \/>\n<meta name=\"twitter:label1\" content=\"Tiempo de lectura\" \/>\n\t<meta name=\"twitter:data1\" content=\"2 minutos\" \/>\n<script type=\"application\/ld+json\" class=\"yoast-schema-graph\">{\"@context\":\"https:\/\/schema.org\",\"@graph\":[{\"@type\":\"WebPage\",\"@id\":\"https:\/\/legacymexicanart.com\/product\/funda-diamante-chiapas\/\",\"url\":\"https:\/\/legacymexicanart.com\/product\/funda-diamante-chiapas\/\",\"name\":\"Funda Diamante Chiapas &#187;\",\"isPartOf\":{\"@id\":\"https:\/\/legacymexicanart.com\/#website\"},\"primaryImageOfPage\":{\"@id\":\"https:\/\/legacymexicanart.com\/product\/funda-diamante-chiapas\/#primaryimage\"},\"image\":{\"@id\":\"https:\/\/legacymexicanart.com\/product\/funda-diamante-chiapas\/#primaryimage\"},\"thumbnailUrl\":\"https:\/\/legacymexicanart.com\/wp-content\/uploads\/2022\/01\/Set-Fundas-Cojin-bordado-Legacy-Mexican-Art-e1775016646817.png\",\"datePublished\":\"2022-01-11T01:30:29+00:00\",\"dateModified\":\"2026-04-01T04:11:24+00:00\",\"description\":\"Funda diamante Chiapas para coj\u00edn bordado en telar de cintura por artesanas de la comunidad Tsotsil en los Altos de Chiapas.\",\"breadcrumb\":{\"@id\":\"https:\/\/legacymexicanart.com\/product\/funda-diamante-chiapas\/#breadcrumb\"},\"inLanguage\":\"es\",\"potentialAction\":[{\"@type\":\"ReadAction\",\"target\":[\"https:\/\/legacymexicanart.com\/product\/funda-diamante-chiapas\/\"]}]},{\"@type\":\"ImageObject\",\"inLanguage\":\"es\",\"@id\":\"https:\/\/legacymexicanart.com\/product\/funda-diamante-chiapas\/#primaryimage\",\"url\":\"https:\/\/legacymexicanart.com\/wp-content\/uploads\/2022\/01\/Set-Fundas-Cojin-bordado-Legacy-Mexican-Art-e1775016646817.png\",\"contentUrl\":\"https:\/\/legacymexicanart.com\/wp-content\/uploads\/2022\/01\/Set-Fundas-Cojin-bordado-Legacy-Mexican-Art-e1775016646817.png\",\"width\":1375,\"height\":843},{\"@type\":\"BreadcrumbList\",\"@id\":\"https:\/\/legacymexicanart.com\/product\/funda-diamante-chiapas\/#breadcrumb\",\"itemListElement\":[{\"@type\":\"ListItem\",\"position\":1,\"name\":\"Portada\",\"item\":\"https:\/\/legacymexicanart.com\/\"},{\"@type\":\"ListItem\",\"position\":2,\"name\":\"Shop\",\"item\":\"https:\/\/legacymexicanart.com\/es_es\/shop\/\"},{\"@type\":\"ListItem\",\"position\":3,\"name\":\"Funda Diamante Chiapas\"}]},{\"@type\":\"WebSite\",\"@id\":\"https:\/\/legacymexicanart.com\/#website\",\"url\":\"https:\/\/legacymexicanart.com\/\",\"name\":\"\",\"description\":\"Legacy Mexican Art\",\"publisher\":{\"@id\":\"https:\/\/legacymexicanart.com\/#organization\"},\"potentialAction\":[{\"@type\":\"SearchAction\",\"target\":{\"@type\":\"EntryPoint\",\"urlTemplate\":\"https:\/\/legacymexicanart.com\/?s={search_term_string}\"},\"query-input\":\"required name=search_term_string\"}],\"inLanguage\":\"es\"},{\"@type\":\"Organization\",\"@id\":\"https:\/\/legacymexicanart.com\/#organization\",\"name\":\"Legacy Mexican Art\",\"url\":\"https:\/\/legacymexicanart.com\/\",\"logo\":{\"@type\":\"ImageObject\",\"inLanguage\":\"es\",\"@id\":\"https:\/\/legacymexicanart.com\/#\/schema\/logo\/image\/\",\"url\":\"\",\"contentUrl\":\"\",\"caption\":\"Legacy Mexican Art\"},\"image\":{\"@id\":\"https:\/\/legacymexicanart.com\/#\/schema\/logo\/image\/\"}}]}<\/script>\n<!-- \/ Yoast SEO plugin. -->","yoast_head_json":{"title":"Funda Diamante Chiapas &#187;","description":"Funda diamante Chiapas para coj\u00edn bordado en telar de cintura por artesanas de la comunidad Tsotsil en los Altos de Chiapas.","robots":{"index":"index","follow":"follow","max-snippet":"max-snippet:-1","max-image-preview":"max-image-preview:large","max-video-preview":"max-video-preview:-1"},"canonical":"https:\/\/legacymexicanart.com\/es_es\/product\/funda-diamante-chiapas\/","og_locale":"es_ES","og_type":"article","og_title":"Funda Diamante Chiapas &#187;","og_description":"Funda diamante Chiapas para coj\u00edn bordado en telar de cintura por artesanas de la comunidad Tsotsil en los Altos de Chiapas.","og_url":"https:\/\/legacymexicanart.com\/es_es\/product\/funda-diamante-chiapas\/","article_modified_time":"2026-04-01T04:11:24+00:00","og_image":[{"width":1024,"height":628,"url":"https:\/\/legacymexicanart.com\/wp-content\/uploads\/2022\/01\/Set-Fundas-Cojin-bordado-Legacy-Mexican-Art-e1775016646817-1024x628.png","type":"image\/png"}],"twitter_card":"summary_large_image","twitter_misc":{"Tiempo de lectura":"2 minutos"},"schema":{"@context":"https:\/\/schema.org","@graph":[{"@type":"WebPage","@id":"https:\/\/legacymexicanart.com\/product\/funda-diamante-chiapas\/","url":"https:\/\/legacymexicanart.com\/product\/funda-diamante-chiapas\/","name":"Funda Diamante Chiapas &#187;","isPartOf":{"@id":"https:\/\/legacymexicanart.com\/#website"},"primaryImageOfPage":{"@id":"https:\/\/legacymexicanart.com\/product\/funda-diamante-chiapas\/#primaryimage"},"image":{"@id":"https:\/\/legacymexicanart.com\/product\/funda-diamante-chiapas\/#primaryimage"},"thumbnailUrl":"https:\/\/legacymexicanart.com\/wp-content\/uploads\/2022\/01\/Set-Fundas-Cojin-bordado-Legacy-Mexican-Art-e1775016646817.png","datePublished":"2022-01-11T01:30:29+00:00","dateModified":"2026-04-01T04:11:24+00:00","description":"Funda diamante Chiapas para coj\u00edn bordado en telar de cintura por artesanas de la comunidad Tsotsil en los Altos de Chiapas.","breadcrumb":{"@id":"https:\/\/legacymexicanart.com\/product\/funda-diamante-chiapas\/#breadcrumb"},"inLanguage":"es","potentialAction":[{"@type":"ReadAction","target":["https:\/\/legacymexicanart.com\/product\/funda-diamante-chiapas\/"]}]},{"@type":"ImageObject","inLanguage":"es","@id":"https:\/\/legacymexicanart.com\/product\/funda-diamante-chiapas\/#primaryimage","url":"https:\/\/legacymexicanart.com\/wp-content\/uploads\/2022\/01\/Set-Fundas-Cojin-bordado-Legacy-Mexican-Art-e1775016646817.png","contentUrl":"https:\/\/legacymexicanart.com\/wp-content\/uploads\/2022\/01\/Set-Fundas-Cojin-bordado-Legacy-Mexican-Art-e1775016646817.png","width":1375,"height":843},{"@type":"BreadcrumbList","@id":"https:\/\/legacymexicanart.com\/product\/funda-diamante-chiapas\/#breadcrumb","itemListElement":[{"@type":"ListItem","position":1,"name":"Portada","item":"https:\/\/legacymexicanart.com\/"},{"@type":"ListItem","position":2,"name":"Shop","item":"https:\/\/legacymexicanart.com\/es_es\/shop\/"},{"@type":"ListItem","position":3,"name":"Funda Diamante Chiapas"}]},{"@type":"WebSite","@id":"https:\/\/legacymexicanart.com\/#website","url":"https:\/\/legacymexicanart.com\/","name":"","description":"Legacy Mexican Art","publisher":{"@id":"https:\/\/legacymexicanart.com\/#organization"},"potentialAction":[{"@type":"SearchAction","target":{"@type":"EntryPoint","urlTemplate":"https:\/\/legacymexicanart.com\/?s={search_term_string}"},"query-input":"required name=search_term_string"}],"inLanguage":"es"},{"@type":"Organization","@id":"https:\/\/legacymexicanart.com\/#organization","name":"Legacy Mexican Art","url":"https:\/\/legacymexicanart.com\/","logo":{"@type":"ImageObject","inLanguage":"es","@id":"https:\/\/legacymexicanart.com\/#\/schema\/logo\/image\/","url":"","contentUrl":"","caption":"Legacy Mexican Art"},"image":{"@id":"https:\/\/legacymexicanart.com\/#\/schema\/logo\/image\/"}}]}},"_links":{"self":[{"href":"https:\/\/legacymexicanart.com\/es_es\/wp-json\/wp\/v2\/product\/1584"}],"collection":[{"href":"https:\/\/legacymexicanart.com\/es_es\/wp-json\/wp\/v2\/product"}],"about":[{"href":"https:\/\/legacymexicanart.com\/es_es\/wp-json\/wp\/v2\/types\/product"}],"replies":[{"embeddable":true,"href":"https:\/\/legacymexicanart.com\/es_es\/wp-json\/wp\/v2\/comments?post=1584"}],"wp:featuredmedia":[{"embeddable":true,"href":"https:\/\/legacymexicanart.com\/es_es\/wp-json\/wp\/v2\/media\/2129"}],"wp:attachment":[{"href":"https:\/\/legacymexicanart.com\/es_es\/wp-json\/wp\/v2\/media?parent=1584"}],"wp:term":[{"taxonomy":"product_cat","embeddable":true,"href":"https:\/\/legacymexicanart.com\/es_es\/wp-json\/wp\/v2\/product_cat?post=1584"},{"taxonomy":"product_tag","embeddable":true,"href":"https:\/\/legacymexicanart.com\/es_es\/wp-json\/wp\/v2\/product_tag?post=1584"}],"curies":[{"name":"wp","href":"https:\/\/api.w.org\/{rel}","templated":true}]}}