{"id":1679,"date":"2022-01-28T07:05:26","date_gmt":"2022-01-28T01:05:26","guid":{"rendered":"https:\/\/legacymexicanart.com\/?post_type=product&#038;p=1679"},"modified":"2023-11-11T00:30:57","modified_gmt":"2023-11-10T18:30:57","slug":"tapete-oaxaca","status":"publish","type":"product","link":"https:\/\/legacymexicanart.com\/es_es\/product\/tapete-oaxaca\/","title":{"rendered":"Tapete Oaxaca"},"content":{"rendered":"<p>Tapete Oaxaca, elaborado en telar de pedal lana virgen, con tintes 100% naturales. Colores blanco y negro con dise\u00f1o decorativo referente a la iconograf\u00eda zapoteca.<\/p>\n<p>Dimensiones 1 x 2 mts<\/p>\n<p><em>Env\u00edo incluido a todo M\u00e9xico.<\/em><\/p>\n<p>Artesano: Julio C\u00e9sar Bautista<\/p>\n<p>En Legacy Mexican Art apreciamos el valioso legado de nuestras ra\u00edces y cultura mexicanas haciendo colaboraciones con artesanos que aman su trabajo y que prestan especial atenci\u00f3n al detalle, es por ello que fomentamos el comercio justo y local con las comunidades ind\u00edgenas y artesanas de nuestro pa\u00eds.<\/p>\n<p><em>Legado de Oaxaca<\/em><\/p>\n<div dir=\"auto\">Las artesanas de Teotitl\u00e1n del valle se han dedicado a elaborar piezas de lana y algod\u00f3n a trav\u00e9s de los antiguos telares de pedal. Con estas t\u00e9cnicas rudimentarias y un poco de creatividad, han logrado crear nuevos modelos que se adaptan perfecto a espacios con estilo moderno.<\/div>\n<div dir=\"auto\">Adem\u00e1s del tejido manual, el te\u00f1ido de las piezas es completamente natural.<\/div>\n<div dir=\"auto\">El tapete Oaxaca puede quedar perfecto como el toque final decorativo en una sala de estar, en la rec\u00e1mara o bien con cualquier sill\u00f3n o espacio que se desee decorar.<\/div>\n<p>&nbsp;<\/p>\n<p><em>Limpieza y cuidados:<\/em><\/p>\n<p>Para el tapete Oaxaca se recomienda aspirar regularmente, y se puede cepillar con un cepillo suave y espuma de un jab\u00f3n neutro.<\/p>\n<p><a href=\"https:\/\/legacymexicanart.com\/wp-content\/uploads\/2022\/01\/Tapete-Oaxaca.png\">https:\/\/legacymexicanart.com\/wp-content\/uploads\/2022\/01\/Tapete-Oaxaca.png<\/a><\/p>\n","protected":false},"excerpt":{"rendered":"<p><a href=\"mailto:contact@legacymexicanart.com?Subject=Mas%20info%20sku%20TEOJC002%20\" target=\"_blank\" rel=\"noopener\"><br \/>\n<img decoding=\"async\" src=\"https:\/\/legacymexicanart.com\/wp-content\/uploads\/2021\/10\/email-Design.svg\" \/> M\u00e1s informaci\u00f3n del producto<br \/>\n<\/a><\/p>\n<p>&nbsp;<\/p>\n<p><em><strong>Env\u00edo incluido a todo M\u00e9xico<\/strong><\/em><\/p>\n","protected":false},"featured_media":1700,"comment_status":"open","ping_status":"closed","template":"","meta":[],"product_cat":[418,18,188,17],"product_tag":[83,280,277,248,273,262,279,281,174,271,278],"yoast_head":"<!-- This site is optimized with the Yoast SEO plugin v22.6 - https:\/\/yoast.com\/wordpress\/plugins\/seo\/ -->\n<title>Tapete Oaxaca &#187;<\/title>\n<meta name=\"description\" content=\"Tapete Oaxaca, elaborado en telar de pedal lana virgen, con tintes naturales. Colores blanco y negro, con dise\u00f1o de la iconograf\u00eda zapoteca.\" \/>\n<meta name=\"robots\" content=\"index, follow, max-snippet:-1, max-image-preview:large, max-video-preview:-1\" \/>\n<link rel=\"canonical\" href=\"https:\/\/legacymexicanart.com\/es_es\/product\/tapete-oaxaca\/\" \/>\n<meta property=\"og:locale\" content=\"es_ES\" \/>\n<meta property=\"og:type\" content=\"article\" \/>\n<meta property=\"og:title\" content=\"Tapete Oaxaca &#187;\" \/>\n<meta property=\"og:description\" content=\"Tapete Oaxaca, elaborado en telar de pedal lana virgen, con tintes naturales. Colores blanco y negro, con dise\u00f1o de la iconograf\u00eda zapoteca.\" \/>\n<meta property=\"og:url\" content=\"https:\/\/legacymexicanart.com\/es_es\/product\/tapete-oaxaca\/\" \/>\n<meta property=\"article:modified_time\" content=\"2023-11-10T18:30:57+00:00\" \/>\n<meta property=\"og:image\" content=\"https:\/\/legacymexicanart.com\/wp-content\/uploads\/2022\/01\/20220208_115154-scaled.jpg\" \/>\n\t<meta property=\"og:image:width\" content=\"2560\" \/>\n\t<meta property=\"og:image:height\" content=\"1748\" \/>\n\t<meta property=\"og:image:type\" content=\"image\/jpeg\" \/>\n<meta name=\"twitter:card\" content=\"summary_large_image\" \/>\n<meta name=\"twitter:label1\" content=\"Tiempo de lectura\" \/>\n\t<meta name=\"twitter:data1\" content=\"1 minuto\" \/>\n<script type=\"application\/ld+json\" class=\"yoast-schema-graph\">{\"@context\":\"https:\/\/schema.org\",\"@graph\":[{\"@type\":\"WebPage\",\"@id\":\"https:\/\/legacymexicanart.com\/product\/tapete-oaxaca\/\",\"url\":\"https:\/\/legacymexicanart.com\/product\/tapete-oaxaca\/\",\"name\":\"Tapete Oaxaca &#187;\",\"isPartOf\":{\"@id\":\"https:\/\/legacymexicanart.com\/#website\"},\"primaryImageOfPage\":{\"@id\":\"https:\/\/legacymexicanart.com\/product\/tapete-oaxaca\/#primaryimage\"},\"image\":{\"@id\":\"https:\/\/legacymexicanart.com\/product\/tapete-oaxaca\/#primaryimage\"},\"thumbnailUrl\":\"https:\/\/legacymexicanart.com\/wp-content\/uploads\/2022\/01\/20220208_115154-scaled.jpg\",\"datePublished\":\"2022-01-28T01:05:26+00:00\",\"dateModified\":\"2023-11-10T18:30:57+00:00\",\"description\":\"Tapete Oaxaca, elaborado en telar de pedal lana virgen, con tintes naturales. Colores blanco y negro, con dise\u00f1o de la iconograf\u00eda zapoteca.\",\"breadcrumb\":{\"@id\":\"https:\/\/legacymexicanart.com\/product\/tapete-oaxaca\/#breadcrumb\"},\"inLanguage\":\"es\",\"potentialAction\":[{\"@type\":\"ReadAction\",\"target\":[\"https:\/\/legacymexicanart.com\/product\/tapete-oaxaca\/\"]}]},{\"@type\":\"ImageObject\",\"inLanguage\":\"es\",\"@id\":\"https:\/\/legacymexicanart.com\/product\/tapete-oaxaca\/#primaryimage\",\"url\":\"https:\/\/legacymexicanart.com\/wp-content\/uploads\/2022\/01\/20220208_115154-scaled.jpg\",\"contentUrl\":\"https:\/\/legacymexicanart.com\/wp-content\/uploads\/2022\/01\/20220208_115154-scaled.jpg\",\"width\":2560,\"height\":1748},{\"@type\":\"BreadcrumbList\",\"@id\":\"https:\/\/legacymexicanart.com\/product\/tapete-oaxaca\/#breadcrumb\",\"itemListElement\":[{\"@type\":\"ListItem\",\"position\":1,\"name\":\"Portada\",\"item\":\"https:\/\/legacymexicanart.com\/\"},{\"@type\":\"ListItem\",\"position\":2,\"name\":\"Shop\",\"item\":\"https:\/\/legacymexicanart.com\/es_es\/shop\/\"},{\"@type\":\"ListItem\",\"position\":3,\"name\":\"Tapete Oaxaca\"}]},{\"@type\":\"WebSite\",\"@id\":\"https:\/\/legacymexicanart.com\/#website\",\"url\":\"https:\/\/legacymexicanart.com\/\",\"name\":\"\",\"description\":\"Legacy Mexican Art\",\"publisher\":{\"@id\":\"https:\/\/legacymexicanart.com\/#organization\"},\"potentialAction\":[{\"@type\":\"SearchAction\",\"target\":{\"@type\":\"EntryPoint\",\"urlTemplate\":\"https:\/\/legacymexicanart.com\/?s={search_term_string}\"},\"query-input\":\"required name=search_term_string\"}],\"inLanguage\":\"es\"},{\"@type\":\"Organization\",\"@id\":\"https:\/\/legacymexicanart.com\/#organization\",\"name\":\"Legacy Mexican Art\",\"url\":\"https:\/\/legacymexicanart.com\/\",\"logo\":{\"@type\":\"ImageObject\",\"inLanguage\":\"es\",\"@id\":\"https:\/\/legacymexicanart.com\/#\/schema\/logo\/image\/\",\"url\":\"\",\"contentUrl\":\"\",\"caption\":\"Legacy Mexican Art\"},\"image\":{\"@id\":\"https:\/\/legacymexicanart.com\/#\/schema\/logo\/image\/\"}}]}<\/script>\n<!-- \/ Yoast SEO plugin. -->","yoast_head_json":{"title":"Tapete Oaxaca &#187;","description":"Tapete Oaxaca, elaborado en telar de pedal lana virgen, con tintes naturales. Colores blanco y negro, con dise\u00f1o de la iconograf\u00eda zapoteca.","robots":{"index":"index","follow":"follow","max-snippet":"max-snippet:-1","max-image-preview":"max-image-preview:large","max-video-preview":"max-video-preview:-1"},"canonical":"https:\/\/legacymexicanart.com\/es_es\/product\/tapete-oaxaca\/","og_locale":"es_ES","og_type":"article","og_title":"Tapete Oaxaca &#187;","og_description":"Tapete Oaxaca, elaborado en telar de pedal lana virgen, con tintes naturales. Colores blanco y negro, con dise\u00f1o de la iconograf\u00eda zapoteca.","og_url":"https:\/\/legacymexicanart.com\/es_es\/product\/tapete-oaxaca\/","article_modified_time":"2023-11-10T18:30:57+00:00","og_image":[{"width":2560,"height":1748,"url":"https:\/\/legacymexicanart.com\/wp-content\/uploads\/2022\/01\/20220208_115154-scaled.jpg","type":"image\/jpeg"}],"twitter_card":"summary_large_image","twitter_misc":{"Tiempo de lectura":"1 minuto"},"schema":{"@context":"https:\/\/schema.org","@graph":[{"@type":"WebPage","@id":"https:\/\/legacymexicanart.com\/product\/tapete-oaxaca\/","url":"https:\/\/legacymexicanart.com\/product\/tapete-oaxaca\/","name":"Tapete Oaxaca &#187;","isPartOf":{"@id":"https:\/\/legacymexicanart.com\/#website"},"primaryImageOfPage":{"@id":"https:\/\/legacymexicanart.com\/product\/tapete-oaxaca\/#primaryimage"},"image":{"@id":"https:\/\/legacymexicanart.com\/product\/tapete-oaxaca\/#primaryimage"},"thumbnailUrl":"https:\/\/legacymexicanart.com\/wp-content\/uploads\/2022\/01\/20220208_115154-scaled.jpg","datePublished":"2022-01-28T01:05:26+00:00","dateModified":"2023-11-10T18:30:57+00:00","description":"Tapete Oaxaca, elaborado en telar de pedal lana virgen, con tintes naturales. Colores blanco y negro, con dise\u00f1o de la iconograf\u00eda zapoteca.","breadcrumb":{"@id":"https:\/\/legacymexicanart.com\/product\/tapete-oaxaca\/#breadcrumb"},"inLanguage":"es","potentialAction":[{"@type":"ReadAction","target":["https:\/\/legacymexicanart.com\/product\/tapete-oaxaca\/"]}]},{"@type":"ImageObject","inLanguage":"es","@id":"https:\/\/legacymexicanart.com\/product\/tapete-oaxaca\/#primaryimage","url":"https:\/\/legacymexicanart.com\/wp-content\/uploads\/2022\/01\/20220208_115154-scaled.jpg","contentUrl":"https:\/\/legacymexicanart.com\/wp-content\/uploads\/2022\/01\/20220208_115154-scaled.jpg","width":2560,"height":1748},{"@type":"BreadcrumbList","@id":"https:\/\/legacymexicanart.com\/product\/tapete-oaxaca\/#breadcrumb","itemListElement":[{"@type":"ListItem","position":1,"name":"Portada","item":"https:\/\/legacymexicanart.com\/"},{"@type":"ListItem","position":2,"name":"Shop","item":"https:\/\/legacymexicanart.com\/es_es\/shop\/"},{"@type":"ListItem","position":3,"name":"Tapete Oaxaca"}]},{"@type":"WebSite","@id":"https:\/\/legacymexicanart.com\/#website","url":"https:\/\/legacymexicanart.com\/","name":"","description":"Legacy Mexican Art","publisher":{"@id":"https:\/\/legacymexicanart.com\/#organization"},"potentialAction":[{"@type":"SearchAction","target":{"@type":"EntryPoint","urlTemplate":"https:\/\/legacymexicanart.com\/?s={search_term_string}"},"query-input":"required name=search_term_string"}],"inLanguage":"es"},{"@type":"Organization","@id":"https:\/\/legacymexicanart.com\/#organization","name":"Legacy Mexican Art","url":"https:\/\/legacymexicanart.com\/","logo":{"@type":"ImageObject","inLanguage":"es","@id":"https:\/\/legacymexicanart.com\/#\/schema\/logo\/image\/","url":"","contentUrl":"","caption":"Legacy Mexican Art"},"image":{"@id":"https:\/\/legacymexicanart.com\/#\/schema\/logo\/image\/"}}]}},"_links":{"self":[{"href":"https:\/\/legacymexicanart.com\/es_es\/wp-json\/wp\/v2\/product\/1679"}],"collection":[{"href":"https:\/\/legacymexicanart.com\/es_es\/wp-json\/wp\/v2\/product"}],"about":[{"href":"https:\/\/legacymexicanart.com\/es_es\/wp-json\/wp\/v2\/types\/product"}],"replies":[{"embeddable":true,"href":"https:\/\/legacymexicanart.com\/es_es\/wp-json\/wp\/v2\/comments?post=1679"}],"wp:featuredmedia":[{"embeddable":true,"href":"https:\/\/legacymexicanart.com\/es_es\/wp-json\/wp\/v2\/media\/1700"}],"wp:attachment":[{"href":"https:\/\/legacymexicanart.com\/es_es\/wp-json\/wp\/v2\/media?parent=1679"}],"wp:term":[{"taxonomy":"product_cat","embeddable":true,"href":"https:\/\/legacymexicanart.com\/es_es\/wp-json\/wp\/v2\/product_cat?post=1679"},{"taxonomy":"product_tag","embeddable":true,"href":"https:\/\/legacymexicanart.com\/es_es\/wp-json\/wp\/v2\/product_tag?post=1679"}],"curies":[{"name":"wp","href":"https:\/\/api.w.org\/{rel}","templated":true}]}}