{"id":1727,"date":"2022-03-18T02:49:27","date_gmt":"2022-03-17T20:49:27","guid":{"rendered":"https:\/\/legacymexicanart.com\/?post_type=product&#038;p=1727"},"modified":"2023-11-11T01:33:40","modified_gmt":"2023-11-10T19:33:40","slug":"bolsa-indigo","status":"publish","type":"product","link":"https:\/\/legacymexicanart.com\/es_es\/product\/bolsa-indigo\/","title":{"rendered":"Bolsa Indigo"},"content":{"rendered":"<p>Bolsa \u00edndigo, elaborada en telar de pedal lana virgen, con tinte natural a\u00f1il en degradado, cuenta con forro interno, bolsos internos y correa de piel.<\/p>\n<p>Medidas 40 x 38 cm.<\/p>\n<p><em>Env\u00edo incluido a todo M\u00e9xico.<\/em><\/p>\n<p>Artesano: Julio C\u00e9sar Bautista<\/p>\n<p>En Legacy Mexican Art apreciamos el valioso legado de nuestras ra\u00edces y cultura mexicanas haciendo colaboraciones con artesanos que aman su trabajo y que prestan especial atenci\u00f3n al detalle, es por ello que fomentamos el comercio justo y local con las comunidades ind\u00edgenas y artesanas de nuestro pa\u00eds.<\/p>\n<p><em>Legado de Oaxaca<\/em><\/p>\n<div dir=\"auto\">Los artesanos de Teotitl\u00e1n del valle se han dedicado a elaborar piezas de lana y algod\u00f3n a trav\u00e9s de los antiguos telares de pedal. Con estas t\u00e9cnicas rudimentarias y un poco de creatividad, han logrado crear nuevos modelos con piezas atemporales que se adaptan a cualquier estilo de vida.<\/div>\n<div dir=\"auto\">Adem\u00e1s del tejido manual, el te\u00f1ido de las piezas es completamente natural.<\/div>\n<div dir=\"auto\">La bolsa \u00edndigo es el accesorio ideal que combina perfecto con cualquier outfit!<\/div>\n","protected":false},"excerpt":{"rendered":"<p><a href=\"mailto:contact@legacymexicanart.com?Subject=Mas%20info%20sku%TEOJC003%20\" target=\"_blank\" rel=\"noopener\"><br \/>\n<img decoding=\"async\" src=\"https:\/\/legacymexicanart.com\/wp-content\/uploads\/2021\/10\/email-Design.svg\" \/> M\u00e1s informaci\u00f3n del producto<br \/>\n<\/a><\/p>\n<p><strong><em>Env\u00edo incluido a todo M\u00e9xico.<\/em><\/strong><\/p>\n","protected":false},"featured_media":1728,"comment_status":"open","ping_status":"closed","template":"","meta":[],"product_cat":[199,200],"product_tag":[331,330,333,329,332,236,336,177,335,264,328,334],"yoast_head":"<!-- This site is optimized with the Yoast SEO plugin v22.6 - https:\/\/yoast.com\/wordpress\/plugins\/seo\/ -->\n<title>Bolsa Indigo &#187;<\/title>\n<meta name=\"description\" content=\"Bolsa \u00edndigo, elaborada en telar de pedal lana virgen, con tinte natural a\u00f1il en degradado, cuenta con forro interno y correa de piel.\" \/>\n<meta name=\"robots\" content=\"index, follow, max-snippet:-1, max-image-preview:large, max-video-preview:-1\" \/>\n<link rel=\"canonical\" href=\"https:\/\/legacymexicanart.com\/es_es\/product\/bolsa-indigo\/\" \/>\n<meta property=\"og:locale\" content=\"es_ES\" \/>\n<meta property=\"og:type\" content=\"article\" \/>\n<meta property=\"og:title\" content=\"Bolsa Indigo &#187;\" \/>\n<meta property=\"og:description\" content=\"Bolsa \u00edndigo, elaborada en telar de pedal lana virgen, con tinte natural a\u00f1il en degradado, cuenta con forro interno y correa de piel.\" \/>\n<meta property=\"og:url\" content=\"https:\/\/legacymexicanart.com\/es_es\/product\/bolsa-indigo\/\" \/>\n<meta property=\"article:modified_time\" content=\"2023-11-10T19:33:40+00:00\" \/>\n<meta property=\"og:image\" content=\"https:\/\/legacymexicanart.com\/wp-content\/uploads\/2022\/03\/Bolsa-Indigo_Legacy-Mexican-Art.png\" \/>\n\t<meta property=\"og:image:width\" content=\"1079\" \/>\n\t<meta property=\"og:image:height\" content=\"792\" \/>\n\t<meta property=\"og:image:type\" content=\"image\/png\" \/>\n<meta name=\"twitter:card\" content=\"summary_large_image\" \/>\n<meta name=\"twitter:label1\" content=\"Tiempo de lectura\" \/>\n\t<meta name=\"twitter:data1\" content=\"1 minuto\" \/>\n<script type=\"application\/ld+json\" class=\"yoast-schema-graph\">{\"@context\":\"https:\/\/schema.org\",\"@graph\":[{\"@type\":\"WebPage\",\"@id\":\"https:\/\/legacymexicanart.com\/product\/bolsa-indigo\/\",\"url\":\"https:\/\/legacymexicanart.com\/product\/bolsa-indigo\/\",\"name\":\"Bolsa Indigo &#187;\",\"isPartOf\":{\"@id\":\"https:\/\/legacymexicanart.com\/#website\"},\"primaryImageOfPage\":{\"@id\":\"https:\/\/legacymexicanart.com\/product\/bolsa-indigo\/#primaryimage\"},\"image\":{\"@id\":\"https:\/\/legacymexicanart.com\/product\/bolsa-indigo\/#primaryimage\"},\"thumbnailUrl\":\"https:\/\/legacymexicanart.com\/wp-content\/uploads\/2022\/03\/Bolsa-Indigo_Legacy-Mexican-Art.png\",\"datePublished\":\"2022-03-17T20:49:27+00:00\",\"dateModified\":\"2023-11-10T19:33:40+00:00\",\"description\":\"Bolsa \u00edndigo, elaborada en telar de pedal lana virgen, con tinte natural a\u00f1il en degradado, cuenta con forro interno y correa de piel.\",\"breadcrumb\":{\"@id\":\"https:\/\/legacymexicanart.com\/product\/bolsa-indigo\/#breadcrumb\"},\"inLanguage\":\"es\",\"potentialAction\":[{\"@type\":\"ReadAction\",\"target\":[\"https:\/\/legacymexicanart.com\/product\/bolsa-indigo\/\"]}]},{\"@type\":\"ImageObject\",\"inLanguage\":\"es\",\"@id\":\"https:\/\/legacymexicanart.com\/product\/bolsa-indigo\/#primaryimage\",\"url\":\"https:\/\/legacymexicanart.com\/wp-content\/uploads\/2022\/03\/Bolsa-Indigo_Legacy-Mexican-Art.png\",\"contentUrl\":\"https:\/\/legacymexicanart.com\/wp-content\/uploads\/2022\/03\/Bolsa-Indigo_Legacy-Mexican-Art.png\",\"width\":1079,\"height\":792},{\"@type\":\"BreadcrumbList\",\"@id\":\"https:\/\/legacymexicanart.com\/product\/bolsa-indigo\/#breadcrumb\",\"itemListElement\":[{\"@type\":\"ListItem\",\"position\":1,\"name\":\"Portada\",\"item\":\"https:\/\/legacymexicanart.com\/\"},{\"@type\":\"ListItem\",\"position\":2,\"name\":\"Shop\",\"item\":\"https:\/\/legacymexicanart.com\/es_es\/shop\/\"},{\"@type\":\"ListItem\",\"position\":3,\"name\":\"Bolsa Indigo\"}]},{\"@type\":\"WebSite\",\"@id\":\"https:\/\/legacymexicanart.com\/#website\",\"url\":\"https:\/\/legacymexicanart.com\/\",\"name\":\"\",\"description\":\"Legacy Mexican Art\",\"publisher\":{\"@id\":\"https:\/\/legacymexicanart.com\/#organization\"},\"potentialAction\":[{\"@type\":\"SearchAction\",\"target\":{\"@type\":\"EntryPoint\",\"urlTemplate\":\"https:\/\/legacymexicanart.com\/?s={search_term_string}\"},\"query-input\":\"required name=search_term_string\"}],\"inLanguage\":\"es\"},{\"@type\":\"Organization\",\"@id\":\"https:\/\/legacymexicanart.com\/#organization\",\"name\":\"Legacy Mexican Art\",\"url\":\"https:\/\/legacymexicanart.com\/\",\"logo\":{\"@type\":\"ImageObject\",\"inLanguage\":\"es\",\"@id\":\"https:\/\/legacymexicanart.com\/#\/schema\/logo\/image\/\",\"url\":\"\",\"contentUrl\":\"\",\"caption\":\"Legacy Mexican Art\"},\"image\":{\"@id\":\"https:\/\/legacymexicanart.com\/#\/schema\/logo\/image\/\"}}]}<\/script>\n<!-- \/ Yoast SEO plugin. -->","yoast_head_json":{"title":"Bolsa Indigo &#187;","description":"Bolsa \u00edndigo, elaborada en telar de pedal lana virgen, con tinte natural a\u00f1il en degradado, cuenta con forro interno y correa de piel.","robots":{"index":"index","follow":"follow","max-snippet":"max-snippet:-1","max-image-preview":"max-image-preview:large","max-video-preview":"max-video-preview:-1"},"canonical":"https:\/\/legacymexicanart.com\/es_es\/product\/bolsa-indigo\/","og_locale":"es_ES","og_type":"article","og_title":"Bolsa Indigo &#187;","og_description":"Bolsa \u00edndigo, elaborada en telar de pedal lana virgen, con tinte natural a\u00f1il en degradado, cuenta con forro interno y correa de piel.","og_url":"https:\/\/legacymexicanart.com\/es_es\/product\/bolsa-indigo\/","article_modified_time":"2023-11-10T19:33:40+00:00","og_image":[{"width":1079,"height":792,"url":"https:\/\/legacymexicanart.com\/wp-content\/uploads\/2022\/03\/Bolsa-Indigo_Legacy-Mexican-Art.png","type":"image\/png"}],"twitter_card":"summary_large_image","twitter_misc":{"Tiempo de lectura":"1 minuto"},"schema":{"@context":"https:\/\/schema.org","@graph":[{"@type":"WebPage","@id":"https:\/\/legacymexicanart.com\/product\/bolsa-indigo\/","url":"https:\/\/legacymexicanart.com\/product\/bolsa-indigo\/","name":"Bolsa Indigo &#187;","isPartOf":{"@id":"https:\/\/legacymexicanart.com\/#website"},"primaryImageOfPage":{"@id":"https:\/\/legacymexicanart.com\/product\/bolsa-indigo\/#primaryimage"},"image":{"@id":"https:\/\/legacymexicanart.com\/product\/bolsa-indigo\/#primaryimage"},"thumbnailUrl":"https:\/\/legacymexicanart.com\/wp-content\/uploads\/2022\/03\/Bolsa-Indigo_Legacy-Mexican-Art.png","datePublished":"2022-03-17T20:49:27+00:00","dateModified":"2023-11-10T19:33:40+00:00","description":"Bolsa \u00edndigo, elaborada en telar de pedal lana virgen, con tinte natural a\u00f1il en degradado, cuenta con forro interno y correa de piel.","breadcrumb":{"@id":"https:\/\/legacymexicanart.com\/product\/bolsa-indigo\/#breadcrumb"},"inLanguage":"es","potentialAction":[{"@type":"ReadAction","target":["https:\/\/legacymexicanart.com\/product\/bolsa-indigo\/"]}]},{"@type":"ImageObject","inLanguage":"es","@id":"https:\/\/legacymexicanart.com\/product\/bolsa-indigo\/#primaryimage","url":"https:\/\/legacymexicanart.com\/wp-content\/uploads\/2022\/03\/Bolsa-Indigo_Legacy-Mexican-Art.png","contentUrl":"https:\/\/legacymexicanart.com\/wp-content\/uploads\/2022\/03\/Bolsa-Indigo_Legacy-Mexican-Art.png","width":1079,"height":792},{"@type":"BreadcrumbList","@id":"https:\/\/legacymexicanart.com\/product\/bolsa-indigo\/#breadcrumb","itemListElement":[{"@type":"ListItem","position":1,"name":"Portada","item":"https:\/\/legacymexicanart.com\/"},{"@type":"ListItem","position":2,"name":"Shop","item":"https:\/\/legacymexicanart.com\/es_es\/shop\/"},{"@type":"ListItem","position":3,"name":"Bolsa Indigo"}]},{"@type":"WebSite","@id":"https:\/\/legacymexicanart.com\/#website","url":"https:\/\/legacymexicanart.com\/","name":"","description":"Legacy Mexican Art","publisher":{"@id":"https:\/\/legacymexicanart.com\/#organization"},"potentialAction":[{"@type":"SearchAction","target":{"@type":"EntryPoint","urlTemplate":"https:\/\/legacymexicanart.com\/?s={search_term_string}"},"query-input":"required name=search_term_string"}],"inLanguage":"es"},{"@type":"Organization","@id":"https:\/\/legacymexicanart.com\/#organization","name":"Legacy Mexican Art","url":"https:\/\/legacymexicanart.com\/","logo":{"@type":"ImageObject","inLanguage":"es","@id":"https:\/\/legacymexicanart.com\/#\/schema\/logo\/image\/","url":"","contentUrl":"","caption":"Legacy Mexican Art"},"image":{"@id":"https:\/\/legacymexicanart.com\/#\/schema\/logo\/image\/"}}]}},"_links":{"self":[{"href":"https:\/\/legacymexicanart.com\/es_es\/wp-json\/wp\/v2\/product\/1727"}],"collection":[{"href":"https:\/\/legacymexicanart.com\/es_es\/wp-json\/wp\/v2\/product"}],"about":[{"href":"https:\/\/legacymexicanart.com\/es_es\/wp-json\/wp\/v2\/types\/product"}],"replies":[{"embeddable":true,"href":"https:\/\/legacymexicanart.com\/es_es\/wp-json\/wp\/v2\/comments?post=1727"}],"wp:featuredmedia":[{"embeddable":true,"href":"https:\/\/legacymexicanart.com\/es_es\/wp-json\/wp\/v2\/media\/1728"}],"wp:attachment":[{"href":"https:\/\/legacymexicanart.com\/es_es\/wp-json\/wp\/v2\/media?parent=1727"}],"wp:term":[{"taxonomy":"product_cat","embeddable":true,"href":"https:\/\/legacymexicanart.com\/es_es\/wp-json\/wp\/v2\/product_cat?post=1727"},{"taxonomy":"product_tag","embeddable":true,"href":"https:\/\/legacymexicanart.com\/es_es\/wp-json\/wp\/v2\/product_tag?post=1727"}],"curies":[{"name":"wp","href":"https:\/\/api.w.org\/{rel}","templated":true}]}}