{"id":1750,"date":"2022-04-22T09:20:21","date_gmt":"2022-04-22T03:20:21","guid":{"rendered":"https:\/\/legacymexicanart.com\/?post_type=product&#038;p=1750"},"modified":"2026-04-01T09:32:51","modified_gmt":"2026-04-01T03:32:51","slug":"collar-jade-guatemalita","status":"publish","type":"product","link":"https:\/\/legacymexicanart.com\/es_es\/product\/collar-jade-guatemalita\/","title":{"rendered":"Collar de Jade Guatemalita"},"content":{"rendered":"<p>El collar de jade Guatemalita <span style=\"font-size: 16px;\">es considerado una piedra preciosa Maya de color verde que posee gran valor desde tiempos prehisp\u00e1nicos.<\/span><\/p>\n<p>Seg\u00fan la cosmovisi\u00f3n de las culturas mesoamericanas, el jade los conectaba con la vida y la naturaleza.<\/p>\n<p><span style=\"font-size: 16px;\">La piedra se forma como resultado de grandes presiones subterr\u00e1neas y emerge a la superficie con el movimiento de las placas tect\u00f3nicas. Este tiene variaciones en cuanto a su color y eso se debe a la presencia y cantidad de distintos minerales.<\/span><\/p>\n<p>El tipo de jade en este collar es considerado Jade\u00edta, Guatemala es uno de los cuatro pa\u00edses ricos en Jade\u00edta, ya que es valioso por ser escaso de hallar y que tambi\u00e9n se puede encontrar en Myanmar, Jap\u00f3n y Rusia.<\/p>\n<p>Dimensi\u00f3n: 18 cm.<\/p>\n<p><em>Env\u00edo incluido a todo M\u00e9xico.<\/em><\/p>\n<p>&nbsp;<\/p>\n<p>&nbsp;<\/p>\n","protected":false},"excerpt":{"rendered":"<p><a href=\"mailto:contact@legacymexicanart.com?Subject=Mas%20info%20sku%ATECO005%20\" target=\"_blank\" rel=\"noopener\"><br \/>\n<img decoding=\"async\" src=\"https:\/\/legacymexicanart.com\/wp-content\/uploads\/2021\/10\/email-Design.svg\" \/> M\u00e1s informaci\u00f3n del producto<br \/>\n<\/a><\/p>\n<p><strong><em>Env\u00edo incluido a todo M\u00e9xico.<\/em><\/strong><\/p>\n","protected":false},"featured_media":2123,"comment_status":"open","ping_status":"closed","template":"","meta":[],"product_cat":[199,201],"product_tag":[83,358,362,177,356,360,355,357,361,359],"yoast_head":"<!-- This site is optimized with the Yoast SEO plugin v22.6 - https:\/\/yoast.com\/wordpress\/plugins\/seo\/ -->\n<title>Collar de Jade Guatemalita &#187;<\/title>\n<meta name=\"description\" content=\"El collar de jade Guatemalita es considerado una piedra preciosa Maya de color verde que posee gran valor desde tiempos prehisp\u00e1nicos.\" \/>\n<meta name=\"robots\" content=\"index, follow, max-snippet:-1, max-image-preview:large, max-video-preview:-1\" \/>\n<link rel=\"canonical\" href=\"https:\/\/legacymexicanart.com\/es_es\/product\/collar-jade-guatemalita\/\" \/>\n<meta property=\"og:locale\" content=\"es_ES\" \/>\n<meta property=\"og:type\" content=\"article\" \/>\n<meta property=\"og:title\" content=\"Collar de Jade Guatemalita &#187;\" \/>\n<meta property=\"og:description\" content=\"El collar de jade Guatemalita es considerado una piedra preciosa Maya de color verde que posee gran valor desde tiempos prehisp\u00e1nicos.\" \/>\n<meta property=\"og:url\" content=\"https:\/\/legacymexicanart.com\/es_es\/product\/collar-jade-guatemalita\/\" \/>\n<meta property=\"article:modified_time\" content=\"2026-04-01T03:32:51+00:00\" \/>\n<meta property=\"og:image\" content=\"https:\/\/legacymexicanart.com\/wp-content\/uploads\/2022\/04\/Jade-Guatemalita-Legacy-Mexican-Art.png\" \/>\n\t<meta property=\"og:image:width\" content=\"1024\" \/>\n\t<meta property=\"og:image:height\" content=\"1536\" \/>\n\t<meta property=\"og:image:type\" content=\"image\/png\" \/>\n<meta name=\"twitter:card\" content=\"summary_large_image\" \/>\n<meta name=\"twitter:label1\" content=\"Tiempo de lectura\" \/>\n\t<meta name=\"twitter:data1\" content=\"1 minuto\" \/>\n<script type=\"application\/ld+json\" class=\"yoast-schema-graph\">{\"@context\":\"https:\/\/schema.org\",\"@graph\":[{\"@type\":\"WebPage\",\"@id\":\"https:\/\/legacymexicanart.com\/product\/collar-jade-guatemalita\/\",\"url\":\"https:\/\/legacymexicanart.com\/product\/collar-jade-guatemalita\/\",\"name\":\"Collar de Jade Guatemalita &#187;\",\"isPartOf\":{\"@id\":\"https:\/\/legacymexicanart.com\/#website\"},\"primaryImageOfPage\":{\"@id\":\"https:\/\/legacymexicanart.com\/product\/collar-jade-guatemalita\/#primaryimage\"},\"image\":{\"@id\":\"https:\/\/legacymexicanart.com\/product\/collar-jade-guatemalita\/#primaryimage\"},\"thumbnailUrl\":\"https:\/\/legacymexicanart.com\/wp-content\/uploads\/2022\/04\/Jade-Guatemalita-Legacy-Mexican-Art.png\",\"datePublished\":\"2022-04-22T03:20:21+00:00\",\"dateModified\":\"2026-04-01T03:32:51+00:00\",\"description\":\"El collar de jade Guatemalita es considerado una piedra preciosa Maya de color verde que posee gran valor desde tiempos prehisp\u00e1nicos.\",\"breadcrumb\":{\"@id\":\"https:\/\/legacymexicanart.com\/product\/collar-jade-guatemalita\/#breadcrumb\"},\"inLanguage\":\"es\",\"potentialAction\":[{\"@type\":\"ReadAction\",\"target\":[\"https:\/\/legacymexicanart.com\/product\/collar-jade-guatemalita\/\"]}]},{\"@type\":\"ImageObject\",\"inLanguage\":\"es\",\"@id\":\"https:\/\/legacymexicanart.com\/product\/collar-jade-guatemalita\/#primaryimage\",\"url\":\"https:\/\/legacymexicanart.com\/wp-content\/uploads\/2022\/04\/Jade-Guatemalita-Legacy-Mexican-Art.png\",\"contentUrl\":\"https:\/\/legacymexicanart.com\/wp-content\/uploads\/2022\/04\/Jade-Guatemalita-Legacy-Mexican-Art.png\",\"width\":1024,\"height\":1536},{\"@type\":\"BreadcrumbList\",\"@id\":\"https:\/\/legacymexicanart.com\/product\/collar-jade-guatemalita\/#breadcrumb\",\"itemListElement\":[{\"@type\":\"ListItem\",\"position\":1,\"name\":\"Portada\",\"item\":\"https:\/\/legacymexicanart.com\/\"},{\"@type\":\"ListItem\",\"position\":2,\"name\":\"Shop\",\"item\":\"https:\/\/legacymexicanart.com\/es_es\/shop\/\"},{\"@type\":\"ListItem\",\"position\":3,\"name\":\"Collar de Jade Guatemalita\"}]},{\"@type\":\"WebSite\",\"@id\":\"https:\/\/legacymexicanart.com\/#website\",\"url\":\"https:\/\/legacymexicanart.com\/\",\"name\":\"\",\"description\":\"Legacy Mexican Art\",\"publisher\":{\"@id\":\"https:\/\/legacymexicanart.com\/#organization\"},\"potentialAction\":[{\"@type\":\"SearchAction\",\"target\":{\"@type\":\"EntryPoint\",\"urlTemplate\":\"https:\/\/legacymexicanart.com\/?s={search_term_string}\"},\"query-input\":\"required name=search_term_string\"}],\"inLanguage\":\"es\"},{\"@type\":\"Organization\",\"@id\":\"https:\/\/legacymexicanart.com\/#organization\",\"name\":\"Legacy Mexican Art\",\"url\":\"https:\/\/legacymexicanart.com\/\",\"logo\":{\"@type\":\"ImageObject\",\"inLanguage\":\"es\",\"@id\":\"https:\/\/legacymexicanart.com\/#\/schema\/logo\/image\/\",\"url\":\"\",\"contentUrl\":\"\",\"caption\":\"Legacy Mexican Art\"},\"image\":{\"@id\":\"https:\/\/legacymexicanart.com\/#\/schema\/logo\/image\/\"}}]}<\/script>\n<!-- \/ Yoast SEO plugin. -->","yoast_head_json":{"title":"Collar de Jade Guatemalita &#187;","description":"El collar de jade Guatemalita es considerado una piedra preciosa Maya de color verde que posee gran valor desde tiempos prehisp\u00e1nicos.","robots":{"index":"index","follow":"follow","max-snippet":"max-snippet:-1","max-image-preview":"max-image-preview:large","max-video-preview":"max-video-preview:-1"},"canonical":"https:\/\/legacymexicanart.com\/es_es\/product\/collar-jade-guatemalita\/","og_locale":"es_ES","og_type":"article","og_title":"Collar de Jade Guatemalita &#187;","og_description":"El collar de jade Guatemalita es considerado una piedra preciosa Maya de color verde que posee gran valor desde tiempos prehisp\u00e1nicos.","og_url":"https:\/\/legacymexicanart.com\/es_es\/product\/collar-jade-guatemalita\/","article_modified_time":"2026-04-01T03:32:51+00:00","og_image":[{"width":1024,"height":1536,"url":"https:\/\/legacymexicanart.com\/wp-content\/uploads\/2022\/04\/Jade-Guatemalita-Legacy-Mexican-Art.png","type":"image\/png"}],"twitter_card":"summary_large_image","twitter_misc":{"Tiempo de lectura":"1 minuto"},"schema":{"@context":"https:\/\/schema.org","@graph":[{"@type":"WebPage","@id":"https:\/\/legacymexicanart.com\/product\/collar-jade-guatemalita\/","url":"https:\/\/legacymexicanart.com\/product\/collar-jade-guatemalita\/","name":"Collar de Jade Guatemalita &#187;","isPartOf":{"@id":"https:\/\/legacymexicanart.com\/#website"},"primaryImageOfPage":{"@id":"https:\/\/legacymexicanart.com\/product\/collar-jade-guatemalita\/#primaryimage"},"image":{"@id":"https:\/\/legacymexicanart.com\/product\/collar-jade-guatemalita\/#primaryimage"},"thumbnailUrl":"https:\/\/legacymexicanart.com\/wp-content\/uploads\/2022\/04\/Jade-Guatemalita-Legacy-Mexican-Art.png","datePublished":"2022-04-22T03:20:21+00:00","dateModified":"2026-04-01T03:32:51+00:00","description":"El collar de jade Guatemalita es considerado una piedra preciosa Maya de color verde que posee gran valor desde tiempos prehisp\u00e1nicos.","breadcrumb":{"@id":"https:\/\/legacymexicanart.com\/product\/collar-jade-guatemalita\/#breadcrumb"},"inLanguage":"es","potentialAction":[{"@type":"ReadAction","target":["https:\/\/legacymexicanart.com\/product\/collar-jade-guatemalita\/"]}]},{"@type":"ImageObject","inLanguage":"es","@id":"https:\/\/legacymexicanart.com\/product\/collar-jade-guatemalita\/#primaryimage","url":"https:\/\/legacymexicanart.com\/wp-content\/uploads\/2022\/04\/Jade-Guatemalita-Legacy-Mexican-Art.png","contentUrl":"https:\/\/legacymexicanart.com\/wp-content\/uploads\/2022\/04\/Jade-Guatemalita-Legacy-Mexican-Art.png","width":1024,"height":1536},{"@type":"BreadcrumbList","@id":"https:\/\/legacymexicanart.com\/product\/collar-jade-guatemalita\/#breadcrumb","itemListElement":[{"@type":"ListItem","position":1,"name":"Portada","item":"https:\/\/legacymexicanart.com\/"},{"@type":"ListItem","position":2,"name":"Shop","item":"https:\/\/legacymexicanart.com\/es_es\/shop\/"},{"@type":"ListItem","position":3,"name":"Collar de Jade Guatemalita"}]},{"@type":"WebSite","@id":"https:\/\/legacymexicanart.com\/#website","url":"https:\/\/legacymexicanart.com\/","name":"","description":"Legacy Mexican Art","publisher":{"@id":"https:\/\/legacymexicanart.com\/#organization"},"potentialAction":[{"@type":"SearchAction","target":{"@type":"EntryPoint","urlTemplate":"https:\/\/legacymexicanart.com\/?s={search_term_string}"},"query-input":"required name=search_term_string"}],"inLanguage":"es"},{"@type":"Organization","@id":"https:\/\/legacymexicanart.com\/#organization","name":"Legacy Mexican Art","url":"https:\/\/legacymexicanart.com\/","logo":{"@type":"ImageObject","inLanguage":"es","@id":"https:\/\/legacymexicanart.com\/#\/schema\/logo\/image\/","url":"","contentUrl":"","caption":"Legacy Mexican Art"},"image":{"@id":"https:\/\/legacymexicanart.com\/#\/schema\/logo\/image\/"}}]}},"_links":{"self":[{"href":"https:\/\/legacymexicanart.com\/es_es\/wp-json\/wp\/v2\/product\/1750"}],"collection":[{"href":"https:\/\/legacymexicanart.com\/es_es\/wp-json\/wp\/v2\/product"}],"about":[{"href":"https:\/\/legacymexicanart.com\/es_es\/wp-json\/wp\/v2\/types\/product"}],"replies":[{"embeddable":true,"href":"https:\/\/legacymexicanart.com\/es_es\/wp-json\/wp\/v2\/comments?post=1750"}],"wp:featuredmedia":[{"embeddable":true,"href":"https:\/\/legacymexicanart.com\/es_es\/wp-json\/wp\/v2\/media\/2123"}],"wp:attachment":[{"href":"https:\/\/legacymexicanart.com\/es_es\/wp-json\/wp\/v2\/media?parent=1750"}],"wp:term":[{"taxonomy":"product_cat","embeddable":true,"href":"https:\/\/legacymexicanart.com\/es_es\/wp-json\/wp\/v2\/product_cat?post=1750"},{"taxonomy":"product_tag","embeddable":true,"href":"https:\/\/legacymexicanart.com\/es_es\/wp-json\/wp\/v2\/product_tag?post=1750"}],"curies":[{"name":"wp","href":"https:\/\/api.w.org\/{rel}","templated":true}]}}