{"id":1758,"date":"2022-05-14T02:21:53","date_gmt":"2022-05-13T20:21:53","guid":{"rendered":"https:\/\/legacymexicanart.com\/?post_type=product&#038;p=1758"},"modified":"2023-07-16T02:44:36","modified_gmt":"2023-07-15T20:44:36","slug":"pez","status":"publish","type":"product","link":"https:\/\/legacymexicanart.com\/es_es\/product\/pez\/","title":{"rendered":"Pez"},"content":{"rendered":"<p>El tona de pez es una encantadora pieza que nos recuerda como comenz\u00f3 este arte.<\/p>\n<p>Inicialmente estas figuras se tallaban con formas de animalitos para obsequiar a los ni\u00f1os y que jugaran con ellas.<\/p>\n<p>El tona de Pez est\u00e1 tallado en madera de copal\u00a0 pintado a mano con unos hermosos colores vivos y con dibujos hechos mano de grecas y s\u00edmbolos prehisp\u00e1nicos.<\/p>\n<p>En Legacy Mexican Art colaboramos con artesanos que tienen una conciencia ecol\u00f3gica por lo que cada vez que cortan un \u00e1rbol, siembran m\u00e1s \u00e1rboles para mantener un equilibrio con el medio ambiente.<\/p>\n<p>Dimensiones: 10\u00a0 x H. 15 cm. Aprox.<\/p>\n<p><em>Env\u00edo incluido a todo M\u00e9xico.<\/em><\/p>\n<p>Este Tona fue realizado en San Mart\u00edn Tilcajete y viene firmado por el artista.<\/p>\n<p><em>Legado de Oaxaca<\/em><\/p>\n<p>En Oaxaca, siempre ha existido la tradici\u00f3n de tallar figuras de animales surrealistas en madera, de hecho son conocidos como los Tonas.<\/p>\n<p>Los Tonas o Nahuales son piezas \u00fanicas y surrealistas, dif\u00edcilmente encontrar\u00e1s una pieza igual ya que son figuras provenientes de la inspiraci\u00f3n del artista.<\/p>\n<p>Los Tonas en la cultura zapoteca son esp\u00edritus, que tambi\u00e9n son llamados Nahuales y sirven de gu\u00edas espirituales en la vida de cada persona seg\u00fan su fecha de su nacimiento.<\/p>\n<p>&nbsp;<\/p>\n<p>&nbsp;<\/p>\n","protected":false},"excerpt":{"rendered":"<p><a href=\"mailto:contact@legacymexicanart.com?Subject=Mas%20info%20sku%VP02000%20\" target=\"_blank\" rel=\"noopener\"><br \/>\n<img decoding=\"async\" src=\"https:\/\/legacymexicanart.com\/wp-content\/uploads\/2021\/10\/email-Design.svg\" \/> M\u00e1s informaci\u00f3n del producto<br \/>\n<\/a><br \/>\n<strong><em>Env\u00edo incluido a todo M\u00e9xico.<\/em><\/strong><\/p>\n","protected":false},"featured_media":1759,"comment_status":"open","ping_status":"closed","template":"","meta":[],"product_cat":[417,18],"product_tag":[218,225,221,366,236,220,365,112,226,364],"yoast_head":"<!-- This site is optimized with the Yoast SEO plugin v22.6 - https:\/\/yoast.com\/wordpress\/plugins\/seo\/ -->\n<title>Pez &#187;<\/title>\n<meta name=\"description\" content=\"El tona de Pez es una encantadora pieza que nos recuerda como comenz\u00f3 este arte. Est\u00e1 tallado a mano en madera de copal.\" \/>\n<meta name=\"robots\" content=\"index, follow, max-snippet:-1, max-image-preview:large, max-video-preview:-1\" \/>\n<link rel=\"canonical\" href=\"https:\/\/legacymexicanart.com\/es_es\/product\/pez\/\" \/>\n<meta property=\"og:locale\" content=\"es_ES\" \/>\n<meta property=\"og:type\" content=\"article\" \/>\n<meta property=\"og:title\" content=\"Pez &#187;\" \/>\n<meta property=\"og:description\" content=\"El tona de Pez es una encantadora pieza que nos recuerda como comenz\u00f3 este arte. Est\u00e1 tallado a mano en madera de copal.\" \/>\n<meta property=\"og:url\" content=\"https:\/\/legacymexicanart.com\/es_es\/product\/pez\/\" \/>\n<meta property=\"article:modified_time\" content=\"2023-07-15T20:44:36+00:00\" \/>\n<meta property=\"og:image\" content=\"https:\/\/legacymexicanart.com\/wp-content\/uploads\/2022\/05\/IMG-20220322-WA0006.jpg\" \/>\n\t<meta property=\"og:image:width\" content=\"792\" \/>\n\t<meta property=\"og:image:height\" content=\"1024\" \/>\n\t<meta property=\"og:image:type\" content=\"image\/jpeg\" \/>\n<meta name=\"twitter:card\" content=\"summary_large_image\" \/>\n<meta name=\"twitter:label1\" content=\"Tiempo de lectura\" \/>\n\t<meta name=\"twitter:data1\" content=\"1 minuto\" \/>\n<script type=\"application\/ld+json\" class=\"yoast-schema-graph\">{\"@context\":\"https:\/\/schema.org\",\"@graph\":[{\"@type\":\"WebPage\",\"@id\":\"https:\/\/legacymexicanart.com\/product\/pez\/\",\"url\":\"https:\/\/legacymexicanart.com\/product\/pez\/\",\"name\":\"Pez &#187;\",\"isPartOf\":{\"@id\":\"https:\/\/legacymexicanart.com\/#website\"},\"primaryImageOfPage\":{\"@id\":\"https:\/\/legacymexicanart.com\/product\/pez\/#primaryimage\"},\"image\":{\"@id\":\"https:\/\/legacymexicanart.com\/product\/pez\/#primaryimage\"},\"thumbnailUrl\":\"https:\/\/legacymexicanart.com\/wp-content\/uploads\/2022\/05\/IMG-20220322-WA0006.jpg\",\"datePublished\":\"2022-05-13T20:21:53+00:00\",\"dateModified\":\"2023-07-15T20:44:36+00:00\",\"description\":\"El tona de Pez es una encantadora pieza que nos recuerda como comenz\u00f3 este arte. Est\u00e1 tallado a mano en madera de copal.\",\"breadcrumb\":{\"@id\":\"https:\/\/legacymexicanart.com\/product\/pez\/#breadcrumb\"},\"inLanguage\":\"es\",\"potentialAction\":[{\"@type\":\"ReadAction\",\"target\":[\"https:\/\/legacymexicanart.com\/product\/pez\/\"]}]},{\"@type\":\"ImageObject\",\"inLanguage\":\"es\",\"@id\":\"https:\/\/legacymexicanart.com\/product\/pez\/#primaryimage\",\"url\":\"https:\/\/legacymexicanart.com\/wp-content\/uploads\/2022\/05\/IMG-20220322-WA0006.jpg\",\"contentUrl\":\"https:\/\/legacymexicanart.com\/wp-content\/uploads\/2022\/05\/IMG-20220322-WA0006.jpg\",\"width\":792,\"height\":1024,\"caption\":\"Alebrije Pez_LegacyMexicanArt\"},{\"@type\":\"BreadcrumbList\",\"@id\":\"https:\/\/legacymexicanart.com\/product\/pez\/#breadcrumb\",\"itemListElement\":[{\"@type\":\"ListItem\",\"position\":1,\"name\":\"Portada\",\"item\":\"https:\/\/legacymexicanart.com\/\"},{\"@type\":\"ListItem\",\"position\":2,\"name\":\"Shop\",\"item\":\"https:\/\/legacymexicanart.com\/es_es\/shop\/\"},{\"@type\":\"ListItem\",\"position\":3,\"name\":\"Pez\"}]},{\"@type\":\"WebSite\",\"@id\":\"https:\/\/legacymexicanart.com\/#website\",\"url\":\"https:\/\/legacymexicanart.com\/\",\"name\":\"\",\"description\":\"Legacy Mexican Art\",\"publisher\":{\"@id\":\"https:\/\/legacymexicanart.com\/#organization\"},\"potentialAction\":[{\"@type\":\"SearchAction\",\"target\":{\"@type\":\"EntryPoint\",\"urlTemplate\":\"https:\/\/legacymexicanart.com\/?s={search_term_string}\"},\"query-input\":\"required name=search_term_string\"}],\"inLanguage\":\"es\"},{\"@type\":\"Organization\",\"@id\":\"https:\/\/legacymexicanart.com\/#organization\",\"name\":\"Legacy Mexican Art\",\"url\":\"https:\/\/legacymexicanart.com\/\",\"logo\":{\"@type\":\"ImageObject\",\"inLanguage\":\"es\",\"@id\":\"https:\/\/legacymexicanart.com\/#\/schema\/logo\/image\/\",\"url\":\"\",\"contentUrl\":\"\",\"caption\":\"Legacy Mexican Art\"},\"image\":{\"@id\":\"https:\/\/legacymexicanart.com\/#\/schema\/logo\/image\/\"}}]}<\/script>\n<!-- \/ Yoast SEO plugin. -->","yoast_head_json":{"title":"Pez &#187;","description":"El tona de Pez es una encantadora pieza que nos recuerda como comenz\u00f3 este arte. Est\u00e1 tallado a mano en madera de copal.","robots":{"index":"index","follow":"follow","max-snippet":"max-snippet:-1","max-image-preview":"max-image-preview:large","max-video-preview":"max-video-preview:-1"},"canonical":"https:\/\/legacymexicanart.com\/es_es\/product\/pez\/","og_locale":"es_ES","og_type":"article","og_title":"Pez &#187;","og_description":"El tona de Pez es una encantadora pieza que nos recuerda como comenz\u00f3 este arte. Est\u00e1 tallado a mano en madera de copal.","og_url":"https:\/\/legacymexicanart.com\/es_es\/product\/pez\/","article_modified_time":"2023-07-15T20:44:36+00:00","og_image":[{"width":792,"height":1024,"url":"https:\/\/legacymexicanart.com\/wp-content\/uploads\/2022\/05\/IMG-20220322-WA0006.jpg","type":"image\/jpeg"}],"twitter_card":"summary_large_image","twitter_misc":{"Tiempo de lectura":"1 minuto"},"schema":{"@context":"https:\/\/schema.org","@graph":[{"@type":"WebPage","@id":"https:\/\/legacymexicanart.com\/product\/pez\/","url":"https:\/\/legacymexicanart.com\/product\/pez\/","name":"Pez &#187;","isPartOf":{"@id":"https:\/\/legacymexicanart.com\/#website"},"primaryImageOfPage":{"@id":"https:\/\/legacymexicanart.com\/product\/pez\/#primaryimage"},"image":{"@id":"https:\/\/legacymexicanart.com\/product\/pez\/#primaryimage"},"thumbnailUrl":"https:\/\/legacymexicanart.com\/wp-content\/uploads\/2022\/05\/IMG-20220322-WA0006.jpg","datePublished":"2022-05-13T20:21:53+00:00","dateModified":"2023-07-15T20:44:36+00:00","description":"El tona de Pez es una encantadora pieza que nos recuerda como comenz\u00f3 este arte. Est\u00e1 tallado a mano en madera de copal.","breadcrumb":{"@id":"https:\/\/legacymexicanart.com\/product\/pez\/#breadcrumb"},"inLanguage":"es","potentialAction":[{"@type":"ReadAction","target":["https:\/\/legacymexicanart.com\/product\/pez\/"]}]},{"@type":"ImageObject","inLanguage":"es","@id":"https:\/\/legacymexicanart.com\/product\/pez\/#primaryimage","url":"https:\/\/legacymexicanart.com\/wp-content\/uploads\/2022\/05\/IMG-20220322-WA0006.jpg","contentUrl":"https:\/\/legacymexicanart.com\/wp-content\/uploads\/2022\/05\/IMG-20220322-WA0006.jpg","width":792,"height":1024,"caption":"Alebrije Pez_LegacyMexicanArt"},{"@type":"BreadcrumbList","@id":"https:\/\/legacymexicanart.com\/product\/pez\/#breadcrumb","itemListElement":[{"@type":"ListItem","position":1,"name":"Portada","item":"https:\/\/legacymexicanart.com\/"},{"@type":"ListItem","position":2,"name":"Shop","item":"https:\/\/legacymexicanart.com\/es_es\/shop\/"},{"@type":"ListItem","position":3,"name":"Pez"}]},{"@type":"WebSite","@id":"https:\/\/legacymexicanart.com\/#website","url":"https:\/\/legacymexicanart.com\/","name":"","description":"Legacy Mexican Art","publisher":{"@id":"https:\/\/legacymexicanart.com\/#organization"},"potentialAction":[{"@type":"SearchAction","target":{"@type":"EntryPoint","urlTemplate":"https:\/\/legacymexicanart.com\/?s={search_term_string}"},"query-input":"required name=search_term_string"}],"inLanguage":"es"},{"@type":"Organization","@id":"https:\/\/legacymexicanart.com\/#organization","name":"Legacy Mexican Art","url":"https:\/\/legacymexicanart.com\/","logo":{"@type":"ImageObject","inLanguage":"es","@id":"https:\/\/legacymexicanart.com\/#\/schema\/logo\/image\/","url":"","contentUrl":"","caption":"Legacy Mexican Art"},"image":{"@id":"https:\/\/legacymexicanart.com\/#\/schema\/logo\/image\/"}}]}},"_links":{"self":[{"href":"https:\/\/legacymexicanart.com\/es_es\/wp-json\/wp\/v2\/product\/1758"}],"collection":[{"href":"https:\/\/legacymexicanart.com\/es_es\/wp-json\/wp\/v2\/product"}],"about":[{"href":"https:\/\/legacymexicanart.com\/es_es\/wp-json\/wp\/v2\/types\/product"}],"replies":[{"embeddable":true,"href":"https:\/\/legacymexicanart.com\/es_es\/wp-json\/wp\/v2\/comments?post=1758"}],"wp:featuredmedia":[{"embeddable":true,"href":"https:\/\/legacymexicanart.com\/es_es\/wp-json\/wp\/v2\/media\/1759"}],"wp:attachment":[{"href":"https:\/\/legacymexicanart.com\/es_es\/wp-json\/wp\/v2\/media?parent=1758"}],"wp:term":[{"taxonomy":"product_cat","embeddable":true,"href":"https:\/\/legacymexicanart.com\/es_es\/wp-json\/wp\/v2\/product_cat?post=1758"},{"taxonomy":"product_tag","embeddable":true,"href":"https:\/\/legacymexicanart.com\/es_es\/wp-json\/wp\/v2\/product_tag?post=1758"}],"curies":[{"name":"wp","href":"https:\/\/api.w.org\/{rel}","templated":true}]}}